{"id":1333,"date":"2025-04-17T09:30:37","date_gmt":"2025-04-17T09:30:37","guid":{"rendered":"https:\/\/kraltechnologie.net\/?post_type=product&#038;p=1333"},"modified":"2025-04-17T09:30:37","modified_gmt":"2025-04-17T09:30:37","slug":"cudy-gs108-4-0","status":"publish","type":"product","link":"http:\/\/kraltechnologie.net\/index.php\/product\/cudy-gs108-4-0\/","title":{"rendered":"Cudy GS108 4.0"},"content":{"rendered":"<p><img loading=\"lazy\" decoding=\"async\" class=\"alignnone  wp-image-1336\" src=\"http:\/\/kraltechnologie.net\/wp-content\/uploads\/2025\/04\/Screenshot_5-300x119.png\" alt=\"\" width=\"1336\" height=\"530\" srcset=\"http:\/\/kraltechnologie.net\/wp-content\/uploads\/2025\/04\/Screenshot_5-300x119.png 300w, http:\/\/kraltechnologie.net\/wp-content\/uploads\/2025\/04\/Screenshot_5-150x60.png 150w, http:\/\/kraltechnologie.net\/wp-content\/uploads\/2025\/04\/Screenshot_5-1024x407.png 1024w, http:\/\/kraltechnologie.net\/wp-content\/uploads\/2025\/04\/Screenshot_5-768x306.png 768w\" sizes=\"auto, (max-width: 1336px) 100vw, 1336px\" \/><\/p>\n<table class=\"spec-table\">\n<tbody>\n<tr>\n<th class=\"main-dimension desktop\" width=\"25%\"><span>Version du mod\u00e8le<\/span><\/th>\n<td class=\"spec-value-wide\" colspan=\"2\"><span>GS108 4.0<\/span><\/td>\n<\/tr>\n<tr>\n<th class=\"main-dimension desktop\" width=\"25%\"><span>Interfaces<\/span><\/th>\n<td class=\"secondary-dimension\"><span>Ports Gigabit RJ45<\/span><\/td>\n<td class=\"spec-value\"><span>8<\/span><\/td>\n<\/tr>\n<tr>\n<th class=\"main-dimension empty-dimension desktop\" width=\"25%\"><\/th>\n<td class=\"secondary-dimension\"><span>DIRIG\u00c9<\/span><\/td>\n<td class=\"spec-value\">\n<ul>\n<li><span>Pouvoir<\/span><\/li>\n<li><span>Vitesse\/Liaison\/ACT de chaque port Ethernet<\/span><\/li>\n<\/ul>\n<\/td>\n<\/tr>\n<tr>\n<th class=\"main-dimension empty-dimension desktop\" width=\"25%\"><\/th>\n<td class=\"secondary-dimension\"><span>Puissance d&rsquo;entr\u00e9e<\/span><\/td>\n<td class=\"spec-value\"><span>Prise CC<\/span><\/td>\n<\/tr>\n<tr>\n<th class=\"main-dimension desktop\" width=\"25%\"><span>Performance<\/span><\/th>\n<td class=\"secondary-dimension\"><span>Vitesse et distance du cuivre<\/span><\/td>\n<td class=\"spec-value\">\n<ul>\n<li><span>C\u00e2ble Cat. 3 ou sup\u00e9rieur\u00a0: 100\u00a0m\u00e8tres \u00e0 10\u00a0Mbps<\/span><\/li>\n<li><span>C\u00e2ble Cat. 5 ou sup\u00e9rieur\u00a0: 100 m\u00e8tres \u00e0 100\u00a0Mbps<\/span><\/li>\n<li><span>C\u00e2ble Cat. 5e ou sup\u00e9rieur\u00a0: 170\u00a0m\u00e8tres en Gigabit<\/span><\/li>\n<\/ul>\n<\/td>\n<\/tr>\n<tr>\n<th class=\"main-dimension empty-dimension desktop\" width=\"25%\"><\/th>\n<td class=\"secondary-dimension\"><span>Tableau d&rsquo;adresses MAC<\/span><\/td>\n<td class=\"spec-value\"><span>8192<\/span><\/td>\n<\/tr>\n<tr>\n<th class=\"main-dimension empty-dimension desktop\" width=\"25%\"><\/th>\n<td class=\"secondary-dimension\"><span>Capacit\u00e9 de commutation maximale<\/span><\/td>\n<td class=\"spec-value\"><span>16 Gbit\/s<\/span><\/td>\n<\/tr>\n<tr>\n<th class=\"main-dimension empty-dimension desktop\" width=\"25%\"><\/th>\n<td class=\"secondary-dimension\"><span>Taux de transfert maximal<\/span><\/td>\n<td class=\"spec-value\"><span>11,904 Mpps<\/span><\/td>\n<\/tr>\n<tr>\n<th class=\"main-dimension empty-dimension desktop\" width=\"25%\"><\/th>\n<td class=\"secondary-dimension\"><span>Cadre g\u00e9ant<\/span><\/td>\n<td class=\"spec-value\"><span>15 Ko<\/span><\/td>\n<\/tr>\n<tr>\n<th class=\"main-dimension empty-dimension desktop\" width=\"25%\"><\/th>\n<td class=\"secondary-dimension\"><span>Tampon de paquets<\/span><\/td>\n<td class=\"spec-value\"><span>4 Mbit<\/span><\/td>\n<\/tr>\n<tr>\n<th class=\"main-dimension desktop\" width=\"25%\"><span>Pouvoir<\/span><\/th>\n<td class=\"secondary-dimension\"><span>\u00c9conomie d&rsquo;\u00e9nergie de base<\/span><\/td>\n<td class=\"spec-value\"><span>Vrai<\/span><\/td>\n<\/tr>\n<tr>\n<th class=\"main-dimension empty-dimension desktop\" width=\"25%\"><\/th>\n<td class=\"secondary-dimension\"><span>M\u00e9thodes d&rsquo;alimentation<\/span><\/td>\n<td class=\"spec-value\"><span>DC<\/span><\/td>\n<\/tr>\n<tr>\n<th class=\"main-dimension empty-dimension desktop\" width=\"25%\"><\/th>\n<td class=\"secondary-dimension\"><span>DC<\/span><\/td>\n<td class=\"spec-value\"><span>5 V \u2393 0,55 A<\/span><\/td>\n<\/tr>\n<tr>\n<th class=\"main-dimension empty-dimension desktop\" width=\"25%\"><\/th>\n<td class=\"secondary-dimension\"><span>Adaptateur secteur<\/span><\/td>\n<td class=\"spec-value\"><span>Entr\u00e9e : 100-240 V~, 50\/60 Hz<\/span><br \/>\n<span>Sortie : 5 V \u2393 0,55 A<\/span><\/td>\n<\/tr>\n<tr>\n<th class=\"main-dimension empty-dimension desktop\" width=\"25%\"><\/th>\n<td class=\"secondary-dimension\"><span>Consommation \u00e9lectrique maximale<\/span><\/td>\n<td class=\"spec-value\"><span>2,75 W<\/span><\/td>\n<\/tr>\n<tr>\n<th class=\"main-dimension empty-dimension desktop\" width=\"25%\"><\/th>\n<td class=\"secondary-dimension\"><span>Consommation d&rsquo;\u00e9nergie au ralenti<\/span><\/td>\n<td class=\"spec-value\"><span>2,2 W<\/span><\/td>\n<\/tr>\n<tr>\n<th class=\"main-dimension desktop\" width=\"25%\"><span>Commutation<\/span><\/th>\n<td class=\"secondary-dimension\"><span>Protocoles 802.3<\/span><\/td>\n<td class=\"spec-value\">\n<ul>\n<li><span>Contr\u00f4le de flux 802.3x<\/span><\/li>\n<li><span>802.3i 10BASE-T<\/span><\/li>\n<li><span>802.3u 100BASE-TX<\/span><\/li>\n<li><span>802.3ab 1000BASE-T<\/span><\/li>\n<\/ul>\n<\/td>\n<\/tr>\n<tr>\n<th class=\"main-dimension empty-dimension desktop\" width=\"25%\"><\/th>\n<td class=\"secondary-dimension\"><span>Fonctionnalit\u00e9s L2<\/span><\/td>\n<td class=\"spec-value\">\n<ul>\n<li><span>Surveillance IGMP<\/span><\/li>\n<li><span>Pr\u00e9vention des boucles<\/span><\/li>\n<\/ul>\n<\/td>\n<\/tr>\n<tr>\n<th class=\"main-dimension desktop\" width=\"25%\"><span>Fiabilit\u00e9<\/span><\/th>\n<td class=\"secondary-dimension\"><span>EMS<\/span><\/td>\n<td class=\"spec-value\"><span>IEC\/EN 61000-4-2, Niveau 2 ESD : Contact : 4 kV ; Air : 8 kV<\/span><br \/>\n<span>IEC\/EN 61000-4-5, Niveau 3 Surtension : 2 kV<\/span><\/td>\n<\/tr>\n<tr>\n<th class=\"main-dimension empty-dimension desktop\" width=\"25%\"><\/th>\n<td class=\"secondary-dimension\"><span>Environnement<\/span><\/td>\n<td class=\"spec-value\"><span>Temp\u00e9rature de fonctionnement : 0 \u2103 ~ 40 \u2103 (32 \u2109 ~ 104 \u2109)<\/span><br \/>\n<span>Temp\u00e9rature de stockage : -40 \u2103 ~ 70 \u2103 (-40 \u2109 ~ 158 \u2109)<\/span><br \/>\n<span>Humidit\u00e9 de fonctionnement : 10 % ~ 90 % sans condensation<\/span><br \/>\n<span>Humidit\u00e9 de stockage : 5 % ~ 90 % sans condensation<\/span><\/td>\n<\/tr>\n<tr>\n<th class=\"main-dimension desktop\" width=\"25%\"><span>M\u00e9canique<\/span><\/th>\n<td class=\"secondary-dimension\"><span>Dimension<\/span><\/td>\n<td class=\"spec-value\"><span>138 \u00d7 78 \u00d7 25 mm<\/span><br \/>\n<span>5,43 \u00d7 3,07 \u00d7 0,98 pouces<\/span><\/td>\n<\/tr>\n<tr>\n<th class=\"main-dimension empty-dimension desktop\" width=\"25%\"><\/th>\n<td class=\"secondary-dimension\"><span>Poids du produit<\/span><\/td>\n<td class=\"spec-value\"><span>211 g (7,44 oz)<\/span><\/td>\n<\/tr>\n<tr>\n<th class=\"main-dimension empty-dimension desktop\" width=\"25%\"><\/th>\n<td class=\"secondary-dimension\"><span>Mat\u00e9riau du bo\u00eetier<\/span><\/td>\n<td class=\"spec-value\"><span>M\u00e9tal<\/span><\/td>\n<\/tr>\n<tr>\n<th class=\"main-dimension empty-dimension desktop\" width=\"25%\"><\/th>\n<td class=\"secondary-dimension\"><span>Installation<\/span><\/td>\n<td class=\"spec-value\">\n<ul>\n<li><span>Bureau<\/span><\/li>\n<li><span>Montage mural<\/span><\/li>\n<\/ul>\n<\/td>\n<\/tr>\n<tr>\n<th class=\"main-dimension desktop\" width=\"25%\"><span>Contenu du paquet<\/span><\/th>\n<td class=\"spec-value-wide\" colspan=\"2\">\n<ul>\n<li><span>GS108<\/span><\/li>\n<li><span>Adaptateur secteur<\/span><\/li>\n<li><span>Guide d&rsquo;installation<\/span><\/li>\n<\/ul>\n<\/td>\n<\/tr>\n<tr>\n<th class=\"main-dimension desktop\" width=\"25%\"><span>Informations de commande<\/span><\/th>\n<td class=\"secondary-dimension\"><span>Dimensions de l&#8217;emballage de vente au d\u00e9tail<\/span><\/td>\n<td class=\"spec-value\"><span>UE\/\u00c9tats-Unis\u00a0:<\/span><br \/>\n<span>151\u00a0\u00d7\u00a090,5\u00a0\u00d7\u00a063\u00a0mm<\/span><br \/>\n<span>5,94\u00a0\u00d7\u00a03,56\u00a0\u00d7\u00a02,48\u00a0pouces<\/span><\/td>\n<\/tr>\n<tr>\n<th class=\"main-dimension empty-dimension desktop\" width=\"25%\"><\/th>\n<td class=\"secondary-dimension\"><span>Poids du colis au d\u00e9tail<\/span><\/td>\n<td class=\"spec-value\">\n<ul>\n<li><span>UE : 331 g (11,68 oz)<\/span><\/li>\n<li><span>Royaume-Uni : 379 g (13,37 oz)<\/span><\/li>\n<li><span>\u00c9tats-Unis : 343 g (12,1 oz)<\/span><\/li>\n<\/ul>\n<\/td>\n<\/tr>\n<tr>\n<th class=\"main-dimension empty-dimension desktop\" width=\"25%\"><\/th>\n<td class=\"secondary-dimension\"><span>Unit\u00e9s par carton<\/span><\/td>\n<td class=\"spec-value\"><span>UE\/\u00c9tats-Unis\u00a0: 40<\/span><\/td>\n<\/tr>\n<tr>\n<th class=\"main-dimension empty-dimension desktop\" width=\"25%\"><\/th>\n<td class=\"secondary-dimension\"><span>Poids net du carton<\/span><\/td>\n<td class=\"spec-value\">\n<ul>\n<li><span>UE : 13,2 kg (29,1 lb)<\/span><\/li>\n<li><span>Royaume-Uni\u00a0: 15,2 kg (33,51 lb)<\/span><\/li>\n<li><span>\u00c9tats-Unis\u00a0: 13,7 kg (30,2 lb)<\/span><\/li>\n<\/ul>\n<\/td>\n<\/tr>\n<tr>\n<th class=\"main-dimension empty-dimension desktop\" width=\"25%\"><\/th>\n<td class=\"secondary-dimension\"><span>Poids brut du carton<\/span><\/td>\n<td class=\"spec-value\">\n<ul>\n<li><span>UE : 13,9 kg (30,64 lb)<\/span><\/li>\n<li><span>Royaume-Uni\u00a0: 16,0 kg (35,27 lb)<\/span><\/li>\n<li><span>\u00c9tats-Unis\u00a0: 14,6 kg (32,19 lb)<\/span><\/li>\n<\/ul>\n<\/td>\n<\/tr>\n<tr>\n<th class=\"main-dimension empty-dimension desktop\" width=\"25%\"><\/th>\n<td class=\"secondary-dimension\"><span>Dimensions du carton<\/span><\/td>\n<td class=\"spec-value\"><span>UE\/\u00c9tats-Unis\u00a0: 48,5 \u00d7 32,5 \u00d7 27,8 cm<\/span><br \/>\n<span>19,09 \u00d7 12,8 \u00d7 10,94 pouces<\/span><\/td>\n<\/tr>\n<\/tbody>\n<\/table>\n","protected":false},"excerpt":{"rendered":"<p>Un commutateur longue distance 8 GbE avec bo\u00eetier m\u00e9tallique.<\/p>\n<hr class=\"cudy-hr\" \/>\n<ul class=\"bulletins\">\n<li><span>\u00a08 ports Gigabit Ethernet<\/span><\/li>\n<li><span>\u00a0Transmission Gigabit maximale de 170 m<\/span><\/li>\n<li><span>\u00a0Tampon de paquets de 4 Mbit<\/span><\/li>\n<li><span>\u00a0Max 2,75 W, au repos 2,2 W<\/span><\/li>\n<li><span>\u00a0Bureau, montage mural<\/span><\/li>\n<li><span>\u00a088 \u00d7 52,5 \u00d7 24 mm (3,46 \u00d7 2,07 \u00d7 0,94 po)<\/span><\/li>\n<li><span>\u00a0211 g (7,44 oz)<\/span><\/li>\n<\/ul>\n","protected":false},"featured_media":1335,"comment_status":"open","ping_status":"closed","template":"","meta":{"_joinchat":[]},"product_brand":[64],"product_cat":[35,84],"product_tag":[],"class_list":{"0":"post-1333","1":"product","2":"type-product","3":"status-publish","4":"has-post-thumbnail","6":"product_brand-cudy","7":"product_cat-informatiques","8":"product_cat-switch","10":"first","11":"instock","12":"shipping-taxable","13":"product-type-simple"},"_links":{"self":[{"href":"http:\/\/kraltechnologie.net\/index.php\/wp-json\/wp\/v2\/product\/1333","targetHints":{"allow":["GET"]}}],"collection":[{"href":"http:\/\/kraltechnologie.net\/index.php\/wp-json\/wp\/v2\/product"}],"about":[{"href":"http:\/\/kraltechnologie.net\/index.php\/wp-json\/wp\/v2\/types\/product"}],"replies":[{"embeddable":true,"href":"http:\/\/kraltechnologie.net\/index.php\/wp-json\/wp\/v2\/comments?post=1333"}],"version-history":[{"count":1,"href":"http:\/\/kraltechnologie.net\/index.php\/wp-json\/wp\/v2\/product\/1333\/revisions"}],"predecessor-version":[{"id":1337,"href":"http:\/\/kraltechnologie.net\/index.php\/wp-json\/wp\/v2\/product\/1333\/revisions\/1337"}],"wp:featuredmedia":[{"embeddable":true,"href":"http:\/\/kraltechnologie.net\/index.php\/wp-json\/wp\/v2\/media\/1335"}],"wp:attachment":[{"href":"http:\/\/kraltechnologie.net\/index.php\/wp-json\/wp\/v2\/media?parent=1333"}],"wp:term":[{"taxonomy":"product_brand","embeddable":true,"href":"http:\/\/kraltechnologie.net\/index.php\/wp-json\/wp\/v2\/product_brand?post=1333"},{"taxonomy":"product_cat","embeddable":true,"href":"http:\/\/kraltechnologie.net\/index.php\/wp-json\/wp\/v2\/product_cat?post=1333"},{"taxonomy":"product_tag","embeddable":true,"href":"http:\/\/kraltechnologie.net\/index.php\/wp-json\/wp\/v2\/product_tag?post=1333"}],"curies":[{"name":"wp","href":"https:\/\/api.w.org\/{rel}","templated":true}]}}