{"id":1359,"date":"2025-04-17T09:48:36","date_gmt":"2025-04-17T09:48:36","guid":{"rendered":"https:\/\/kraltechnologie.net\/?post_type=product&#038;p=1359"},"modified":"2025-04-17T09:49:39","modified_gmt":"2025-04-17T09:49:39","slug":"1359","status":"publish","type":"product","link":"http:\/\/kraltechnologie.net\/index.php\/product\/1359\/","title":{"rendered":"Cudy POE200 1.0"},"content":{"rendered":"<p><img loading=\"lazy\" decoding=\"async\" class=\"alignnone wp-image-1362\" src=\"http:\/\/kraltechnologie.net\/wp-content\/uploads\/2025\/04\/Screenshot_9-300x95.png\" alt=\"\" width=\"1415\" height=\"448\" srcset=\"http:\/\/kraltechnologie.net\/wp-content\/uploads\/2025\/04\/Screenshot_9-300x95.png 300w, http:\/\/kraltechnologie.net\/wp-content\/uploads\/2025\/04\/Screenshot_9-150x48.png 150w, http:\/\/kraltechnologie.net\/wp-content\/uploads\/2025\/04\/Screenshot_9-768x244.png 768w, http:\/\/kraltechnologie.net\/wp-content\/uploads\/2025\/04\/Screenshot_9.png 969w\" sizes=\"auto, (max-width: 1415px) 100vw, 1415px\" \/><\/p>\n<p><img loading=\"lazy\" decoding=\"async\" class=\"alignnone wp-image-1363\" src=\"http:\/\/kraltechnologie.net\/wp-content\/uploads\/2025\/04\/Screenshot_8-300x88.png\" alt=\"\" width=\"1370\" height=\"402\" srcset=\"http:\/\/kraltechnologie.net\/wp-content\/uploads\/2025\/04\/Screenshot_8-300x88.png 300w, http:\/\/kraltechnologie.net\/wp-content\/uploads\/2025\/04\/Screenshot_8-150x44.png 150w, http:\/\/kraltechnologie.net\/wp-content\/uploads\/2025\/04\/Screenshot_8-768x226.png 768w, http:\/\/kraltechnologie.net\/wp-content\/uploads\/2025\/04\/Screenshot_8.png 969w\" sizes=\"auto, (max-width: 1370px) 100vw, 1370px\" \/><\/p>\n<table class=\"spec-table\">\n<tbody>\n<tr>\n<th class=\"main-dimension desktop\" width=\"25%\"><span style=\"vertical-align: inherit;\"><span style=\"vertical-align: inherit;\">Version du mod\u00e8le<\/span><\/span><\/th>\n<td class=\"spec-value-wide\" colspan=\"2\"><span style=\"vertical-align: inherit;\"><span style=\"vertical-align: inherit;\">POE200 1.0<\/span><\/span><\/td>\n<\/tr>\n<tr>\n<th class=\"main-dimension desktop\" width=\"25%\"><span style=\"vertical-align: inherit;\"><span style=\"vertical-align: inherit;\">Protocoles<\/span><\/span><\/th>\n<td class=\"secondary-dimension\"><span style=\"vertical-align: inherit;\"><span style=\"vertical-align: inherit;\">Protocoles 802.3<\/span><\/span><\/td>\n<td class=\"spec-value\">\n<ul>\n<li><span style=\"vertical-align: inherit;\"><span style=\"vertical-align: inherit;\">802.3i 10 Mbps sur paire torsad\u00e9e<\/span><\/span><\/li>\n<li><span style=\"vertical-align: inherit;\"><span style=\"vertical-align: inherit;\">802.3u 100 Mbps sur paire torsad\u00e9e<\/span><\/span><\/li>\n<li><span style=\"vertical-align: inherit;\"><span style=\"vertical-align: inherit;\">802.3ab 1 Gbit\/s sur paire torsad\u00e9e<\/span><\/span><\/li>\n<li><span style=\"vertical-align: inherit;\"><span style=\"vertical-align: inherit;\">PoE 802.3af<\/span><\/span><\/li>\n<li><span style=\"vertical-align: inherit;\"><span style=\"vertical-align: inherit;\">PoE 802.3at<\/span><\/span><\/li>\n<\/ul>\n<\/td>\n<\/tr>\n<tr>\n<th class=\"main-dimension desktop\" width=\"25%\"><span style=\"vertical-align: inherit;\"><span style=\"vertical-align: inherit;\">PoE<\/span><\/span><\/th>\n<td class=\"secondary-dimension\"><span style=\"vertical-align: inherit;\"><span style=\"vertical-align: inherit;\">Flux de liaison montante<\/span><\/span><\/td>\n<td class=\"spec-value\"><span style=\"vertical-align: inherit;\"><span style=\"vertical-align: inherit;\">1 \u00d7 GbE<\/span><\/span><\/td>\n<\/tr>\n<tr>\n<th class=\"main-dimension empty-dimension desktop\" width=\"25%\"><\/th>\n<td class=\"secondary-dimension\"><span style=\"vertical-align: inherit;\"><span style=\"vertical-align: inherit;\">Descendant du flux<\/span><\/span><\/td>\n<td class=\"spec-value\"><span style=\"vertical-align: inherit;\"><span style=\"vertical-align: inherit;\">1\u00d7 GbE, 802.3at\/af<\/span><\/span><\/td>\n<\/tr>\n<tr>\n<th class=\"main-dimension empty-dimension desktop\" width=\"25%\"><\/th>\n<td class=\"secondary-dimension\"><span style=\"vertical-align: inherit;\"><span style=\"vertical-align: inherit;\">Affectation des broches de liaison descendante<\/span><\/span><\/td>\n<td class=\"spec-value\"><span style=\"vertical-align: inherit;\"><span style=\"vertical-align: inherit;\">Mode A<\/span><\/span><\/td>\n<\/tr>\n<tr>\n<th class=\"main-dimension empty-dimension desktop\" width=\"25%\"><\/th>\n<td class=\"secondary-dimension\"><span style=\"vertical-align: inherit;\"><span style=\"vertical-align: inherit;\">Distance de transmission<\/span><\/span><\/td>\n<td class=\"spec-value\"><span style=\"vertical-align: inherit;\"><span style=\"vertical-align: inherit;\">C\u00e2ble Cat. 5e ou sup\u00e9rieur : 100 m\u00e8tres en Gigabit<\/span><\/span><\/td>\n<\/tr>\n<tr>\n<th class=\"main-dimension desktop\" width=\"25%\"><span style=\"vertical-align: inherit;\"><span style=\"vertical-align: inherit;\">Interfaces<\/span><\/span><\/th>\n<td class=\"secondary-dimension\"><span style=\"vertical-align: inherit;\"><span style=\"vertical-align: inherit;\">DIRIG\u00c9<\/span><\/span><\/td>\n<td class=\"spec-value\"><span style=\"vertical-align: inherit;\"><span style=\"vertical-align: inherit;\">Pouvoir<\/span><\/span><\/td>\n<\/tr>\n<tr>\n<th class=\"main-dimension empty-dimension desktop\" width=\"25%\"><\/th>\n<td class=\"secondary-dimension\"><span style=\"vertical-align: inherit;\"><span style=\"vertical-align: inherit;\">Puissance d&rsquo;entr\u00e9e<\/span><\/span><\/td>\n<td class=\"spec-value\"><span style=\"vertical-align: inherit;\"><span style=\"vertical-align: inherit;\">Prise CA<\/span><\/span><\/td>\n<\/tr>\n<tr>\n<th class=\"main-dimension desktop\" width=\"25%\"><span style=\"vertical-align: inherit;\"><span style=\"vertical-align: inherit;\">Pouvoir<\/span><\/span><\/th>\n<td class=\"secondary-dimension\"><span style=\"vertical-align: inherit;\"><span style=\"vertical-align: inherit;\">Californie<\/span><\/span><\/td>\n<td class=\"spec-value\"><span style=\"vertical-align: inherit;\"><span style=\"vertical-align: inherit;\">100-240 V 50\/60 Hz<\/span><\/span><\/td>\n<\/tr>\n<tr>\n<th class=\"main-dimension empty-dimension desktop\" width=\"25%\"><\/th>\n<td class=\"secondary-dimension\"><span style=\"vertical-align: inherit;\"><span style=\"vertical-align: inherit;\">Puissance de sortie maximale<\/span><\/span><\/td>\n<td class=\"spec-value\"><span style=\"vertical-align: inherit;\"><span style=\"vertical-align: inherit;\">30 W<\/span><\/span><\/td>\n<\/tr>\n<tr>\n<th class=\"main-dimension empty-dimension desktop\" width=\"25%\"><\/th>\n<td class=\"secondary-dimension\"><span style=\"vertical-align: inherit;\"><span style=\"vertical-align: inherit;\">Remarque sur la puissance de sortie maximale<\/span><\/span><\/td>\n<td class=\"spec-value\"><span style=\"vertical-align: inherit;\"><span style=\"vertical-align: inherit;\">N \/ A<\/span><\/span><\/td>\n<\/tr>\n<tr>\n<th class=\"main-dimension desktop\" width=\"25%\"><span style=\"vertical-align: inherit;\"><span style=\"vertical-align: inherit;\">Fiabilit\u00e9<\/span><\/span><\/th>\n<td class=\"secondary-dimension\"><span style=\"vertical-align: inherit;\"><span style=\"vertical-align: inherit;\">Protection des clients<\/span><\/span><\/td>\n<td class=\"spec-value\"><span style=\"vertical-align: inherit;\"><span style=\"vertical-align: inherit;\">Protection contre les surtensions<\/span><\/span><\/td>\n<\/tr>\n<tr>\n<th class=\"main-dimension empty-dimension desktop\" width=\"25%\"><\/th>\n<td class=\"secondary-dimension\"><span style=\"vertical-align: inherit;\"><span style=\"vertical-align: inherit;\">EMS<\/span><\/span><\/td>\n<td class=\"spec-value\"><span style=\"vertical-align: inherit;\"><span style=\"vertical-align: inherit;\">IEC\/EN 61000-4-2, niveau 3 ESD : contact : 6 kV ; air : 8 kV<\/span><\/span><\/td>\n<\/tr>\n<tr>\n<th class=\"main-dimension empty-dimension desktop\" width=\"25%\"><\/th>\n<td class=\"secondary-dimension\"><span style=\"vertical-align: inherit;\"><span style=\"vertical-align: inherit;\">M\u00e9thodes de mise \u00e0 la terre<\/span><\/span><\/td>\n<td class=\"spec-value\"><span style=\"vertical-align: inherit;\"><span style=\"vertical-align: inherit;\">prise \u00e0 trois broches<\/span><\/span><\/td>\n<\/tr>\n<tr>\n<th class=\"main-dimension empty-dimension desktop\" width=\"25%\"><\/th>\n<td class=\"secondary-dimension\"><span style=\"vertical-align: inherit;\"><span style=\"vertical-align: inherit;\">Environnement<\/span><\/span><\/td>\n<td class=\"spec-value\"><span style=\"vertical-align: inherit;\"><span style=\"vertical-align: inherit;\">Temp\u00e9rature ambiante de fonctionnement : -10~45 \u2103 (14~113 \u2109) <\/span><\/span><br \/>\n<span style=\"vertical-align: inherit;\"><span style=\"vertical-align: inherit;\">Temp\u00e9rature de stockage : -40~70 \u2103 (-40~158 \u2109) <\/span><\/span><br \/>\n<span style=\"vertical-align: inherit;\"><span style=\"vertical-align: inherit;\">Humidit\u00e9 de fonctionnement : 10 %~95 % sans condensation <\/span><\/span><br \/>\n<span style=\"vertical-align: inherit;\"><span style=\"vertical-align: inherit;\">Humidit\u00e9 de stockage : 5 %~95 % sans condensation<\/span><\/span><\/td>\n<\/tr>\n<tr>\n<th class=\"main-dimension desktop\" width=\"25%\"><span style=\"vertical-align: inherit;\"><span style=\"vertical-align: inherit;\">Certifications<\/span><\/span><\/th>\n<td class=\"spec-value-wide\" colspan=\"2\"><span style=\"vertical-align: inherit;\"><span style=\"vertical-align: inherit;\">FCC, CE<\/span><\/span><\/td>\n<\/tr>\n<tr>\n<th class=\"main-dimension desktop\" width=\"25%\"><span style=\"vertical-align: inherit;\"><span style=\"vertical-align: inherit;\">M\u00e9canique<\/span><\/span><\/th>\n<td class=\"secondary-dimension\"><span style=\"vertical-align: inherit;\"><span style=\"vertical-align: inherit;\">Installation<\/span><\/span><\/td>\n<td class=\"spec-value\">\n<ul>\n<li><span style=\"vertical-align: inherit;\"><span style=\"vertical-align: inherit;\">Bureau<\/span><\/span><\/li>\n<li><span style=\"vertical-align: inherit;\"><span style=\"vertical-align: inherit;\">Montage mural<\/span><\/span><\/li>\n<\/ul>\n<\/td>\n<\/tr>\n<tr>\n<th class=\"main-dimension empty-dimension desktop\" width=\"25%\"><\/th>\n<td class=\"secondary-dimension\"><span style=\"vertical-align: inherit;\"><span style=\"vertical-align: inherit;\">Dimension<\/span><\/span><\/td>\n<td class=\"spec-value\"><span style=\"vertical-align: inherit;\"><span style=\"vertical-align: inherit;\">121 \u00d7 50 \u00d7 36 mm <\/span><\/span><br \/>\n<span style=\"vertical-align: inherit;\"><span style=\"vertical-align: inherit;\">4,76 \u00d7 1,97 \u00d7 1,42 pouces<\/span><\/span><\/td>\n<\/tr>\n<tr>\n<th class=\"main-dimension empty-dimension desktop\" width=\"25%\"><\/th>\n<td class=\"secondary-dimension\"><span style=\"vertical-align: inherit;\"><span style=\"vertical-align: inherit;\">Mat\u00e9riau du bo\u00eetier<\/span><\/span><\/td>\n<td class=\"spec-value\"><span style=\"vertical-align: inherit;\"><span style=\"vertical-align: inherit;\">Plastique<\/span><\/span><\/td>\n<\/tr>\n<tr>\n<th class=\"main-dimension desktop\" width=\"25%\"><span style=\"vertical-align: inherit;\"><span style=\"vertical-align: inherit;\">Contenu du paquet<\/span><\/span><\/th>\n<td class=\"spec-value-wide\" colspan=\"2\">\n<ul>\n<li><span style=\"vertical-align: inherit;\"><span style=\"vertical-align: inherit;\">POE200<\/span><\/span><\/li>\n<li><span style=\"vertical-align: inherit;\"><span style=\"vertical-align: inherit;\">Cordon d&rsquo;alimentation<\/span><\/span><\/li>\n<li><span style=\"vertical-align: inherit;\"><span style=\"vertical-align: inherit;\">Guide d&rsquo;installation<\/span><\/span><\/li>\n<\/ul>\n<\/td>\n<\/tr>\n<tr>\n<th class=\"main-dimension desktop\" width=\"25%\"><span style=\"vertical-align: inherit;\"><span style=\"vertical-align: inherit;\">Informations de commande<\/span><\/span><\/th>\n<td class=\"secondary-dimension\"><span style=\"vertical-align: inherit;\"><span style=\"vertical-align: inherit;\">Poids net du carton<\/span><\/span><\/td>\n<td class=\"spec-value\"><span style=\"vertical-align: inherit;\"><span style=\"vertical-align: inherit;\">13,85 kg (30,53 lb)<\/span><\/span><\/td>\n<\/tr>\n<tr>\n<th class=\"main-dimension empty-dimension desktop\" width=\"25%\"><\/th>\n<td class=\"secondary-dimension\"><span style=\"vertical-align: inherit;\"><span style=\"vertical-align: inherit;\">Poids brut du carton<\/span><\/span><\/td>\n<td class=\"spec-value\"><span style=\"vertical-align: inherit;\"><span style=\"vertical-align: inherit;\">14,85 kg (32,74 lb)<\/span><\/span><\/td>\n<\/tr>\n<\/tbody>\n<\/table>\n","protected":false},"excerpt":{"rendered":"<p><span style=\"vertical-align: inherit;\"><span style=\"vertical-align: inherit;\">Un adaptateur PoE ajoutant de l&rsquo;\u00e9nergie en injectant jusqu&rsquo;\u00e0 30 W alimente le c\u00e2ble Ethernet pour alimenter le p\u00e9riph\u00e9rique PoE.<\/span><\/span><\/p>\n<hr class=\"cudy-hr\" \/>\n<ul class=\"bulletins\">\n<li><span style=\"vertical-align: inherit;\"><span style=\"vertical-align: inherit;\">\u00a0Entr\u00e9e GbE, sortie GbE<\/span><\/span><\/li>\n<li><span style=\"vertical-align: inherit;\"><span style=\"vertical-align: inherit;\">\u00a0Distance de transmission de 100 m<\/span><\/span><\/li>\n<li><span style=\"vertical-align: inherit;\"><span style=\"vertical-align: inherit;\">\u00a0802.3at\/af, 30 W max., mode A<\/span><\/span><\/li>\n<li><span style=\"vertical-align: inherit;\"><span style=\"vertical-align: inherit;\">\u00a02 paires 1\/2- 3\/6+<\/span><\/span><\/li>\n<li><span style=\"vertical-align: inherit;\"><span style=\"vertical-align: inherit;\">\u00a0LED d&rsquo;alimentation<\/span><\/span><\/li>\n<li><span style=\"vertical-align: inherit;\"><span style=\"vertical-align: inherit;\">\u00a0Protection contre les surtensions<\/span><\/span><\/li>\n<\/ul>\n","protected":false},"featured_media":1361,"comment_status":"open","ping_status":"closed","template":"","meta":{"_joinchat":[]},"product_brand":[64],"product_cat":[35],"product_tag":[],"class_list":{"0":"post-1359","1":"product","2":"type-product","3":"status-publish","4":"has-post-thumbnail","6":"product_brand-cudy","7":"product_cat-informatiques","9":"first","10":"instock","11":"shipping-taxable","12":"product-type-simple"},"_links":{"self":[{"href":"http:\/\/kraltechnologie.net\/index.php\/wp-json\/wp\/v2\/product\/1359","targetHints":{"allow":["GET"]}}],"collection":[{"href":"http:\/\/kraltechnologie.net\/index.php\/wp-json\/wp\/v2\/product"}],"about":[{"href":"http:\/\/kraltechnologie.net\/index.php\/wp-json\/wp\/v2\/types\/product"}],"replies":[{"embeddable":true,"href":"http:\/\/kraltechnologie.net\/index.php\/wp-json\/wp\/v2\/comments?post=1359"}],"version-history":[{"count":2,"href":"http:\/\/kraltechnologie.net\/index.php\/wp-json\/wp\/v2\/product\/1359\/revisions"}],"predecessor-version":[{"id":1365,"href":"http:\/\/kraltechnologie.net\/index.php\/wp-json\/wp\/v2\/product\/1359\/revisions\/1365"}],"wp:featuredmedia":[{"embeddable":true,"href":"http:\/\/kraltechnologie.net\/index.php\/wp-json\/wp\/v2\/media\/1361"}],"wp:attachment":[{"href":"http:\/\/kraltechnologie.net\/index.php\/wp-json\/wp\/v2\/media?parent=1359"}],"wp:term":[{"taxonomy":"product_brand","embeddable":true,"href":"http:\/\/kraltechnologie.net\/index.php\/wp-json\/wp\/v2\/product_brand?post=1359"},{"taxonomy":"product_cat","embeddable":true,"href":"http:\/\/kraltechnologie.net\/index.php\/wp-json\/wp\/v2\/product_cat?post=1359"},{"taxonomy":"product_tag","embeddable":true,"href":"http:\/\/kraltechnologie.net\/index.php\/wp-json\/wp\/v2\/product_tag?post=1359"}],"curies":[{"name":"wp","href":"https:\/\/api.w.org\/{rel}","templated":true}]}}