{"id":1366,"date":"2025-04-17T09:50:30","date_gmt":"2025-04-17T09:50:30","guid":{"rendered":"https:\/\/kraltechnologie.net\/?post_type=product&#038;p=1366"},"modified":"2025-12-10T09:14:15","modified_gmt":"2025-12-10T09:14:15","slug":"cudy-wr1300-3-0","status":"publish","type":"product","link":"http:\/\/kraltechnologie.net\/index.php\/product\/cudy-wr1300-3-0\/","title":{"rendered":"Cudy WR1300 3.0"},"content":{"rendered":"<p>&nbsp;<\/p>\n<p><img loading=\"lazy\" decoding=\"async\" class=\"alignnone  wp-image-1371\" src=\"http:\/\/kraltechnologie.net\/wp-content\/uploads\/2025\/04\/Screenshot_10-300x120.png\" alt=\"\" width=\"1410\" height=\"564\" srcset=\"http:\/\/kraltechnologie.net\/wp-content\/uploads\/2025\/04\/Screenshot_10-300x120.png 300w, http:\/\/kraltechnologie.net\/wp-content\/uploads\/2025\/04\/Screenshot_10-150x60.png 150w, http:\/\/kraltechnologie.net\/wp-content\/uploads\/2025\/04\/Screenshot_10-1200x480.png 1200w, http:\/\/kraltechnologie.net\/wp-content\/uploads\/2025\/04\/Screenshot_10-1024x410.png 1024w, http:\/\/kraltechnologie.net\/wp-content\/uploads\/2025\/04\/Screenshot_10-768x307.png 768w, http:\/\/kraltechnologie.net\/wp-content\/uploads\/2025\/04\/Screenshot_10.png 1282w\" sizes=\"auto, (max-width: 1410px) 100vw, 1410px\" \/><\/p>\n<p>Version du mod\u00e8leWR1300 3.0processeurJeu de pucesMT7621\u00a0D\u00e9tails du processeurProcesseur double c\u0153ur 880 MHz, MIPS1004KcM\u00e9moire\/StockageFlash\/ROM16 Mo (128 Mbit) NOR\u00a0DDR\/RAM128 Mo (1 Gbit) DDR3Sans filVitesse Wi-Fi 5 GHz867 Mbps\u00a0Vitesse Wi-Fi 2,4 GHz300 Mbps\u00a0Flux Wi-Fi 5 GHz2T2R (2\u00d72 MIMO)\u00a0Flux Wi-Fi 2,4 GHz2T2R (2\u00d72 MIMO)\u00a0Antennes Wi-Fi4\u00d7 Fixe\u00a0Gain d&rsquo;antenne maximal \u00e0 5 \u200b\u200bGHz5 dBi\u00a0Gain d&rsquo;antenne maximal de 2,4 GHz5 dBi\u00a0FEM ou PA\/LNA<\/p>\n<ul>\n<li>5 GHz : 2\u00d7 interne<\/li>\n<li>2,4 GHz\u00a0: 2\u00d7 interne<\/li>\n<\/ul>\n<p>Formation de faisceauxVrai\u00a0Performances de port\u00e9eMax\u00a0: 170\u00a0m (558\u00a0pi).<br \/>\nLa port\u00e9e Wi-Fi int\u00e9rieure varie selon la disposition et les mat\u00e9riaux des murs. Consultez les sp\u00e9cifications de performance des murs pour des suggestions d&#8217;emplacement.\u00a0Performance du murDeux murs en bois d&rsquo;une \u00e9paisseur &lt; 10 cm (4\u00a0\u00bb)<br \/>\nUn mur en b\u00e9ton d&rsquo;une \u00e9paisseur &lt; 20 cm (7\u00a0\u00bb)InterfacesPorts Gigabit RJ455\u00a0Notes sur Ethernet1 port WAN, les autres sont des ports LAN\u00a0DIRIG\u00c9<\/p>\n<ul>\n<li>Pouvoir<\/li>\n<li>Wi-Fi 2,4 GHz<\/li>\n<li>Wi-Fi 5 GHz<\/li>\n<li>WPS<\/li>\n<li>Vitesse\/Liaison\/ACT du port Ethernet<\/li>\n<\/ul>\n<p>Boutons physiques<\/p>\n<ul>\n<li>Bouton WPS<\/li>\n<li>Bouton de r\u00e9initialisation<\/li>\n<\/ul>\n<p>Puissance d&rsquo;entr\u00e9ePrise CCPouvoirM\u00e9thodes d&rsquo;alimentationDC\u00a0DC12V 1A\u00a0Adaptateur secteurEntr\u00e9e : 100 ~ 240 V, 50\/60 Hz CA<br \/>\nSortie : 12 V 1 A CC\u00a0Consommation \u00e9lectrique maximale (W)9,27 W\u00a0Consommation d&rsquo;\u00e9nergie au ralenti (W)3,56 WFiabilit\u00e9Environnement<\/p>\n<ul>\n<li>Temp\u00e9rature de fonctionnement : 0 \u2103 ~ 40 \u2103 (32 \u2109 ~ 104 \u2109)<\/li>\n<li>Temp\u00e9rature de stockage : -40 \u2103 ~ 70 \u2103 (-40 \u2109 ~ 158 \u2109)<\/li>\n<li>Humidit\u00e9 : 10 % ~ 90 % sans condensation<\/li>\n<li>Humidit\u00e9 de stockage : 5 % ~ 95 % sans condensation<\/li>\n<\/ul>\n<p>CertificationsFCC, CEM\u00e9caniqueInstallation<\/p>\n<ul>\n<li>Bureau<\/li>\n<li>Montage mural<\/li>\n<\/ul>\n<p>Dimension204,8 \u00d7 137,5 \u00d7 38,3 mm<br \/>\n8,06 \u00d7 5,41 \u00d7 1,51 pouces\u00a0Poids du produit<\/p>\n<ul>\n<li>UE \/ \u00c9tats-Unis : 319 g (11,25 oz)<\/li>\n<li>ZH : 318,4 g (11,23 oz)<\/li>\n<\/ul>\n<p>Contenu du paquet<\/p>\n<ul>\n<li>WR1300<\/li>\n<li>Adaptateur secteur<\/li>\n<li>C\u00e2ble Ethernet<\/li>\n<li>Guide d&rsquo;installation<\/li>\n<\/ul>\n<p>Informations de commandePoids du colis au d\u00e9tail<\/p>\n<ul>\n<li>BR : 716 g (25,26 oz)<\/li>\n<li>UE \/ \u00c9tats-Unis : 727 g (25,64 oz)<\/li>\n<li>ZH : 666,4 g (23,51 oz)<\/li>\n<\/ul>\n<p>Dimensions de l&#8217;emballage de vente au d\u00e9tail280 \u00d7 278 \u00d7 56 mm<br \/>\n11,02 \u00d7 10,94 \u00d7 2,2 pouces\u00a0Unit\u00e9s par carton20\u00a0Dimensions du carton59 \u00d7 58 \u00d7 30,3 cm<br \/>\n23,23 \u00d7 22,83 \u00d7 11,93 pouces\u00a0Poids brut du carton<\/p>\n<ul>\n<li>BR : 15,7 kg (34,61 lb)<\/li>\n<li>UE \/ \u00c9tats-Unis\u00a0: 16,2 kg (35,71 lb)<\/li>\n<li>ZH : 14,7 kg (32,41 lb)<\/li>\n<\/ul>\n<p>Poids net du carton<\/p>\n<ul>\n<li>BR : 14,3 kg (31,53 lb)<\/li>\n<li>UE \/ \u00c9tats-Unis\u00a0: 14,5 kg (31,97 lb)<\/li>\n<li>ZH : 13,3 kg (29,32 lb)<\/li>\n<\/ul>\n<p><img loading=\"lazy\" decoding=\"async\" class=\"alignnone  wp-image-1370\" src=\"http:\/\/kraltechnologie.net\/wp-content\/uploads\/2025\/04\/Screenshot_11-300x113.png\" alt=\"\" width=\"1524\" height=\"574\" srcset=\"http:\/\/kraltechnologie.net\/wp-content\/uploads\/2025\/04\/Screenshot_11-300x113.png 300w, http:\/\/kraltechnologie.net\/wp-content\/uploads\/2025\/04\/Screenshot_11-150x57.png 150w, http:\/\/kraltechnologie.net\/wp-content\/uploads\/2025\/04\/Screenshot_11-1024x387.png 1024w, http:\/\/kraltechnologie.net\/wp-content\/uploads\/2025\/04\/Screenshot_11-768x290.png 768w\" sizes=\"auto, (max-width: 1524px) 100vw, 1524px\" \/><\/p>\n","protected":false},"excerpt":{"rendered":"<p><span>Un routeur WiFi AC1200 double bande id\u00e9al pour une lecture 4K fluide, des jeux, une connexion \u00e0 un acc\u00e8s Internet maximum de 1000 Mbps, avec Cudy Mesh, contr\u00f4le des applications, VPN et MU-MIMO.\u00a0<\/span><\/p>\n<hr class=\"cudy-hr\" \/>\n<ul class=\"bulletins\">\n<li><span>\u00a0Wi-Fi 5 double bande \u00e0 4 flux<\/span><\/li>\n<li><span>\u00a0867 Mbps + 300 Mbps Wi-Fi\u00a0<\/span><sup><small><span>1<\/span><\/small><\/sup><\/li>\n<li><span>\u00a05 ports Gigabit Ethernet<\/span><\/li>\n<li><span>\u00a04\u00d7 antennes \u00e0 gain \u00e9lev\u00e9<\/span><\/li>\n<li><span>\u00a050 appareils connect\u00e9s\u00a0<\/span><sup><small><span>2<\/span><\/small><\/sup><\/li>\n<li><span>\u00a0Couvre 100 m\u00b2 (1 100 pi\u00b2)\u00a0<\/span><sup><small><span>3<\/span><\/small><\/sup><\/li>\n<li><span>\u00a0Cudy Mesh, serveur et client VPN<\/span><\/li>\n<li><span>\u00a0Application Cudy, contr\u00f4le du cloud<\/span><\/li>\n<\/ul>\n","protected":false},"featured_media":1369,"comment_status":"open","ping_status":"closed","template":"","meta":{"_joinchat":[]},"product_brand":[64],"product_cat":[35,42],"product_tag":[],"class_list":{"0":"post-1366","1":"product","2":"type-product","3":"status-publish","4":"has-post-thumbnail","6":"product_brand-cudy","7":"product_cat-informatiques","8":"product_cat-routeurs","10":"first","11":"instock","12":"shipping-taxable","13":"product-type-simple"},"_links":{"self":[{"href":"http:\/\/kraltechnologie.net\/index.php\/wp-json\/wp\/v2\/product\/1366","targetHints":{"allow":["GET"]}}],"collection":[{"href":"http:\/\/kraltechnologie.net\/index.php\/wp-json\/wp\/v2\/product"}],"about":[{"href":"http:\/\/kraltechnologie.net\/index.php\/wp-json\/wp\/v2\/types\/product"}],"replies":[{"embeddable":true,"href":"http:\/\/kraltechnologie.net\/index.php\/wp-json\/wp\/v2\/comments?post=1366"}],"version-history":[{"count":1,"href":"http:\/\/kraltechnologie.net\/index.php\/wp-json\/wp\/v2\/product\/1366\/revisions"}],"predecessor-version":[{"id":1378,"href":"http:\/\/kraltechnologie.net\/index.php\/wp-json\/wp\/v2\/product\/1366\/revisions\/1378"}],"wp:featuredmedia":[{"embeddable":true,"href":"http:\/\/kraltechnologie.net\/index.php\/wp-json\/wp\/v2\/media\/1369"}],"wp:attachment":[{"href":"http:\/\/kraltechnologie.net\/index.php\/wp-json\/wp\/v2\/media?parent=1366"}],"wp:term":[{"taxonomy":"product_brand","embeddable":true,"href":"http:\/\/kraltechnologie.net\/index.php\/wp-json\/wp\/v2\/product_brand?post=1366"},{"taxonomy":"product_cat","embeddable":true,"href":"http:\/\/kraltechnologie.net\/index.php\/wp-json\/wp\/v2\/product_cat?post=1366"},{"taxonomy":"product_tag","embeddable":true,"href":"http:\/\/kraltechnologie.net\/index.php\/wp-json\/wp\/v2\/product_tag?post=1366"}],"curies":[{"name":"wp","href":"https:\/\/api.w.org\/{rel}","templated":true}]}}