{"id":1379,"date":"2025-04-17T09:56:43","date_gmt":"2025-04-17T09:56:43","guid":{"rendered":"https:\/\/kraltechnologie.net\/?post_type=product&#038;p=1379"},"modified":"2025-05-28T11:57:31","modified_gmt":"2025-05-28T11:57:31","slug":"cudy-ap3000-1-0","status":"publish","type":"product","link":"http:\/\/kraltechnologie.net\/index.php\/product\/cudy-ap3000-1-0\/","title":{"rendered":"Cudy AP3000 1.0"},"content":{"rendered":"<p><img loading=\"lazy\" decoding=\"async\" class=\"alignnone  wp-image-1384\" src=\"http:\/\/kraltechnologie.net\/wp-content\/uploads\/2025\/04\/Screenshot_12-300x121.png\" alt=\"\" width=\"1356\" height=\"547\" srcset=\"http:\/\/kraltechnologie.net\/wp-content\/uploads\/2025\/04\/Screenshot_12-300x121.png 300w, http:\/\/kraltechnologie.net\/wp-content\/uploads\/2025\/04\/Screenshot_12-150x60.png 150w, http:\/\/kraltechnologie.net\/wp-content\/uploads\/2025\/04\/Screenshot_12-768x309.png 768w\" sizes=\"auto, (max-width: 1356px) 100vw, 1356px\" \/><\/p>\n<table class=\"spec-table\">\n<tbody>\n<tr>\n<th class=\"main-dimension desktop\" width=\"25%\"><span>Version du mod\u00e8le<\/span><\/th>\n<td class=\"spec-value-wide\" colspan=\"2\"><span>AP3000 1.0<\/span><\/td>\n<\/tr>\n<tr>\n<th class=\"main-dimension desktop\" width=\"25%\"><span>processeur<\/span><\/th>\n<td class=\"secondary-dimension\"><span>Jeu de puces<\/span><\/td>\n<td class=\"spec-value\"><span>MT7981BA<\/span><\/td>\n<\/tr>\n<tr>\n<th class=\"main-dimension empty-dimension desktop\" width=\"25%\"><\/th>\n<td class=\"secondary-dimension\"><span>D\u00e9tails du processeur<\/span><\/td>\n<td class=\"spec-value\"><span>Processeur double c\u0153ur \u00e0 1,3 GHz<\/span><\/td>\n<\/tr>\n<tr>\n<th class=\"main-dimension desktop\" width=\"25%\"><span>M\u00e9moire\/Stockage<\/span><\/th>\n<td class=\"secondary-dimension\"><span>Flash\/ROM<\/span><\/td>\n<td class=\"spec-value\"><span>256 Mo (2 Gbit) NAND<\/span><\/td>\n<\/tr>\n<tr>\n<th class=\"main-dimension empty-dimension desktop\" width=\"25%\"><\/th>\n<td class=\"secondary-dimension\"><span>DDR\/RAM<\/span><\/td>\n<td class=\"spec-value\"><span>512 Mo (4 Gbit) DDR4<\/span><\/td>\n<\/tr>\n<tr>\n<th class=\"main-dimension desktop\" width=\"25%\"><span>Sans fil<\/span><\/th>\n<td class=\"secondary-dimension\"><span>Vitesse Wi-Fi 5 GHz<\/span><\/td>\n<td class=\"spec-value\"><span>2402 Mbps<\/span><\/td>\n<\/tr>\n<tr>\n<th class=\"main-dimension empty-dimension desktop\" width=\"25%\"><\/th>\n<td class=\"secondary-dimension\"><span>Vitesse Wi-Fi 2,4 GHz<\/span><\/td>\n<td class=\"spec-value\"><span>574 Mbps<\/span><\/td>\n<\/tr>\n<tr>\n<th class=\"main-dimension empty-dimension desktop\" width=\"25%\"><\/th>\n<td class=\"secondary-dimension\"><span>Flux Wi-Fi 5 GHz<\/span><\/td>\n<td class=\"spec-value\"><span>3T3R (3\u00d73 MIMO)<\/span><\/td>\n<\/tr>\n<tr>\n<th class=\"main-dimension empty-dimension desktop\" width=\"25%\"><\/th>\n<td class=\"secondary-dimension\"><span>Flux Wi-Fi 2,4 GHz<\/span><\/td>\n<td class=\"spec-value\"><span>2T2R (2\u00d72 MIMO)<\/span><\/td>\n<\/tr>\n<tr>\n<th class=\"main-dimension empty-dimension desktop\" width=\"25%\"><\/th>\n<td class=\"secondary-dimension\"><span>Antennes Wi-Fi<\/span><\/td>\n<td class=\"spec-value\"><span>5\u00d7 Interne<\/span><\/td>\n<\/tr>\n<tr>\n<th class=\"main-dimension empty-dimension desktop\" width=\"25%\"><\/th>\n<td class=\"secondary-dimension\"><span>Gain d&rsquo;antenne maximal \u00e0 5 \u200b\u200bGHz<\/span><\/td>\n<td class=\"spec-value\"><span>5,6 dBi<\/span><\/td>\n<\/tr>\n<tr>\n<th class=\"main-dimension empty-dimension desktop\" width=\"25%\"><\/th>\n<td class=\"secondary-dimension\"><span>Gain d&rsquo;antenne maximal de 2,4 GHz<\/span><\/td>\n<td class=\"spec-value\"><span>4,8 dBi<\/span><\/td>\n<\/tr>\n<tr>\n<th class=\"main-dimension empty-dimension desktop\" width=\"25%\"><\/th>\n<td class=\"secondary-dimension\"><span>FEM ou PA\/LNA<\/span><\/td>\n<td class=\"spec-value\">\n<ul>\n<li><span>5 GHz : 3\u00d7 Externe<\/span><\/li>\n<li><span>2,4 GHz : 2\u00d7 Externe<\/span><\/li>\n<\/ul>\n<\/td>\n<\/tr>\n<tr>\n<th class=\"main-dimension empty-dimension desktop\" width=\"25%\"><\/th>\n<td class=\"secondary-dimension\"><span>Formation de faisceaux<\/span><\/td>\n<td class=\"spec-value\"><span>Vrai<\/span><\/td>\n<\/tr>\n<tr>\n<th class=\"main-dimension empty-dimension desktop\" width=\"25%\"><\/th>\n<td class=\"secondary-dimension\"><span>Performances de port\u00e9e<\/span><\/td>\n<td class=\"spec-value\"><span>Max\u00a0: 200\u00a0m (656\u00a0pi).<\/span><br \/>\n<span>La port\u00e9e Wi-Fi int\u00e9rieure varie selon la disposition et les mat\u00e9riaux des murs. Consultez les sp\u00e9cifications de performance des murs pour des suggestions d&#8217;emplacement.<\/span><\/td>\n<\/tr>\n<tr>\n<th class=\"main-dimension empty-dimension desktop\" width=\"25%\"><\/th>\n<td class=\"secondary-dimension\"><span>Performance du mur<\/span><\/td>\n<td class=\"spec-value\"><span>Deux murs en bois d&rsquo;une \u00e9paisseur &lt; 10 cm (4\u00a0\u00bb)<\/span><br \/>\n<span>Un mur en b\u00e9ton d&rsquo;une \u00e9paisseur &lt; 20 cm (7\u00a0\u00bb) ou deux murs en b\u00e9ton d&rsquo;une \u00e9paisseur &lt; 10 cm (4\u00a0\u00bb)<\/span><\/td>\n<\/tr>\n<tr>\n<th class=\"main-dimension desktop\" width=\"25%\"><span>Interfaces<\/span><\/th>\n<td class=\"secondary-dimension\"><span>Ports RJ45 2,5G<\/span><\/td>\n<td class=\"spec-value\"><span>1<\/span><\/td>\n<\/tr>\n<tr>\n<th class=\"main-dimension empty-dimension desktop\" width=\"25%\"><\/th>\n<td class=\"secondary-dimension\"><span>Notes sur Ethernet<\/span><\/td>\n<td class=\"spec-value\"><span>Accepte l&rsquo;alimentation PoE<\/span><\/td>\n<\/tr>\n<tr>\n<th class=\"main-dimension empty-dimension desktop\" width=\"25%\"><\/th>\n<td class=\"secondary-dimension\"><span>DIRIG\u00c9<\/span><\/td>\n<td class=\"spec-value\"><span>Syst\u00e8me<\/span><\/td>\n<\/tr>\n<tr>\n<th class=\"main-dimension empty-dimension desktop\" width=\"25%\"><\/th>\n<td class=\"secondary-dimension\"><span>Boutons physiques<\/span><\/td>\n<td class=\"spec-value\"><span>Bouton de r\u00e9initialisation<\/span><\/td>\n<\/tr>\n<tr>\n<th class=\"main-dimension empty-dimension desktop\" width=\"25%\"><\/th>\n<td class=\"secondary-dimension\"><span>Puissance d&rsquo;entr\u00e9e<\/span><\/td>\n<td class=\"spec-value\"><span>Prise CC, PoE via port Ethernet<\/span><\/td>\n<\/tr>\n<tr>\n<th class=\"main-dimension desktop\" width=\"25%\"><span>Pouvoir<\/span><\/th>\n<td class=\"secondary-dimension\"><span>M\u00e9thodes d&rsquo;alimentation<\/span><\/td>\n<td class=\"spec-value\">\n<ul>\n<li><span>DC<\/span><\/li>\n<li><span>PoE 802.3at\/af<\/span><\/li>\n<li><span>PoE passif<\/span><\/li>\n<\/ul>\n<\/td>\n<\/tr>\n<tr>\n<th class=\"main-dimension empty-dimension desktop\" width=\"25%\"><\/th>\n<td class=\"secondary-dimension\"><span>DC<\/span><\/td>\n<td class=\"spec-value\"><span>12 V 1,5 A<\/span><\/td>\n<\/tr>\n<tr>\n<th class=\"main-dimension empty-dimension desktop\" width=\"25%\"><\/th>\n<td class=\"secondary-dimension\"><span>PoE passif<\/span><\/td>\n<td class=\"spec-value\"><span>48 ~ 57 V<\/span><\/td>\n<\/tr>\n<tr>\n<th class=\"main-dimension empty-dimension desktop\" width=\"25%\"><\/th>\n<td class=\"secondary-dimension\"><span>Adaptateur secteur<\/span><\/td>\n<td class=\"spec-value\"><span>AP3000 | Adaptateur CC dans la bo\u00eete\u00a0:<\/span><br \/>\n<span>Entr\u00e9e\u00a0: 100 ~ 240 V, 50\/60 Hz<\/span><br \/>\n<span>Sortie CA\u00a0: 12 V 1,5 A CC<\/span><br \/>\n<span>AP3000_P | Adaptateur PoE dans la bo\u00eete\u00a0:<\/span><br \/>\n<span>Entr\u00e9e\u00a0: 100 ~ 240 V, 50\/60 Hz<\/span><br \/>\n<span>Sortie CA\u00a0: 48 V PoE passif<\/span><\/td>\n<\/tr>\n<tr>\n<th class=\"main-dimension empty-dimension desktop\" width=\"25%\"><\/th>\n<td class=\"secondary-dimension\"><span>Consommation \u00e9lectrique maximale (W)<\/span><\/td>\n<td class=\"spec-value\"><span>12 W (48 V PoE) 12 W (CC)<\/span><\/td>\n<\/tr>\n<tr>\n<th class=\"main-dimension empty-dimension desktop\" width=\"25%\"><\/th>\n<td class=\"secondary-dimension\"><span>Consommation d&rsquo;\u00e9nergie au ralenti (W)<\/span><\/td>\n<td class=\"spec-value\"><span>6,1 W (48 V PoE) 6,1 W (CC)<\/span><\/td>\n<\/tr>\n<tr>\n<th class=\"main-dimension desktop\" width=\"25%\"><span>Fiabilit\u00e9<\/span><\/th>\n<td class=\"secondary-dimension\"><span>Avanc\u00e9<\/span><\/td>\n<td class=\"spec-value\"><span>Surveillance du mat\u00e9riel<\/span><\/td>\n<\/tr>\n<tr>\n<th class=\"main-dimension empty-dimension desktop\" width=\"25%\"><\/th>\n<td class=\"secondary-dimension\"><span>EMS<\/span><\/td>\n<td class=\"spec-value\"><span>ESD : Contact : 4 kV ; Air : 8 kV<\/span><\/td>\n<\/tr>\n<tr>\n<th class=\"main-dimension empty-dimension desktop\" width=\"25%\"><\/th>\n<td class=\"secondary-dimension\"><span>Environnement<\/span><\/td>\n<td class=\"spec-value\"><span>Temp\u00e9rature de fonctionnement : -10 \u2103 ~ 60 \u2103 (14 \u2109 ~ 140 \u2109)<\/span><br \/>\n<span>Temp\u00e9rature de stockage : -40 \u2103 ~ 70 \u2103 (-40 \u2109 ~ 158 \u2109)<\/span><br \/>\n<span>Humidit\u00e9 de fonctionnement : 10 % ~ 90 % sans condensation<\/span><br \/>\n<span>Humidit\u00e9 de stockage : 5 % ~ 90 % sans condensation<\/span><\/td>\n<\/tr>\n<tr>\n<th class=\"main-dimension desktop\" width=\"25%\"><span>Certifications<\/span><\/th>\n<td class=\"spec-value-wide\" colspan=\"2\"><span>FCC, CE<\/span><\/td>\n<\/tr>\n<tr>\n<th class=\"main-dimension desktop\" width=\"25%\"><span>M\u00e9canique<\/span><\/th>\n<td class=\"secondary-dimension\"><span>Installation<\/span><\/td>\n<td class=\"spec-value\">\n<ul>\n<li><span>Montage mural<\/span><\/li>\n<li><span>Montage au plafond<\/span><\/li>\n<\/ul>\n<\/td>\n<\/tr>\n<tr>\n<th class=\"main-dimension empty-dimension desktop\" width=\"25%\"><\/th>\n<td class=\"secondary-dimension\"><span>Dimension<\/span><\/td>\n<td class=\"spec-value\"><span>\u03a6231,9 \u00d7 57,1 mm<\/span><br \/>\n<span>\u03a69,13 \u00d7 2,25 pouces<\/span><\/td>\n<\/tr>\n<tr>\n<th class=\"main-dimension empty-dimension desktop\" width=\"25%\"><\/th>\n<td class=\"secondary-dimension\"><span>Poids du produit<\/span><\/td>\n<td class=\"spec-value\"><span>494 g (17,43 oz)<\/span><\/td>\n<\/tr>\n<tr>\n<th class=\"main-dimension desktop\" width=\"25%\"><span>Contenu du paquet<\/span><\/th>\n<td class=\"spec-value-wide\" colspan=\"2\">\n<ul>\n<li><span>AP3000<\/span><\/li>\n<li><span>Adaptateur secteur<\/span><\/li>\n<li><span>Kit de montage<\/span><\/li>\n<li><span>C\u00e2ble Ethernet<\/span><\/li>\n<li><span>Guide d&rsquo;installation<\/span><\/li>\n<\/ul>\n<\/td>\n<\/tr>\n<tr>\n<th class=\"main-dimension desktop\" width=\"25%\"><span>Informations de commande<\/span><\/th>\n<td class=\"secondary-dimension\"><span>Poids du colis au d\u00e9tail<\/span><\/td>\n<td class=\"spec-value\">\n<ul>\n<li><span>Avec adaptateur PoE (_P) | UE\u00a0: 1\u00a0015\u00a0g (35,8\u00a0oz)<\/span><\/li>\n<li><span>Avec adaptateur CC | UE\u00a0: 941 g (33,19 oz)<\/span><\/li>\n<\/ul>\n<\/td>\n<\/tr>\n<tr>\n<th class=\"main-dimension empty-dimension desktop\" width=\"25%\"><\/th>\n<td class=\"secondary-dimension\"><span>Dimensions de l&#8217;emballage de vente au d\u00e9tail<\/span><\/td>\n<td class=\"spec-value\"><span>283 \u00d7 238 \u00d7 68 mm<\/span><br \/>\n<span>11,14 \u00d7 9,37 \u00d7 2,68 pouces<\/span><\/td>\n<\/tr>\n<tr>\n<th class=\"main-dimension empty-dimension desktop\" width=\"25%\"><\/th>\n<td class=\"secondary-dimension\"><span>Poids net du carton<\/span><\/td>\n<td class=\"spec-value\">\n<ul>\n<li><span>Avec adaptateur PoE (_P) | UE\u00a0: 20,3\u00a0kg (44,75\u00a0lb)<\/span><\/li>\n<li><span>Avec adaptateur CC | UE\u00a0: 18,8 kg (41,45 lb)<\/span><\/li>\n<li><span>Avec adaptateur CC | Royaume-Uni\u00a0: 19\u00a0kg (41,89\u00a0lb)<\/span><\/li>\n<\/ul>\n<\/td>\n<\/tr>\n<tr>\n<th class=\"main-dimension empty-dimension desktop\" width=\"25%\"><\/th>\n<td class=\"secondary-dimension\"><span>Poids brut du carton<\/span><\/td>\n<td class=\"spec-value\">\n<ul>\n<li><span>Avec adaptateur PoE (_P) | UE\u00a0: 21,7 kg (47,84 lb)<\/span><\/li>\n<li><span>Avec adaptateur CC | UE\u00a0: 20,0 kg (44,09 lb)<\/span><\/li>\n<li><span>Avec adaptateur CC | Royaume-Uni\u00a0: 20,2\u00a0kg (44,53\u00a0lb)<\/span><\/li>\n<\/ul>\n<\/td>\n<\/tr>\n<tr>\n<th class=\"main-dimension empty-dimension desktop\" width=\"25%\"><\/th>\n<td class=\"secondary-dimension\"><span>Unit\u00e9s par carton<\/span><\/td>\n<td class=\"spec-value\"><span>20<\/span><\/td>\n<\/tr>\n<tr>\n<th class=\"main-dimension empty-dimension desktop\" width=\"25%\"><\/th>\n<td class=\"secondary-dimension\"><span>Dimensions du carton<\/span><\/td>\n<td class=\"spec-value\"><span>58 \u00d7 37,5 \u00d7 49,5 cm<\/span><br \/>\n<span>22,83 \u00d7 14,76 \u00d7 19,49 pouces<\/span><\/td>\n<\/tr>\n<tr>\n<th class=\"main-dimension empty-dimension desktop\" width=\"25%\"><\/th>\n<td class=\"secondary-dimension\"><span>EAN-cach\u00e9-sur-le-web<\/span><\/td>\n<td class=\"spec-value\"><span>6971690792978<\/span><\/td>\n<\/tr>\n<\/tbody>\n<\/table>\n<p><img loading=\"lazy\" decoding=\"async\" class=\"alignnone  wp-image-1383\" src=\"http:\/\/kraltechnologie.net\/wp-content\/uploads\/2025\/04\/Screenshot_13-300x114.png\" alt=\"\" width=\"1437\" height=\"546\" srcset=\"http:\/\/kraltechnologie.net\/wp-content\/uploads\/2025\/04\/Screenshot_13-300x114.png 300w, http:\/\/kraltechnologie.net\/wp-content\/uploads\/2025\/04\/Screenshot_13-150x57.png 150w, http:\/\/kraltechnologie.net\/wp-content\/uploads\/2025\/04\/Screenshot_13-1200x457.png 1200w, http:\/\/kraltechnologie.net\/wp-content\/uploads\/2025\/04\/Screenshot_13-1024x390.png 1024w, http:\/\/kraltechnologie.net\/wp-content\/uploads\/2025\/04\/Screenshot_13-768x292.png 768w, http:\/\/kraltechnologie.net\/wp-content\/uploads\/2025\/04\/Screenshot_13.png 1266w\" sizes=\"auto, (max-width: 1437px) 100vw, 1437px\" \/><\/p>\n","protected":false},"excerpt":{"rendered":"<p><span>Un point d&rsquo;acc\u00e8s WiFi 6 mont\u00e9 au mur\/au plafond, dot\u00e9 d&rsquo;une grande RAM et de ports 2,5G blind\u00e9s, con\u00e7u pour connecter les centres de transport, les h\u00f4tels, les bureaux, les amphith\u00e9\u00e2tres et les salles de classe.<\/span><\/p>\n<hr class=\"cudy-hr\" \/>\n<ul class=\"bulletins\">\n<li><span>\u00a0Processeur double c\u0153ur \u00e0 1,3 GHz<\/span><\/li>\n<li><span>\u00a0512 Mo de RAM<\/span><\/li>\n<li><span>\u00a0Wi-Fi 6 double bande \u00e0 4 flux<\/span><\/li>\n<li><span>\u00a02402 Mbps + 574 Mbps Wi-Fi\u00a0<\/span><sup><small><span>1<\/span><\/small><\/sup><\/li>\n<li><span>\u00a01 entr\u00e9e PoE 2,5 GbE blind\u00e9e<\/span><\/li>\n<li><span>\u00a0802.3at, PoE passif, CC<\/span><\/li>\n<li><span>\u00a0Surveillance, red\u00e9marrage programm\u00e9<\/span><\/li>\n<li><span>\u00a0300 appareils connect\u00e9s\u00a0<\/span><sup><small><span>2<\/span><\/small><\/sup><\/li>\n<li><span>\u00a0Couvre 130 m\u00b2 (1 400 pi\u00b2)\u00a0<\/span><sup><small><span>3<\/span><\/small><\/sup><\/li>\n<\/ul>\n","protected":false},"featured_media":1382,"comment_status":"open","ping_status":"closed","template":"","meta":{"_joinchat":[]},"product_brand":[64],"product_cat":[85,35],"product_tag":[],"class_list":{"0":"post-1379","1":"product","2":"type-product","3":"status-publish","4":"has-post-thumbnail","6":"product_brand-cudy","7":"product_cat-antenne","8":"product_cat-informatiques","10":"first","11":"instock","12":"shipping-taxable","13":"product-type-simple"},"_links":{"self":[{"href":"http:\/\/kraltechnologie.net\/index.php\/wp-json\/wp\/v2\/product\/1379","targetHints":{"allow":["GET"]}}],"collection":[{"href":"http:\/\/kraltechnologie.net\/index.php\/wp-json\/wp\/v2\/product"}],"about":[{"href":"http:\/\/kraltechnologie.net\/index.php\/wp-json\/wp\/v2\/types\/product"}],"replies":[{"embeddable":true,"href":"http:\/\/kraltechnologie.net\/index.php\/wp-json\/wp\/v2\/comments?post=1379"}],"version-history":[{"count":1,"href":"http:\/\/kraltechnologie.net\/index.php\/wp-json\/wp\/v2\/product\/1379\/revisions"}],"predecessor-version":[{"id":1391,"href":"http:\/\/kraltechnologie.net\/index.php\/wp-json\/wp\/v2\/product\/1379\/revisions\/1391"}],"wp:featuredmedia":[{"embeddable":true,"href":"http:\/\/kraltechnologie.net\/index.php\/wp-json\/wp\/v2\/media\/1382"}],"wp:attachment":[{"href":"http:\/\/kraltechnologie.net\/index.php\/wp-json\/wp\/v2\/media?parent=1379"}],"wp:term":[{"taxonomy":"product_brand","embeddable":true,"href":"http:\/\/kraltechnologie.net\/index.php\/wp-json\/wp\/v2\/product_brand?post=1379"},{"taxonomy":"product_cat","embeddable":true,"href":"http:\/\/kraltechnologie.net\/index.php\/wp-json\/wp\/v2\/product_cat?post=1379"},{"taxonomy":"product_tag","embeddable":true,"href":"http:\/\/kraltechnologie.net\/index.php\/wp-json\/wp\/v2\/product_tag?post=1379"}],"curies":[{"name":"wp","href":"https:\/\/api.w.org\/{rel}","templated":true}]}}