{"id":1395,"date":"2025-04-17T10:03:36","date_gmt":"2025-04-17T10:03:36","guid":{"rendered":"https:\/\/kraltechnologie.net\/?post_type=product&#038;p=1395"},"modified":"2025-12-10T09:10:25","modified_gmt":"2025-12-10T09:10:25","slug":"cudy-ap1300-1-0","status":"publish","type":"product","link":"http:\/\/kraltechnologie.net\/index.php\/product\/cudy-ap1300-1-0\/","title":{"rendered":"Cudy AP1300 1.0"},"content":{"rendered":"<p><img loading=\"lazy\" decoding=\"async\" class=\"alignnone  wp-image-1384\" src=\"http:\/\/kraltechnologie.net\/wp-content\/uploads\/2025\/04\/Screenshot_12-300x121.png\" alt=\"\" width=\"1344\" height=\"542\" srcset=\"http:\/\/kraltechnologie.net\/wp-content\/uploads\/2025\/04\/Screenshot_12-300x121.png 300w, http:\/\/kraltechnologie.net\/wp-content\/uploads\/2025\/04\/Screenshot_12-150x60.png 150w, http:\/\/kraltechnologie.net\/wp-content\/uploads\/2025\/04\/Screenshot_12-768x309.png 768w\" sizes=\"auto, (max-width: 1344px) 100vw, 1344px\" \/><\/p>\n<table class=\"spec-table\">\n<tbody>\n<tr>\n<th class=\"main-dimension desktop\" width=\"25%\"><span>Version du mod\u00e8le<\/span><\/th>\n<td class=\"spec-value-wide\" colspan=\"2\"><span>AP1300 1.0<\/span><\/td>\n<\/tr>\n<tr>\n<th class=\"main-dimension desktop\" width=\"25%\"><span>processeur<\/span><\/th>\n<td class=\"secondary-dimension\"><span>Jeu de puces<\/span><\/td>\n<td class=\"spec-value\"><span>MT7621DAT<\/span><\/td>\n<\/tr>\n<tr>\n<th class=\"main-dimension empty-dimension desktop\" width=\"25%\"><\/th>\n<td class=\"secondary-dimension\"><span>D\u00e9tails du processeur<\/span><\/td>\n<td class=\"spec-value\"><span>Processeur double c\u0153ur 880 MHz<\/span><\/td>\n<\/tr>\n<tr>\n<th class=\"main-dimension desktop\" width=\"25%\"><span>M\u00e9moire\/Stockage<\/span><\/th>\n<td class=\"secondary-dimension\"><span>Flash\/ROM<\/span><\/td>\n<td class=\"spec-value\"><span>16 Mo (128 Mbit) NOR<\/span><\/td>\n<\/tr>\n<tr>\n<th class=\"main-dimension empty-dimension desktop\" width=\"25%\"><\/th>\n<td class=\"secondary-dimension\"><span>DDR\/RAM<\/span><\/td>\n<td class=\"spec-value\"><span>128 Mo (1 Gbit) DDR3<\/span><\/td>\n<\/tr>\n<tr>\n<th class=\"main-dimension desktop\" width=\"25%\"><span>Sans fil<\/span><\/th>\n<td class=\"secondary-dimension\"><span>Vitesse Wi-Fi 5 GHz<\/span><\/td>\n<td class=\"spec-value\"><span>867 Mbps<\/span><\/td>\n<\/tr>\n<tr>\n<th class=\"main-dimension empty-dimension desktop\" width=\"25%\"><\/th>\n<td class=\"secondary-dimension\"><span>Vitesse Wi-Fi 2,4 GHz<\/span><\/td>\n<td class=\"spec-value\"><span>300 Mbps<\/span><\/td>\n<\/tr>\n<tr>\n<th class=\"main-dimension empty-dimension desktop\" width=\"25%\"><\/th>\n<td class=\"secondary-dimension\"><span>Flux Wi-Fi 5 GHz<\/span><\/td>\n<td class=\"spec-value\"><span>2T2R (2\u00d72 MIMO)<\/span><\/td>\n<\/tr>\n<tr>\n<th class=\"main-dimension empty-dimension desktop\" width=\"25%\"><\/th>\n<td class=\"secondary-dimension\"><span>Flux Wi-Fi 2,4 GHz<\/span><\/td>\n<td class=\"spec-value\"><span>2T2R (2\u00d72 MIMO)<\/span><\/td>\n<\/tr>\n<tr>\n<th class=\"main-dimension empty-dimension desktop\" width=\"25%\"><\/th>\n<td class=\"secondary-dimension\"><span>Antennes Wi-Fi<\/span><\/td>\n<td class=\"spec-value\"><span>4\u00d7 Interne<\/span><\/td>\n<\/tr>\n<tr>\n<th class=\"main-dimension empty-dimension desktop\" width=\"25%\"><\/th>\n<td class=\"secondary-dimension\"><span>Gain d&rsquo;antenne maximal \u00e0 5 \u200b\u200bGHz<\/span><\/td>\n<td class=\"spec-value\"><span>4,64 dBi<\/span><\/td>\n<\/tr>\n<tr>\n<th class=\"main-dimension empty-dimension desktop\" width=\"25%\"><\/th>\n<td class=\"secondary-dimension\"><span>Gain d&rsquo;antenne maximal de 2,4 GHz<\/span><\/td>\n<td class=\"spec-value\"><span>5,31 dBi<\/span><\/td>\n<\/tr>\n<tr>\n<th class=\"main-dimension empty-dimension desktop\" width=\"25%\"><\/th>\n<td class=\"secondary-dimension\"><span>FEM ou PA\/LNA<\/span><\/td>\n<td class=\"spec-value\">\n<ul>\n<li><span>5 GHz : 2\u00d7 interne<\/span><\/li>\n<li><span>2,4 GHz\u00a0: 2\u00d7 interne<\/span><\/li>\n<\/ul>\n<\/td>\n<\/tr>\n<tr>\n<th class=\"main-dimension empty-dimension desktop\" width=\"25%\"><\/th>\n<td class=\"secondary-dimension\"><span>Formation de faisceaux<\/span><\/td>\n<td class=\"spec-value\"><span>Vrai<\/span><\/td>\n<\/tr>\n<tr>\n<th class=\"main-dimension empty-dimension desktop\" width=\"25%\"><\/th>\n<td class=\"secondary-dimension\"><span>Performances de port\u00e9e<\/span><\/td>\n<td class=\"spec-value\"><span>Max\u00a0: 170\u00a0m (558\u00a0pi).<\/span><br \/>\n<span>La port\u00e9e Wi-Fi int\u00e9rieure varie selon la disposition et les mat\u00e9riaux des murs. Consultez les sp\u00e9cifications de performance des murs pour des suggestions d&#8217;emplacement.<\/span><\/td>\n<\/tr>\n<tr>\n<th class=\"main-dimension empty-dimension desktop\" width=\"25%\"><\/th>\n<td class=\"secondary-dimension\"><span>Performance du mur<\/span><\/td>\n<td class=\"spec-value\"><span>Deux murs en bois d&rsquo;une \u00e9paisseur &lt; 10 cm (4\u00a0\u00bb)<\/span><br \/>\n<span>Un mur en b\u00e9ton d&rsquo;une \u00e9paisseur &lt; 20 cm (7\u00a0\u00bb)<\/span><\/td>\n<\/tr>\n<tr>\n<th class=\"main-dimension desktop\" width=\"25%\"><span>Interfaces<\/span><\/th>\n<td class=\"secondary-dimension\"><span>Ports Gigabit RJ45<\/span><\/td>\n<td class=\"spec-value\"><span>1<\/span><\/td>\n<\/tr>\n<tr>\n<th class=\"main-dimension empty-dimension desktop\" width=\"25%\"><\/th>\n<td class=\"secondary-dimension\"><span>Notes sur Ethernet<\/span><\/td>\n<td class=\"spec-value\"><span>Accepte l&rsquo;alimentation PoE<\/span><\/td>\n<\/tr>\n<tr>\n<th class=\"main-dimension empty-dimension desktop\" width=\"25%\"><\/th>\n<td class=\"secondary-dimension\"><span>DIRIG\u00c9<\/span><\/td>\n<td class=\"spec-value\"><span>Syst\u00e8me<\/span><\/td>\n<\/tr>\n<tr>\n<th class=\"main-dimension empty-dimension desktop\" width=\"25%\"><\/th>\n<td class=\"secondary-dimension\"><span>Boutons physiques<\/span><\/td>\n<td class=\"spec-value\"><span>Bouton de r\u00e9initialisation<\/span><\/td>\n<\/tr>\n<tr>\n<th class=\"main-dimension empty-dimension desktop\" width=\"25%\"><\/th>\n<td class=\"secondary-dimension\"><span>Puissance d&rsquo;entr\u00e9e<\/span><\/td>\n<td class=\"spec-value\"><span>Prise CC, PoE via port Ethernet<\/span><\/td>\n<\/tr>\n<tr>\n<th class=\"main-dimension desktop\" width=\"25%\"><span>Pouvoir<\/span><\/th>\n<td class=\"secondary-dimension\"><span>M\u00e9thodes d&rsquo;alimentation<\/span><\/td>\n<td class=\"spec-value\">\n<ul>\n<li><span>DC<\/span><\/li>\n<li><span>PoE passif<\/span><\/li>\n<li><span>PoE 802.3at\/af<\/span><\/li>\n<\/ul>\n<\/td>\n<\/tr>\n<tr>\n<th class=\"main-dimension empty-dimension desktop\" width=\"25%\"><\/th>\n<td class=\"secondary-dimension\"><span>DC<\/span><\/td>\n<td class=\"spec-value\"><span>12V 1A<\/span><\/td>\n<\/tr>\n<tr>\n<th class=\"main-dimension empty-dimension desktop\" width=\"25%\"><\/th>\n<td class=\"secondary-dimension\"><span>PoE passif<\/span><\/td>\n<td class=\"spec-value\"><span>24 ~ 57 V<\/span><\/td>\n<\/tr>\n<tr>\n<th class=\"main-dimension empty-dimension desktop\" width=\"25%\"><\/th>\n<td class=\"secondary-dimension\"><span>Adaptateur secteur<\/span><\/td>\n<td class=\"spec-value\"><span>AP1300 | Adaptateur CC dans la bo\u00eete\u00a0:<\/span><br \/>\n<span>Entr\u00e9e\u00a0: 100 ~ 240 V, 50\/60 Hz<\/span><br \/>\n<span>Sortie CA\u00a0: 12 V 1 A CC<\/span><br \/>\n<span>AP1300_P | Adaptateur PoE dans la bo\u00eete\u00a0:<\/span><br \/>\n<span>Entr\u00e9e\u00a0: 100 ~ 240 V, 50\/60 Hz<\/span><br \/>\n<span>Sortie CA\u00a0: 48 V PoE passif<\/span><\/td>\n<\/tr>\n<tr>\n<th class=\"main-dimension empty-dimension desktop\" width=\"25%\"><\/th>\n<td class=\"secondary-dimension\"><span>Consommation \u00e9lectrique maximale (W)<\/span><\/td>\n<td class=\"spec-value\"><span>Max (PoE) : 11 W<\/span><br \/>\n<span>Max (CC) : 7,5 W<\/span><\/td>\n<\/tr>\n<tr>\n<th class=\"main-dimension empty-dimension desktop\" width=\"25%\"><\/th>\n<td class=\"secondary-dimension\"><span>Consommation d&rsquo;\u00e9nergie au ralenti (W)<\/span><\/td>\n<td class=\"spec-value\"><span>4,008 W<\/span><\/td>\n<\/tr>\n<tr>\n<th class=\"main-dimension desktop\" width=\"25%\"><span>Fiabilit\u00e9<\/span><\/th>\n<td class=\"secondary-dimension\"><span>Avanc\u00e9<\/span><\/td>\n<td class=\"spec-value\"><span>Surveillance du mat\u00e9riel<\/span><\/td>\n<\/tr>\n<tr>\n<th class=\"main-dimension empty-dimension desktop\" width=\"25%\"><\/th>\n<td class=\"secondary-dimension\"><span>EMS<\/span><\/td>\n<td class=\"spec-value\"><span>ESD : Contact : 4 kV ; Air : 8 kV<\/span><\/td>\n<\/tr>\n<tr>\n<th class=\"main-dimension empty-dimension desktop\" width=\"25%\"><\/th>\n<td class=\"secondary-dimension\"><span>Environnement<\/span><\/td>\n<td class=\"spec-value\"><span>Temp\u00e9rature de fonctionnement : -10 \u2103 ~ 65 \u2103 (14 \u2109 ~ 149 \u2109)<\/span><br \/>\n<span>Temp\u00e9rature de stockage : -40 \u2103 ~ 70 \u2103 (-40 \u2109 ~ 158 \u2109)<\/span><br \/>\n<span>Humidit\u00e9 de fonctionnement : 10 % ~ 90 % sans condensation<\/span><br \/>\n<span>Humidit\u00e9 de stockage : 5 % ~ 90 % sans condensation<\/span><\/td>\n<\/tr>\n<tr>\n<th class=\"main-dimension desktop\" width=\"25%\"><span>Certifications<\/span><\/th>\n<td class=\"spec-value-wide\" colspan=\"2\"><span>FCC, CE<\/span><\/td>\n<\/tr>\n<tr>\n<th class=\"main-dimension desktop\" width=\"25%\"><span>M\u00e9canique<\/span><\/th>\n<td class=\"secondary-dimension\"><span>Installation<\/span><\/td>\n<td class=\"spec-value\">\n<ul>\n<li><span>Montage mural<\/span><\/li>\n<li><span>Montage au plafond<\/span><\/li>\n<\/ul>\n<\/td>\n<\/tr>\n<tr>\n<th class=\"main-dimension empty-dimension desktop\" width=\"25%\"><\/th>\n<td class=\"secondary-dimension\"><span>Dimension<\/span><\/td>\n<td class=\"spec-value\"><span>\u03a6231,9 \u00d7 57,1 mm<\/span><br \/>\n<span>\u03a69,13 \u00d7 2,25 pouces<\/span><\/td>\n<\/tr>\n<tr>\n<th class=\"main-dimension empty-dimension desktop\" width=\"25%\"><\/th>\n<td class=\"secondary-dimension\"><span>Poids du produit<\/span><\/td>\n<td class=\"spec-value\"><span>400 g (14,11 oz)<\/span><\/td>\n<\/tr>\n<tr>\n<th class=\"main-dimension desktop\" width=\"25%\"><span>Contenu du paquet<\/span><\/th>\n<td class=\"spec-value-wide\" colspan=\"2\">\n<ul>\n<li><span>AP1300<\/span><\/li>\n<li><span>Adaptateur secteur<\/span><\/li>\n<li><span>Kit de montage<\/span><\/li>\n<li><span>C\u00e2ble Ethernet<\/span><\/li>\n<li><span>Guide d&rsquo;installation<\/span><\/li>\n<\/ul>\n<\/td>\n<\/tr>\n<tr>\n<th class=\"main-dimension desktop\" width=\"25%\"><span>Informations de commande<\/span><\/th>\n<td class=\"secondary-dimension\"><span>Poids du colis au d\u00e9tail<\/span><\/td>\n<td class=\"spec-value\">\n<ul>\n<li><span>Avec adaptateur CC | UE\u00a0: 817 g (28,82 oz)<\/span><\/li>\n<li><span>Avec adaptateur PoE (_P) | UE\u00a0: 920\u00a0g (32,45\u00a0oz)<\/span><\/li>\n<li><span>Avec adaptateur CC | \u00c9tats-Unis\u00a0: 809 g (28,54 oz)<\/span><\/li>\n<\/ul>\n<\/td>\n<\/tr>\n<tr>\n<th class=\"main-dimension empty-dimension desktop\" width=\"25%\"><\/th>\n<td class=\"secondary-dimension\"><span>Dimensions de l&#8217;emballage de vente au d\u00e9tail<\/span><\/td>\n<td class=\"spec-value\"><span>283 \u00d7 238 \u00d7 68 mm<\/span><br \/>\n<span>11,14 \u00d7 9,37 \u00d7 2,68 pouces<\/span><\/td>\n<\/tr>\n<tr>\n<th class=\"main-dimension empty-dimension desktop\" width=\"25%\"><\/th>\n<td class=\"secondary-dimension\"><span>Poids net du carton<\/span><\/td>\n<td class=\"spec-value\">\n<ul>\n<li><span>Avec adaptateur CC | UE\u00a0: 16,3 kg (35,94 lb)<\/span><\/li>\n<li><span>Avec adaptateur PoE (_P) | UE\u00a0: 18,4\u00a0kg (40,57\u00a0lb)<\/span><\/li>\n<li><span>Avec adaptateur CC | \u00c9tats-Unis\u00a0: 16,2 kg (35,71 lb)<\/span><\/li>\n<\/ul>\n<\/td>\n<\/tr>\n<tr>\n<th class=\"main-dimension empty-dimension desktop\" width=\"25%\"><\/th>\n<td class=\"secondary-dimension\"><span>Poids brut du carton<\/span><\/td>\n<td class=\"spec-value\">\n<ul>\n<li><span>Avec adaptateur CC | UE\u00a0: 17,7 kg (39,02 lb)<\/span><\/li>\n<li><span>Avec adaptateur PoE (_P) | UE\u00a0: 19,8 kg (43,65 lb)<\/span><\/li>\n<li><span>Avec adaptateur CC | \u00c9tats-Unis\u00a0: 18,6 kg (41,01 lb)<\/span><\/li>\n<\/ul>\n<\/td>\n<\/tr>\n<tr>\n<th class=\"main-dimension empty-dimension desktop\" width=\"25%\"><\/th>\n<td class=\"secondary-dimension\"><span>Unit\u00e9s par carton<\/span><\/td>\n<td class=\"spec-value\"><span>20<\/span><\/td>\n<\/tr>\n<tr>\n<th class=\"main-dimension empty-dimension desktop\" width=\"25%\"><\/th>\n<td class=\"secondary-dimension\"><span>Dimensions du carton<\/span><\/td>\n<td class=\"spec-value\"><span>58 \u00d7 37,5 \u00d7 49,5 cm<\/span><br \/>\n<span>22,83 \u00d7 14,76 \u00d7 19,49 pouces<\/span><\/td>\n<\/tr>\n<tr>\n<th class=\"main-dimension empty-dimension desktop\" width=\"25%\"><\/th>\n<td class=\"secondary-dimension\"><span>EAN-cach\u00e9-sur-le-web<\/span><\/td>\n<td class=\"spec-value\"><span>6971690792022,6971690792022<\/span><\/td>\n<\/tr>\n<\/tbody>\n<\/table>\n","protected":false},"excerpt":{"rendered":"<p><span>Un point d&rsquo;acc\u00e8s WiFi mural\/plafond con\u00e7u pour les bureaux et les salles de classe.\u00a0<\/span><\/p>\n<hr class=\"cudy-hr\" \/>\n<ul class=\"bulletins\">\n<li><span>\u00a0Wi-Fi 5 double bande \u00e0 4 flux<\/span><\/li>\n<li><span>\u00a0867 Mbps + 300 Mbps Wi-Fi\u00a0<\/span><sup><small><span>1<\/span><\/small><\/sup><\/li>\n<li><span>\u00a01 entr\u00e9e PoE GbE blind\u00e9e<\/span><\/li>\n<li><span>\u00a0802.3at\/af, PoE passif, CC<\/span><\/li>\n<li><span>\u00a0Couvre 100 m\u00b2 (1 100 pi\u00b2)\u00a0<\/span><sup><small><span>2<\/span><\/small><\/sup><\/li>\n<li><span>\u00a050 appareils connect\u00e9s\u00a0<\/span><sup><small><span>3<\/span><\/small><\/sup><\/li>\n<\/ul>\n","protected":false},"featured_media":1397,"comment_status":"open","ping_status":"closed","template":"","meta":{"_joinchat":[]},"product_brand":[64],"product_cat":[85,35],"product_tag":[],"class_list":{"0":"post-1395","1":"product","2":"type-product","3":"status-publish","4":"has-post-thumbnail","6":"product_brand-cudy","7":"product_cat-antenne","8":"product_cat-informatiques","10":"first","11":"instock","12":"shipping-taxable","13":"product-type-simple"},"_links":{"self":[{"href":"http:\/\/kraltechnologie.net\/index.php\/wp-json\/wp\/v2\/product\/1395","targetHints":{"allow":["GET"]}}],"collection":[{"href":"http:\/\/kraltechnologie.net\/index.php\/wp-json\/wp\/v2\/product"}],"about":[{"href":"http:\/\/kraltechnologie.net\/index.php\/wp-json\/wp\/v2\/types\/product"}],"replies":[{"embeddable":true,"href":"http:\/\/kraltechnologie.net\/index.php\/wp-json\/wp\/v2\/comments?post=1395"}],"version-history":[{"count":1,"href":"http:\/\/kraltechnologie.net\/index.php\/wp-json\/wp\/v2\/product\/1395\/revisions"}],"predecessor-version":[{"id":1398,"href":"http:\/\/kraltechnologie.net\/index.php\/wp-json\/wp\/v2\/product\/1395\/revisions\/1398"}],"wp:featuredmedia":[{"embeddable":true,"href":"http:\/\/kraltechnologie.net\/index.php\/wp-json\/wp\/v2\/media\/1397"}],"wp:attachment":[{"href":"http:\/\/kraltechnologie.net\/index.php\/wp-json\/wp\/v2\/media?parent=1395"}],"wp:term":[{"taxonomy":"product_brand","embeddable":true,"href":"http:\/\/kraltechnologie.net\/index.php\/wp-json\/wp\/v2\/product_brand?post=1395"},{"taxonomy":"product_cat","embeddable":true,"href":"http:\/\/kraltechnologie.net\/index.php\/wp-json\/wp\/v2\/product_cat?post=1395"},{"taxonomy":"product_tag","embeddable":true,"href":"http:\/\/kraltechnologie.net\/index.php\/wp-json\/wp\/v2\/product_tag?post=1395"}],"curies":[{"name":"wp","href":"https:\/\/api.w.org\/{rel}","templated":true}]}}