{"id":1399,"date":"2025-04-17T10:06:47","date_gmt":"2025-04-17T10:06:47","guid":{"rendered":"https:\/\/kraltechnologie.net\/?post_type=product&#038;p=1399"},"modified":"2025-12-10T09:10:25","modified_gmt":"2025-12-10T09:10:25","slug":"cudy-ap1300-exterieur-1-0","status":"publish","type":"product","link":"http:\/\/kraltechnologie.net\/index.php\/product\/cudy-ap1300-exterieur-1-0\/","title":{"rendered":"Cudy AP1300 Ext\u00e9rieur 1.0"},"content":{"rendered":"<table class=\"spec-table\">\n<tbody>\n<tr>\n<th class=\"main-dimension desktop\" width=\"25%\"><span>Version du mod\u00e8le<\/span><\/th>\n<td class=\"spec-value-wide\" colspan=\"2\"><span>AP1300 Ext\u00e9rieur 1.0<\/span><\/td>\n<\/tr>\n<tr>\n<th class=\"main-dimension desktop\" width=\"25%\"><span>processeur<\/span><\/th>\n<td class=\"secondary-dimension\"><span>Jeu de puces<\/span><\/td>\n<td class=\"spec-value\"><span>MT7621DAT<\/span><\/td>\n<\/tr>\n<tr>\n<th class=\"main-dimension empty-dimension desktop\" width=\"25%\"><\/th>\n<td class=\"secondary-dimension\"><span>D\u00e9tails du processeur<\/span><\/td>\n<td class=\"spec-value\"><span>Processeur double c\u0153ur 880 MHz<\/span><\/td>\n<\/tr>\n<tr>\n<th class=\"main-dimension desktop\" width=\"25%\"><span>M\u00e9moire\/Stockage<\/span><\/th>\n<td class=\"secondary-dimension\"><span>Flash\/ROM<\/span><\/td>\n<td class=\"spec-value\"><span>16 Mo (128 Mbit) NOR<\/span><\/td>\n<\/tr>\n<tr>\n<th class=\"main-dimension empty-dimension desktop\" width=\"25%\"><\/th>\n<td class=\"secondary-dimension\"><span>DDR\/RAM<\/span><\/td>\n<td class=\"spec-value\"><span>128 Mo (1 Gbit) DDR3<\/span><\/td>\n<\/tr>\n<tr>\n<th class=\"main-dimension desktop\" width=\"25%\"><span>Sans fil<\/span><\/th>\n<td class=\"secondary-dimension\"><span>Vitesse Wi-Fi 5 GHz<\/span><\/td>\n<td class=\"spec-value\"><span>867 Mbps<\/span><\/td>\n<\/tr>\n<tr>\n<th class=\"main-dimension empty-dimension desktop\" width=\"25%\"><\/th>\n<td class=\"secondary-dimension\"><span>Vitesse Wi-Fi 2,4 GHz<\/span><\/td>\n<td class=\"spec-value\"><span>300 Mbps<\/span><\/td>\n<\/tr>\n<tr>\n<th class=\"main-dimension empty-dimension desktop\" width=\"25%\"><\/th>\n<td class=\"secondary-dimension\"><span>Flux Wi-Fi 5 GHz<\/span><\/td>\n<td class=\"spec-value\"><span>2T2R (2\u00d72 MIMO)<\/span><\/td>\n<\/tr>\n<tr>\n<th class=\"main-dimension empty-dimension desktop\" width=\"25%\"><\/th>\n<td class=\"secondary-dimension\"><span>Flux Wi-Fi 2,4 GHz<\/span><\/td>\n<td class=\"spec-value\"><span>2T2R (2\u00d72 MIMO)<\/span><\/td>\n<\/tr>\n<tr>\n<th class=\"main-dimension empty-dimension desktop\" width=\"25%\"><\/th>\n<td class=\"secondary-dimension\"><span>Antennes Wi-Fi<\/span><\/td>\n<td class=\"spec-value\"><span>2\u00d7 d\u00e9tachables<\/span><\/td>\n<\/tr>\n<tr>\n<th class=\"main-dimension empty-dimension desktop\" width=\"25%\"><\/th>\n<td class=\"secondary-dimension\"><span>Gain d&rsquo;antenne maximal \u00e0 5 \u200b\u200bGHz<\/span><\/td>\n<td class=\"spec-value\"><span>4,37 dBi<\/span><\/td>\n<\/tr>\n<tr>\n<th class=\"main-dimension empty-dimension desktop\" width=\"25%\"><\/th>\n<td class=\"secondary-dimension\"><span>Gain d&rsquo;antenne maximal de 2,4 GHz<\/span><\/td>\n<td class=\"spec-value\"><span>4,46 dBi<\/span><\/td>\n<\/tr>\n<tr>\n<th class=\"main-dimension empty-dimension desktop\" width=\"25%\"><\/th>\n<td class=\"secondary-dimension\"><span>FEM ou PA\/LNA<\/span><\/td>\n<td class=\"spec-value\">\n<ul>\n<li><span>5 GHz : 2\u00d7 interne<\/span><\/li>\n<li><span>2,4 GHz\u00a0: 2\u00d7 interne<\/span><\/li>\n<\/ul>\n<\/td>\n<\/tr>\n<tr>\n<th class=\"main-dimension empty-dimension desktop\" width=\"25%\"><\/th>\n<td class=\"secondary-dimension\"><span>Connecteur d&rsquo;antennes Wi-Fi d\u00e9tachables<\/span><\/td>\n<td class=\"spec-value\"><span>RP-SMA Femelle<\/span><\/td>\n<\/tr>\n<tr>\n<th class=\"main-dimension empty-dimension desktop\" width=\"25%\"><\/th>\n<td class=\"secondary-dimension\"><span>Formation de faisceaux<\/span><\/td>\n<td class=\"spec-value\"><span>Vrai<\/span><\/td>\n<\/tr>\n<tr>\n<th class=\"main-dimension empty-dimension desktop\" width=\"25%\"><\/th>\n<td class=\"secondary-dimension\"><span>Performances de port\u00e9e<\/span><\/td>\n<td class=\"spec-value\"><span>Max : 170 m (558 pi)<\/span><br \/>\n<span>Parc : 150 m (492 pi)<\/span><br \/>\n<span>Rue : 50 m (164 pi)<\/span><br \/>\n<span>Bois : 30 m (98 pi)<\/span><\/td>\n<\/tr>\n<tr>\n<th class=\"main-dimension empty-dimension desktop\" width=\"25%\"><\/th>\n<td class=\"secondary-dimension\"><span>Performance du mur<\/span><\/td>\n<td class=\"spec-value\"><span>N \/ A<\/span><\/td>\n<\/tr>\n<tr>\n<th class=\"main-dimension desktop\" width=\"25%\"><span>Interfaces<\/span><\/th>\n<td class=\"secondary-dimension\"><span>Ports Gigabit RJ45<\/span><\/td>\n<td class=\"spec-value\"><span>1<\/span><\/td>\n<\/tr>\n<tr>\n<th class=\"main-dimension empty-dimension desktop\" width=\"25%\"><\/th>\n<td class=\"secondary-dimension\"><span>Notes sur Ethernet<\/span><\/td>\n<td class=\"spec-value\"><span>Accepte l&rsquo;alimentation PoE<\/span><\/td>\n<\/tr>\n<tr>\n<th class=\"main-dimension empty-dimension desktop\" width=\"25%\"><\/th>\n<td class=\"secondary-dimension\"><span>DIRIG\u00c9<\/span><\/td>\n<td class=\"spec-value\">\n<ul>\n<li><span>Wi-Fi 5 GHz<\/span><\/li>\n<li><span>Wi-Fi 2,4 GHz<\/span><\/li>\n<li><span>r\u00e9seau local<\/span><\/li>\n<li><span>Internet<\/span><\/li>\n<li><span>Syst\u00e8me<\/span><\/li>\n<\/ul>\n<\/td>\n<\/tr>\n<tr>\n<th class=\"main-dimension empty-dimension desktop\" width=\"25%\"><\/th>\n<td class=\"secondary-dimension\"><span>Boutons physiques<\/span><\/td>\n<td class=\"spec-value\"><span>Bouton de r\u00e9initialisation<\/span><\/td>\n<\/tr>\n<tr>\n<th class=\"main-dimension empty-dimension desktop\" width=\"25%\"><\/th>\n<td class=\"secondary-dimension\"><span>Puissance d&rsquo;entr\u00e9e<\/span><\/td>\n<td class=\"spec-value\"><span>PoE via port Ethernet<\/span><\/td>\n<\/tr>\n<tr>\n<th class=\"main-dimension desktop\" width=\"25%\"><span>Pouvoir<\/span><\/th>\n<td class=\"secondary-dimension\"><span>M\u00e9thodes d&rsquo;alimentation<\/span><\/td>\n<td class=\"spec-value\">\n<ul>\n<li><span>PoE 802.3at\/af<\/span><\/li>\n<li><span>PoE passif<\/span><\/li>\n<\/ul>\n<\/td>\n<\/tr>\n<tr>\n<th class=\"main-dimension empty-dimension desktop\" width=\"25%\"><\/th>\n<td class=\"secondary-dimension\"><span>PoE passif<\/span><\/td>\n<td class=\"spec-value\"><span>24 ~ 57 V<\/span><\/td>\n<\/tr>\n<tr>\n<th class=\"main-dimension empty-dimension desktop\" width=\"25%\"><\/th>\n<td class=\"secondary-dimension\"><span>Adaptateur secteur<\/span><\/td>\n<td class=\"spec-value\"><span>Entr\u00e9e : 100 ~ 240 V, 50\/60 Hz CA<\/span><br \/>\n<span>Sortie : 48 V PoE passif<\/span><\/td>\n<\/tr>\n<tr>\n<th class=\"main-dimension empty-dimension desktop\" width=\"25%\"><\/th>\n<td class=\"secondary-dimension\"><span>Consommation \u00e9lectrique maximale (W)<\/span><\/td>\n<td class=\"spec-value\"><span>11 W<\/span><\/td>\n<\/tr>\n<tr>\n<th class=\"main-dimension empty-dimension desktop\" width=\"25%\"><\/th>\n<td class=\"secondary-dimension\"><span>Consommation d&rsquo;\u00e9nergie au ralenti (W)<\/span><\/td>\n<td class=\"spec-value\"><span>7,5 W<\/span><\/td>\n<\/tr>\n<tr>\n<th class=\"main-dimension desktop\" width=\"25%\"><span>Fiabilit\u00e9<\/span><\/th>\n<td class=\"secondary-dimension\"><span>Avanc\u00e9<\/span><\/td>\n<td class=\"spec-value\"><span>Surveillance du mat\u00e9riel<\/span><\/td>\n<\/tr>\n<tr>\n<th class=\"main-dimension empty-dimension desktop\" width=\"25%\"><\/th>\n<td class=\"secondary-dimension\"><span>EMS<\/span><\/td>\n<td class=\"spec-value\"><span>ESD : Contact : 4 kV ; Air : 8 kV<\/span><br \/>\n<span>IEC\/EN 61000-4-5, Niveau 4 Surtension : Puissance : DM 2 kV, CM 4 kV ; RJ45 : CM 4 kV<\/span><\/td>\n<\/tr>\n<tr>\n<th class=\"main-dimension empty-dimension desktop\" width=\"25%\"><\/th>\n<td class=\"secondary-dimension\"><span>Environnement<\/span><\/td>\n<td class=\"spec-value\"><span>Temp\u00e9rature de fonctionnement : -20 \u2103 ~ 60 \u2103 (-4 \u2109 ~ 140 \u2109)<\/span><br \/>\n<span>Temp\u00e9rature de fonctionnement \u00e9tendue avec une carte SIM de qualit\u00e9 industrielle : -40 \u2103 ~ 65 \u2103 (-40 \u2109 ~ 149 \u2109)<\/span><br \/>\n<span>Temp\u00e9rature de stockage : -40 \u2103 ~ 70 \u2103 (-40 \u2109 ~ 158 \u2109)<\/span><br \/>\n<span>Humidit\u00e9 de fonctionnement : 10 % ~ 90 % sans condensation<\/span><br \/>\n<span>Humidit\u00e9 de stockage : 5 % ~ 90 % sans condensation<\/span><\/td>\n<\/tr>\n<tr>\n<th class=\"main-dimension empty-dimension desktop\" width=\"25%\"><\/th>\n<td class=\"secondary-dimension\"><span>Indice de protection contre les intrusions<\/span><\/td>\n<td class=\"spec-value\"><span>IP65\u00a0<\/span><small><span>lorsque les appareils sont install\u00e9s verticalement<\/span><\/small><\/td>\n<\/tr>\n<tr>\n<th class=\"main-dimension desktop\" width=\"25%\"><span>Certifications<\/span><\/th>\n<td class=\"spec-value-wide\" colspan=\"2\"><span>FCC, CE<\/span><\/td>\n<\/tr>\n<tr>\n<th class=\"main-dimension desktop\" width=\"25%\"><span>M\u00e9canique<\/span><\/th>\n<td class=\"secondary-dimension\"><span>Installation<\/span><\/td>\n<td class=\"spec-value\">\n<ul>\n<li><span>Montage mural<\/span><\/li>\n<li><span>Montage sur poteau<\/span><\/li>\n<\/ul>\n<\/td>\n<\/tr>\n<tr>\n<th class=\"main-dimension empty-dimension desktop\" width=\"25%\"><\/th>\n<td class=\"secondary-dimension\"><span>Dimension<\/span><\/td>\n<td class=\"spec-value\"><span>Corps de l&rsquo;appareil :<\/span><br \/>\n<span>240 \u00d7 100 \u00d7 53,7 mm<\/span><br \/>\n<span>9,45 \u00d7 3,94 \u00d7 2,11 pouces<\/span><br \/>\n<span>Chaque antenne :<\/span><br \/>\n<span>197,5 \u00d7 21,6 \u00d7 15,5 mm<\/span><br \/>\n<span>7,78 \u00d7 0,85 \u00d7 0,61 pouces<\/span><\/td>\n<\/tr>\n<tr>\n<th class=\"main-dimension desktop\" width=\"25%\"><span>Contenu du paquet<\/span><\/th>\n<td class=\"spec-value-wide\" colspan=\"2\">\n<ul>\n<li><span>AP1300 Ext\u00e9rieur<\/span><\/li>\n<li><span>Antennes d\u00e9tachables<\/span><\/li>\n<li><span>Adaptateur PoE<\/span><\/li>\n<li><span>Cordon d&rsquo;alimentation<\/span><\/li>\n<li><span>Kit de montage<\/span><\/li>\n<li><span>C\u00e2ble Ethernet<\/span><\/li>\n<li><span>Guide d&rsquo;installation<\/span><\/li>\n<\/ul>\n<\/td>\n<\/tr>\n<tr>\n<th class=\"main-dimension desktop\" width=\"25%\"><span>Informations de commande<\/span><\/th>\n<td class=\"secondary-dimension\"><span>Poids du colis au d\u00e9tail<\/span><\/td>\n<td class=\"spec-value\"><span>UE : 865 g (30,51 oz)<\/span><\/td>\n<\/tr>\n<tr>\n<th class=\"main-dimension empty-dimension desktop\" width=\"25%\"><\/th>\n<td class=\"secondary-dimension\"><span>Dimensions de l&#8217;emballage de vente au d\u00e9tail<\/span><\/td>\n<td class=\"spec-value\"><span>324 \u00d7 107 \u00d7 86 mm<\/span><br \/>\n<span>12,76 \u00d7 4,21 \u00d7 3,39 pouces<\/span><\/td>\n<\/tr>\n<tr>\n<th class=\"main-dimension empty-dimension desktop\" width=\"25%\"><\/th>\n<td class=\"secondary-dimension\"><span>Poids net du carton<\/span><\/td>\n<td class=\"spec-value\"><span>UE : 17,3 kg (38,14 lb)<\/span><\/td>\n<\/tr>\n<tr>\n<th class=\"main-dimension empty-dimension desktop\" width=\"25%\"><\/th>\n<td class=\"secondary-dimension\"><span>Poids brut du carton<\/span><\/td>\n<td class=\"spec-value\"><span>UE : 18,2 kg (40,12 lb)<\/span><\/td>\n<\/tr>\n<tr>\n<th class=\"main-dimension empty-dimension desktop\" width=\"25%\"><\/th>\n<td class=\"secondary-dimension\"><span>Unit\u00e9s par carton<\/span><\/td>\n<td class=\"spec-value\"><span>20<\/span><\/td>\n<\/tr>\n<tr>\n<th class=\"main-dimension empty-dimension desktop\" width=\"25%\"><\/th>\n<td class=\"secondary-dimension\"><span>Dimensions du carton<\/span><\/td>\n<td class=\"spec-value\"><span>46 \u00d7 33,7 \u00d7 45 cm<\/span><br \/>\n<span>18,11 \u00d7 13,27 \u00d7 17,72 pouces<\/span><\/td>\n<\/tr>\n<\/tbody>\n<\/table>\n","protected":false},"excerpt":{"rendered":"<p><span>Un point d&rsquo;acc\u00e8s WiFi mont\u00e9 sur poteau\/mur avec bo\u00eetier IP65, PoE et fonctionnalit\u00e9s Cudy Mesh, id\u00e9al pour les environnements de parc, de ferme et de parking.<\/span><\/p>\n<hr class=\"cudy-hr\" \/>\n<ul class=\"bulletins\">\n<li><span>\u00a0IP65, -40~65\u00b0C (-40~149\u00b0F), surtension 4kV<\/span><\/li>\n<li><span>\u00a0Wi-Fi 5 double bande \u00e0 4 flux<\/span><\/li>\n<li><span>\u00a0867 Mbps + 300 Mbps Wi-Fi\u00a0<\/span><sup><small><span>1<\/span><\/small><\/sup><\/li>\n<li><span>\u00a01 entr\u00e9e PoE GbE blind\u00e9e<\/span><\/li>\n<li><span>\u00a0802.3at\/af, PoE passif<\/span><\/li>\n<li><span>\u00a0Surveillance, red\u00e9marrage programm\u00e9<\/span><\/li>\n<li><span>\u00a0Port\u00e9e maximale de 170 m (550 pi)\u00a0<\/span><sup><small><span>2<\/span><\/small><\/sup><\/li>\n<li><span>\u00a0100 appareils connect\u00e9s\u00a0<\/span><sup><small><span>3<\/span><\/small><\/sup><\/li>\n<\/ul>\n","protected":false},"featured_media":1403,"comment_status":"open","ping_status":"closed","template":"","meta":{"_joinchat":[]},"product_brand":[64],"product_cat":[85,35],"product_tag":[],"class_list":{"0":"post-1399","1":"product","2":"type-product","3":"status-publish","4":"has-post-thumbnail","6":"product_brand-cudy","7":"product_cat-antenne","8":"product_cat-informatiques","10":"first","11":"instock","12":"shipping-taxable","13":"product-type-simple"},"_links":{"self":[{"href":"http:\/\/kraltechnologie.net\/index.php\/wp-json\/wp\/v2\/product\/1399","targetHints":{"allow":["GET"]}}],"collection":[{"href":"http:\/\/kraltechnologie.net\/index.php\/wp-json\/wp\/v2\/product"}],"about":[{"href":"http:\/\/kraltechnologie.net\/index.php\/wp-json\/wp\/v2\/types\/product"}],"replies":[{"embeddable":true,"href":"http:\/\/kraltechnologie.net\/index.php\/wp-json\/wp\/v2\/comments?post=1399"}],"version-history":[{"count":1,"href":"http:\/\/kraltechnologie.net\/index.php\/wp-json\/wp\/v2\/product\/1399\/revisions"}],"predecessor-version":[{"id":1404,"href":"http:\/\/kraltechnologie.net\/index.php\/wp-json\/wp\/v2\/product\/1399\/revisions\/1404"}],"wp:featuredmedia":[{"embeddable":true,"href":"http:\/\/kraltechnologie.net\/index.php\/wp-json\/wp\/v2\/media\/1403"}],"wp:attachment":[{"href":"http:\/\/kraltechnologie.net\/index.php\/wp-json\/wp\/v2\/media?parent=1399"}],"wp:term":[{"taxonomy":"product_brand","embeddable":true,"href":"http:\/\/kraltechnologie.net\/index.php\/wp-json\/wp\/v2\/product_brand?post=1399"},{"taxonomy":"product_cat","embeddable":true,"href":"http:\/\/kraltechnologie.net\/index.php\/wp-json\/wp\/v2\/product_cat?post=1399"},{"taxonomy":"product_tag","embeddable":true,"href":"http:\/\/kraltechnologie.net\/index.php\/wp-json\/wp\/v2\/product_tag?post=1399"}],"curies":[{"name":"wp","href":"https:\/\/api.w.org\/{rel}","templated":true}]}}