{"id":1420,"date":"2025-04-17T10:23:06","date_gmt":"2025-04-17T10:23:06","guid":{"rendered":"https:\/\/kraltechnologie.net\/?post_type=product&#038;p=1420"},"modified":"2025-04-17T10:25:39","modified_gmt":"2025-04-17T10:25:39","slug":"cudy-fs1010p-2-0","status":"publish","type":"product","link":"http:\/\/kraltechnologie.net\/index.php\/product\/cudy-fs1010p-2-0\/","title":{"rendered":"Cudy FS1010P 2.0"},"content":{"rendered":"<p><img loading=\"lazy\" decoding=\"async\" class=\"alignnone  wp-image-1424\" src=\"http:\/\/kraltechnologie.net\/wp-content\/uploads\/2025\/04\/Screenshot_19-300x92.png\" alt=\"\" width=\"1441\" height=\"442\" srcset=\"http:\/\/kraltechnologie.net\/wp-content\/uploads\/2025\/04\/Screenshot_19-300x92.png 300w, http:\/\/kraltechnologie.net\/wp-content\/uploads\/2025\/04\/Screenshot_19-150x46.png 150w, http:\/\/kraltechnologie.net\/wp-content\/uploads\/2025\/04\/Screenshot_19.png 934w\" sizes=\"auto, (max-width: 1441px) 100vw, 1441px\" \/><\/p>\n<table class=\"spec-table\">\n<tbody>\n<tr>\n<th class=\"main-dimension desktop\" width=\"25%\"><span>Version du mod\u00e8le<\/span><\/th>\n<td class=\"spec-value-wide\" colspan=\"2\"><span>FS1010P 2.0<\/span><\/td>\n<\/tr>\n<tr>\n<th class=\"main-dimension desktop\" width=\"25%\"><span>Interfaces<\/span><\/th>\n<td class=\"secondary-dimension\"><span>Ports RJ45 10\/100 Mbps<\/span><\/td>\n<td class=\"spec-value\"><span>10<\/span><\/td>\n<\/tr>\n<tr>\n<th class=\"main-dimension empty-dimension desktop\" width=\"25%\"><\/th>\n<td class=\"secondary-dimension\"><span>Ports PoE RJ45 10\/100 Mbps<\/span><\/td>\n<td class=\"spec-value\"><span>#1~#8<\/span><\/td>\n<\/tr>\n<tr>\n<th class=\"main-dimension empty-dimension desktop\" width=\"25%\"><\/th>\n<td class=\"secondary-dimension\"><span>Puissance maximale sur un seul port PoE<\/span><\/td>\n<td class=\"spec-value\"><span>30 W<\/span><\/td>\n<\/tr>\n<tr>\n<th class=\"main-dimension empty-dimension desktop\" width=\"25%\"><\/th>\n<td class=\"secondary-dimension\"><span>Notes sur le port PoE<\/span><\/td>\n<td class=\"spec-value\"><span>Les ports PoE sont conformes aux normes IEEE 802.3at\/af.<\/span><\/td>\n<\/tr>\n<tr>\n<th class=\"main-dimension empty-dimension desktop\" width=\"25%\"><\/th>\n<td class=\"secondary-dimension\"><span>Ports en mode \u00e9tendu<\/span><\/td>\n<td class=\"spec-value\"><span>#1~#8<\/span><\/td>\n<\/tr>\n<tr>\n<th class=\"main-dimension empty-dimension desktop\" width=\"25%\"><\/th>\n<td class=\"secondary-dimension\"><span>Ports en mode VLAN<\/span><\/td>\n<td class=\"spec-value\"><span>#1~#8<\/span><\/td>\n<\/tr>\n<tr>\n<th class=\"main-dimension empty-dimension desktop\" width=\"25%\"><\/th>\n<td class=\"secondary-dimension\"><span>DIRIG\u00c9<\/span><\/td>\n<td class=\"spec-value\">\n<ul>\n<li><span>Pouvoir<\/span><\/li>\n<li><span>Lien\/ACT de chaque port Ethernet<\/span><\/li>\n<li><span>Mode DIP (SW)<\/span><\/li>\n<\/ul>\n<\/td>\n<\/tr>\n<tr>\n<th class=\"main-dimension empty-dimension desktop\" width=\"25%\"><\/th>\n<td class=\"secondary-dimension\"><span>Puissance d&rsquo;entr\u00e9e<\/span><\/td>\n<td class=\"spec-value\"><span>Prise CA<\/span><\/td>\n<\/tr>\n<tr>\n<th class=\"main-dimension empty-dimension desktop\" width=\"25%\"><\/th>\n<td class=\"secondary-dimension\"><span>Boutons physiques<\/span><\/td>\n<td class=\"spec-value\"><span>Commutateur DIP VLAN\/Par d\u00e9faut\/\u00c9tendu<\/span><\/td>\n<\/tr>\n<tr>\n<th class=\"main-dimension desktop\" width=\"25%\"><span>Performance<\/span><\/th>\n<td class=\"secondary-dimension\"><span>Vitesse et distance du cuivre<\/span><\/td>\n<td class=\"spec-value\">\n<ul>\n<li><span>C\u00e2ble Cat. 3 ou sup\u00e9rieur\u00a0: 100\u00a0m\u00e8tres \u00e0 10\u00a0Mbps<\/span><\/li>\n<li><span>C\u00e2ble Cat. 5 ou sup\u00e9rieur\u00a0: 100 m\u00e8tres \u00e0 100\u00a0Mbps<\/span><\/li>\n<li><span>C\u00e2ble Cat. 5e ou sup\u00e9rieur\u00a0: 250\u00a0m\u00e8tres \u00e0 10\u00a0Mbps<\/span><\/li>\n<\/ul>\n<\/td>\n<\/tr>\n<tr>\n<th class=\"main-dimension empty-dimension desktop\" width=\"25%\"><\/th>\n<td class=\"secondary-dimension\"><span>Note sur la vitesse et la distance du cuivre<\/span><\/td>\n<td class=\"spec-value\"><span>La transmission de 250 m\u00e8tres n&rsquo;est disponible sur les ports du mode \u00e9tendu que lorsque le mode \u00e9tendu est activ\u00e9.<\/span><\/td>\n<\/tr>\n<tr>\n<th class=\"main-dimension empty-dimension desktop\" width=\"25%\"><\/th>\n<td class=\"secondary-dimension\"><span>Tableau d&rsquo;adresses MAC<\/span><\/td>\n<td class=\"spec-value\"><span>2048<\/span><\/td>\n<\/tr>\n<tr>\n<th class=\"main-dimension empty-dimension desktop\" width=\"25%\"><\/th>\n<td class=\"secondary-dimension\"><span>Capacit\u00e9 de commutation maximale<\/span><\/td>\n<td class=\"spec-value\"><span>2 Gbit\/s<\/span><\/td>\n<\/tr>\n<tr>\n<th class=\"main-dimension empty-dimension desktop\" width=\"25%\"><\/th>\n<td class=\"secondary-dimension\"><span>Taux de transfert maximal<\/span><\/td>\n<td class=\"spec-value\"><span>1,488 Mpps<\/span><\/td>\n<\/tr>\n<tr>\n<th class=\"main-dimension empty-dimension desktop\" width=\"25%\"><\/th>\n<td class=\"secondary-dimension\"><span>Tampon de paquets<\/span><\/td>\n<td class=\"spec-value\"><span>2 Mbit<\/span><\/td>\n<\/tr>\n<tr>\n<th class=\"main-dimension desktop\" width=\"25%\"><span>Pouvoir<\/span><\/th>\n<td class=\"secondary-dimension\"><span>M\u00e9thodes d&rsquo;alimentation<\/span><\/td>\n<td class=\"spec-value\"><span>CA<\/span><\/td>\n<\/tr>\n<tr>\n<th class=\"main-dimension empty-dimension desktop\" width=\"25%\"><\/th>\n<td class=\"secondary-dimension\"><span>CA<\/span><\/td>\n<td class=\"spec-value\"><span>100-240 V~, 50\/60 Hz<\/span><\/td>\n<\/tr>\n<tr>\n<th class=\"main-dimension empty-dimension desktop\" width=\"25%\"><\/th>\n<td class=\"secondary-dimension\"><span>Alimentation \u00e9lectrique<\/span><\/td>\n<td class=\"spec-value\"><span>120 W<\/span><\/td>\n<\/tr>\n<tr>\n<th class=\"main-dimension empty-dimension desktop\" width=\"25%\"><\/th>\n<td class=\"secondary-dimension\"><span>Puissance maximale hors PoE<\/span><\/td>\n<td class=\"spec-value\"><span>1W<\/span><\/td>\n<\/tr>\n<tr>\n<th class=\"main-dimension desktop\" width=\"25%\"><span>Commutation<\/span><\/th>\n<td class=\"secondary-dimension\"><span>Protocoles 802.3<\/span><\/td>\n<td class=\"spec-value\">\n<ul>\n<li><span>802.3i 10BASE-T<\/span><\/li>\n<li><span>802.3u 100BASE-TX<\/span><\/li>\n<li><span>Contr\u00f4le de flux 802.3x<\/span><\/li>\n<li><span>PoE 802.3af<\/span><\/li>\n<li><span>PoE 802.3at<\/span><\/li>\n<\/ul>\n<\/td>\n<\/tr>\n<tr>\n<th class=\"main-dimension desktop\" width=\"25%\"><span>Fiabilit\u00e9<\/span><\/th>\n<td class=\"secondary-dimension\"><span>M\u00e9thodes de mise \u00e0 la terre<\/span><\/td>\n<td class=\"spec-value\"><span>prise \u00e0 trois broches<\/span><\/td>\n<\/tr>\n<tr>\n<th class=\"main-dimension empty-dimension desktop\" width=\"25%\"><\/th>\n<td class=\"secondary-dimension\"><span>EMS<\/span><\/td>\n<td class=\"spec-value\"><span>IEC\/EN 61000-4-2, Niveau 2 ESD : Contact : 4 kV ; Air : 6 kV<\/span><br \/>\n<span>IEC\/EN 61000-4-5, Niveau 4 Surtension : Puissance : DM 2 kV, CM 4 kV ; RJ45 : CM 4 kV<\/span><\/td>\n<\/tr>\n<tr>\n<th class=\"main-dimension empty-dimension desktop\" width=\"25%\"><\/th>\n<td class=\"secondary-dimension\"><span>Environnement<\/span><\/td>\n<td class=\"spec-value\"><span>Temp\u00e9rature de fonctionnement : 0~40 \u2103 (32~104 \u2109)<\/span><br \/>\n<span>Temp\u00e9rature de stockage : -40~70\u2103 (-40~158 \u2109)<\/span><br \/>\n<span>Humidit\u00e9 de fonctionnement : 10~90 % sans condensation<\/span><br \/>\n<span>Humidit\u00e9 de stockage : 10~95 % sans condensation<\/span><\/td>\n<\/tr>\n<tr>\n<th class=\"main-dimension desktop\" width=\"25%\"><span>M\u00e9canique<\/span><\/th>\n<td class=\"secondary-dimension\"><span>Dimension<\/span><\/td>\n<td class=\"spec-value\"><span>200 \u00d7 120 \u00d7 45 mm<\/span><br \/>\n<span>7,87 \u00d7 4,72 \u00d7 1,77 pouces<\/span><\/td>\n<\/tr>\n<tr>\n<th class=\"main-dimension empty-dimension desktop\" width=\"25%\"><\/th>\n<td class=\"secondary-dimension\"><span>Poids du produit<\/span><\/td>\n<td class=\"spec-value\"><span>610 g (21,52 oz)<\/span><\/td>\n<\/tr>\n<tr>\n<th class=\"main-dimension empty-dimension desktop\" width=\"25%\"><\/th>\n<td class=\"secondary-dimension\"><span>Mat\u00e9riau du bo\u00eetier<\/span><\/td>\n<td class=\"spec-value\"><span>M\u00e9tal<\/span><\/td>\n<\/tr>\n<tr>\n<th class=\"main-dimension empty-dimension desktop\" width=\"25%\"><\/th>\n<td class=\"secondary-dimension\"><span>Installation<\/span><\/td>\n<td class=\"spec-value\">\n<ul>\n<li><span>Bureau<\/span><\/li>\n<li><span>Montage mural<\/span><\/li>\n<\/ul>\n<\/td>\n<\/tr>\n<tr>\n<th class=\"main-dimension desktop\" width=\"25%\"><span>Contenu du paquet<\/span><\/th>\n<td class=\"spec-value-wide\" colspan=\"2\">\n<ul>\n<li><span>FS1010P<\/span><\/li>\n<li><span>Cordon d&rsquo;alimentation<\/span><\/li>\n<li><span>Guide d&rsquo;installation<\/span><\/li>\n<\/ul>\n<\/td>\n<\/tr>\n<tr>\n<th class=\"main-dimension desktop\" width=\"25%\"><span>Informations de commande<\/span><\/th>\n<td class=\"secondary-dimension\"><span>Poids du colis au d\u00e9tail<\/span><\/td>\n<td class=\"spec-value\"><span>UE : 926 g (32,66 oz)<\/span><\/td>\n<\/tr>\n<tr>\n<th class=\"main-dimension empty-dimension desktop\" width=\"25%\"><\/th>\n<td class=\"secondary-dimension\"><span>Poids net du carton<\/span><\/td>\n<td class=\"spec-value\"><span>UE : 15,7 kg (34,61 lb)<\/span><\/td>\n<\/tr>\n<tr>\n<th class=\"main-dimension empty-dimension desktop\" width=\"25%\"><\/th>\n<td class=\"secondary-dimension\"><span>Poids brut du carton<\/span><\/td>\n<td class=\"spec-value\"><span>UE : 14,9 kg (32,85 lb)<\/span><\/td>\n<\/tr>\n<\/tbody>\n<\/table>\n","protected":false},"excerpt":{"rendered":"<p><span>Un commutateur PoE 10-FE mural avec une alimentation de 120 W et un syst\u00e8me de refroidissement silencieux.<\/span><\/p>\n<hr class=\"cudy-hr\" \/>\n<ul class=\"bulletins\">\n<li><span>\u00a08\u00d7 FE avec PoE 802.at\/af Mode A<\/span><\/li>\n<li><span>\u00a02\u00d7 liaison montante FE<\/span><\/li>\n<li><span>\u00a0Alimentation 120 W<\/span><\/li>\n<li><span>\u00a0Modes par d\u00e9faut\/VLAN\/\u00c9tendu<\/span><\/li>\n<li><span>\u00a0Surveillance en mode VLAN ou \u00e9tendu<\/span><\/li>\n<li><span>\u00a0Bureau, montage mural<\/span><\/li>\n<li><span>\u00a0200 \u00d7 118 \u00d7 44 mm (7,87 \u00d7 4,65 \u00d7 1,73\u00a0\u00bb)<\/span><\/li>\n<\/ul>\n","protected":false},"featured_media":1423,"comment_status":"open","ping_status":"closed","template":"","meta":{"_joinchat":[]},"product_brand":[64],"product_cat":[35,84],"product_tag":[],"class_list":{"0":"post-1420","1":"product","2":"type-product","3":"status-publish","4":"has-post-thumbnail","6":"product_brand-cudy","7":"product_cat-informatiques","8":"product_cat-switch","10":"first","11":"instock","12":"shipping-taxable","13":"product-type-simple"},"_links":{"self":[{"href":"http:\/\/kraltechnologie.net\/index.php\/wp-json\/wp\/v2\/product\/1420","targetHints":{"allow":["GET"]}}],"collection":[{"href":"http:\/\/kraltechnologie.net\/index.php\/wp-json\/wp\/v2\/product"}],"about":[{"href":"http:\/\/kraltechnologie.net\/index.php\/wp-json\/wp\/v2\/types\/product"}],"replies":[{"embeddable":true,"href":"http:\/\/kraltechnologie.net\/index.php\/wp-json\/wp\/v2\/comments?post=1420"}],"version-history":[{"count":2,"href":"http:\/\/kraltechnologie.net\/index.php\/wp-json\/wp\/v2\/product\/1420\/revisions"}],"predecessor-version":[{"id":1426,"href":"http:\/\/kraltechnologie.net\/index.php\/wp-json\/wp\/v2\/product\/1420\/revisions\/1426"}],"wp:featuredmedia":[{"embeddable":true,"href":"http:\/\/kraltechnologie.net\/index.php\/wp-json\/wp\/v2\/media\/1423"}],"wp:attachment":[{"href":"http:\/\/kraltechnologie.net\/index.php\/wp-json\/wp\/v2\/media?parent=1420"}],"wp:term":[{"taxonomy":"product_brand","embeddable":true,"href":"http:\/\/kraltechnologie.net\/index.php\/wp-json\/wp\/v2\/product_brand?post=1420"},{"taxonomy":"product_cat","embeddable":true,"href":"http:\/\/kraltechnologie.net\/index.php\/wp-json\/wp\/v2\/product_cat?post=1420"},{"taxonomy":"product_tag","embeddable":true,"href":"http:\/\/kraltechnologie.net\/index.php\/wp-json\/wp\/v2\/product_tag?post=1420"}],"curies":[{"name":"wp","href":"https:\/\/api.w.org\/{rel}","templated":true}]}}