{"id":1458,"date":"2025-04-17T10:50:43","date_gmt":"2025-04-17T10:50:43","guid":{"rendered":"https:\/\/kraltechnologie.net\/?post_type=product&#038;p=1458"},"modified":"2025-04-17T10:52:42","modified_gmt":"2025-04-17T10:52:42","slug":"cudy-switch-gs108d-4-0","status":"publish","type":"product","link":"http:\/\/kraltechnologie.net\/index.php\/product\/cudy-switch-gs108d-4-0\/","title":{"rendered":"Cudy Switch GS108D 4.0"},"content":{"rendered":"<p><img loading=\"lazy\" decoding=\"async\" class=\"alignnone  wp-image-1465\" src=\"http:\/\/kraltechnologie.net\/wp-content\/uploads\/2025\/04\/Screenshot_26-300x122.png\" alt=\"\" width=\"1532\" height=\"623\" srcset=\"http:\/\/kraltechnologie.net\/wp-content\/uploads\/2025\/04\/Screenshot_26-300x122.png 300w, http:\/\/kraltechnologie.net\/wp-content\/uploads\/2025\/04\/Screenshot_26-150x61.png 150w, http:\/\/kraltechnologie.net\/wp-content\/uploads\/2025\/04\/Screenshot_26-1200x487.png 1200w, http:\/\/kraltechnologie.net\/wp-content\/uploads\/2025\/04\/Screenshot_26-1024x416.png 1024w, http:\/\/kraltechnologie.net\/wp-content\/uploads\/2025\/04\/Screenshot_26-768x312.png 768w, http:\/\/kraltechnologie.net\/wp-content\/uploads\/2025\/04\/Screenshot_26.png 1278w\" sizes=\"auto, (max-width: 1532px) 100vw, 1532px\" \/><\/p>\n<table class=\"spec-table\">\n<tbody>\n<tr>\n<th class=\"main-dimension desktop\" width=\"25%\"><span>Version du mod\u00e8le<\/span><\/th>\n<td class=\"spec-value-wide\" colspan=\"2\"><span>GS108D 4.0<\/span><\/td>\n<\/tr>\n<tr>\n<th class=\"main-dimension desktop\" width=\"25%\"><span>Interfaces<\/span><\/th>\n<td class=\"secondary-dimension\"><span>Ports Gigabit RJ45<\/span><\/td>\n<td class=\"spec-value\"><span>8<\/span><\/td>\n<\/tr>\n<tr>\n<th class=\"main-dimension empty-dimension desktop\" width=\"25%\"><\/th>\n<td class=\"secondary-dimension\"><span>DIRIG\u00c9<\/span><\/td>\n<td class=\"spec-value\">\n<ul>\n<li><span>Pouvoir<\/span><\/li>\n<li><span>Vitesse\/Liaison\/ACT de chaque port Ethernet<\/span><\/li>\n<\/ul>\n<\/td>\n<\/tr>\n<tr>\n<th class=\"main-dimension empty-dimension desktop\" width=\"25%\"><\/th>\n<td class=\"secondary-dimension\"><span>Puissance d&rsquo;entr\u00e9e<\/span><\/td>\n<td class=\"spec-value\"><span>Prise CC<\/span><\/td>\n<\/tr>\n<tr>\n<th class=\"main-dimension desktop\" width=\"25%\"><span>Performance<\/span><\/th>\n<td class=\"secondary-dimension\"><span>Vitesse et distance du cuivre<\/span><\/td>\n<td class=\"spec-value\">\n<ul>\n<li><span>C\u00e2ble Cat. 3 ou sup\u00e9rieur\u00a0: 100\u00a0m\u00e8tres \u00e0 10\u00a0Mbps<\/span><\/li>\n<li><span>C\u00e2ble Cat. 5 ou sup\u00e9rieur\u00a0: 100 m\u00e8tres \u00e0 100\u00a0Mbps<\/span><\/li>\n<li><span>C\u00e2ble Cat. 5e ou sup\u00e9rieur\u00a0: 170\u00a0m\u00e8tres en Gigabit<\/span><\/li>\n<\/ul>\n<\/td>\n<\/tr>\n<tr>\n<th class=\"main-dimension empty-dimension desktop\" width=\"25%\"><\/th>\n<td class=\"secondary-dimension\"><span>Tableau d&rsquo;adresses MAC<\/span><\/td>\n<td class=\"spec-value\"><span>8192<\/span><\/td>\n<\/tr>\n<tr>\n<th class=\"main-dimension empty-dimension desktop\" width=\"25%\"><\/th>\n<td class=\"secondary-dimension\"><span>Capacit\u00e9 de commutation maximale<\/span><\/td>\n<td class=\"spec-value\"><span>16 Gbit\/s<\/span><\/td>\n<\/tr>\n<tr>\n<th class=\"main-dimension empty-dimension desktop\" width=\"25%\"><\/th>\n<td class=\"secondary-dimension\"><span>Taux de transfert maximal<\/span><\/td>\n<td class=\"spec-value\"><span>11,904 Mpps<\/span><\/td>\n<\/tr>\n<tr>\n<th class=\"main-dimension empty-dimension desktop\" width=\"25%\"><\/th>\n<td class=\"secondary-dimension\"><span>Cadre g\u00e9ant<\/span><\/td>\n<td class=\"spec-value\"><span>15 Ko<\/span><\/td>\n<\/tr>\n<tr>\n<th class=\"main-dimension empty-dimension desktop\" width=\"25%\"><\/th>\n<td class=\"secondary-dimension\"><span>Tampon de paquets<\/span><\/td>\n<td class=\"spec-value\"><span>4 Mbit<\/span><\/td>\n<\/tr>\n<tr>\n<th class=\"main-dimension desktop\" width=\"25%\"><span>Pouvoir<\/span><\/th>\n<td class=\"secondary-dimension\"><span>\u00c9conomie d&rsquo;\u00e9nergie de base<\/span><\/td>\n<td class=\"spec-value\"><span>Vrai<\/span><\/td>\n<\/tr>\n<tr>\n<th class=\"main-dimension empty-dimension desktop\" width=\"25%\"><\/th>\n<td class=\"secondary-dimension\"><span>M\u00e9thodes d&rsquo;alimentation<\/span><\/td>\n<td class=\"spec-value\"><span>DC<\/span><\/td>\n<\/tr>\n<tr>\n<th class=\"main-dimension empty-dimension desktop\" width=\"25%\"><\/th>\n<td class=\"secondary-dimension\"><span>DC<\/span><\/td>\n<td class=\"spec-value\"><span>5 V \u2393 0,55 A<\/span><\/td>\n<\/tr>\n<tr>\n<th class=\"main-dimension empty-dimension desktop\" width=\"25%\"><\/th>\n<td class=\"secondary-dimension\"><span>Adaptateur secteur<\/span><\/td>\n<td class=\"spec-value\"><span>Entr\u00e9e : 100-240 V~, 50\/60 Hz<\/span><br \/>\n<span>Sortie : 5 V \u2393 0,55 A<\/span><\/td>\n<\/tr>\n<tr>\n<th class=\"main-dimension empty-dimension desktop\" width=\"25%\"><\/th>\n<td class=\"secondary-dimension\"><span>Consommation \u00e9lectrique maximale<\/span><\/td>\n<td class=\"spec-value\"><span>2,75 W<\/span><\/td>\n<\/tr>\n<tr>\n<th class=\"main-dimension empty-dimension desktop\" width=\"25%\"><\/th>\n<td class=\"secondary-dimension\"><span>Consommation d&rsquo;\u00e9nergie au ralenti<\/span><\/td>\n<td class=\"spec-value\"><span>2,2 W<\/span><\/td>\n<\/tr>\n<tr>\n<th class=\"main-dimension desktop\" width=\"25%\"><span>Commutation<\/span><\/th>\n<td class=\"secondary-dimension\"><span>Protocoles 802.3<\/span><\/td>\n<td class=\"spec-value\">\n<ul>\n<li><span>Contr\u00f4le de flux 802.3x<\/span><\/li>\n<li><span>802.3i 10BASE-T<\/span><\/li>\n<li><span>802.3u 100BASE-TX<\/span><\/li>\n<li><span>802.3ab 1000BASE-T<\/span><\/li>\n<\/ul>\n<\/td>\n<\/tr>\n<tr>\n<th class=\"main-dimension empty-dimension desktop\" width=\"25%\"><\/th>\n<td class=\"secondary-dimension\"><span>Fonctionnalit\u00e9s L2<\/span><\/td>\n<td class=\"spec-value\">\n<ul>\n<li><span>Surveillance IGMP<\/span><\/li>\n<li><span>Pr\u00e9vention des boucles<\/span><\/li>\n<\/ul>\n<\/td>\n<\/tr>\n<tr>\n<th class=\"main-dimension desktop\" width=\"25%\"><span>Fiabilit\u00e9<\/span><\/th>\n<td class=\"secondary-dimension\"><span>EMS<\/span><\/td>\n<td class=\"spec-value\"><span>IEC\/EN 61000-4-2, Niveau 2 ESD : Contact : 4 kV ; Air : 8 kV<\/span><br \/>\n<span>IEC\/EN 61000-4-5, Niveau 3 Surtension : 2 kV<\/span><\/td>\n<\/tr>\n<tr>\n<th class=\"main-dimension empty-dimension desktop\" width=\"25%\"><\/th>\n<td class=\"secondary-dimension\"><span>Environnement<\/span><\/td>\n<td class=\"spec-value\"><span>Temp\u00e9rature de fonctionnement : 0 \u2103 ~ 40 \u2103 (32 \u2109 ~ 104 \u2109)<\/span><br \/>\n<span>Temp\u00e9rature de stockage : -40 \u2103 ~ 70 \u2103 (-40 \u2109 ~ 158 \u2109)<\/span><br \/>\n<span>Humidit\u00e9 de fonctionnement : 10 % ~ 90 % sans condensation<\/span><br \/>\n<span>Humidit\u00e9 de stockage : 5 % ~ 90 % sans condensation<\/span><\/td>\n<\/tr>\n<tr>\n<th class=\"main-dimension desktop\" width=\"25%\"><span>M\u00e9canique<\/span><\/th>\n<td class=\"secondary-dimension\"><span>Dimension<\/span><\/td>\n<td class=\"spec-value\"><span>138 \u00d7 61,5 \u00d7 24 mm<\/span><br \/>\n<span>5,43 \u00d7 2,42 \u00d7 0,94 pouces<\/span><\/td>\n<\/tr>\n<tr>\n<th class=\"main-dimension empty-dimension desktop\" width=\"25%\"><\/th>\n<td class=\"secondary-dimension\"><span>Poids du produit<\/span><\/td>\n<td class=\"spec-value\"><span>89 g (3,14 oz)<\/span><\/td>\n<\/tr>\n<tr>\n<th class=\"main-dimension empty-dimension desktop\" width=\"25%\"><\/th>\n<td class=\"secondary-dimension\"><span>Mat\u00e9riau du bo\u00eetier<\/span><\/td>\n<td class=\"spec-value\"><span>Plastique<\/span><\/td>\n<\/tr>\n<tr>\n<th class=\"main-dimension empty-dimension desktop\" width=\"25%\"><\/th>\n<td class=\"secondary-dimension\"><span>Installation<\/span><\/td>\n<td class=\"spec-value\">\n<ul>\n<li><span>Bureau<\/span><\/li>\n<li><span>Montage mural<\/span><\/li>\n<\/ul>\n<\/td>\n<\/tr>\n<tr>\n<th class=\"main-dimension desktop\" width=\"25%\"><span>Contenu du paquet<\/span><\/th>\n<td class=\"spec-value-wide\" colspan=\"2\">\n<ul>\n<li><span>GS108D<\/span><\/li>\n<li><span>Adaptateur secteur<\/span><\/li>\n<li><span>Guide d&rsquo;installation<\/span><\/li>\n<\/ul>\n<\/td>\n<\/tr>\n<tr>\n<th class=\"main-dimension desktop\" width=\"25%\"><span>Informations de commande<\/span><\/th>\n<td class=\"secondary-dimension\"><span>Dimensions de l&#8217;emballage de vente au d\u00e9tail<\/span><\/td>\n<td class=\"spec-value\">\n<ul>\n<li><span>UE\/\u00c9tats-Unis\u00a0:<\/span><br \/>\n<span>151\u00a0\u00d7\u00a075\u00a0\u00d7\u00a063\u00a0mm<\/span><br \/>\n<span>5,94\u00a0\u00d7\u00a02,95\u00a0\u00d7\u00a02,48\u00a0pouces<\/span><\/li>\n<li><span>Royaume-Uni\u00a0:<\/span><br \/>\n<span>151\u00a0\u00d7\u00a075\u00a0\u00d7\u00a081\u00a0mm<\/span><br \/>\n<span>5,94\u00a0\u00d7\u00a02,95\u00a0\u00d7\u00a03,19\u00a0pouces<\/span><\/li>\n<\/ul>\n<\/td>\n<\/tr>\n<tr>\n<th class=\"main-dimension empty-dimension desktop\" width=\"25%\"><\/th>\n<td class=\"secondary-dimension\"><span>Poids du colis au d\u00e9tail<\/span><\/td>\n<td class=\"spec-value\">\n<ul>\n<li><span>UE : 210 g (7,41 oz)<\/span><\/li>\n<li><span>Royaume-Uni : 239 g (8,43 oz)<\/span><\/li>\n<li><span>\u00c9tats-Unis : 195 g (6,88 oz)<\/span><\/li>\n<\/ul>\n<\/td>\n<\/tr>\n<tr>\n<th class=\"main-dimension empty-dimension desktop\" width=\"25%\"><\/th>\n<td class=\"secondary-dimension\"><span>Unit\u00e9s par carton<\/span><\/td>\n<td class=\"spec-value\">\n<ul>\n<li><span>UE\/\u00c9tats-Unis\u00a0: 50<\/span><\/li>\n<li><span>Royaume-Uni : 50<\/span><\/li>\n<\/ul>\n<\/td>\n<\/tr>\n<tr>\n<th class=\"main-dimension empty-dimension desktop\" width=\"25%\"><\/th>\n<td class=\"secondary-dimension\"><span>Poids net du carton<\/span><\/td>\n<td class=\"spec-value\">\n<ul>\n<li><span>UE : 10,5 kg (23,15 lb)<\/span><\/li>\n<li><span>Royaume-Uni\u00a0: 11,9 kg (26,23 lb)<\/span><\/li>\n<li><span>\u00c9tats-Unis\u00a0: 9,8 kg (21,61 lb)<\/span><\/li>\n<\/ul>\n<\/td>\n<\/tr>\n<tr>\n<th class=\"main-dimension empty-dimension desktop\" width=\"25%\"><\/th>\n<td class=\"secondary-dimension\"><span>Poids brut du carton<\/span><\/td>\n<td class=\"spec-value\">\n<ul>\n<li><span>UE : 10,7 kg (23,59 lb)<\/span><\/li>\n<li><span>Royaume-Uni\u00a0: 12,8 kg (28,22 lb)<\/span><\/li>\n<li><span>\u00c9tats-Unis\u00a0: 10,4 kg (22,93 lb)<\/span><\/li>\n<\/ul>\n<\/td>\n<\/tr>\n<tr>\n<th class=\"main-dimension empty-dimension desktop\" width=\"25%\"><\/th>\n<td class=\"secondary-dimension\"><span>Dimensions du carton<\/span><\/td>\n<td class=\"spec-value\">\n<ul>\n<li><span>UE\/\u00c9tats-Unis\u00a0: 33 \u00d7 31,7 \u00d7 39,5 cm<\/span><br \/>\n<span>12,99 \u00d7 12,48 \u00d7 15,55 pouces<\/span><\/li>\n<li><span>Royaume-Uni : 43 \u00d7 32,5 \u00d7 40 cm<\/span><br \/>\n<span>16,93 \u00d7 12,8 \u00d7 15,75 pouces<\/span><\/li>\n<\/ul>\n<\/td>\n<\/tr>\n<\/tbody>\n<\/table>\n<p><img loading=\"lazy\" decoding=\"async\" class=\"alignnone  wp-image-1464\" src=\"http:\/\/kraltechnologie.net\/wp-content\/uploads\/2025\/04\/Screenshot_27-300x125.png\" alt=\"\" width=\"1666\" height=\"694\" srcset=\"http:\/\/kraltechnologie.net\/wp-content\/uploads\/2025\/04\/Screenshot_27-300x125.png 300w, http:\/\/kraltechnologie.net\/wp-content\/uploads\/2025\/04\/Screenshot_27-150x63.png 150w, http:\/\/kraltechnologie.net\/wp-content\/uploads\/2025\/04\/Screenshot_27-1200x501.png 1200w, http:\/\/kraltechnologie.net\/wp-content\/uploads\/2025\/04\/Screenshot_27-1024x428.png 1024w, http:\/\/kraltechnologie.net\/wp-content\/uploads\/2025\/04\/Screenshot_27-768x321.png 768w\" sizes=\"auto, (max-width: 1666px) 100vw, 1666px\" \/><\/p>\n","protected":false},"excerpt":{"rendered":"<p>Un commutateur longue distance 8 GbE au design moderne.<\/p>\n<hr class=\"cudy-hr\" \/>\n<ul class=\"bulletins\">\n<li><span>\u00a08 ports Gigabit Ethernet<\/span><\/li>\n<li><span>\u00a0Transmission Gigabit maximale de 170 m<\/span><\/li>\n<li><span>\u00a0Tampon de paquets de 4 Mbit<\/span><\/li>\n<li><span>\u00a0Max 2,75 W, au repos 2,2 W<\/span><\/li>\n<li><span>\u00a0Bureau, montage mural<\/span><\/li>\n<li><span>\u00a088 \u00d7 52,5 \u00d7 24 mm (3,46 \u00d7 2,07 \u00d7 0,94 po)<\/span><\/li>\n<li><span>\u00a087 g (3,07 oz)<\/span><\/li>\n<\/ul>\n","protected":false},"featured_media":1463,"comment_status":"open","ping_status":"closed","template":"","meta":{"_joinchat":[]},"product_brand":[64],"product_cat":[35,84],"product_tag":[],"class_list":{"0":"post-1458","1":"product","2":"type-product","3":"status-publish","4":"has-post-thumbnail","6":"product_brand-cudy","7":"product_cat-informatiques","8":"product_cat-switch","10":"first","11":"instock","12":"shipping-taxable","13":"product-type-simple"},"_links":{"self":[{"href":"http:\/\/kraltechnologie.net\/index.php\/wp-json\/wp\/v2\/product\/1458","targetHints":{"allow":["GET"]}}],"collection":[{"href":"http:\/\/kraltechnologie.net\/index.php\/wp-json\/wp\/v2\/product"}],"about":[{"href":"http:\/\/kraltechnologie.net\/index.php\/wp-json\/wp\/v2\/types\/product"}],"replies":[{"embeddable":true,"href":"http:\/\/kraltechnologie.net\/index.php\/wp-json\/wp\/v2\/comments?post=1458"}],"version-history":[{"count":1,"href":"http:\/\/kraltechnologie.net\/index.php\/wp-json\/wp\/v2\/product\/1458\/revisions"}],"predecessor-version":[{"id":1466,"href":"http:\/\/kraltechnologie.net\/index.php\/wp-json\/wp\/v2\/product\/1458\/revisions\/1466"}],"wp:featuredmedia":[{"embeddable":true,"href":"http:\/\/kraltechnologie.net\/index.php\/wp-json\/wp\/v2\/media\/1463"}],"wp:attachment":[{"href":"http:\/\/kraltechnologie.net\/index.php\/wp-json\/wp\/v2\/media?parent=1458"}],"wp:term":[{"taxonomy":"product_brand","embeddable":true,"href":"http:\/\/kraltechnologie.net\/index.php\/wp-json\/wp\/v2\/product_brand?post=1458"},{"taxonomy":"product_cat","embeddable":true,"href":"http:\/\/kraltechnologie.net\/index.php\/wp-json\/wp\/v2\/product_cat?post=1458"},{"taxonomy":"product_tag","embeddable":true,"href":"http:\/\/kraltechnologie.net\/index.php\/wp-json\/wp\/v2\/product_tag?post=1458"}],"curies":[{"name":"wp","href":"https:\/\/api.w.org\/{rel}","templated":true}]}}