{"id":1495,"date":"2025-04-17T13:24:32","date_gmt":"2025-04-17T13:24:32","guid":{"rendered":"https:\/\/kraltechnologie.net\/?post_type=product&#038;p=1495"},"modified":"2025-04-17T21:32:56","modified_gmt":"2025-04-17T21:32:56","slug":"mikrotik-rb1100ahx4","status":"publish","type":"product","link":"http:\/\/kraltechnologie.net\/index.php\/product\/mikrotik-rb1100ahx4\/","title":{"rendered":"Mikrotik RB1100AHx4"},"content":{"rendered":"<p><img loading=\"lazy\" decoding=\"async\" class=\"alignnone wp-image-1498\" src=\"http:\/\/kraltechnologie.net\/wp-content\/uploads\/2025\/04\/Screenshot_30-300x77.png\" alt=\"\" width=\"1442\" height=\"370\" srcset=\"http:\/\/kraltechnologie.net\/wp-content\/uploads\/2025\/04\/Screenshot_30-300x77.png 300w, http:\/\/kraltechnologie.net\/wp-content\/uploads\/2025\/04\/Screenshot_30-150x39.png 150w, http:\/\/kraltechnologie.net\/wp-content\/uploads\/2025\/04\/Screenshot_30-768x198.png 768w, http:\/\/kraltechnologie.net\/wp-content\/uploads\/2025\/04\/Screenshot_30.png 955w\" sizes=\"auto, (max-width: 1442px) 100vw, 1442px\" \/><\/p>\n<p>Pr\u00e9sentation du routeur RB1100AHx4, dot\u00e9 de 13 ports Gigabit Ethernet et \u00e9quip\u00e9 d&rsquo;un processeur Annapurna Alpine AL21400 avec quatre c\u0153urs Cortex A15 cadenc\u00e9s \u00e0 1,4 GHz chacun, pour un d\u00e9bit maximal de 7,5 Gbit\/s. L&rsquo;appareil prend en charge l&rsquo;acc\u00e9l\u00e9ration mat\u00e9rielle IPsec (jusqu&rsquo;\u00e0 2,2 Gbit\/s avec AES128).<\/p>\n<p>L&rsquo;unit\u00e9 est livr\u00e9e avec un bo\u00eetier de montage en rack 1U, un port s\u00e9rie RS232 et des alimentations redondantes doubles (avec alimentation t\u00e9l\u00e9com -48 V CC et prise en charge 802.3at\/af).<\/p>\n","protected":false},"excerpt":{"rendered":"<h2>Caract\u00e9ristiques<\/h2>\n<table class=\"table product-table\">\n<thead>\n<tr>\n<th colspan=\"2\">D\u00e9tails<\/th>\n<\/tr>\n<\/thead>\n<tbody>\n<tr>\n<td>Code produit<\/td>\n<td>RB1100x4<\/td>\n<\/tr>\n<tr>\n<td>Architecture<\/td>\n<td>ARM 32 bits<\/td>\n<\/tr>\n<tr>\n<td>processeur<\/td>\n<td>AL21400<\/td>\n<\/tr>\n<tr>\n<td>Nombre de c\u0153urs du processeur<\/td>\n<td>4<\/td>\n<\/tr>\n<tr>\n<td>fr\u00e9quence nominale du processeur<\/td>\n<td>1,4 GHz<\/td>\n<\/tr>\n<tr>\n<td>Mod\u00e8le de puce de commutation<\/td>\n<td>RTL8367<\/td>\n<\/tr>\n<tr>\n<td>Dimensions<\/td>\n<td>443 x 148 x 44 mm<\/td>\n<\/tr>\n<tr>\n<td>Licence RouterOS<\/td>\n<td>6<\/td>\n<\/tr>\n<tr>\n<td>Syst\u00e8me op\u00e9rateur<\/td>\n<td><a href=\"https:\/\/help.mikrotik.com\/docs\/display\/ROS\/RouterOS\" target=\"_blank\" rel=\"noopener\">RouterOS<\/a><\/td>\n<\/tr>\n<tr>\n<td>Taille de la RAM<\/td>\n<td>1 Go<\/td>\n<\/tr>\n<tr>\n<td>Taille de stockage<\/td>\n<td>128 Mo<\/td>\n<\/tr>\n<tr>\n<td>Type de stockage<\/td>\n<td>NAND<\/td>\n<\/tr>\n<tr>\n<td>MTBF<\/td>\n<td>Environ 200 000 heures \u00e0 25 \u00b0C<\/td>\n<\/tr>\n<tr>\n<td>Temp\u00e9rature ambiante test\u00e9e<\/td>\n<td>-40\u00b0C \u00e0 70\u00b0C<\/td>\n<\/tr>\n<tr>\n<td>Acc\u00e9l\u00e9ration mat\u00e9rielle IPsec<\/td>\n<td>Oui<\/td>\n<\/tr>\n<tr>\n<td><\/td>\n<td><\/td>\n<\/tr>\n<\/tbody>\n<\/table>\n<div class=\"clearfix\"><\/div>\n<h2>Mise sous tension<\/h2>\n<table class=\"table product-table\">\n<thead>\n<tr>\n<th colspan=\"2\">D\u00e9tails<\/th>\n<\/tr>\n<\/thead>\n<tbody>\n<tr>\n<td>Nombre d&rsquo;entr\u00e9es CA<\/td>\n<td>2<\/td>\n<\/tr>\n<tr>\n<td>Plage d&rsquo;entr\u00e9e CA<\/td>\n<td>100-240<\/td>\n<\/tr>\n<tr>\n<td>Nombre d&rsquo;entr\u00e9es CC<\/td>\n<td>2 (borne \u00e0 2 broches, PoE-IN)<\/td>\n<\/tr>\n<tr>\n<td>Tension d&rsquo;entr\u00e9e du terminal \u00e0 2 broches<\/td>\n<td>-48, 12-57 V<\/td>\n<\/tr>\n<tr>\n<td>Consommation \u00e9lectrique maximale<\/td>\n<td>20 W<\/td>\n<\/tr>\n<tr>\n<td>Type de refroidissement<\/td>\n<td>Passif<\/td>\n<\/tr>\n<tr>\n<td>PoE dans<\/td>\n<td>802.3af\/at<\/td>\n<\/tr>\n<tr>\n<td>PoE en tension d&rsquo;entr\u00e9e<\/td>\n<td>20-57 V<\/td>\n<\/tr>\n<\/tbody>\n<\/table>\n<div class=\"clearfix\"><\/div>\n<h2>Ethernet<\/h2>\n<table class=\"table product-table\">\n<thead>\n<tr>\n<th colspan=\"2\">D\u00e9tails<\/th>\n<\/tr>\n<\/thead>\n<tbody>\n<tr>\n<td>Ports Ethernet 10\/100\/1000<\/td>\n<td>13<\/td>\n<\/tr>\n<\/tbody>\n<\/table>\n<div class=\"clearfix\"><\/div>\n<h2>P\u00e9riph\u00e9riques<\/h2>\n<table class=\"table product-table\">\n<thead>\n<tr>\n<th colspan=\"2\">D\u00e9tails<\/th>\n<\/tr>\n<\/thead>\n<tbody>\n<tr>\n<td>Type de carte m\u00e9moire<\/td>\n<td>microSD<\/td>\n<\/tr>\n<tr>\n<td>Cartes m\u00e9moire<\/td>\n<td>1<\/td>\n<\/tr>\n<tr>\n<td>Port de console s\u00e9rie<\/td>\n<td>RS232<\/td>\n<\/tr>\n<\/tbody>\n<\/table>\n<div class=\"clearfix\"><\/div>\n<h2>Autre<\/h2>\n<table class=\"table product-table\">\n<thead>\n<tr>\n<th colspan=\"2\">D\u00e9tails<\/th>\n<\/tr>\n<\/thead>\n<tbody>\n<tr>\n<td>Moniteur actuel<\/td>\n<td>Oui<\/td>\n<\/tr>\n<tr>\n<td>moniteur de temp\u00e9rature PCB<\/td>\n<td>Oui<\/td>\n<\/tr>\n<tr>\n<td>Moniteur de tension<\/td>\n<td>Oui<\/td>\n<\/tr>\n<tr>\n<td>Bouton de mode<\/td>\n<td>Oui<\/td>\n<\/tr>\n<tr>\n<td>Bip<\/td>\n<td>Oui<\/td>\n<\/tr>\n<\/tbody>\n<\/table>\n<div class=\"clearfix\"><\/div>\n<h2>Certification et approbations<\/h2>\n<table class=\"table product-table\">\n<thead>\n<tr>\n<th colspan=\"2\">D\u00e9tails<\/th>\n<\/tr>\n<\/thead>\n<tbody>\n<tr>\n<td>Certification<\/td>\n<td>CE, EAC, ROHS<\/td>\n<\/tr>\n<tr>\n<td>propri\u00e9t\u00e9 intellectuelle<\/td>\n<td>IP20<\/td>\n<\/tr>\n<\/tbody>\n<\/table>\n","protected":false},"featured_media":1499,"comment_status":"open","ping_status":"closed","template":"","meta":{"_joinchat":[]},"product_brand":[72],"product_cat":[35,42],"product_tag":[],"class_list":{"0":"post-1495","1":"product","2":"type-product","3":"status-publish","4":"has-post-thumbnail","6":"product_brand-mikrotik","7":"product_cat-informatiques","8":"product_cat-routeurs","10":"first","11":"instock","12":"shipping-taxable","13":"product-type-simple"},"_links":{"self":[{"href":"http:\/\/kraltechnologie.net\/index.php\/wp-json\/wp\/v2\/product\/1495","targetHints":{"allow":["GET"]}}],"collection":[{"href":"http:\/\/kraltechnologie.net\/index.php\/wp-json\/wp\/v2\/product"}],"about":[{"href":"http:\/\/kraltechnologie.net\/index.php\/wp-json\/wp\/v2\/types\/product"}],"replies":[{"embeddable":true,"href":"http:\/\/kraltechnologie.net\/index.php\/wp-json\/wp\/v2\/comments?post=1495"}],"version-history":[{"count":2,"href":"http:\/\/kraltechnologie.net\/index.php\/wp-json\/wp\/v2\/product\/1495\/revisions"}],"predecessor-version":[{"id":1633,"href":"http:\/\/kraltechnologie.net\/index.php\/wp-json\/wp\/v2\/product\/1495\/revisions\/1633"}],"wp:featuredmedia":[{"embeddable":true,"href":"http:\/\/kraltechnologie.net\/index.php\/wp-json\/wp\/v2\/media\/1499"}],"wp:attachment":[{"href":"http:\/\/kraltechnologie.net\/index.php\/wp-json\/wp\/v2\/media?parent=1495"}],"wp:term":[{"taxonomy":"product_brand","embeddable":true,"href":"http:\/\/kraltechnologie.net\/index.php\/wp-json\/wp\/v2\/product_brand?post=1495"},{"taxonomy":"product_cat","embeddable":true,"href":"http:\/\/kraltechnologie.net\/index.php\/wp-json\/wp\/v2\/product_cat?post=1495"},{"taxonomy":"product_tag","embeddable":true,"href":"http:\/\/kraltechnologie.net\/index.php\/wp-json\/wp\/v2\/product_tag?post=1495"}],"curies":[{"name":"wp","href":"https:\/\/api.w.org\/{rel}","templated":true}]}}