{"id":1514,"date":"2025-04-17T13:48:48","date_gmt":"2025-04-17T13:48:48","guid":{"rendered":"https:\/\/kraltechnologie.net\/?post_type=product&#038;p=1514"},"modified":"2025-04-17T21:33:02","modified_gmt":"2025-04-17T21:33:02","slug":"mikrotik-ccr2004-16g-2s","status":"publish","type":"product","link":"http:\/\/kraltechnologie.net\/index.php\/product\/mikrotik-ccr2004-16g-2s\/","title":{"rendered":"Mikrotik CCR2004-16G-2S+"},"content":{"rendered":"<p><img loading=\"lazy\" decoding=\"async\" class=\"alignnone wp-image-1519\" src=\"http:\/\/kraltechnologie.net\/wp-content\/uploads\/2025\/04\/Screenshot_33-300x77.png\" alt=\"\" width=\"1640\" height=\"421\" srcset=\"http:\/\/kraltechnologie.net\/wp-content\/uploads\/2025\/04\/Screenshot_33-300x77.png 300w, http:\/\/kraltechnologie.net\/wp-content\/uploads\/2025\/04\/Screenshot_33-150x38.png 150w, http:\/\/kraltechnologie.net\/wp-content\/uploads\/2025\/04\/Screenshot_33-768x196.png 768w, http:\/\/kraltechnologie.net\/wp-content\/uploads\/2025\/04\/Screenshot_33.png 958w\" sizes=\"auto, (max-width: 1640px) 100vw, 1640px\" \/><\/p>\n<p>Comme les autres mod\u00e8les de la s\u00e9rie CCR2004, ce CCR est \u00e9quip\u00e9 du processeur Annapurna Labs Alpine v2 avec 4 c\u0153urs ARMv8-A Cortex-A57 64 bits cadenc\u00e9s \u00e0 1,7 GHz. Mais voici la diff\u00e9rence\u00a0: ce puissant routeur surpasse tous les mod\u00e8les CCR pr\u00e9c\u00e9dents en performances monoc\u0153ur, un atout majeur pour les op\u00e9rations lourdes n\u00e9cessitant un traitement par connexion, comme les files d&rsquo;attente. Mais ce n&rsquo;est pas tout\u00a0! Il offre \u00e9galement les meilleures performances monoc\u0153ur par watt et les meilleures performances globales par watt de tous les appareils CCR. Meilleur pour la plan\u00e8te, meilleur pour les factures\u00a0: tout le monde y gagne\u00a0!<\/p>\n<p>Le nouveau routeur dispose de 18 ports filaires, dont 16 ports Gigabit Ethernet et deux cages SFP+ 10\u00a0G. Il dispose \u00e9galement d&rsquo;un port console RJ-45 en fa\u00e7ade. Comme tous les appareils CCR, il est livr\u00e9 dans un bo\u00eetier rackable blanc classique 1U. Des alimentations doublement redondantes int\u00e9gr\u00e9es sont incluses, vous \u00e9vitant ainsi un souci. Et, bien s\u00fbr, un refroidissement actif assure un refroidissement optimal. Chaque groupe de 8 ports Gigabit Ethernet est connect\u00e9 \u00e0 une puce de commutation Marvell Amethyst distincte. Chaque puce de commutation dispose d&rsquo;une ligne full duplex 10 Gbit\/s connect\u00e9e au processeur. Il en va de m\u00eame pour chaque cage SFP+\u00a0: une ligne full duplex 10 Gbit\/s distincte. Les cartes sont \u00e9quip\u00e9es de 4\u00a0Go de RAM DDR4 et de 128\u00a0Mo de stockage NAND.<\/p>\n<p>Comme vous pouvez le constater, aucun goulot d&rsquo;\u00e9tranglement. Tant que le processeur peut g\u00e9rer le traitement, tous les ports peuvent atteindre la vitesse du c\u00e2ble. Et ce processeur est une b\u00eate de somme, capable de g\u00e9rer beaucoup de choses. En termes de performances, on constate qu&rsquo;il rivalise avec notre CCR1009. Il le surpasse m\u00eame dans les configurations gourmandes en CPU\u00a0! Et comme si cela ne suffisait pas, il peut m\u00eame atteindre les performances du CCR1016.<\/p>\n<p>Le meilleur dans tout \u00e7a\u00a0? Ce tout nouveau CCR est l&rsquo;une des options les plus abordables du march\u00e9, non seulement au sein de la s\u00e9rie CCR, mais aussi sur le march\u00e9 en g\u00e9n\u00e9ral. Parmi les utilisations les plus courantes de cet appareil, on trouve\u00a0: des ports Gigabit Ethernet pour le r\u00e9seau interne et des ports SFP+ pour les liaisons descendantes et montantes. La solution tout-en-un id\u00e9ale pour les PME. Simple et efficace.<\/p>\n<p>Avec le nouveau CCR2004, propulsez votre r\u00e9seau d&rsquo;entreprise au niveau sup\u00e9rieur, sans vous ruiner.<\/p>\n","protected":false},"excerpt":{"rendered":"<h2>Caract\u00e9ristiques<\/h2>\n<table class=\"table product-table\">\n<thead>\n<tr>\n<th colspan=\"2\">D\u00e9tails<\/th>\n<\/tr>\n<\/thead>\n<tbody>\n<tr>\n<td>Code produit<\/td>\n<td>CCR2004-16G-2S+<\/td>\n<\/tr>\n<tr>\n<td>Architecture<\/td>\n<td>ARM 64 bits<\/td>\n<\/tr>\n<tr>\n<td>processeur<\/td>\n<td>AL32400<\/td>\n<\/tr>\n<tr>\n<td>Nombre de c\u0153urs du processeur<\/td>\n<td>4<\/td>\n<\/tr>\n<tr>\n<td>fr\u00e9quence nominale du processeur<\/td>\n<td>1700 MHz<\/td>\n<\/tr>\n<tr>\n<td>Mod\u00e8le de puce de commutation<\/td>\n<td>88E6191X<\/td>\n<\/tr>\n<tr>\n<td>Dimensions<\/td>\n<td>443 x 210 x 44 mm<\/td>\n<\/tr>\n<tr>\n<td>Licence RouterOS<\/td>\n<td>6<\/td>\n<\/tr>\n<tr>\n<td>Syst\u00e8me op\u00e9rateur<\/td>\n<td><a href=\"https:\/\/help.mikrotik.com\/docs\/display\/ROS\/RouterOS\" target=\"_blank\" rel=\"noopener\">RouterOS v7<\/a><\/td>\n<\/tr>\n<tr>\n<td>Taille de la RAM<\/td>\n<td>4 Go<\/td>\n<\/tr>\n<tr>\n<td>Taille de stockage<\/td>\n<td>128 Mo<\/td>\n<\/tr>\n<tr>\n<td>Type de stockage<\/td>\n<td>NAND<\/td>\n<\/tr>\n<tr>\n<td>MTBF<\/td>\n<td>Environ 200 000 heures \u00e0 25 \u00b0C<\/td>\n<\/tr>\n<tr>\n<td>Temp\u00e9rature ambiante test\u00e9e<\/td>\n<td>-20\u00b0C \u00e0 60\u00b0C<\/td>\n<\/tr>\n<tr>\n<td>Acc\u00e9l\u00e9ration mat\u00e9rielle IPsec<\/td>\n<td>Oui<\/td>\n<\/tr>\n<tr>\n<td><\/td>\n<td><\/td>\n<\/tr>\n<\/tbody>\n<\/table>\n<div class=\"clearfix\"><\/div>\n<h2>Mise sous tension<\/h2>\n<table class=\"table product-table\">\n<thead>\n<tr>\n<th colspan=\"2\">D\u00e9tails<\/th>\n<\/tr>\n<\/thead>\n<tbody>\n<tr>\n<td>Nombre d&rsquo;entr\u00e9es CA<\/td>\n<td>2<\/td>\n<\/tr>\n<tr>\n<td>Plage d&rsquo;entr\u00e9e CA<\/td>\n<td>100-240<\/td>\n<\/tr>\n<tr>\n<td>Nombre d&#8217;emplacements d&rsquo;alimentation<\/td>\n<td>2<\/td>\n<\/tr>\n<tr>\n<td>Fr\u00e9quence (Hz)<\/td>\n<td>50-60<\/td>\n<\/tr>\n<tr>\n<td>Consommation \u00e9lectrique maximale<\/td>\n<td>48 W<\/td>\n<\/tr>\n<tr>\n<td>Consommation \u00e9lectrique maximale sans accessoires<\/td>\n<td>35 W<\/td>\n<\/tr>\n<tr>\n<td>Type de refroidissement<\/td>\n<td>2 ventilateurs<\/td>\n<\/tr>\n<\/tbody>\n<\/table>\n<div class=\"clearfix\"><\/div>\n<h2>Ethernet<\/h2>\n<table class=\"table product-table\">\n<thead>\n<tr>\n<th colspan=\"2\">D\u00e9tails<\/th>\n<\/tr>\n<\/thead>\n<tbody>\n<tr>\n<td>Ports Ethernet 10\/100\/1000<\/td>\n<td>16<\/td>\n<\/tr>\n<\/tbody>\n<\/table>\n<div class=\"clearfix\"><\/div>\n<h2>Fibre<\/h2>\n<table class=\"table product-table\">\n<thead>\n<tr>\n<th colspan=\"2\">D\u00e9tails<\/th>\n<\/tr>\n<\/thead>\n<tbody>\n<tr>\n<td>Ports SFP+<\/td>\n<td>2<\/td>\n<\/tr>\n<\/tbody>\n<\/table>\n<div class=\"clearfix\"><\/div>\n<h2>P\u00e9riph\u00e9riques<\/h2>\n<table class=\"table product-table\">\n<thead>\n<tr>\n<th colspan=\"2\">D\u00e9tails<\/th>\n<\/tr>\n<\/thead>\n<tbody>\n<tr>\n<td>Port de console s\u00e9rie<\/td>\n<td>RJ45<\/td>\n<\/tr>\n<\/tbody>\n<\/table>\n<div class=\"clearfix\"><\/div>\n<h2>Autre<\/h2>\n<table class=\"table product-table\">\n<thead>\n<tr>\n<th colspan=\"2\">D\u00e9tails<\/th>\n<\/tr>\n<\/thead>\n<tbody>\n<tr>\n<td>moniteur de temp\u00e9rature du processeur<\/td>\n<td>Oui<\/td>\n<\/tr>\n<tr>\n<td>moniteur de temp\u00e9rature PCB<\/td>\n<td>Oui<\/td>\n<\/tr>\n<tr>\n<td>Moniteur de tension<\/td>\n<td>Oui<\/td>\n<\/tr>\n<\/tbody>\n<\/table>\n<div class=\"clearfix\"><\/div>\n<h2>Certification et approbations<\/h2>\n<table class=\"table product-table\">\n<thead>\n<tr>\n<th colspan=\"2\">D\u00e9tails<\/th>\n<\/tr>\n<\/thead>\n<tbody>\n<tr>\n<td>Certification<\/td>\n<td>CE, EAC, ROHS<\/td>\n<\/tr>\n<tr>\n<td>propri\u00e9t\u00e9 intellectuelle<\/td>\n<td>IP20<\/td>\n<\/tr>\n<\/tbody>\n<\/table>\n","protected":false},"featured_media":1521,"comment_status":"open","ping_status":"closed","template":"","meta":{"_joinchat":[]},"product_brand":[72],"product_cat":[35,42],"product_tag":[],"class_list":{"0":"post-1514","1":"product","2":"type-product","3":"status-publish","4":"has-post-thumbnail","6":"product_brand-mikrotik","7":"product_cat-informatiques","8":"product_cat-routeurs","10":"first","11":"instock","12":"shipping-taxable","13":"product-type-simple"},"_links":{"self":[{"href":"http:\/\/kraltechnologie.net\/index.php\/wp-json\/wp\/v2\/product\/1514","targetHints":{"allow":["GET"]}}],"collection":[{"href":"http:\/\/kraltechnologie.net\/index.php\/wp-json\/wp\/v2\/product"}],"about":[{"href":"http:\/\/kraltechnologie.net\/index.php\/wp-json\/wp\/v2\/types\/product"}],"replies":[{"embeddable":true,"href":"http:\/\/kraltechnologie.net\/index.php\/wp-json\/wp\/v2\/comments?post=1514"}],"version-history":[{"count":3,"href":"http:\/\/kraltechnologie.net\/index.php\/wp-json\/wp\/v2\/product\/1514\/revisions"}],"predecessor-version":[{"id":1634,"href":"http:\/\/kraltechnologie.net\/index.php\/wp-json\/wp\/v2\/product\/1514\/revisions\/1634"}],"wp:featuredmedia":[{"embeddable":true,"href":"http:\/\/kraltechnologie.net\/index.php\/wp-json\/wp\/v2\/media\/1521"}],"wp:attachment":[{"href":"http:\/\/kraltechnologie.net\/index.php\/wp-json\/wp\/v2\/media?parent=1514"}],"wp:term":[{"taxonomy":"product_brand","embeddable":true,"href":"http:\/\/kraltechnologie.net\/index.php\/wp-json\/wp\/v2\/product_brand?post=1514"},{"taxonomy":"product_cat","embeddable":true,"href":"http:\/\/kraltechnologie.net\/index.php\/wp-json\/wp\/v2\/product_cat?post=1514"},{"taxonomy":"product_tag","embeddable":true,"href":"http:\/\/kraltechnologie.net\/index.php\/wp-json\/wp\/v2\/product_tag?post=1514"}],"curies":[{"name":"wp","href":"https:\/\/api.w.org\/{rel}","templated":true}]}}