{"id":1586,"date":"2025-04-17T15:07:31","date_gmt":"2025-04-17T15:07:31","guid":{"rendered":"https:\/\/kraltechnologie.net\/?post_type=product&#038;p=1586"},"modified":"2025-04-17T16:16:14","modified_gmt":"2025-04-17T16:16:14","slug":"mikrotik-chateau-pro-ax","status":"publish","type":"product","link":"http:\/\/kraltechnologie.net\/index.php\/product\/mikrotik-chateau-pro-ax\/","title":{"rendered":"Mikrotik Chateau PRO ax"},"content":{"rendered":"<p><img loading=\"lazy\" decoding=\"async\" class=\"alignnone  wp-image-1587\" src=\"http:\/\/kraltechnologie.net\/wp-content\/uploads\/2025\/04\/Screenshot_35-300x75.png\" alt=\"\" width=\"1504\" height=\"376\" srcset=\"http:\/\/kraltechnologie.net\/wp-content\/uploads\/2025\/04\/Screenshot_35-300x75.png 300w, http:\/\/kraltechnologie.net\/wp-content\/uploads\/2025\/04\/Screenshot_35-150x38.png 150w, http:\/\/kraltechnologie.net\/wp-content\/uploads\/2025\/04\/Screenshot_35-768x192.png 768w, http:\/\/kraltechnologie.net\/wp-content\/uploads\/2025\/04\/Screenshot_35.png 950w\" sizes=\"auto, (max-width: 1504px) 100vw, 1504px\" \/><\/p>\n<p><span>Con\u00e7u pour les utilisateurs professionnels, le point d&rsquo;acc\u00e8s domestique Wi-Fi 6 Chateau PRO ax est con\u00e7u pour offrir des performances maximales et g\u00e9rer un trafic plus important que jamais. Gr\u00e2ce \u00e0 son\u00a0<\/span><strong><span>processeur ARM quadric\u0153ur performant cadenc\u00e9 \u00e0 2,2 GHz<\/span><\/strong><span>\u00a0et \u00e0 notre toute derni\u00e8re puce sans fil de pointe, Chateau PRO ax exploite\u00a0<\/span><strong><span>4 flux spatiaux<\/span><\/strong><span>\u00a0pour atteindre un d\u00e9bit deux fois sup\u00e9rieur \u00e0 celui des appareils \u00e0 double cha\u00eene habituels, garantissant ainsi un r\u00e9seau toujours rapide, fiable et pr\u00eat \u00e0 prendre en charge les t\u00e2ches les plus exigeantes. N&rsquo;oubliez pas\u00a0:\u00a0pour exploiter pleinement le Chateau PRO ax, vous aurez besoin d&rsquo;un appareil prenant en charge\u00a0<\/span><strong><span>4 flux spatiaux .<\/span><\/strong><\/p>\n<p><span>Avec\u00a0<\/span><strong><span>5 ports Gigabit Ethernet<\/span><\/strong><span>\u00a0et un\u00a0<\/span><strong><span>port USB 3.0<\/span><\/strong><span>\u00a0, vous pouvez transformer ce Chateau en serveur multim\u00e9dia domestique en y connectant un stockage SSD suppl\u00e9mentaire. Vous pouvez \u00e9galement utiliser le port USB pour ajouter un modem LTE de secours\u00a0!<\/span><\/p>\n<p><strong><span>Configurations de conteneurs avanc\u00e9es, liaisons ou configurations sans fil MIMO 4&#215;4<\/span><\/strong><span>\u00a0haut d\u00e9bit\u00a0: c&rsquo;est l\u00e0 que le Chateau PRO ax brille\u00a0! De plus, son nombre accru d&rsquo;\u00e9metteurs-r\u00e9cepteurs radio am\u00e9liore consid\u00e9rablement la couverture sans fil et les performances de formation de faisceaux.<\/span><\/p>\n","protected":false},"excerpt":{"rendered":"<h2><span>Caract\u00e9ristiques<\/span><\/h2>\n<table class=\"table product-table\">\n<thead>\n<tr>\n<th colspan=\"2\"><span>D\u00e9tails<\/span><\/th>\n<\/tr>\n<\/thead>\n<tbody>\n<tr>\n<td><span>Code produit<\/span><\/td>\n<td><span>H53UiG-5HaxQ2HaxQ<\/span><\/td>\n<\/tr>\n<tr>\n<td><span>Architecture<\/span><\/td>\n<td><span>ARM 64 bits<\/span><\/td>\n<\/tr>\n<tr>\n<td><span>processeur<\/span><\/td>\n<td><span>IPQ-8072A<\/span><\/td>\n<\/tr>\n<tr>\n<td><span>Nombre de c\u0153urs du processeur<\/span><\/td>\n<td><span>4<\/span><\/td>\n<\/tr>\n<tr>\n<td><span>fr\u00e9quence nominale du processeur<\/span><\/td>\n<td><span>2208 MHz<\/span><\/td>\n<\/tr>\n<tr>\n<td><span>Mod\u00e8le de puce de commutation<\/span><\/td>\n<td><span>IPQ-8072<\/span><\/td>\n<\/tr>\n<tr>\n<td><span>Licence RouterOS<\/span><\/td>\n<td><span>6<\/span><\/td>\n<\/tr>\n<tr>\n<td><span>Syst\u00e8me op\u00e9rateur<\/span><\/td>\n<td><a href=\"https:\/\/help.mikrotik.com\/docs\/display\/ROS\/RouterOS\" target=\"_blank\" rel=\"noopener\"><span>RouterOS v7<\/span><\/a><\/td>\n<\/tr>\n<tr>\n<td><span>Taille de la RAM<\/span><\/td>\n<td><span>1 Go<\/span><\/td>\n<\/tr>\n<tr>\n<td><span>Taille de stockage<\/span><\/td>\n<td><span>128 Mo<\/span><\/td>\n<\/tr>\n<tr>\n<td><span>Type de stockage<\/span><\/td>\n<td><span>NAND<\/span><\/td>\n<\/tr>\n<tr>\n<td><span>MTBF<\/span><\/td>\n<td><span>Environ 200 000 heures \u00e0 25 \u00b0C<\/span><\/td>\n<\/tr>\n<tr>\n<td><span>Temp\u00e9rature ambiante test\u00e9e<\/span><\/td>\n<td><span>-40\u00b0C \u00e0 70\u00b0C<\/span><\/td>\n<\/tr>\n<tr>\n<td><span>Acc\u00e9l\u00e9ration mat\u00e9rielle IPsec<\/span><\/td>\n<td><span>Oui<\/span><\/td>\n<\/tr>\n<tr>\n<td><\/td>\n<td><\/td>\n<\/tr>\n<\/tbody>\n<\/table>\n<div class=\"clearfix\"><\/div>\n<h2><span>Capacit\u00e9s sans fil<\/span><\/h2>\n<table class=\"table product-table\">\n<thead>\n<tr>\n<th colspan=\"2\"><span>D\u00e9tails<\/span><\/th>\n<\/tr>\n<\/thead>\n<tbody>\n<tr>\n<td><span>D\u00e9bit de donn\u00e9es maximal sans fil de 2,4 GHz<\/span><\/td>\n<td><span>1148 Mbit\/s<\/span><\/td>\n<\/tr>\n<tr>\n<td><span>Nombre de cha\u00eenes sans fil 2,4 GHz<\/span><\/td>\n<td><span>4<\/span><\/td>\n<\/tr>\n<tr>\n<td><span>Normes sans fil 2,4 GHz<\/span><\/td>\n<td><span>802.11b\/g\/n\/ax<\/span><\/td>\n<\/tr>\n<tr>\n<td><span>Gain d&rsquo;antenne dBi pour 2,4 GHz<\/span><\/td>\n<td><span>5<\/span><\/td>\n<\/tr>\n<tr>\n<td><span>Mod\u00e8le de puce sans fil 2,4 GHz<\/span><\/td>\n<td><span>QCN-5024<\/span><\/td>\n<\/tr>\n<tr>\n<td><span>G\u00e9n\u00e9ration sans fil 2,4 GHz<\/span><\/td>\n<td><span>Wi-Fi 6<\/span><\/td>\n<\/tr>\n<tr>\n<td><span>D\u00e9bit de donn\u00e9es maximal sans fil de 5 GHz<\/span><\/td>\n<td><span>2400 Mbit\/s<\/span><\/td>\n<\/tr>\n<tr>\n<td><span>Nombre de cha\u00eenes sans fil 5 GHz<\/span><\/td>\n<td><span>4<\/span><\/td>\n<\/tr>\n<tr>\n<td><span>Normes sans fil 5 GHz<\/span><\/td>\n<td><span>802.11a\/n\/ac\/ax<\/span><\/td>\n<\/tr>\n<tr>\n<td><span>Gain d&rsquo;antenne dBi pour 5 GHz<\/span><\/td>\n<td><span>6<\/span><\/td>\n<\/tr>\n<tr>\n<td><span>Mod\u00e8le de puce sans fil 5 GHz<\/span><\/td>\n<td><span>QCN-5054<\/span><\/td>\n<\/tr>\n<tr>\n<td><span>G\u00e9n\u00e9ration sans fil 5 GHz<\/span><\/td>\n<td><span>Wi-Fi 6<\/span><\/td>\n<\/tr>\n<tr>\n<td><span>Vitesse du Wi-Fi<\/span><\/td>\n<td><span>AX3600<\/span><\/td>\n<\/tr>\n<\/tbody>\n<\/table>\n<div class=\"clearfix\"><\/div>\n<h2><span>Ethernet<\/span><\/h2>\n<table class=\"table product-table\">\n<thead>\n<tr>\n<th colspan=\"2\"><span>D\u00e9tails<\/span><\/th>\n<\/tr>\n<\/thead>\n<tbody>\n<tr>\n<td><span>Ports Ethernet 10\/100\/1000<\/span><\/td>\n<td><span>5<\/span><\/td>\n<\/tr>\n<tr>\n<td><span>Nombre de ports Ethernet 1G avec sortie PoE<\/span><\/td>\n<td><span>1<\/span><\/td>\n<\/tr>\n<\/tbody>\n<\/table>\n<div class=\"clearfix\"><\/div>\n<h2><span>P\u00e9riph\u00e9riques<\/span><\/h2>\n<table class=\"table product-table\">\n<thead>\n<tr>\n<th colspan=\"2\"><span>D\u00e9tails<\/span><\/th>\n<\/tr>\n<\/thead>\n<tbody>\n<tr>\n<td><span>Nombre de ports USB<\/span><\/td>\n<td><span>1<\/span><\/td>\n<\/tr>\n<tr>\n<td><span>R\u00e9initialisation de l&rsquo;alimentation USB<\/span><\/td>\n<td><span>Oui<\/span><\/td>\n<\/tr>\n<tr>\n<td><span>Type de port USB<\/span><\/td>\n<td><span>USB 3.0 type A<\/span><\/td>\n<\/tr>\n<tr>\n<td><span>Courant USB maximal (A)<\/span><\/td>\n<td><span>1,5<\/span><\/td>\n<\/tr>\n<\/tbody>\n<\/table>\n<div class=\"clearfix\"><\/div>\n<h2><span>Mise sous tension<\/span><\/h2>\n<table class=\"table product-table\">\n<thead>\n<tr>\n<th colspan=\"2\"><span>D\u00e9tails<\/span><\/th>\n<\/tr>\n<\/thead>\n<tbody>\n<tr>\n<td><span>Nombre d&rsquo;entr\u00e9es CC<\/span><\/td>\n<td><span>1 (prise CC)<\/span><\/td>\n<\/tr>\n<tr>\n<td><span>Tension d&rsquo;entr\u00e9e de la prise CC<\/span><\/td>\n<td><span>18-57 V<\/span><\/td>\n<\/tr>\n<tr>\n<td><span>Consommation \u00e9lectrique maximale<\/span><\/td>\n<td><span>55 W<\/span><\/td>\n<\/tr>\n<tr>\n<td><span>Consommation \u00e9lectrique maximale sans accessoires<\/span><\/td>\n<td><span>18 W<\/span><\/td>\n<\/tr>\n<tr>\n<td><span>Type de refroidissement<\/span><\/td>\n<td><span>Passif<\/span><\/td>\n<\/tr>\n<\/tbody>\n<\/table>\n<div class=\"clearfix\"><\/div>\n<h2><span>Sortie PoE<\/span><\/h2>\n<table class=\"table product-table\">\n<thead>\n<tr>\n<th colspan=\"2\"><span>D\u00e9tails<\/span><\/th>\n<\/tr>\n<\/thead>\n<tbody>\n<tr>\n<td><span>Ports de sortie PoE<\/span><\/td>\n<td><span>Ether5<\/span><\/td>\n<\/tr>\n<tr>\n<td><span>Sortie PoE<\/span><\/td>\n<td><span>PoE passif jusqu&rsquo;\u00e0 57 V<\/span><\/td>\n<\/tr>\n<tr>\n<td><span>Sortie maximale par port (entr\u00e9e 18-30 V)<\/span><\/td>\n<td><span>600 mA<\/span><\/td>\n<\/tr>\n<tr>\n<td><span>Sortie maximale par port (entr\u00e9e 30-57 V)<\/span><\/td>\n<td><span>500 mA<\/span><\/td>\n<\/tr>\n<tr>\n<td><span>Sortie totale maximale (A)<\/span><\/td>\n<td><span>0,600 A<\/span><\/td>\n<\/tr>\n<tr>\n<td><span>Courant de sortie total<\/span><\/td>\n<td><span>0,600<\/span><\/td>\n<\/tr>\n<tr>\n<td><span>Puissance de sortie totale<\/span><\/td>\n<td><span>22,8<\/span><\/td>\n<\/tr>\n<\/tbody>\n<\/table>\n<div class=\"clearfix\"><\/div>\n<h2><span>Certification et approbations<\/span><\/h2>\n<table class=\"table product-table\">\n<thead>\n<tr>\n<th colspan=\"2\"><span>D\u00e9tails<\/span><\/th>\n<\/tr>\n<\/thead>\n<tbody>\n<tr>\n<td><span>Certification<\/span><\/td>\n<td><span>CE, FCC, IC, EAC, ROHS<\/span><\/td>\n<\/tr>\n<tr>\n<td><span>propri\u00e9t\u00e9 intellectuelle<\/span><\/td>\n<td><span>20<\/span><\/td>\n<\/tr>\n<\/tbody>\n<\/table>\n<div class=\"clearfix\"><\/div>\n<h2><span>Autre<\/span><\/h2>\n<table class=\"table product-table\">\n<thead>\n<tr>\n<th colspan=\"2\"><span>D\u00e9tails<\/span><\/th>\n<\/tr>\n<\/thead>\n<tbody>\n<tr>\n<td><span>moniteur de temp\u00e9rature du processeur<\/span><\/td>\n<td><span>Oui<\/span><\/td>\n<\/tr>\n<tr>\n<td><span>moniteur de temp\u00e9rature PCB<\/span><\/td>\n<td><span>Oui<\/span><\/td>\n<\/tr>\n<tr>\n<td><span>Moniteur de tension<\/span><\/td>\n<td><span>Oui<\/span><\/td>\n<\/tr>\n<tr>\n<td><span>Bouton de mode<\/span><\/td>\n<td><span>Oui<\/span><\/td>\n<\/tr>\n<\/tbody>\n<\/table>\n","protected":false},"featured_media":1589,"comment_status":"open","ping_status":"closed","template":"","meta":{"_joinchat":[]},"product_brand":[72],"product_cat":[35,42],"product_tag":[],"class_list":{"0":"post-1586","1":"product","2":"type-product","3":"status-publish","4":"has-post-thumbnail","6":"product_brand-mikrotik","7":"product_cat-informatiques","8":"product_cat-routeurs","10":"first","11":"instock","12":"shipping-taxable","13":"product-type-simple"},"_links":{"self":[{"href":"http:\/\/kraltechnologie.net\/index.php\/wp-json\/wp\/v2\/product\/1586","targetHints":{"allow":["GET"]}}],"collection":[{"href":"http:\/\/kraltechnologie.net\/index.php\/wp-json\/wp\/v2\/product"}],"about":[{"href":"http:\/\/kraltechnologie.net\/index.php\/wp-json\/wp\/v2\/types\/product"}],"replies":[{"embeddable":true,"href":"http:\/\/kraltechnologie.net\/index.php\/wp-json\/wp\/v2\/comments?post=1586"}],"version-history":[{"count":1,"href":"http:\/\/kraltechnologie.net\/index.php\/wp-json\/wp\/v2\/product\/1586\/revisions"}],"predecessor-version":[{"id":1590,"href":"http:\/\/kraltechnologie.net\/index.php\/wp-json\/wp\/v2\/product\/1586\/revisions\/1590"}],"wp:featuredmedia":[{"embeddable":true,"href":"http:\/\/kraltechnologie.net\/index.php\/wp-json\/wp\/v2\/media\/1589"}],"wp:attachment":[{"href":"http:\/\/kraltechnologie.net\/index.php\/wp-json\/wp\/v2\/media?parent=1586"}],"wp:term":[{"taxonomy":"product_brand","embeddable":true,"href":"http:\/\/kraltechnologie.net\/index.php\/wp-json\/wp\/v2\/product_brand?post=1586"},{"taxonomy":"product_cat","embeddable":true,"href":"http:\/\/kraltechnologie.net\/index.php\/wp-json\/wp\/v2\/product_cat?post=1586"},{"taxonomy":"product_tag","embeddable":true,"href":"http:\/\/kraltechnologie.net\/index.php\/wp-json\/wp\/v2\/product_tag?post=1586"}],"curies":[{"name":"wp","href":"https:\/\/api.w.org\/{rel}","templated":true}]}}