{"id":1591,"date":"2025-04-17T16:17:33","date_gmt":"2025-04-17T16:17:33","guid":{"rendered":"https:\/\/kraltechnologie.net\/?post_type=product&#038;p=1591"},"modified":"2025-04-17T16:22:21","modified_gmt":"2025-04-17T16:22:21","slug":"mikrotik-l009uigs-2haxd-in","status":"publish","type":"product","link":"http:\/\/kraltechnologie.net\/index.php\/product\/mikrotik-l009uigs-2haxd-in\/","title":{"rendered":"Mikrotik L009UiGS-2HaxD-IN"},"content":{"rendered":"<p><img loading=\"lazy\" decoding=\"async\" class=\"alignnone  wp-image-1592\" src=\"http:\/\/kraltechnologie.net\/wp-content\/uploads\/2025\/04\/Screenshot_36-300x77.png\" alt=\"\" width=\"1395\" height=\"358\" srcset=\"http:\/\/kraltechnologie.net\/wp-content\/uploads\/2025\/04\/Screenshot_36-300x77.png 300w, http:\/\/kraltechnologie.net\/wp-content\/uploads\/2025\/04\/Screenshot_36-150x39.png 150w, http:\/\/kraltechnologie.net\/wp-content\/uploads\/2025\/04\/Screenshot_36-768x198.png 768w, http:\/\/kraltechnologie.net\/wp-content\/uploads\/2025\/04\/Screenshot_36.png 950w\" sizes=\"auto, (max-width: 1395px) 100vw, 1395px\" \/><\/p>\n<p><span>La l\u00e9gendaire gamme de produits RB2011 offre une connectivit\u00e9 abordable, flexible et robuste depuis plus de dix ans. Il s&rsquo;agissait d&rsquo;ailleurs de notre tout premier routeur SFP. Il est enfin temps de passer \u00e0 la version sup\u00e9rieure. Mais rassurez-vous\u00a0: nous avons conserv\u00e9 et am\u00e9lior\u00e9 tous les \u00e9l\u00e9ments et fonctionnalit\u00e9s cl\u00e9s du c\u00e9l\u00e8bre RB2011. M\u00eame sa couleur rouge et son prix attractif\u00a0!<\/span><\/p>\n<p><span>Il y a trois raisons principales de choisir le L009\u00a0: de meilleures performances, davantage de fonctionnalit\u00e9s et des am\u00e9liorations int\u00e9ressantes en termes de confort de vie. Commen\u00e7ons par la puissance brute et les performances am\u00e9lior\u00e9es.<\/span><\/p>\n<p><span>Le L009 est \u00e9quip\u00e9 d&rsquo;un\u00a0<\/span><b><span>puissant processeur ARM double c\u0153ur<\/span><\/b><span>\u00a0. Il offre des am\u00e9liorations significatives en mati\u00e8re de routage et de filtrage, de r\u00e8gles de pare-feu complexes, de chiffrement mat\u00e9riel IPsec et de diverses fonctionnalit\u00e9s avanc\u00e9es de RouterOS. L&rsquo;architecture du processeur ARM offre des avantages significatifs par rapport aux anciens appareils bas\u00e9s sur MIPS, comme l&rsquo;utilisation des derni\u00e8res fonctionnalit\u00e9s du noyau Linux ou la mise en \u0153uvre de vos propres projets de conteneurs.\u00a0<\/span><b><span>L&rsquo;association d&rsquo;un processeur ARM moderne et d&rsquo;un port USB standard est id\u00e9ale pour ex\u00e9cuter des projets de conteneurs personnalis\u00e9s.<\/span><\/b><span>\u00a0Vous pouvez par exemple ex\u00e9cuter un bloqueur de publicit\u00e9s Pi-hole sur ce routeur. Vous pouvez \u00e9galement utiliser le port USB pour ajouter le modem LTE de votre choix. Ici, la seule limite est l&rsquo;imagination.<\/span><\/p>\n<p><b><span>L009 est jusqu&rsquo;\u00e0 4 fois plus rapide que RB2011 dans la plupart des cas et configurations, du simple routage rapide aux filtres de pont complexes.<\/span><\/b><span>\u00a0De plus, le chiffrement mat\u00e9riel IPsec L009 garantit une utilisation r\u00e9duite du processeur sans d\u00e9gradation notable des performances par rapport au pilote standard. Vous pouvez esp\u00e9rer un d\u00e9bit d&rsquo;environ 60 \u00e0 90 Mbit\/s avec un paquet de 1\u00a0400 octets.<\/span><\/p>\n<p><span>Tous les ports sont d\u00e9sormais des ports Gigabit Ethernet. Le premier port est \u00e9quip\u00e9 d&rsquo;une entr\u00e9e PoE. Vous pouvez l&rsquo;utiliser \u00e0 la place de la prise CC pour alimenter l&rsquo;unit\u00e9. Le dernier port est \u00e9quip\u00e9 d&rsquo;une sortie PoE* pour alimenter d&rsquo;autres appareils. Autre atout\u00a0: une\u00a0<\/span><b><span>cage SFP compatible Gigabit et 2,5\u00a0Gigabit<\/span><\/b><span>\u00a0. Nous avons test\u00e9 diff\u00e9rents modules et c\u00e2bles SFP MikroTik compatibles avec des d\u00e9bits plus \u00e9lev\u00e9s. La compatibilit\u00e9 2,5\u00a0G simplifie grandement la vie des administrateurs syst\u00e8me.\u00a0<\/span><b><span>Un port console permet une configuration rapide et directe\u00a0!<\/span><\/b><\/p>\n<p><span>Au c\u0153ur de tout cela se trouve un commutateur Marvell Peridot rapide qui offre une connexion full duplex impressionnante de 2,5 Gigabit au processeur sur tous les ports, sauf Ether1. Le premier port poss\u00e8de sa propre ligne Gigabit full duplex vers le processeur. Cela signifie d&rsquo;innombrables configurations sans goulot d&rsquo;\u00e9tranglement\u00a0!<\/span><\/p>\n<p><span>La connectivit\u00e9 sans fil double cha\u00eene 2,4 GHz est d\u00e9sormais bien plus performante. Gr\u00e2ce \u00e0 la technologie sans fil de 6e g\u00e9n\u00e9ration (802.11ax), vous b\u00e9n\u00e9ficiez d&rsquo;un d\u00e9bit jusqu&rsquo;\u00e0 90 % sup\u00e9rieur dans la bande 2,4 GHz, ainsi que d&rsquo;une stabilit\u00e9 et d&rsquo;une r\u00e9activit\u00e9 accrues, m\u00eame avec plusieurs clients connect\u00e9s. L&rsquo;appareil est \u00e9quip\u00e9 de puissantes antennes externes, mais vous pouvez connecter les v\u00f4tres via les connecteurs RP-SMA si n\u00e9cessaire.<\/span><\/p>\n<p><span>Ce nouveau bo\u00eetier est une innovation spectaculaire en soi. Il reprend le format de nos tr\u00e8s pris\u00e9s appareils RB5009. Il pr\u00e9sente plusieurs caract\u00e9ristiques extr\u00eamement utiles. Tout d&rsquo;abord,\u00a0<\/span><b><span>il agit comme un dissipateur thermique massif<\/span><\/b><span>\u00a0, prot\u00e9geant vos installations de la surchauffe. Mais le plus int\u00e9ressant\u00a0: avec un simple ensemble d&rsquo;accessoires, vous pouvez installer jusqu&rsquo;\u00e0 quatre de ces routeurs dans un seul rack 1U.<\/span><\/p>\n<p><span>Chez MikroTik, nous sommes les champions du Tetris pour salles serveurs. Voici donc notre derni\u00e8re astuce pour des salles serveurs plus efficaces\u00a0: procurez-vous un RB5009 avec ports de sortie PoE. Installez-le avec sept routeurs L009 dans seulement deux racks 1U. Vous deviendrez une l\u00e9gende vivante aupr\u00e8s des administrateurs syst\u00e8me, donnant l&rsquo;exemple d&rsquo;une gestion efficace de l&rsquo;espace et d&rsquo;une alimentation simple et fiable. Et si vous n&rsquo;avez pas besoin de la fonctionnalit\u00e9 sans fil, vous pouvez r\u00e9duire encore davantage vos co\u00fbts en essayant l&rsquo;autre version de ce routeur\u00a0: le L009UiGS-RM. Il poss\u00e8de les m\u00eames fonctionnalit\u00e9s, \u00e0 l&rsquo;exception du sans fil 2,4\u00a0GHz. Il est \u00e9galement fourni avec tous les accessoires de montage n\u00e9cessaires.<\/span><\/p>\n<p><span>Le RB2011 restera \u00e0 jamais une l\u00e9gende du r\u00e9seau, mais il est temps de passer \u00e0 la vitesse sup\u00e9rieure.\u00a0<\/span><b><span>La gamme de produits L009 est la mise \u00e0 niveau id\u00e9ale qui vous fera gagner du temps, de l&rsquo;argent et de l&rsquo;espace dans votre salle serveur comme jamais auparavant\u00a0!<\/span><\/b><\/p>\n","protected":false},"excerpt":{"rendered":"<h2><span>Caract\u00e9ristiques<\/span><\/h2>\n<table class=\"table product-table\">\n<thead>\n<tr>\n<th colspan=\"2\"><span>D\u00e9tails<\/span><\/th>\n<\/tr>\n<\/thead>\n<tbody>\n<tr>\n<td><span>Code produit<\/span><\/td>\n<td><span>L009UiGS-2HaxD-IN<\/span><\/td>\n<\/tr>\n<tr>\n<td><span>Architecture<\/span><\/td>\n<td><span>BRAS<\/span><\/td>\n<\/tr>\n<tr>\n<td><span>processeur<\/span><\/td>\n<td><span>IPQ-5018<\/span><\/td>\n<\/tr>\n<tr>\n<td><span>Nombre de c\u0153urs du processeur<\/span><\/td>\n<td><span>2<\/span><\/td>\n<\/tr>\n<tr>\n<td><span>fr\u00e9quence nominale du processeur<\/span><\/td>\n<td><span>800 MHz<\/span><\/td>\n<\/tr>\n<tr>\n<td><span>Mod\u00e8le de puce de commutation<\/span><\/td>\n<td><span>88E6190<\/span><\/td>\n<\/tr>\n<tr>\n<td><span>Licence RouterOS<\/span><\/td>\n<td><span>5<\/span><\/td>\n<\/tr>\n<tr>\n<td><span>Syst\u00e8me op\u00e9rateur<\/span><\/td>\n<td><a href=\"https:\/\/help.mikrotik.com\/docs\/display\/ROS\/RouterOS\" target=\"_blank\" rel=\"noopener\"><span>RouterOS v7<\/span><\/a><\/td>\n<\/tr>\n<tr>\n<td><span>Taille de la RAM<\/span><\/td>\n<td><span>512 Mo<\/span><\/td>\n<\/tr>\n<tr>\n<td><span>Taille de stockage<\/span><\/td>\n<td><span>128 Mo<\/span><\/td>\n<\/tr>\n<tr>\n<td><span>Type de stockage<\/span><\/td>\n<td><span>NAND<\/span><\/td>\n<\/tr>\n<tr>\n<td><span>MTBF<\/span><\/td>\n<td><span>Environ 200 000 heures \u00e0 25 \u00b0C<\/span><\/td>\n<\/tr>\n<tr>\n<td><span>Temp\u00e9rature ambiante test\u00e9e<\/span><\/td>\n<td><span>-40\u00b0C \u00e0 70\u00b0C<\/span><\/td>\n<\/tr>\n<tr>\n<td><\/td>\n<td><\/td>\n<\/tr>\n<\/tbody>\n<\/table>\n<div class=\"clearfix\"><\/div>\n<h2><span>Capacit\u00e9s sans fil<\/span><\/h2>\n<table class=\"table product-table\">\n<thead>\n<tr>\n<th colspan=\"2\"><span>D\u00e9tails<\/span><\/th>\n<\/tr>\n<\/thead>\n<tbody>\n<tr>\n<td><span>D\u00e9bit de donn\u00e9es maximal sans fil de 2,4 GHz<\/span><\/td>\n<td><span>574 Mbit\/s<\/span><\/td>\n<\/tr>\n<tr>\n<td><span>Nombre de cha\u00eenes sans fil 2,4 GHz<\/span><\/td>\n<td><span>2<\/span><\/td>\n<\/tr>\n<tr>\n<td><span>Normes sans fil 2,4 GHz<\/span><\/td>\n<td><span>802.11b\/g\/n\/ax<\/span><\/td>\n<\/tr>\n<tr>\n<td><span>Gain d&rsquo;antenne dBi pour 2,4 GHz<\/span><\/td>\n<td><span>4<\/span><\/td>\n<\/tr>\n<tr>\n<td><span>Mod\u00e8le de puce sans fil 2,4 GHz<\/span><\/td>\n<td><span>IPQ-5018<\/span><\/td>\n<\/tr>\n<tr>\n<td><span>G\u00e9n\u00e9ration sans fil 2,4 GHz<\/span><\/td>\n<td><span>Wi-Fi 6<\/span><\/td>\n<\/tr>\n<tr>\n<td><span>Vitesse du Wi-Fi<\/span><\/td>\n<td><span>AX600<\/span><\/td>\n<\/tr>\n<\/tbody>\n<\/table>\n<div class=\"clearfix\"><\/div>\n<h2><span>Ethernet<\/span><\/h2>\n<table class=\"table product-table\">\n<thead>\n<tr>\n<th colspan=\"2\"><span>D\u00e9tails<\/span><\/th>\n<\/tr>\n<\/thead>\n<tbody>\n<tr>\n<td><span>Ports Ethernet 10\/100\/1000<\/span><\/td>\n<td><span>8<\/span><\/td>\n<\/tr>\n<tr>\n<td><span>Nombre de ports Ethernet 1G avec sortie PoE<\/span><\/td>\n<td><span>1<\/span><\/td>\n<\/tr>\n<\/tbody>\n<\/table>\n<div class=\"clearfix\"><\/div>\n<h2><span>Fibre<\/span><\/h2>\n<table class=\"table product-table\">\n<thead>\n<tr>\n<th colspan=\"2\"><span>D\u00e9tails<\/span><\/th>\n<\/tr>\n<\/thead>\n<tbody>\n<tr>\n<td><span>Ports SFP<\/span><\/td>\n<td><span>1 (2,5G pris en charge)<\/span><\/td>\n<\/tr>\n<\/tbody>\n<\/table>\n<div class=\"clearfix\"><\/div>\n<h2><span>P\u00e9riph\u00e9riques<\/span><\/h2>\n<table class=\"table product-table\">\n<thead>\n<tr>\n<th colspan=\"2\"><span>D\u00e9tails<\/span><\/th>\n<\/tr>\n<\/thead>\n<tbody>\n<tr>\n<td><span>Port de console s\u00e9rie<\/span><\/td>\n<td><span>RJ45<\/span><\/td>\n<\/tr>\n<tr>\n<td><span>Nombre de ports USB<\/span><\/td>\n<td><span>1<\/span><\/td>\n<\/tr>\n<tr>\n<td><span>R\u00e9initialisation de l&rsquo;alimentation USB<\/span><\/td>\n<td><span>Oui<\/span><\/td>\n<\/tr>\n<tr>\n<td><span>Type de port USB<\/span><\/td>\n<td><span>USB 3.0 type A<\/span><\/td>\n<\/tr>\n<tr>\n<td><span>Courant USB maximal (A)<\/span><\/td>\n<td><span>1,5<\/span><\/td>\n<\/tr>\n<\/tbody>\n<\/table>\n<div class=\"clearfix\"><\/div>\n<h2><span>Mise sous tension<\/span><\/h2>\n<table class=\"table product-table\">\n<thead>\n<tr>\n<th colspan=\"2\"><span>D\u00e9tails<\/span><\/th>\n<\/tr>\n<\/thead>\n<tbody>\n<tr>\n<td><span>Nombre d&rsquo;entr\u00e9es CC<\/span><\/td>\n<td><span>2 (PoE-IN, prise CC)<\/span><\/td>\n<\/tr>\n<tr>\n<td><span>Tension d&rsquo;entr\u00e9e de la prise CC<\/span><\/td>\n<td><span>24-56 V<\/span><\/td>\n<\/tr>\n<tr>\n<td><span>Consommation \u00e9lectrique maximale<\/span><\/td>\n<td><span>47 W<\/span><\/td>\n<\/tr>\n<tr>\n<td><span>Consommation \u00e9lectrique maximale sans accessoires<\/span><\/td>\n<td><span>14 W<\/span><\/td>\n<\/tr>\n<tr>\n<td><span>Type de refroidissement<\/span><\/td>\n<td><span>Passif<\/span><\/td>\n<\/tr>\n<tr>\n<td><span>PoE dans<\/span><\/td>\n<td><span>802.3af\/at<\/span><\/td>\n<\/tr>\n<tr>\n<td><span>PoE en tension d&rsquo;entr\u00e9e<\/span><\/td>\n<td><span>24-56 V<\/span><\/td>\n<\/tr>\n<\/tbody>\n<\/table>\n<div class=\"clearfix\"><\/div>\n<h2><span>Sortie PoE<\/span><\/h2>\n<table class=\"table product-table\">\n<thead>\n<tr>\n<th colspan=\"2\"><span>D\u00e9tails<\/span><\/th>\n<\/tr>\n<\/thead>\n<tbody>\n<tr>\n<td><span>Ports de sortie PoE<\/span><\/td>\n<td><span>Ether8<\/span><\/td>\n<\/tr>\n<tr>\n<td><span>Sortie PoE<\/span><\/td>\n<td><span>PoE passif<\/span><\/td>\n<\/tr>\n<tr>\n<td><span>Sortie maximale par port (entr\u00e9e 18-30 V)<\/span><\/td>\n<td><span>1 A<\/span><\/td>\n<\/tr>\n<tr>\n<td><span>Sortie maximale par port (entr\u00e9e 30-57 V)<\/span><\/td>\n<td><span>450 mA<\/span><\/td>\n<\/tr>\n<tr>\n<td><span>Sortie totale maximale (A)<\/span><\/td>\n<td><span>1,0 A<\/span><\/td>\n<\/tr>\n<\/tbody>\n<\/table>\n<div class=\"clearfix\"><\/div>\n<h2><span>Certification et approbations<\/span><\/h2>\n<table class=\"table product-table\">\n<thead>\n<tr>\n<th colspan=\"2\"><span>D\u00e9tails<\/span><\/th>\n<\/tr>\n<\/thead>\n<tbody>\n<tr>\n<td><span>Certification<\/span><\/td>\n<td><span>CE, FCC, IC, EAC, ROHS<\/span><\/td>\n<\/tr>\n<tr>\n<td><span>propri\u00e9t\u00e9 intellectuelle<\/span><\/td>\n<td><span>20<\/span><\/td>\n<\/tr>\n<\/tbody>\n<\/table>\n<div class=\"clearfix\"><\/div>\n<h2><span>Autre<\/span><\/h2>\n<table class=\"table product-table\">\n<thead>\n<tr>\n<th colspan=\"2\"><span>D\u00e9tails<\/span><\/th>\n<\/tr>\n<\/thead>\n<tbody>\n<tr>\n<td><span>Bouton de mode<\/span><\/td>\n<td><span>Oui<\/span><\/td>\n<\/tr>\n<\/tbody>\n<\/table>\n<div class=\"clearfix\"><\/div>\n<h2><span>Sp\u00e9cifications sans fil<\/span><\/h2>\n<table class=\"table product-table\">\n<thead>\n<tr>\n<th><span>2,4 GHz<\/span><\/th>\n<th><span>Transmission (dBm)<\/span><\/th>\n<th><span>Sensibilit\u00e9 de r\u00e9ception<\/span><\/th>\n<\/tr>\n<\/thead>\n<tbody>\n<tr>\n<td><span>1 Mbit\/s<\/span><\/td>\n<td><span>27<\/span><\/td>\n<td><span>-100<\/span><\/td>\n<\/tr>\n<tr>\n<td><span>11 Mbit\/s<\/span><\/td>\n<td><span>27<\/span><\/td>\n<td><span>-94<\/span><\/td>\n<\/tr>\n<tr>\n<td><span>6 Mbit\/s<\/span><\/td>\n<td><span>30<\/span><\/td>\n<td><span>-96<\/span><\/td>\n<\/tr>\n<tr>\n<td><span>54 Mbit\/s<\/span><\/td>\n<td><span>28<\/span><\/td>\n<td><span>-80<\/span><\/td>\n<\/tr>\n<tr>\n<td><span>MCS0<\/span><\/td>\n<td><span>30<\/span><\/td>\n<td><span>-96<\/span><\/td>\n<\/tr>\n<tr>\n<td><span>MCS7<\/span><\/td>\n<td><span>27<\/span><\/td>\n<td><span>-75<\/span><\/td>\n<\/tr>\n<tr>\n<td><span>MCS9<\/span><\/td>\n<td><span>25<\/span><\/td>\n<td><span>-70<\/span><\/td>\n<\/tr>\n<tr>\n<td><span>MCS11<\/span><\/td>\n<td><span>23<\/span><\/td>\n<td><span>-67<\/span><\/td>\n<\/tr>\n<\/tbody>\n<\/table>\n","protected":false},"featured_media":1594,"comment_status":"open","ping_status":"closed","template":"","meta":{"_joinchat":[]},"product_brand":[72],"product_cat":[35,42],"product_tag":[],"class_list":{"0":"post-1591","1":"product","2":"type-product","3":"status-publish","4":"has-post-thumbnail","6":"product_brand-mikrotik","7":"product_cat-informatiques","8":"product_cat-routeurs","10":"first","11":"instock","12":"shipping-taxable","13":"product-type-simple"},"_links":{"self":[{"href":"http:\/\/kraltechnologie.net\/index.php\/wp-json\/wp\/v2\/product\/1591","targetHints":{"allow":["GET"]}}],"collection":[{"href":"http:\/\/kraltechnologie.net\/index.php\/wp-json\/wp\/v2\/product"}],"about":[{"href":"http:\/\/kraltechnologie.net\/index.php\/wp-json\/wp\/v2\/types\/product"}],"replies":[{"embeddable":true,"href":"http:\/\/kraltechnologie.net\/index.php\/wp-json\/wp\/v2\/comments?post=1591"}],"version-history":[{"count":2,"href":"http:\/\/kraltechnologie.net\/index.php\/wp-json\/wp\/v2\/product\/1591\/revisions"}],"predecessor-version":[{"id":1596,"href":"http:\/\/kraltechnologie.net\/index.php\/wp-json\/wp\/v2\/product\/1591\/revisions\/1596"}],"wp:featuredmedia":[{"embeddable":true,"href":"http:\/\/kraltechnologie.net\/index.php\/wp-json\/wp\/v2\/media\/1594"}],"wp:attachment":[{"href":"http:\/\/kraltechnologie.net\/index.php\/wp-json\/wp\/v2\/media?parent=1591"}],"wp:term":[{"taxonomy":"product_brand","embeddable":true,"href":"http:\/\/kraltechnologie.net\/index.php\/wp-json\/wp\/v2\/product_brand?post=1591"},{"taxonomy":"product_cat","embeddable":true,"href":"http:\/\/kraltechnologie.net\/index.php\/wp-json\/wp\/v2\/product_cat?post=1591"},{"taxonomy":"product_tag","embeddable":true,"href":"http:\/\/kraltechnologie.net\/index.php\/wp-json\/wp\/v2\/product_tag?post=1591"}],"curies":[{"name":"wp","href":"https:\/\/api.w.org\/{rel}","templated":true}]}}