{"id":1643,"date":"2025-04-18T10:12:44","date_gmt":"2025-04-18T10:12:44","guid":{"rendered":"https:\/\/kraltechnologie.net\/?post_type=product&#038;p=1643"},"modified":"2025-04-18T10:15:36","modified_gmt":"2025-04-18T10:15:36","slug":"mikrotik-rb951ui-2hnd","status":"publish","type":"product","link":"http:\/\/kraltechnologie.net\/index.php\/product\/mikrotik-rb951ui-2hnd\/","title":{"rendered":"Mikrotik RB951Ui-2HnD"},"content":{"rendered":"<p><img loading=\"lazy\" decoding=\"async\" class=\"alignnone  wp-image-1645\" src=\"http:\/\/kraltechnologie.net\/wp-content\/uploads\/2025\/04\/Screenshot_45-300x77.png\" alt=\"\" width=\"1153\" height=\"296\" srcset=\"http:\/\/kraltechnologie.net\/wp-content\/uploads\/2025\/04\/Screenshot_45-300x77.png 300w, http:\/\/kraltechnologie.net\/wp-content\/uploads\/2025\/04\/Screenshot_45-150x38.png 150w, http:\/\/kraltechnologie.net\/wp-content\/uploads\/2025\/04\/Screenshot_45-768x197.png 768w, http:\/\/kraltechnologie.net\/wp-content\/uploads\/2025\/04\/Screenshot_45.png 959w\" sizes=\"auto, (max-width: 1153px) 100vw, 1153px\" \/><\/p>\n<p><span>Le RB951Ui-2HnD est un point d&rsquo;acc\u00e8s sans fil pour les petites entreprises (SOHO) dot\u00e9 d&rsquo;un processeur Atheros de nouvelle g\u00e9n\u00e9ration et d&rsquo;une puissance de traitement accrue. Il dispose de cinq ports Ethernet, d&rsquo;un port USB 2.0 et d&rsquo;un point d&rsquo;acc\u00e8s sans fil 802.11b\/g\/n haute puissance \u00e0 2,4 GHz avec antennes int\u00e9gr\u00e9es.<\/span><\/p>\n<p><span>Il est \u00e9quip\u00e9 d&rsquo;un processeur 600 MHz, de 128 Mo de RAM et d&rsquo;une sortie PoE sur le port n\u00b0 5. Il peut ainsi alimenter d&rsquo;autres appareils compatibles PoE avec la m\u00eame tension que celle appliqu\u00e9e \u00e0 l&rsquo;unit\u00e9. La charge maximale sur le port est de 500 mA.<\/span><\/p>\n<p><span>Le paquet contient la RouterBOARD 951Ui-2HnD dans un bo\u00eetier plastique et un adaptateur secteur.<\/span><\/p>\n","protected":false},"excerpt":{"rendered":"<h2><span>Caract\u00e9ristiques<\/span><\/h2>\n<table class=\"table product-table\">\n<thead>\n<tr>\n<th colspan=\"2\"><span>D\u00e9tails<\/span><\/th>\n<\/tr>\n<\/thead>\n<tbody>\n<tr>\n<td><span>Code produit<\/span><\/td>\n<td><span>RB951Ui-2HnD<\/span><\/td>\n<\/tr>\n<tr>\n<td><span>Architecture<\/span><\/td>\n<td><span>MIPSBE<\/span><\/td>\n<\/tr>\n<tr>\n<td><span>processeur<\/span><\/td>\n<td><span>AR9344<\/span><\/td>\n<\/tr>\n<tr>\n<td><span>Nombre de c\u0153urs du processeur<\/span><\/td>\n<td><span>1<\/span><\/td>\n<\/tr>\n<tr>\n<td><span>fr\u00e9quence nominale du processeur<\/span><\/td>\n<td><span>600 MHz<\/span><\/td>\n<\/tr>\n<tr>\n<td><span>Dimensions<\/span><\/td>\n<td><span>113x138x29mm<\/span><\/td>\n<\/tr>\n<tr>\n<td><span>Licence RouterOS<\/span><\/td>\n<td><span>4<\/span><\/td>\n<\/tr>\n<tr>\n<td><span>Syst\u00e8me op\u00e9rateur<\/span><\/td>\n<td><a href=\"https:\/\/help.mikrotik.com\/docs\/display\/ROS\/RouterOS\" target=\"_blank\" rel=\"noopener\"><span>RouterOS<\/span><\/a><\/td>\n<\/tr>\n<tr>\n<td><span>Taille de la RAM<\/span><\/td>\n<td><span>128 Mo<\/span><\/td>\n<\/tr>\n<tr>\n<td><span>Taille de stockage<\/span><\/td>\n<td><span>128 Mo<\/span><\/td>\n<\/tr>\n<tr>\n<td><span>Type de stockage<\/span><\/td>\n<td><span>NAND<\/span><\/td>\n<\/tr>\n<tr>\n<td><span>MTBF<\/span><\/td>\n<td><span>Environ 100 000 heures \u00e0 25 \u00b0C<\/span><\/td>\n<\/tr>\n<tr>\n<td><span>Temp\u00e9rature ambiante test\u00e9e<\/span><\/td>\n<td><span>-20 \u00b0C +60 \u00b0C<\/span><\/td>\n<\/tr>\n<tr>\n<td><\/td>\n<td><\/td>\n<\/tr>\n<\/tbody>\n<\/table>\n<div class=\"clearfix\"><\/div>\n<h2><span>Capacit\u00e9s sans fil<\/span><\/h2>\n<table class=\"table product-table\">\n<thead>\n<tr>\n<th colspan=\"2\"><span>D\u00e9tails<\/span><\/th>\n<\/tr>\n<\/thead>\n<tbody>\n<tr>\n<td><span>D\u00e9bit de donn\u00e9es maximal sans fil de 2,4 GHz<\/span><\/td>\n<td><span>300 Mbit\/s<\/span><\/td>\n<\/tr>\n<tr>\n<td><span>Nombre de cha\u00eenes sans fil 2,4 GHz<\/span><\/td>\n<td><span>2<\/span><\/td>\n<\/tr>\n<tr>\n<td><span>Normes sans fil 2,4 GHz<\/span><\/td>\n<td><span>802.11b\/g\/n<\/span><\/td>\n<\/tr>\n<tr>\n<td><span>Gain d&rsquo;antenne dBi pour 2,4 GHz<\/span><\/td>\n<td><span>2,5<\/span><\/td>\n<\/tr>\n<tr>\n<td><span>Mod\u00e8le de puce sans fil 2,4 GHz<\/span><\/td>\n<td><span>AR9344<\/span><\/td>\n<\/tr>\n<tr>\n<td><span>G\u00e9n\u00e9ration sans fil 2,4 GHz<\/span><\/td>\n<td><span>Wi-Fi 4<\/span><\/td>\n<\/tr>\n<\/tbody>\n<\/table>\n<div class=\"clearfix\"><\/div>\n<h2><span>Ethernet<\/span><\/h2>\n<table class=\"table product-table\">\n<thead>\n<tr>\n<th colspan=\"2\"><span>D\u00e9tails<\/span><\/th>\n<\/tr>\n<\/thead>\n<tbody>\n<tr>\n<td><span>Ports Ethernet 10\/100<\/span><\/td>\n<td><span>5<\/span><\/td>\n<\/tr>\n<\/tbody>\n<\/table>\n<div class=\"clearfix\"><\/div>\n<h2><span>P\u00e9riph\u00e9riques<\/span><\/h2>\n<table class=\"table product-table\">\n<thead>\n<tr>\n<th colspan=\"2\"><span>D\u00e9tails<\/span><\/th>\n<\/tr>\n<\/thead>\n<tbody>\n<tr>\n<td><span>Nombre de ports USB<\/span><\/td>\n<td><span>1<\/span><\/td>\n<\/tr>\n<tr>\n<td><span>R\u00e9initialisation de l&rsquo;alimentation USB<\/span><\/td>\n<td><span>Oui<\/span><\/td>\n<\/tr>\n<tr>\n<td><span>Type de port USB<\/span><\/td>\n<td><span>USB type A<\/span><\/td>\n<\/tr>\n<tr>\n<td><span>Courant USB maximal (A)<\/span><\/td>\n<td><span>1<\/span><\/td>\n<\/tr>\n<\/tbody>\n<\/table>\n<div class=\"clearfix\"><\/div>\n<h2><span>Mise sous tension<\/span><\/h2>\n<table class=\"table product-table\">\n<thead>\n<tr>\n<th colspan=\"2\"><span>D\u00e9tails<\/span><\/th>\n<\/tr>\n<\/thead>\n<tbody>\n<tr>\n<td><span>Nombre d&rsquo;entr\u00e9es CC<\/span><\/td>\n<td><span>2 (PoE-IN, prise CC)<\/span><\/td>\n<\/tr>\n<tr>\n<td><span>Tension d&rsquo;entr\u00e9e de la prise CC<\/span><\/td>\n<td><span>8-30 V<\/span><\/td>\n<\/tr>\n<tr>\n<td><span>Consommation \u00e9lectrique maximale<\/span><\/td>\n<td><span>24 W<\/span><\/td>\n<\/tr>\n<tr>\n<td><span>Consommation \u00e9lectrique maximale sans accessoires<\/span><\/td>\n<td><span>7 W<\/span><\/td>\n<\/tr>\n<tr>\n<td><span>Type de refroidissement<\/span><\/td>\n<td><span>Passif<\/span><\/td>\n<\/tr>\n<tr>\n<td><span>PoE dans<\/span><\/td>\n<td><span>PoE passif<\/span><\/td>\n<\/tr>\n<tr>\n<td><span>PoE en tension d&rsquo;entr\u00e9e<\/span><\/td>\n<td><span>8-30 V<\/span><\/td>\n<\/tr>\n<\/tbody>\n<\/table>\n<div class=\"clearfix\"><\/div>\n<h2><span>Sortie PoE<\/span><\/h2>\n<table class=\"table product-table\">\n<thead>\n<tr>\n<th colspan=\"2\"><span>D\u00e9tails<\/span><\/th>\n<\/tr>\n<\/thead>\n<tbody>\n<tr>\n<td><span>Ports de sortie PoE<\/span><\/td>\n<td><span>Ether5<\/span><\/td>\n<\/tr>\n<tr>\n<td><span>Sortie PoE<\/span><\/td>\n<td><span>PoE passif<\/span><\/td>\n<\/tr>\n<tr>\n<td><span>Sortie maximale par port (entr\u00e9e 18-30 V)<\/span><\/td>\n<td><span>500 mA<\/span><\/td>\n<\/tr>\n<tr>\n<td><span>Sortie totale maximale (A)<\/span><\/td>\n<td><span>500 mA<\/span><\/td>\n<\/tr>\n<\/tbody>\n<\/table>\n<div class=\"clearfix\"><\/div>\n<h2><span>Certification et approbations<\/span><\/h2>\n<table class=\"table product-table\">\n<thead>\n<tr>\n<th colspan=\"2\"><span>D\u00e9tails<\/span><\/th>\n<\/tr>\n<\/thead>\n<tbody>\n<tr>\n<td><span>Certification<\/span><\/td>\n<td><span>CE, FCC, IC, EAC, ROHS<\/span><\/td>\n<\/tr>\n<tr>\n<td><span>propri\u00e9t\u00e9 intellectuelle<\/span><\/td>\n<td><span>IP20<\/span><\/td>\n<\/tr>\n<\/tbody>\n<\/table>\n<div class=\"clearfix\"><\/div>\n<h2><span>Autre<\/span><\/h2>\n<table class=\"table product-table\">\n<thead>\n<tr>\n<th colspan=\"2\"><span>D\u00e9tails<\/span><\/th>\n<\/tr>\n<\/thead>\n<tbody>\n<tr>\n<td><span>Bip<\/span><\/td>\n<td><span>Oui<\/span><\/td>\n<\/tr>\n<\/tbody>\n<\/table>\n<div class=\"clearfix\"><\/div>\n<h2><span>Sp\u00e9cifications sans fil<\/span><\/h2>\n<table class=\"table product-table\">\n<thead>\n<tr>\n<th><span>2,4 GHz<\/span><\/th>\n<th><span>Transmission (dBm)<\/span><\/th>\n<th><span>Sensibilit\u00e9 de r\u00e9ception<\/span><\/th>\n<\/tr>\n<\/thead>\n<tbody>\n<tr>\n<td><span>6 Mbit\/s<\/span><\/td>\n<td><span>30<\/span><\/td>\n<td><span>-96<\/span><\/td>\n<\/tr>\n<tr>\n<td><span>54 Mbit\/s<\/span><\/td>\n<td><span>25<\/span><\/td>\n<td><span>-80<\/span><\/td>\n<\/tr>\n<tr>\n<td><span>MCS0<\/span><\/td>\n<td><span>30<\/span><\/td>\n<td><span>-96<\/span><\/td>\n<\/tr>\n<tr>\n<td><span>MCS7<\/span><\/td>\n<td><span>23<\/span><\/td>\n<td><span>-78<\/span><\/td>\n<\/tr>\n<\/tbody>\n<\/table>\n","protected":false},"featured_media":1644,"comment_status":"open","ping_status":"closed","template":"","meta":{"_joinchat":[]},"product_brand":[72],"product_cat":[35,42],"product_tag":[],"class_list":{"0":"post-1643","1":"product","2":"type-product","3":"status-publish","4":"has-post-thumbnail","6":"product_brand-mikrotik","7":"product_cat-informatiques","8":"product_cat-routeurs","10":"first","11":"instock","12":"shipping-taxable","13":"product-type-simple"},"_links":{"self":[{"href":"http:\/\/kraltechnologie.net\/index.php\/wp-json\/wp\/v2\/product\/1643","targetHints":{"allow":["GET"]}}],"collection":[{"href":"http:\/\/kraltechnologie.net\/index.php\/wp-json\/wp\/v2\/product"}],"about":[{"href":"http:\/\/kraltechnologie.net\/index.php\/wp-json\/wp\/v2\/types\/product"}],"replies":[{"embeddable":true,"href":"http:\/\/kraltechnologie.net\/index.php\/wp-json\/wp\/v2\/comments?post=1643"}],"version-history":[{"count":1,"href":"http:\/\/kraltechnologie.net\/index.php\/wp-json\/wp\/v2\/product\/1643\/revisions"}],"predecessor-version":[{"id":1646,"href":"http:\/\/kraltechnologie.net\/index.php\/wp-json\/wp\/v2\/product\/1643\/revisions\/1646"}],"wp:featuredmedia":[{"embeddable":true,"href":"http:\/\/kraltechnologie.net\/index.php\/wp-json\/wp\/v2\/media\/1644"}],"wp:attachment":[{"href":"http:\/\/kraltechnologie.net\/index.php\/wp-json\/wp\/v2\/media?parent=1643"}],"wp:term":[{"taxonomy":"product_brand","embeddable":true,"href":"http:\/\/kraltechnologie.net\/index.php\/wp-json\/wp\/v2\/product_brand?post=1643"},{"taxonomy":"product_cat","embeddable":true,"href":"http:\/\/kraltechnologie.net\/index.php\/wp-json\/wp\/v2\/product_cat?post=1643"},{"taxonomy":"product_tag","embeddable":true,"href":"http:\/\/kraltechnologie.net\/index.php\/wp-json\/wp\/v2\/product_tag?post=1643"}],"curies":[{"name":"wp","href":"https:\/\/api.w.org\/{rel}","templated":true}]}}