{"id":1754,"date":"2025-04-18T12:13:28","date_gmt":"2025-04-18T12:13:28","guid":{"rendered":"https:\/\/kraltechnologie.net\/?post_type=product&#038;p=1754"},"modified":"2025-04-18T12:16:39","modified_gmt":"2025-04-18T12:16:39","slug":"mikrotik-crs326-24g-2srm","status":"publish","type":"product","link":"http:\/\/kraltechnologie.net\/index.php\/product\/mikrotik-crs326-24g-2srm\/","title":{"rendered":"Mikrotik CRS326-24G-2S+RM"},"content":{"rendered":"<p><img loading=\"lazy\" decoding=\"async\" class=\"aligncenter wp-image-1755 size-full\" src=\"http:\/\/kraltechnologie.net\/wp-content\/uploads\/2025\/04\/Screenshot_67.png\" alt=\"\" width=\"861\" height=\"216\" srcset=\"http:\/\/kraltechnologie.net\/wp-content\/uploads\/2025\/04\/Screenshot_67.png 861w, http:\/\/kraltechnologie.net\/wp-content\/uploads\/2025\/04\/Screenshot_67-150x38.png 150w, http:\/\/kraltechnologie.net\/wp-content\/uploads\/2025\/04\/Screenshot_67-300x75.png 300w, http:\/\/kraltechnologie.net\/wp-content\/uploads\/2025\/04\/Screenshot_67-768x193.png 768w\" sizes=\"auto, (max-width: 861px) 100vw, 861px\" \/><\/p>\n<p><span>Commutateur Gigabit Ethernet 24 ports aliment\u00e9 par SwOS\/RouterOS avec deux ports SFP+, connectivit\u00e9 \u00e0 vitesse filaire avec plusieurs nouvelles fonctionnalit\u00e9s de commutation\u00a0!<\/span><\/p>\n<p><span>La fonction \u00ab\u00a0Dual boot\u00a0\u00bb vous permet de choisir votre syst\u00e8me d&rsquo;exploitation pr\u00e9f\u00e9r\u00e9\u00a0: RouterOS ou SwOS. Si vous pr\u00e9f\u00e9rez un syst\u00e8me d&rsquo;exploitation simplifi\u00e9, exclusivement d\u00e9di\u00e9 aux commutateurs, avec des fonctionnalit\u00e9s plus sp\u00e9cifiques, utilisez SwOS. Si vous utilisez Winbox et souhaitez utiliser le routage et d&rsquo;autres fonctionnalit\u00e9s de couche 3 sur certains ports de votre CRS, d\u00e9marrez et utilisez RouterOS. Vous pouvez s\u00e9lectionner le syst\u00e8me d&rsquo;exploitation souhait\u00e9 depuis RouterOS, SwOS ou les param\u00e8tres du chargeur RouterBOOT.<\/span><\/p>\n<p><span>Il offre toutes les fonctionnalit\u00e9s de base d&rsquo;un commutateur g\u00e9r\u00e9, et bien plus encore\u00a0: gestion de la redirection port \u00e0 port, application de filtres MAC, configuration des VLAN, mise en miroir du trafic, limitation de bande passante et m\u00eame ajustement de certains champs d&rsquo;en-t\u00eate MAC et IP. La cage SFP prend en charge les modules SFP 1,25\u00a0Gb et SFP+ 10\u00a0Gb.<\/span><\/p>\n","protected":false},"excerpt":{"rendered":"<h2><span>Caract\u00e9ristiques<\/span><\/h2>\n<table class=\"table product-table\">\n<thead>\n<tr>\n<th colspan=\"2\"><span>D\u00e9tails<\/span><\/th>\n<\/tr>\n<\/thead>\n<tbody>\n<tr>\n<td><span>Code produit<\/span><\/td>\n<td><span>CRS326-24G-2S+RM<\/span><\/td>\n<\/tr>\n<tr>\n<td><span>Architecture<\/span><\/td>\n<td><span>ARM 32 bits<\/span><\/td>\n<\/tr>\n<tr>\n<td><span>processeur<\/span><\/td>\n<td><span>98DX3236<\/span><\/td>\n<\/tr>\n<tr>\n<td><span>Nombre de c\u0153urs du processeur<\/span><\/td>\n<td><span>1<\/span><\/td>\n<\/tr>\n<tr>\n<td><span>fr\u00e9quence nominale du processeur<\/span><\/td>\n<td><span>800 MHz<\/span><\/td>\n<\/tr>\n<tr>\n<td><span>Mod\u00e8le de puce de commutation<\/span><\/td>\n<td><span>98DX3236<\/span><\/td>\n<\/tr>\n<tr>\n<td><span>Dimensions<\/span><\/td>\n<td><span>443 x 144 x 44 mm<\/span><\/td>\n<\/tr>\n<tr>\n<td><span>Licence RouterOS<\/span><\/td>\n<td><span>5<\/span><\/td>\n<\/tr>\n<tr>\n<td><span>Syst\u00e8me op\u00e9rateur<\/span><\/td>\n<td><a href=\"https:\/\/help.mikrotik.com\/docs\/display\/ROS\/RouterOS\" target=\"_blank\" rel=\"noopener\"><span>RouterOS \/ SwitchOS<\/span><\/a><\/td>\n<\/tr>\n<tr>\n<td><span>Taille de la RAM<\/span><\/td>\n<td><span>512 Mo<\/span><\/td>\n<\/tr>\n<tr>\n<td><span>Taille de stockage<\/span><\/td>\n<td><span>16 Mo<\/span><\/td>\n<\/tr>\n<tr>\n<td><span>Type de stockage<\/span><\/td>\n<td><span>\u00c9CLAIR<\/span><\/td>\n<\/tr>\n<tr>\n<td><span>MTBF<\/span><\/td>\n<td><span>Environ 200 000 heures \u00e0 25 \u00b0C<\/span><\/td>\n<\/tr>\n<tr>\n<td><span>Temp\u00e9rature ambiante test\u00e9e<\/span><\/td>\n<td><span>-40\u00b0C \u00e0 60\u00b0C<\/span><\/td>\n<\/tr>\n<tr>\n<td><\/td>\n<td><\/td>\n<\/tr>\n<\/tbody>\n<\/table>\n<div class=\"clearfix\"><\/div>\n<h2><span>Mise sous tension<\/span><\/h2>\n<table class=\"table product-table\">\n<thead>\n<tr>\n<th colspan=\"2\"><span>D\u00e9tails<\/span><\/th>\n<\/tr>\n<\/thead>\n<tbody>\n<tr>\n<td><span>Nombre d&rsquo;entr\u00e9es CC<\/span><\/td>\n<td><span>2 (prise CC, PoE-IN)<\/span><\/td>\n<\/tr>\n<tr>\n<td><span>Tension d&rsquo;entr\u00e9e de la prise CC<\/span><\/td>\n<td><span>10-30 V<\/span><\/td>\n<\/tr>\n<tr>\n<td><span>Consommation \u00e9lectrique maximale<\/span><\/td>\n<td><span>24 W<\/span><\/td>\n<\/tr>\n<tr>\n<td><span>Type de refroidissement<\/span><\/td>\n<td><span>Passif<\/span><\/td>\n<\/tr>\n<tr>\n<td><span>PoE dans<\/span><\/td>\n<td><span>PoE passif<\/span><\/td>\n<\/tr>\n<tr>\n<td><span>PoE en tension d&rsquo;entr\u00e9e<\/span><\/td>\n<td><span>10-30 V<\/span><\/td>\n<\/tr>\n<\/tbody>\n<\/table>\n<div class=\"clearfix\"><\/div>\n<h2><span>Ethernet<\/span><\/h2>\n<table class=\"table product-table\">\n<thead>\n<tr>\n<th colspan=\"2\"><span>D\u00e9tails<\/span><\/th>\n<\/tr>\n<\/thead>\n<tbody>\n<tr>\n<td><span>Ports Ethernet 10\/100\/1000<\/span><\/td>\n<td><span>24<\/span><\/td>\n<\/tr>\n<\/tbody>\n<\/table>\n<div class=\"clearfix\"><\/div>\n<h2><span>Fibre<\/span><\/h2>\n<table class=\"table product-table\">\n<thead>\n<tr>\n<th colspan=\"2\"><span>D\u00e9tails<\/span><\/th>\n<\/tr>\n<\/thead>\n<tbody>\n<tr>\n<td><span>Ports SFP+<\/span><\/td>\n<td><span>2<\/span><\/td>\n<\/tr>\n<\/tbody>\n<\/table>\n<div class=\"clearfix\"><\/div>\n<h2><span>P\u00e9riph\u00e9riques<\/span><\/h2>\n<table class=\"table product-table\">\n<thead>\n<tr>\n<th colspan=\"2\"><span>D\u00e9tails<\/span><\/th>\n<\/tr>\n<\/thead>\n<tbody>\n<tr>\n<td><span>Port de console s\u00e9rie<\/span><\/td>\n<td><span>RJ45<\/span><\/td>\n<\/tr>\n<\/tbody>\n<\/table>\n<div class=\"clearfix\"><\/div>\n<h2><span>Certification et approbations<\/span><\/h2>\n<table class=\"table product-table\">\n<thead>\n<tr>\n<th colspan=\"2\"><span>D\u00e9tails<\/span><\/th>\n<\/tr>\n<\/thead>\n<tbody>\n<tr>\n<td><span>Certification<\/span><\/td>\n<td><span>CE, EAC, ROHS<\/span><\/td>\n<\/tr>\n<tr>\n<td><span>propri\u00e9t\u00e9 intellectuelle<\/span><\/td>\n<td><span>IP20<\/span><\/td>\n<\/tr>\n<\/tbody>\n<\/table>\n","protected":false},"featured_media":1756,"comment_status":"open","ping_status":"closed","template":"","meta":{"_joinchat":[]},"product_brand":[72],"product_cat":[35,42],"product_tag":[],"class_list":{"0":"post-1754","1":"product","2":"type-product","3":"status-publish","4":"has-post-thumbnail","6":"product_brand-mikrotik","7":"product_cat-informatiques","8":"product_cat-routeurs","10":"first","11":"instock","12":"shipping-taxable","13":"product-type-simple"},"_links":{"self":[{"href":"http:\/\/kraltechnologie.net\/index.php\/wp-json\/wp\/v2\/product\/1754","targetHints":{"allow":["GET"]}}],"collection":[{"href":"http:\/\/kraltechnologie.net\/index.php\/wp-json\/wp\/v2\/product"}],"about":[{"href":"http:\/\/kraltechnologie.net\/index.php\/wp-json\/wp\/v2\/types\/product"}],"replies":[{"embeddable":true,"href":"http:\/\/kraltechnologie.net\/index.php\/wp-json\/wp\/v2\/comments?post=1754"}],"version-history":[{"count":1,"href":"http:\/\/kraltechnologie.net\/index.php\/wp-json\/wp\/v2\/product\/1754\/revisions"}],"predecessor-version":[{"id":1757,"href":"http:\/\/kraltechnologie.net\/index.php\/wp-json\/wp\/v2\/product\/1754\/revisions\/1757"}],"wp:featuredmedia":[{"embeddable":true,"href":"http:\/\/kraltechnologie.net\/index.php\/wp-json\/wp\/v2\/media\/1756"}],"wp:attachment":[{"href":"http:\/\/kraltechnologie.net\/index.php\/wp-json\/wp\/v2\/media?parent=1754"}],"wp:term":[{"taxonomy":"product_brand","embeddable":true,"href":"http:\/\/kraltechnologie.net\/index.php\/wp-json\/wp\/v2\/product_brand?post=1754"},{"taxonomy":"product_cat","embeddable":true,"href":"http:\/\/kraltechnologie.net\/index.php\/wp-json\/wp\/v2\/product_cat?post=1754"},{"taxonomy":"product_tag","embeddable":true,"href":"http:\/\/kraltechnologie.net\/index.php\/wp-json\/wp\/v2\/product_tag?post=1754"}],"curies":[{"name":"wp","href":"https:\/\/api.w.org\/{rel}","templated":true}]}}