{"id":1758,"date":"2025-04-18T12:17:12","date_gmt":"2025-04-18T12:17:12","guid":{"rendered":"https:\/\/kraltechnologie.net\/?post_type=product&#038;p=1758"},"modified":"2025-04-18T12:21:59","modified_gmt":"2025-04-18T12:21:59","slug":"mikrotik-cap-ac","status":"publish","type":"product","link":"http:\/\/kraltechnologie.net\/index.php\/product\/mikrotik-cap-ac\/","title":{"rendered":"Mikrotik cAP ac"},"content":{"rendered":"<p><img loading=\"lazy\" decoding=\"async\" class=\"aligncenter wp-image-1761 size-full\" src=\"http:\/\/kraltechnologie.net\/wp-content\/uploads\/2025\/04\/Screenshot_68.png\" alt=\"\" width=\"859\" height=\"224\" srcset=\"http:\/\/kraltechnologie.net\/wp-content\/uploads\/2025\/04\/Screenshot_68.png 859w, http:\/\/kraltechnologie.net\/wp-content\/uploads\/2025\/04\/Screenshot_68-150x39.png 150w, http:\/\/kraltechnologie.net\/wp-content\/uploads\/2025\/04\/Screenshot_68-300x78.png 300w, http:\/\/kraltechnologie.net\/wp-content\/uploads\/2025\/04\/Screenshot_68-768x200.png 768w\" sizes=\"auto, (max-width: 859px) 100vw, 859px\" \/><\/p>\n<p><span>Le cAP ac est un point d&rsquo;acc\u00e8s sans fil performant et puissant, qui s&rsquo;int\u00e8gre parfaitement aux murs comme aux plafonds. Sa radio sans fil bi-bande simultan\u00e9e prend en charge les normes 802.11b\/g\/n \u00e0 2 GHz et 5 GHz en a\/n\/as, et offre une couverture \u00e0 360 degr\u00e9s.<\/span><\/p>\n<p><span>Bien que la radio prenne en charge le mode r\u00e9p\u00e9teur, les deux ports Ethernet vous permettent d&rsquo;\u00e9tendre votre r\u00e9seau par c\u00e2ble, m\u00eame si une alimentation PoE est requise. En effet, le cAP ac prend en charge l&rsquo;entr\u00e9e PoE 802.3af\/at sur le premier port et la sortie PoE passive sur le second. L&rsquo;appareil prend \u00e9galement en charge l&rsquo;acc\u00e9l\u00e9ration mat\u00e9rielle IPsec.<\/span><\/p>\n<p><span>&#8211; cAP ac (International) prend en charge les plages de fr\u00e9quences 2412-2484 MHz et 5150 MHz-5875 MHz (la plage de fr\u00e9quences sp\u00e9cifique peut \u00eatre limit\u00e9e par les r\u00e9glementations nationales).<\/span><\/p>\n<p>&nbsp;<\/p>\n<p><span>Le cAP ac-US (USA) est verrouill\u00e9 en usine pour les fr\u00e9quences 2412-2462 MHz, 5170-5250 MHz et 5725-5835 MHz. Ce verrouillage est irr\u00e9versible.<\/span><\/p>\n","protected":false},"excerpt":{"rendered":"<h2><span>Caract\u00e9ristiques<\/span><\/h2>\n<table class=\"table product-table\">\n<thead>\n<tr>\n<th colspan=\"2\"><span>D\u00e9tails<\/span><\/th>\n<\/tr>\n<\/thead>\n<tbody>\n<tr>\n<td><span>Code produit<\/span><\/td>\n<td><span>RBcAPGi-5acD2nD<\/span><\/td>\n<\/tr>\n<tr>\n<td><span>Architecture<\/span><\/td>\n<td><span>ARM 32 bits<\/span><\/td>\n<\/tr>\n<tr>\n<td><span>processeur<\/span><\/td>\n<td><span>IPQ-4018<\/span><\/td>\n<\/tr>\n<tr>\n<td><span>Nombre de c\u0153urs du processeur<\/span><\/td>\n<td><span>4<\/span><\/td>\n<\/tr>\n<tr>\n<td><span>fr\u00e9quence nominale du processeur<\/span><\/td>\n<td><span>488-896 MHz (automatique)<\/span><\/td>\n<\/tr>\n<tr>\n<td><span>Mod\u00e8le de puce de commutation<\/span><\/td>\n<td><span>IPQ-4018<\/span><\/td>\n<\/tr>\n<tr>\n<td><span>Dimensions<\/span><\/td>\n<td><span>Bo\u00eetier rond : \u2300 136 mm, hauteur : 30 mm ; Bo\u00eetier carr\u00e9 : 145 mm x 145 mm x 30 mm<\/span><\/td>\n<\/tr>\n<tr>\n<td><span>Licence RouterOS<\/span><\/td>\n<td><span>4<\/span><\/td>\n<\/tr>\n<tr>\n<td><span>Syst\u00e8me op\u00e9rateur<\/span><\/td>\n<td><a href=\"https:\/\/help.mikrotik.com\/docs\/display\/ROS\/RouterOS\" target=\"_blank\" rel=\"noopener\"><span>RouterOS<\/span><\/a><\/td>\n<\/tr>\n<tr>\n<td><span>Taille de la RAM<\/span><\/td>\n<td><span>128 Mo<\/span><\/td>\n<\/tr>\n<tr>\n<td><span>Taille de stockage<\/span><\/td>\n<td><span>16 Mo<\/span><\/td>\n<\/tr>\n<tr>\n<td><span>Type de stockage<\/span><\/td>\n<td><span>\u00c9CLAIR<\/span><\/td>\n<\/tr>\n<tr>\n<td><span>MTBF<\/span><\/td>\n<td><span>Environ 100 000 heures \u00e0 25 \u00b0C<\/span><\/td>\n<\/tr>\n<tr>\n<td><span>Temp\u00e9rature ambiante test\u00e9e<\/span><\/td>\n<td><span>-40\u00b0C \u00e0 50\u00b0C<\/span><\/td>\n<\/tr>\n<tr>\n<td><span>Acc\u00e9l\u00e9ration mat\u00e9rielle IPsec<\/span><\/td>\n<td><span>Oui<\/span><\/td>\n<\/tr>\n<tr>\n<td><\/td>\n<td><\/td>\n<\/tr>\n<\/tbody>\n<\/table>\n<div class=\"clearfix\"><\/div>\n<h2><span>Capacit\u00e9s sans fil<\/span><\/h2>\n<table class=\"table product-table\">\n<thead>\n<tr>\n<th colspan=\"2\"><span>D\u00e9tails<\/span><\/th>\n<\/tr>\n<\/thead>\n<tbody>\n<tr>\n<td><span>D\u00e9bit de donn\u00e9es maximal sans fil de 2,4 GHz<\/span><\/td>\n<td><span>300 Mbit\/s<\/span><\/td>\n<\/tr>\n<tr>\n<td><span>Nombre de cha\u00eenes sans fil 2,4 GHz<\/span><\/td>\n<td><span>2<\/span><\/td>\n<\/tr>\n<tr>\n<td><span>Normes sans fil 2,4 GHz<\/span><\/td>\n<td><span>802.11b\/g\/n<\/span><\/td>\n<\/tr>\n<tr>\n<td><span>Gain d&rsquo;antenne dBi pour 2,4 GHz<\/span><\/td>\n<td><span>2<\/span><\/td>\n<\/tr>\n<tr>\n<td><span>Mod\u00e8le de puce sans fil 2,4 GHz<\/span><\/td>\n<td><span>IPQ-4018<\/span><\/td>\n<\/tr>\n<tr>\n<td><span>G\u00e9n\u00e9ration sans fil 2,4 GHz<\/span><\/td>\n<td><span>Wi-Fi 4<\/span><\/td>\n<\/tr>\n<tr>\n<td><span>D\u00e9bit de donn\u00e9es maximal sans fil de 5 GHz<\/span><\/td>\n<td><span>867 Mbit\/s<\/span><\/td>\n<\/tr>\n<tr>\n<td><span>Nombre de cha\u00eenes sans fil 5 GHz<\/span><\/td>\n<td><span>2<\/span><\/td>\n<\/tr>\n<tr>\n<td><span>Normes sans fil 5 GHz<\/span><\/td>\n<td><span>802.11a\/n\/ac<\/span><\/td>\n<\/tr>\n<tr>\n<td><span>Gain d&rsquo;antenne dBi pour 5 GHz<\/span><\/td>\n<td><span>2,5<\/span><\/td>\n<\/tr>\n<tr>\n<td><span>Mod\u00e8le de puce sans fil 5 GHz<\/span><\/td>\n<td><span>IPQ-4018<\/span><\/td>\n<\/tr>\n<tr>\n<td><span>G\u00e9n\u00e9ration sans fil 5 GHz<\/span><\/td>\n<td><span>Wi-Fi 5<\/span><\/td>\n<\/tr>\n<tr>\n<td><span>Vitesse du Wi-Fi<\/span><\/td>\n<td><span>AC1200<\/span><\/td>\n<\/tr>\n<\/tbody>\n<\/table>\n<div class=\"clearfix\"><\/div>\n<h2><span>Ethernet<\/span><\/h2>\n<table class=\"table product-table\">\n<thead>\n<tr>\n<th colspan=\"2\"><span>D\u00e9tails<\/span><\/th>\n<\/tr>\n<\/thead>\n<tbody>\n<tr>\n<td><span>Ports Ethernet 10\/100\/1000<\/span><\/td>\n<td><span>2<\/span><\/td>\n<\/tr>\n<\/tbody>\n<\/table>\n<div class=\"clearfix\"><\/div>\n<h2><span>Mise sous tension<\/span><\/h2>\n<table class=\"table product-table\">\n<thead>\n<tr>\n<th colspan=\"2\"><span>D\u00e9tails<\/span><\/th>\n<\/tr>\n<\/thead>\n<tbody>\n<tr>\n<td><span>Nombre d&rsquo;entr\u00e9es CC<\/span><\/td>\n<td><span>1 (entr\u00e9e PoE)<\/span><\/td>\n<\/tr>\n<tr>\n<td><span>Consommation \u00e9lectrique maximale<\/span><\/td>\n<td><span>24 W<\/span><\/td>\n<\/tr>\n<tr>\n<td><span>Consommation \u00e9lectrique maximale sans accessoires<\/span><\/td>\n<td><span>12 W<\/span><\/td>\n<\/tr>\n<tr>\n<td><span>Type de refroidissement<\/span><\/td>\n<td><span>Passif<\/span><\/td>\n<\/tr>\n<tr>\n<td><span>PoE dans<\/span><\/td>\n<td><span>802.3af\/at<\/span><\/td>\n<\/tr>\n<tr>\n<td><span>PoE en tension d&rsquo;entr\u00e9e<\/span><\/td>\n<td><span>17-57 V<\/span><\/td>\n<\/tr>\n<\/tbody>\n<\/table>\n<div class=\"clearfix\"><\/div>\n<h2><span>Sortie PoE<\/span><\/h2>\n<table class=\"table product-table\">\n<thead>\n<tr>\n<th colspan=\"2\"><span>D\u00e9tails<\/span><\/th>\n<\/tr>\n<\/thead>\n<tbody>\n<tr>\n<td><span>Ports de sortie PoE<\/span><\/td>\n<td><span>Ether2<\/span><\/td>\n<\/tr>\n<tr>\n<td><span>Sortie PoE<\/span><\/td>\n<td><span>PoE passif jusqu&rsquo;\u00e0 57 V<\/span><\/td>\n<\/tr>\n<tr>\n<td><span>Sortie maximale par port (entr\u00e9e 18-30 V)<\/span><\/td>\n<td><span>500 mA<\/span><\/td>\n<\/tr>\n<tr>\n<td><span>Sortie maximale par port (entr\u00e9e 30-57 V)<\/span><\/td>\n<td><span>400 mA<\/span><\/td>\n<\/tr>\n<tr>\n<td><span>Sortie totale maximale (A)<\/span><\/td>\n<td><span>500 mA<\/span><\/td>\n<\/tr>\n<\/tbody>\n<\/table>\n<div class=\"clearfix\"><\/div>\n<h2><span>Certification et approbations<\/span><\/h2>\n<table class=\"table product-table\">\n<thead>\n<tr>\n<th colspan=\"2\"><span>D\u00e9tails<\/span><\/th>\n<\/tr>\n<\/thead>\n<tbody>\n<tr>\n<td><span>Certification<\/span><\/td>\n<td><span>CE, FCC, IC, EAC, ROHS<\/span><\/td>\n<\/tr>\n<tr>\n<td><span>propri\u00e9t\u00e9 intellectuelle<\/span><\/td>\n<td><span>20<\/span><\/td>\n<\/tr>\n<\/tbody>\n<\/table>\n<div class=\"clearfix\"><\/div>\n<h2><span>Autre<\/span><\/h2>\n<table class=\"table product-table\">\n<thead>\n<tr>\n<th colspan=\"2\"><span>D\u00e9tails<\/span><\/th>\n<\/tr>\n<\/thead>\n<tbody>\n<tr>\n<td><span>Bouton de mode<\/span><\/td>\n<td><span>Oui<\/span><\/td>\n<\/tr>\n<\/tbody>\n<\/table>\n<div class=\"clearfix\"><\/div>\n<h2><span>Sp\u00e9cifications sans fil<\/span><\/h2>\n<table class=\"table product-table\">\n<thead>\n<tr>\n<th><span>2,4 GHz<\/span><\/th>\n<th><span>Transmission (dBm)<\/span><\/th>\n<th><span>Sensibilit\u00e9 de r\u00e9ception<\/span><\/th>\n<\/tr>\n<\/thead>\n<tbody>\n<tr>\n<td><span>1 Mbit\/s<\/span><\/td>\n<td><span>26<\/span><\/td>\n<td><span>-100<\/span><\/td>\n<\/tr>\n<tr>\n<td><span>11 Mbit\/s<\/span><\/td>\n<td><span>26<\/span><\/td>\n<td><span>-94<\/span><\/td>\n<\/tr>\n<tr>\n<td><span>6 Mbit\/s<\/span><\/td>\n<td><span>26<\/span><\/td>\n<td><span>-96<\/span><\/td>\n<\/tr>\n<tr>\n<td><span>54 Mbit\/s<\/span><\/td>\n<td><span>23<\/span><\/td>\n<td><span>-78<\/span><\/td>\n<\/tr>\n<tr>\n<td><span>MCS0<\/span><\/td>\n<td><span>26<\/span><\/td>\n<td><span>-96<\/span><\/td>\n<\/tr>\n<tr>\n<td><span>MCS7<\/span><\/td>\n<td><span>22<\/span><\/td>\n<td><span>-73<\/span><\/td>\n<\/tr>\n<\/tbody>\n<\/table>\n<div class=\"clearfix\"><\/div>\n<table class=\"table product-table\">\n<thead>\n<tr>\n<th><span>5 GHz<\/span><\/th>\n<th><span>Transmission (dBm)<\/span><\/th>\n<th><span>Sensibilit\u00e9 de r\u00e9ception<\/span><\/th>\n<\/tr>\n<\/thead>\n<tbody>\n<tr>\n<td><span>6 Mbit\/s<\/span><\/td>\n<td><span>26<\/span><\/td>\n<td><span>-96<\/span><\/td>\n<\/tr>\n<tr>\n<td><span>54 Mbit\/s<\/span><\/td>\n<td><span>21<\/span><\/td>\n<td><span>-80<\/span><\/td>\n<\/tr>\n<tr>\n<td><span>MCS0<\/span><\/td>\n<td><span>26<\/span><\/td>\n<td><span>-96<\/span><\/td>\n<\/tr>\n<tr>\n<td><span>MCS7<\/span><\/td>\n<td><span>20<\/span><\/td>\n<td><span>-75<\/span><\/td>\n<\/tr>\n<tr>\n<td><span>MCS9<\/span><\/td>\n<td><span>18<\/span><\/td>\n<td><span>-70<\/span><\/td>\n<\/tr>\n<\/tbody>\n<\/table>\n","protected":false},"featured_media":1759,"comment_status":"open","ping_status":"closed","template":"","meta":{"_joinchat":[]},"product_brand":[72],"product_cat":[85,35],"product_tag":[],"class_list":{"0":"post-1758","1":"product","2":"type-product","3":"status-publish","4":"has-post-thumbnail","6":"product_brand-mikrotik","7":"product_cat-antenne","8":"product_cat-informatiques","10":"first","11":"instock","12":"shipping-taxable","13":"product-type-simple"},"_links":{"self":[{"href":"http:\/\/kraltechnologie.net\/index.php\/wp-json\/wp\/v2\/product\/1758","targetHints":{"allow":["GET"]}}],"collection":[{"href":"http:\/\/kraltechnologie.net\/index.php\/wp-json\/wp\/v2\/product"}],"about":[{"href":"http:\/\/kraltechnologie.net\/index.php\/wp-json\/wp\/v2\/types\/product"}],"replies":[{"embeddable":true,"href":"http:\/\/kraltechnologie.net\/index.php\/wp-json\/wp\/v2\/comments?post=1758"}],"version-history":[{"count":1,"href":"http:\/\/kraltechnologie.net\/index.php\/wp-json\/wp\/v2\/product\/1758\/revisions"}],"predecessor-version":[{"id":1762,"href":"http:\/\/kraltechnologie.net\/index.php\/wp-json\/wp\/v2\/product\/1758\/revisions\/1762"}],"wp:featuredmedia":[{"embeddable":true,"href":"http:\/\/kraltechnologie.net\/index.php\/wp-json\/wp\/v2\/media\/1759"}],"wp:attachment":[{"href":"http:\/\/kraltechnologie.net\/index.php\/wp-json\/wp\/v2\/media?parent=1758"}],"wp:term":[{"taxonomy":"product_brand","embeddable":true,"href":"http:\/\/kraltechnologie.net\/index.php\/wp-json\/wp\/v2\/product_brand?post=1758"},{"taxonomy":"product_cat","embeddable":true,"href":"http:\/\/kraltechnologie.net\/index.php\/wp-json\/wp\/v2\/product_cat?post=1758"},{"taxonomy":"product_tag","embeddable":true,"href":"http:\/\/kraltechnologie.net\/index.php\/wp-json\/wp\/v2\/product_tag?post=1758"}],"curies":[{"name":"wp","href":"https:\/\/api.w.org\/{rel}","templated":true}]}}