{"id":1767,"date":"2025-04-18T12:46:06","date_gmt":"2025-04-18T12:46:06","guid":{"rendered":"https:\/\/kraltechnologie.net\/?post_type=product&#038;p=1767"},"modified":"2025-04-18T12:49:53","modified_gmt":"2025-04-18T12:49:53","slug":"unifi-uap-ac-lr-ubiquiti","status":"publish","type":"product","link":"http:\/\/kraltechnologie.net\/index.php\/product\/unifi-uap-ac-lr-ubiquiti\/","title":{"rendered":"Unifi UAP AC LR \u2013 Ubiquiti"},"content":{"rendered":"<p><img loading=\"lazy\" decoding=\"async\" class=\"aligncenter wp-image-1768 size-full\" src=\"http:\/\/kraltechnologie.net\/wp-content\/uploads\/2025\/04\/Screenshot_69.png\" alt=\"\" width=\"1180\" height=\"417\" srcset=\"http:\/\/kraltechnologie.net\/wp-content\/uploads\/2025\/04\/Screenshot_69.png 1180w, http:\/\/kraltechnologie.net\/wp-content\/uploads\/2025\/04\/Screenshot_69-150x53.png 150w, http:\/\/kraltechnologie.net\/wp-content\/uploads\/2025\/04\/Screenshot_69-300x106.png 300w, http:\/\/kraltechnologie.net\/wp-content\/uploads\/2025\/04\/Screenshot_69-1024x362.png 1024w, http:\/\/kraltechnologie.net\/wp-content\/uploads\/2025\/04\/Screenshot_69-768x271.png 768w\" sizes=\"auto, (max-width: 1180px) 100vw, 1180px\" \/><\/p>\n<p>Point d&rsquo;acc\u00e8s WiFi 5 mont\u00e9 au plafond avec 5 flux spatiaux et port\u00e9e de signal \u00e9tendue.<\/p>\n","protected":false},"excerpt":{"rendered":"<p>&nbsp;<\/p>\n<div class=\"sc-gg9xm2-1 jjEjYH\">\n<div class=\"sc-gg9xm2-2 kXfag\">Aper\u00e7u<\/div>\n<\/div>\n<div class=\"sc-gg9xm2-1 jjEjYH\">\n<div class=\"sc-gg9xm2-4 cWhwca\">Dimensions<\/div>\n<div class=\"sc-gg9xm2-4 cWhwca\">\u00d8175,7 x 43,2 mm (\u00d86,9 x 1,7&Prime;)<\/div>\n<\/div>\n<div class=\"sc-gg9xm2-1 jjEjYH\">\n<div class=\"sc-gg9xm2-4 cWhwca\">Norme Wi-Fi<\/div>\n<div class=\"sc-gg9xm2-4 cWhwca\">Wi-Fi 5<\/div>\n<\/div>\n<div class=\"sc-gg9xm2-1 jjEjYH\">\n<div class=\"sc-gg9xm2-4 cWhwca\">Flux spatiaux<\/div>\n<div class=\"sc-gg9xm2-4 cWhwca\">5<\/div>\n<\/div>\n<div class=\"sc-gg9xm2-1 jjEjYH\">\n<div class=\"sc-gg9xm2-4 cWhwca\">Zone de couverture<\/div>\n<div class=\"sc-gg9xm2-4 cWhwca\">185 m\u00b2 (2 000 pi\u00b2)<\/div>\n<\/div>\n<div class=\"sc-gg9xm2-1 jjEjYH\">\n<div class=\"sc-gg9xm2-4 cWhwca\">Nombre maximal de clients<\/div>\n<div class=\"sc-gg9xm2-4 cWhwca\">250+<\/div>\n<\/div>\n<div class=\"sc-gg9xm2-1 jjEjYH\">\n<div class=\"sc-gg9xm2-4 cWhwca\">Liaison montante<\/div>\n<div class=\"sc-gg9xm2-4 cWhwca\">GbE<\/div>\n<\/div>\n<div class=\"sc-gg9xm2-1 jjEjYH\">\n<div class=\"sc-gg9xm2-4 cWhwca\">Montage<\/div>\n<div class=\"sc-gg9xm2-4 cWhwca\">Plafond, mur (support l\u00e9ger inclus)<\/div>\n<\/div>\n<div class=\"sc-gg9xm2-1 jjEjYH\">\n<div class=\"sc-gg9xm2-4 cWhwca\">M\u00e9thode de puissance<\/div>\n<div class=\"sc-gg9xm2-4 cWhwca\">PoE<\/div>\n<\/div>\n<div class=\"sc-gg9xm2-3 fXwwgh\"><\/div>\n<div class=\"sc-gg9xm2-1 jjEjYH\">\n<div class=\"sc-gg9xm2-2 kXfag\">Performance<\/div>\n<\/div>\n<div class=\"sc-gg9xm2-1 jjEjYH\">\n<div class=\"sc-gg9xm2-4 cWhwca\">MIMO<\/div>\n<\/div>\n<div class=\"sc-gg9xm2-1 jjEjYH\">\n<div class=\"sc-gg9xm2-5 kOMyKs\"><\/div>\n<div class=\"sc-gg9xm2-6 evhIrt\"><\/div>\n<div class=\"sc-gg9xm2-4 fqSZyF\">5 GHz<\/div>\n<div class=\"sc-gg9xm2-4 cWhwca\">2 x 2 (DL MU-MIMO)<\/div>\n<\/div>\n<div class=\"sc-gg9xm2-1 jjEjYH\">\n<div class=\"sc-gg9xm2-5 gWPLTd\"><\/div>\n<div class=\"sc-gg9xm2-6 evhIrt\"><\/div>\n<div class=\"sc-gg9xm2-4 fqSZyF\">2,4 GHz<\/div>\n<div class=\"sc-gg9xm2-4 cWhwca\">3 x 3 (DL MU-MIMO)<\/div>\n<\/div>\n<div class=\"sc-gg9xm2-1 jjEjYH\">\n<div class=\"sc-gg9xm2-4 cWhwca\">D\u00e9bit de donn\u00e9es maximal<\/div>\n<\/div>\n<div class=\"sc-gg9xm2-1 jjEjYH\">\n<div class=\"sc-gg9xm2-5 kOMyKs\"><\/div>\n<div class=\"sc-gg9xm2-6 evhIrt\"><\/div>\n<div class=\"sc-gg9xm2-4 fqSZyF\">5 GHz<\/div>\n<div class=\"sc-gg9xm2-4 cWhwca\">867 Mbps (BW80)<\/div>\n<\/div>\n<div class=\"sc-gg9xm2-1 jjEjYH\">\n<div class=\"sc-gg9xm2-5 gWPLTd\"><\/div>\n<div class=\"sc-gg9xm2-6 evhIrt\"><\/div>\n<div class=\"sc-gg9xm2-4 fqSZyF\">2,4 GHz<\/div>\n<div class=\"sc-gg9xm2-4 cWhwca\">450 Mbps (BW40)<\/div>\n<\/div>\n<div class=\"sc-gg9xm2-1 jjEjYH\">\n<div class=\"sc-gg9xm2-4 cWhwca\">Gain d&rsquo;antenne<\/div>\n<\/div>\n<div class=\"sc-gg9xm2-1 jjEjYH\">\n<div class=\"sc-gg9xm2-5 kOMyKs\"><\/div>\n<div class=\"sc-gg9xm2-6 evhIrt\"><\/div>\n<div class=\"sc-gg9xm2-4 fqSZyF\">5 GHz<\/div>\n<div class=\"sc-gg9xm2-4 cWhwca\">3 dBi<\/div>\n<\/div>\n<div class=\"sc-gg9xm2-1 jjEjYH\">\n<div class=\"sc-gg9xm2-5 gWPLTd\"><\/div>\n<div class=\"sc-gg9xm2-6 evhIrt\"><\/div>\n<div class=\"sc-gg9xm2-4 fqSZyF\">2,4 GHz<\/div>\n<div class=\"sc-gg9xm2-4 cWhwca\">3 dBi<\/div>\n<\/div>\n<div class=\"sc-gg9xm2-1 jjEjYH\">\n<div class=\"sc-gg9xm2-4 cWhwca\">Puissance d&rsquo;\u00e9mission maximale<\/div>\n<\/div>\n<div class=\"sc-gg9xm2-1 jjEjYH\">\n<div class=\"sc-gg9xm2-5 kOMyKs\"><\/div>\n<div class=\"sc-gg9xm2-6 evhIrt\"><\/div>\n<div class=\"sc-gg9xm2-4 fqSZyF\">5 GHz<\/div>\n<div class=\"sc-gg9xm2-4 cWhwca\">22 dBm<\/div>\n<\/div>\n<div class=\"sc-gg9xm2-1 jjEjYH\">\n<div class=\"sc-gg9xm2-5 gWPLTd\"><\/div>\n<div class=\"sc-gg9xm2-6 evhIrt\"><\/div>\n<div class=\"sc-gg9xm2-4 fqSZyF\">2,4 GHz<\/div>\n<div class=\"sc-gg9xm2-4 cWhwca\">24 dBm<\/div>\n<\/div>\n<div class=\"sc-gg9xm2-1 jjEjYH\">\n<div class=\"sc-gg9xm2-4 cWhwca\">Nombre maximal de BSSID<\/div>\n<div class=\"sc-gg9xm2-4 cWhwca\">8 par radio<\/div>\n<\/div>\n<div class=\"sc-gg9xm2-1 jjEjYH\">\n<div class=\"sc-gg9xm2-4 cWhwca\">D\u00e9bits de donn\u00e9es pris en charge<\/div>\n<\/div>\n<div class=\"sc-gg9xm2-1 jjEjYH\">\n<div class=\"sc-gg9xm2-5 kOMyKs\"><\/div>\n<div class=\"sc-gg9xm2-6 evhIrt\"><\/div>\n<div class=\"sc-gg9xm2-4 fqSZyF\">802.11ac (WiFi 5)<\/div>\n<div class=\"sc-gg9xm2-4 cWhwca\">6,5 Mbps \u00e0 867 Mbps (MCS0 &#8211; MCS9 NSS1\/2, VHT 20\/40\/80)<\/div>\n<\/div>\n<div class=\"sc-gg9xm2-1 jjEjYH\">\n<div class=\"sc-gg9xm2-5 gWPLTd\"><\/div>\n<div class=\"sc-gg9xm2-6 evhIrt\"><\/div>\n<div class=\"sc-gg9xm2-4 fqSZyF\">802.11n<\/div>\n<div class=\"sc-gg9xm2-4 cWhwca\">6,5 Mbps \u00e0 450 Mbps (MCS0 &#8211; MCS23, HT 20\/40)<\/div>\n<\/div>\n<div class=\"sc-gg9xm2-3 fXwwgh\"><\/div>\n<div class=\"sc-gg9xm2-1 jjEjYH\">\n<div class=\"sc-gg9xm2-2 kXfag\">Caract\u00e9ristiques<\/div>\n<\/div>\n<div class=\"sc-gg9xm2-1 jjEjYH\">\n<div class=\"sc-gg9xm2-4 cWhwca\">Maillage sans fil<\/div>\n<div class=\"sc-gg9xm2-4 cWhwca\">Oui<\/div>\n<\/div>\n<div class=\"sc-gg9xm2-1 jjEjYH\">\n<div class=\"sc-gg9xm2-4 cWhwca\">Direction de bande<\/div>\n<div class=\"sc-gg9xm2-4 cWhwca\">Oui<\/div>\n<\/div>\n<div class=\"sc-gg9xm2-1 jjEjYH\">\n<div class=\"sc-gg9xm2-4 cWhwca\">Gestion de la transition BSS 802.11v<\/div>\n<div class=\"sc-gg9xm2-4 cWhwca\">Oui<\/div>\n<\/div>\n<div class=\"sc-gg9xm2-1 jjEjYH\">\n<div class=\"sc-gg9xm2-4 cWhwca\">Itin\u00e9rance rapide 802.11r<\/div>\n<div class=\"sc-gg9xm2-4 cWhwca\">Oui<\/div>\n<\/div>\n<div class=\"sc-gg9xm2-1 jjEjYH\">\n<div class=\"sc-gg9xm2-4 cWhwca\">Gestion des ressources radio 802.11k (RRM)<\/div>\n<div class=\"sc-gg9xm2-4 cWhwca\">Oui<\/div>\n<\/div>\n<div class=\"sc-gg9xm2-1 jjEjYH\">\n<div class=\"sc-gg9xm2-4 cWhwca\">Gestion radio avanc\u00e9e<\/div>\n<div class=\"sc-gg9xm2-4 cWhwca\">Oui<\/div>\n<\/div>\n<div class=\"sc-gg9xm2-1 jjEjYH\">\n<div class=\"sc-gg9xm2-4 cWhwca\">Passpoint (Hotspot 2.0)<\/div>\n<div class=\"sc-gg9xm2-4 cWhwca\">Oui<\/div>\n<\/div>\n<div class=\"sc-gg9xm2-1 jjEjYH\">\n<div class=\"sc-gg9xm2-4 cWhwca\">Portail de point d&rsquo;acc\u00e8s captif<\/div>\n<\/div>\n<div class=\"sc-gg9xm2-1 jjEjYH\">\n<div class=\"sc-gg9xm2-5 kOMyKs\"><\/div>\n<div class=\"sc-gg9xm2-6 evhIrt\"><\/div>\n<div class=\"sc-gg9xm2-4 fqSZyF\">Page de destination de marque personnalis\u00e9e<\/div>\n<div class=\"sc-gg9xm2-4 cWhwca\">Oui<\/div>\n<\/div>\n<div class=\"sc-gg9xm2-1 jjEjYH\">\n<div class=\"sc-gg9xm2-5 kOMyKs\"><\/div>\n<div class=\"sc-gg9xm2-6 evhIrt\"><\/div>\n<div class=\"sc-gg9xm2-4 fqSZyF\">Authentification des bons<\/div>\n<div class=\"sc-gg9xm2-4 cWhwca\">Oui<\/div>\n<\/div>\n<div class=\"sc-gg9xm2-1 jjEjYH\">\n<div class=\"sc-gg9xm2-5 kOMyKs\"><\/div>\n<div class=\"sc-gg9xm2-6 evhIrt\"><\/div>\n<div class=\"sc-gg9xm2-4 fqSZyF\">Authentification bas\u00e9e sur le paiement<\/div>\n<div class=\"sc-gg9xm2-4 cWhwca\">Oui<\/div>\n<\/div>\n<div class=\"sc-gg9xm2-1 jjEjYH\">\n<div class=\"sc-gg9xm2-5 kOMyKs\"><\/div>\n<div class=\"sc-gg9xm2-6 evhIrt\"><\/div>\n<div class=\"sc-gg9xm2-4 fqSZyF\">Prise en charge du serveur de portail externe<\/div>\n<div class=\"sc-gg9xm2-4 cWhwca\">Oui<\/div>\n<\/div>\n<div class=\"sc-gg9xm2-1 jjEjYH\">\n<div class=\"sc-gg9xm2-5 kOMyKs\"><\/div>\n<div class=\"sc-gg9xm2-6 evhIrt\"><\/div>\n<div class=\"sc-gg9xm2-4 fqSZyF\">Authentification par mot de passe<\/div>\n<div class=\"sc-gg9xm2-4 cWhwca\">Oui<\/div>\n<\/div>\n<div class=\"sc-gg9xm2-1 jjEjYH\">\n<div class=\"sc-gg9xm2-5 gWPLTd\"><\/div>\n<div class=\"sc-gg9xm2-6 evhIrt\"><\/div>\n<div class=\"sc-gg9xm2-4 fqSZyF\">Isolation du r\u00e9seau invit\u00e9<\/div>\n<div class=\"sc-gg9xm2-4 cWhwca\">Oui<\/div>\n<\/div>\n<div class=\"sc-gg9xm2-1 jjEjYH\">\n<div class=\"sc-gg9xm2-4 cWhwca\">Cl\u00e9 priv\u00e9e pr\u00e9-partag\u00e9e (PPSK)<\/div>\n<div class=\"sc-gg9xm2-4 cWhwca\">Oui<\/div>\n<\/div>\n<div class=\"sc-gg9xm2-1 jjEjYH\">\n<div class=\"sc-gg9xm2-4 cWhwca\">Limitation de vitesse Wi-Fi<\/div>\n<div class=\"sc-gg9xm2-4 cWhwca\">Oui<\/div>\n<\/div>\n<div class=\"sc-gg9xm2-1 jjEjYH\">\n<div class=\"sc-gg9xm2-4 cWhwca\">Isolation du p\u00e9riph\u00e9rique client<\/div>\n<div class=\"sc-gg9xm2-4 cWhwca\">Oui<\/div>\n<\/div>\n<div class=\"sc-gg9xm2-1 jjEjYH\">\n<div class=\"sc-gg9xm2-4 cWhwca\">Horaires Wi-Fi<\/div>\n<div class=\"sc-gg9xm2-4 cWhwca\">Oui<\/div>\n<\/div>\n<div class=\"sc-gg9xm2-1 jjEjYH\">\n<div class=\"sc-gg9xm2-4 cWhwca\">RADIUS sur TLS (RadSec)<\/div>\n<div class=\"sc-gg9xm2-4 cWhwca\">Oui<\/div>\n<\/div>\n<div class=\"sc-gg9xm2-1 jjEjYH\">\n<div class=\"sc-gg9xm2-4 cWhwca\">VLAN attribu\u00e9 par RADIUS dynamique<\/div>\n<div class=\"sc-gg9xm2-4 cWhwca\">Oui<\/div>\n<\/div>\n<div class=\"sc-gg9xm2-3 fXwwgh\"><\/div>\n<div class=\"sc-gg9xm2-1 jjEjYH\">\n<div class=\"sc-gg9xm2-2 kXfag\">Mat\u00e9riel<\/div>\n<\/div>\n<div class=\"sc-gg9xm2-1 jjEjYH\">\n<div class=\"sc-gg9xm2-4 cWhwca\">Consommation \u00e9lectrique maximale<\/div>\n<div class=\"sc-gg9xm2-4 cWhwca\">6,5 W<\/div>\n<\/div>\n<div class=\"sc-gg9xm2-1 jjEjYH\">\n<div class=\"sc-gg9xm2-4 cWhwca\">Comprend un adaptateur PoE<\/div>\n<div class=\"sc-gg9xm2-4 cWhwca\">Oui<\/div>\n<\/div>\n<div class=\"sc-gg9xm2-1 jjEjYH\">\n<div class=\"sc-gg9xm2-4 cWhwca\">Interface r\u00e9seau<\/div>\n<div class=\"sc-gg9xm2-4 cWhwca\">(1) Port RJ45 GbE<\/div>\n<\/div>\n<div class=\"sc-gg9xm2-1 jjEjYH\">\n<div class=\"sc-gg9xm2-4 cWhwca\">Poids<\/div>\n<div class=\"sc-gg9xm2-4 cWhwca\">Appareil : 240 g (8,5 oz) Avec support : 315 g (11,1 oz)<\/div>\n<\/div>\n<div class=\"sc-gg9xm2-1 jjEjYH\">\n<div class=\"sc-gg9xm2-4 cWhwca\">Gestion<\/div>\n<div class=\"sc-gg9xm2-4 cWhwca\">Ethernet<\/div>\n<\/div>\n<div class=\"sc-gg9xm2-1 jjEjYH\">\n<div class=\"sc-gg9xm2-4 cWhwca\">Mat\u00e9riau du bo\u00eetier<\/div>\n<div class=\"sc-gg9xm2-4 cWhwca\">Polycarbonate<\/div>\n<\/div>\n<div class=\"sc-gg9xm2-1 jjEjYH\">\n<div class=\"sc-gg9xm2-4 cWhwca\">LED<\/div>\n<\/div>\n<div class=\"sc-gg9xm2-1 jjEjYH\">\n<div class=\"sc-gg9xm2-5 gWPLTd\"><\/div>\n<div class=\"sc-gg9xm2-6 evhIrt\"><\/div>\n<div class=\"sc-gg9xm2-4 fqSZyF\">Syst\u00e8me<\/div>\n<div class=\"sc-gg9xm2-4 cWhwca\">Statut<\/div>\n<\/div>\n<div class=\"sc-gg9xm2-1 jjEjYH\">\n<div class=\"sc-gg9xm2-4 cWhwca\">Bande passante du canal<\/div>\n<div class=\"sc-gg9xm2-4 cWhwca\">HT 20\/40, VHT 20\/40\/80 (MHz)<\/div>\n<\/div>\n<div class=\"sc-gg9xm2-1 jjEjYH\">\n<div class=\"sc-gg9xm2-4 cWhwca\">Certifications<\/div>\n<div class=\"sc-gg9xm2-4 cWhwca\">CE, FCC, IC<\/div>\n<\/div>\n<div class=\"sc-gg9xm2-1 jjEjYH\">\n<div class=\"sc-gg9xm2-4 cWhwca\">Conforme \u00e0 la NDAA<\/div>\n<div class=\"sc-gg9xm2-4 cWhwca\">Oui<\/div>\n<\/div>\n<div class=\"sc-gg9xm2-1 jjEjYH\">\n<div class=\"sc-gg9xm2-4 cWhwca\">Fr\u00e9quence de fonctionnement<\/div>\n<div class=\"sc-gg9xm2-4 cWhwca\">\u00c9tats-Unis\/CA : 2 400 &#8211; 2 472 MHz U-NII-1 : 5 150 &#8211; 5 250 MHz U-NII-2A : 5 250 &#8211; 5 350 MHz U-NII-2C : 5 470 &#8211; 5 725 MHz U-NII-3 : 5 725 &#8211; 5 850 MHz Dans le monde entier : 2 400 &#8211; 2 483,5 MHz 5 150 &#8211; 5725 MHz<\/div>\n<\/div>\n<div class=\"sc-gg9xm2-1 jjEjYH\">\n<div class=\"sc-gg9xm2-4 cWhwca\">Temp\u00e9rature ambiante de fonctionnement<\/div>\n<div class=\"sc-gg9xm2-4 cWhwca\">-10 \u00e0 70\u00b0 C (14 \u00e0 158\u00b0 F)<\/div>\n<\/div>\n<div class=\"sc-gg9xm2-1 jjEjYH\">\n<div class=\"sc-gg9xm2-4 cWhwca\">Humidit\u00e9 ambiante de fonctionnement<\/div>\n<div class=\"sc-gg9xm2-4 cWhwca\">5 \u00e0 95 % sans condensation<\/div>\n<\/div>\n<div class=\"sc-gg9xm2-3 fXwwgh\"><\/div>\n<div class=\"sc-gg9xm2-1 jjEjYH\">\n<div class=\"sc-gg9xm2-2 kXfag\">Logiciel<\/div>\n<\/div>\n<div class=\"sc-gg9xm2-1 jjEjYH\">\n<div class=\"sc-gg9xm2-4 cWhwca\">Conditions d&rsquo;application<\/div>\n<\/div>\n<div class=\"sc-gg9xm2-1 jjEjYH\">\n<div class=\"sc-gg9xm2-5 gWPLTd\"><\/div>\n<div class=\"sc-gg9xm2-6 evhIrt\"><\/div>\n<div class=\"sc-gg9xm2-4 fqSZyF\">R\u00e9seau UniFi<\/div>\n<div class=\"sc-gg9xm2-4 cWhwca\">Version 6.0.45 et ult\u00e9rieures<\/div>\n<\/div>\n","protected":false},"featured_media":1770,"comment_status":"open","ping_status":"closed","template":"","meta":{"_joinchat":[]},"product_brand":[90],"product_cat":[85,35],"product_tag":[],"class_list":{"0":"post-1767","1":"product","2":"type-product","3":"status-publish","4":"has-post-thumbnail","6":"product_brand-ubiquiti","7":"product_cat-antenne","8":"product_cat-informatiques","10":"first","11":"instock","12":"shipping-taxable","13":"product-type-simple"},"_links":{"self":[{"href":"http:\/\/kraltechnologie.net\/index.php\/wp-json\/wp\/v2\/product\/1767","targetHints":{"allow":["GET"]}}],"collection":[{"href":"http:\/\/kraltechnologie.net\/index.php\/wp-json\/wp\/v2\/product"}],"about":[{"href":"http:\/\/kraltechnologie.net\/index.php\/wp-json\/wp\/v2\/types\/product"}],"replies":[{"embeddable":true,"href":"http:\/\/kraltechnologie.net\/index.php\/wp-json\/wp\/v2\/comments?post=1767"}],"version-history":[{"count":1,"href":"http:\/\/kraltechnologie.net\/index.php\/wp-json\/wp\/v2\/product\/1767\/revisions"}],"predecessor-version":[{"id":1771,"href":"http:\/\/kraltechnologie.net\/index.php\/wp-json\/wp\/v2\/product\/1767\/revisions\/1771"}],"wp:featuredmedia":[{"embeddable":true,"href":"http:\/\/kraltechnologie.net\/index.php\/wp-json\/wp\/v2\/media\/1770"}],"wp:attachment":[{"href":"http:\/\/kraltechnologie.net\/index.php\/wp-json\/wp\/v2\/media?parent=1767"}],"wp:term":[{"taxonomy":"product_brand","embeddable":true,"href":"http:\/\/kraltechnologie.net\/index.php\/wp-json\/wp\/v2\/product_brand?post=1767"},{"taxonomy":"product_cat","embeddable":true,"href":"http:\/\/kraltechnologie.net\/index.php\/wp-json\/wp\/v2\/product_cat?post=1767"},{"taxonomy":"product_tag","embeddable":true,"href":"http:\/\/kraltechnologie.net\/index.php\/wp-json\/wp\/v2\/product_tag?post=1767"}],"curies":[{"name":"wp","href":"https:\/\/api.w.org\/{rel}","templated":true}]}}