{"id":1772,"date":"2025-04-18T12:50:40","date_gmt":"2025-04-18T12:50:40","guid":{"rendered":"https:\/\/kraltechnologie.net\/?post_type=product&#038;p=1772"},"modified":"2025-04-22T12:13:17","modified_gmt":"2025-04-22T12:13:17","slug":"ubiquiti-airmax-rocket-prism-5ac","status":"publish","type":"product","link":"http:\/\/kraltechnologie.net\/index.php\/product\/ubiquiti-airmax-rocket-prism-5ac\/","title":{"rendered":"Ubiquiti airMAX Rocket Prism 5AC"},"content":{"rendered":"<p>Station de base 5 GHz hautes performances pour liaisons PtMP ou PtP. D\u00e9bit de donn\u00e9es jusqu&rsquo;\u00e0 plus de 500 Mbit\/s.<\/p>\n","protected":false},"excerpt":{"rendered":"<table id=\"product-attribute-specs-table\" class=\"data-table\">\n<colgroup>\n<col width=\"25%\" \/>\n<col \/><\/colgroup>\n<tbody>\n<tr>\n<th colspan=\"100%\"><span>M\u00e9canique<\/span><\/th>\n<\/tr>\n<tr>\n<td class=\"key\"><span>Dimensions<\/span><\/td>\n<td class=\"value\"><span>88 x 40 x 230 mm (3,5 x 1,6 x 9,1&Prime;)<\/span><\/td>\n<\/tr>\n<tr>\n<td class=\"key\"><span>Poids<\/span><\/td>\n<td class=\"value\"><span>400 g (14,1 oz)<\/span><\/td>\n<\/tr>\n<tr>\n<td class=\"key\"><span>Mat\u00e9riau de l&rsquo;enceinte<\/span><\/td>\n<td class=\"value\"><span>Aluminium moul\u00e9 sous pression<\/span><\/td>\n<\/tr>\n<tr>\n<td class=\"key\"><span>Montage<\/span><\/td>\n<td class=\"value\"><span>Montage sur poteau (kit inclus)<\/span><\/td>\n<\/tr>\n<tr>\n<td class=\"key\"><span>Charge due au vent<\/span><\/td>\n<td class=\"value\"><span>342,5 N \u00e0 200 km\/h (77 lbf \u00e0 125 mph)<\/span><\/td>\n<\/tr>\n<tr>\n<th colspan=\"100%\"><span>Mat\u00e9riel<\/span><\/th>\n<\/tr>\n<tr>\n<td class=\"key\"><span>Interface r\u00e9seau<\/span><\/td>\n<td class=\"value\"><span>(1) Port RJ45 GbE<\/span><\/td>\n<\/tr>\n<tr>\n<td class=\"key\"><span>Connecteurs RF<\/span><\/td>\n<td class=\"value\"><span>(2) RP-SMA (\u00e9tanche)<\/span><br \/>\n<span>(1) GPS (\u00e9tanche)<\/span><\/td>\n<\/tr>\n<tr>\n<td class=\"key\"><span>M\u00e9thode de puissance<\/span><\/td>\n<td class=\"value\"><span>PoE passif 2 paires (4, 5+\u00a0; 7, 8 retour)<\/span><\/td>\n<\/tr>\n<tr>\n<td class=\"key\"><span>Alimentation \u00e9lectrique<\/span><\/td>\n<td class=\"value\"><span>Adaptateur PoE gigabit 24 V, 1 A (inclus)<\/span><\/td>\n<\/tr>\n<tr>\n<td class=\"key\"><span>Plage de tension prise en charge<\/span><\/td>\n<td class=\"value\"><span>18 \u00e0 27 V CC<\/span><\/td>\n<\/tr>\n<tr>\n<td class=\"key\"><span>Consommation \u00e9lectrique maximale<\/span><\/td>\n<td class=\"value\"><span>9,5 W<\/span><\/td>\n<\/tr>\n<tr>\n<td class=\"key\"><span>LED<\/span><\/td>\n<td class=\"value\"><span>(4) Force du signal : r\u00e9glable par logiciel pour correspondre aux niveaux RSSI personnalis\u00e9s<\/span><br \/>\n<span>GPS, LAN, alimentation<\/span><\/td>\n<\/tr>\n<tr>\n<td class=\"key\"><span>Chocs et vibrations<\/span><\/td>\n<td class=\"value\"><span>ETSI300-019-1.4<\/span><\/td>\n<\/tr>\n<tr>\n<td class=\"key\"><span>Temp\u00e9rature ambiante de fonctionnement<\/span><\/td>\n<td class=\"value\"><span>-40 \u00e0 80\u00b0 C (-40 \u00e0 176\u00b0 F)<\/span><\/td>\n<\/tr>\n<tr>\n<td class=\"key\"><span>Humidit\u00e9 ambiante de fonctionnement<\/span><\/td>\n<td class=\"value\"><span>5 \u00e0 95 % sans condensation<\/span><\/td>\n<\/tr>\n<tr>\n<td class=\"key\"><span>Certifications<\/span><\/td>\n<td class=\"value\"><span>CE, FCC, IC, RoHS<\/span><\/td>\n<\/tr>\n<tr>\n<td class=\"key\"><span>Conforme \u00e0 la NDAA<\/span><\/td>\n<td class=\"value\"><span>Oui<\/span><\/td>\n<\/tr>\n<tr>\n<th colspan=\"100%\"><span>Logiciel<\/span><\/th>\n<\/tr>\n<tr>\n<td class=\"key\"><span>Modes<\/span><\/td>\n<td class=\"value\"><span>Point d&rsquo;acc\u00e8s, station<\/span><\/td>\n<\/tr>\n<tr>\n<td class=\"key\"><span>Tailles des canaux<\/span><br \/>\n<span>Mode PtP<\/span><br \/>\n<span>Mode PtMP<\/span><\/td>\n<td class=\"value\">\n<span>10\/20\/30\/40\/50\/60\/80 MHz<\/span><br \/>\n<span>10\/20\/30\/40 MHz<\/span><\/td>\n<\/tr>\n<tr>\n<td class=\"key\"><span>Services<\/span><\/td>\n<td class=\"value\"><span>Serveur Web, SNMP, serveur SSH, telnet, surveillance ping, DHCP, NAT, pontage, routage<\/span><\/td>\n<\/tr>\n<tr>\n<td class=\"key\"><span>Utilitaires<\/span><\/td>\n<td class=\"value\"><span>airMagic, airView, outil d&rsquo;alignement d&rsquo;antenne, utilitaire de d\u00e9couverte, \u00e9tude de site, ping, traceroute, test de vitesse<\/span><\/td>\n<\/tr>\n<tr>\n<td class=\"key\"><span>R\u00e9glage de la distance<\/span><\/td>\n<td class=\"value\"><span>Mode Ackless et Ackless dynamique<\/span><\/td>\n<\/tr>\n<tr>\n<td class=\"key\"><span>R\u00e9glage de la puissance<\/span><\/td>\n<td class=\"value\"><span>Interface utilisateur ou CLI r\u00e9glable par logiciel<\/span><\/td>\n<\/tr>\n<tr>\n<td class=\"key\"><span>S\u00e9curit\u00e9<\/span><\/td>\n<td class=\"value\"><span>WPA2 AES uniquement<\/span><\/td>\n<\/tr>\n<tr>\n<td class=\"key\"><span>Qualit\u00e9 de service<\/span><\/td>\n<td class=\"value\"><span>Prend en charge la classification au niveau des paquets WMM et le niveau client utilisateur\u00a0: \u00e9lev\u00e9\/moyen\/faible<\/span><\/td>\n<\/tr>\n<tr>\n<td class=\"key\"><span>Rapports statistiques<\/span><\/td>\n<td class=\"value\"><span>Temps de disponibilit\u00e9, erreurs de paquets, d\u00e9bits de donn\u00e9es, distance sans fil, d\u00e9bit de liaison Ethernet<\/span><\/td>\n<\/tr>\n<tr>\n<td class=\"key\"><span>Fonctionnalit\u00e9s sp\u00e9cifiques \u00e0 Ubiquiti<\/span><\/td>\n<td class=\"value\"><span>Canaux 30\/50\/60 MHz, mode airMAX ac, mise en forme du trafic avec prise en charge des rafales, protocole de d\u00e9couverte, d\u00e9calage de bande de fr\u00e9quence, mode Ackless<\/span><\/td>\n<\/tr>\n<tr>\n<th colspan=\"100%\"><span>Fr\u00e9quence de fonctionnement (MHz)<\/span><\/th>\n<\/tr>\n<tr>\n<td class=\"key\"><span>Mondial<\/span><\/td>\n<td class=\"value\"><span>5150\u20135875 MHz<\/span><\/td>\n<\/tr>\n<tr>\n<td class=\"key\"><span>\u00c9tats-Unis<\/span><br \/>\n<span>U-NII-1 :<\/span><br \/>\n<span>U-NII-2A :<\/span><br \/>\n<span>U-NII-2C :<\/span><br \/>\n<span>U-NII-3<\/span><\/td>\n<td class=\"value\">\n<span>5150\u20135250 MHz<\/span><br \/>\n<span>5250\u20135350 MHz<\/span><br \/>\n<span>5470\u20135725 MHz<\/span><br \/>\n<span>5725\u20135850 MHz<\/span><\/td>\n<\/tr>\n<tr>\n<th colspan=\"100%\"><span>Radio de gestion (MHz)<\/span><\/th>\n<\/tr>\n<tr>\n<td class=\"key\"><span>Mondial<\/span><\/td>\n<td class=\"value\"><span>2412\u20132472 MHz<\/span><\/td>\n<\/tr>\n<tr>\n<td class=\"key\"><span>USA<\/span><\/td>\n<td class=\"value\"><span>2412\u20132462 MHz<\/span><\/td>\n<\/tr>\n<\/tbody>\n<\/table>\n","protected":false},"featured_media":1802,"comment_status":"open","ping_status":"closed","template":"","meta":{"_joinchat":[]},"product_brand":[90],"product_cat":[85,35],"product_tag":[],"class_list":{"0":"post-1772","1":"product","2":"type-product","3":"status-publish","4":"has-post-thumbnail","6":"product_brand-ubiquiti","7":"product_cat-antenne","8":"product_cat-informatiques","10":"first","11":"instock","12":"shipping-taxable","13":"product-type-simple"},"_links":{"self":[{"href":"http:\/\/kraltechnologie.net\/index.php\/wp-json\/wp\/v2\/product\/1772","targetHints":{"allow":["GET"]}}],"collection":[{"href":"http:\/\/kraltechnologie.net\/index.php\/wp-json\/wp\/v2\/product"}],"about":[{"href":"http:\/\/kraltechnologie.net\/index.php\/wp-json\/wp\/v2\/types\/product"}],"replies":[{"embeddable":true,"href":"http:\/\/kraltechnologie.net\/index.php\/wp-json\/wp\/v2\/comments?post=1772"}],"version-history":[{"count":1,"href":"http:\/\/kraltechnologie.net\/index.php\/wp-json\/wp\/v2\/product\/1772\/revisions"}],"predecessor-version":[{"id":1804,"href":"http:\/\/kraltechnologie.net\/index.php\/wp-json\/wp\/v2\/product\/1772\/revisions\/1804"}],"wp:featuredmedia":[{"embeddable":true,"href":"http:\/\/kraltechnologie.net\/index.php\/wp-json\/wp\/v2\/media\/1802"}],"wp:attachment":[{"href":"http:\/\/kraltechnologie.net\/index.php\/wp-json\/wp\/v2\/media?parent=1772"}],"wp:term":[{"taxonomy":"product_brand","embeddable":true,"href":"http:\/\/kraltechnologie.net\/index.php\/wp-json\/wp\/v2\/product_brand?post=1772"},{"taxonomy":"product_cat","embeddable":true,"href":"http:\/\/kraltechnologie.net\/index.php\/wp-json\/wp\/v2\/product_cat?post=1772"},{"taxonomy":"product_tag","embeddable":true,"href":"http:\/\/kraltechnologie.net\/index.php\/wp-json\/wp\/v2\/product_tag?post=1772"}],"curies":[{"name":"wp","href":"https:\/\/api.w.org\/{rel}","templated":true}]}}