{"id":1808,"date":"2025-04-22T12:28:01","date_gmt":"2025-04-22T12:28:01","guid":{"rendered":"https:\/\/kraltechnologie.net\/?post_type=product&#038;p=1808"},"modified":"2025-04-22T12:34:23","modified_gmt":"2025-04-22T12:34:23","slug":"ubiquiti-airmax-nanobeam-5ac","status":"publish","type":"product","link":"http:\/\/kraltechnologie.net\/index.php\/product\/ubiquiti-airmax-nanobeam-5ac\/","title":{"rendered":"Ubiquiti airMAX NanoBeam 5AC"},"content":{"rendered":"<h6>Pont WiFi 5 GHz compact, pr\u00eat pour l\u2019UISP, avec protection am\u00e9lior\u00e9e contre les surtensions et radio et antenne optimis\u00e9es.<\/h6>\n<div class=\"sc-17lc73y-5 iLSKPZ sc-nmmoyz-13 ceLfIk\">\n<div class=\"sc-17lc73y-5 iLSKPZ sc-14cjdti-13 grVwQT\">\n<p><img loading=\"lazy\" decoding=\"async\" src=\"https:\/\/assets.ecomm.ui.com\/static\/key-features\/distance.svg\" width=\"20\" height=\"20\" data-type=\"icon\" data-icon=\"distance\" \/>5\u00a0GHz, port\u00e9e de liaison de plus de 10\u00a0km<\/p>\n<p><img loading=\"lazy\" decoding=\"async\" src=\"https:\/\/assets.ecomm.ui.com\/static\/key-features\/5ghz_radio.svg\" width=\"20\" height=\"20\" data-type=\"icon\" data-icon=\"5ghz_radio\" \/>D\u00e9bit de plus de 450\u00a0Mbit\/s<\/p>\n<p><img loading=\"lazy\" decoding=\"async\" src=\"https:\/\/assets.ecomm.ui.com\/static\/key-features\/mount.svg\" width=\"20\" height=\"20\" data-type=\"icon\" data-icon=\"mount\" \/>Montage facile<\/p>\n<p><img loading=\"lazy\" decoding=\"async\" src=\"https:\/\/assets.ecomm.ui.com\/static\/key-features\/radios.svg\" width=\"20\" height=\"20\" data-type=\"icon\" data-icon=\"radios\" \/>Radio d\u00e9di\u00e9e \u00e0 l\u2019analyse spectrale<\/p>\n<p><img loading=\"lazy\" decoding=\"async\" src=\"https:\/\/assets.ecomm.ui.com\/static\/key-features\/wifi.svg\" width=\"20\" height=\"20\" data-type=\"icon\" data-icon=\"wifi\" \/>Radio de gestion WiFi d\u00e9di\u00e9e<\/p>\n<\/div>\n<\/div>\n","protected":false},"excerpt":{"rendered":"<table id=\"product-attribute-specs-table\" class=\"data-table\">\n<tbody>\n<tr>\n<td class=\"value\">189 x 189 x 125 mm (7,44 x 7,44 x 4,92\u2033)<\/td>\n<\/tr>\n<tr>\n<td class=\"key\">Poids<\/td>\n<td class=\"value\">530 g (1,17 livre)<\/td>\n<\/tr>\n<tr>\n<td class=\"key\">Mat\u00e9riau du bo\u00eetier<\/td>\n<td class=\"value\">Plastique stabilis\u00e9 aux UV<\/td>\n<\/tr>\n<tr>\n<td class=\"key\">Montage<\/td>\n<td class=\"value\">Kit de montage sur poteau (inclus)<br \/>\nSupport mural (non inclus)<\/td>\n<\/tr>\n<tr>\n<td class=\"key\">Charge de vent<\/td>\n<td class=\"value\">45,4 N \u00e0 200 km\/h (10,2 lbf \u00e0 125 mph)<\/td>\n<\/tr>\n<tr>\n<td class=\"key\">Capacit\u00e9 de survie au vent<\/td>\n<td class=\"value\">200 km\/h (125 mph)<\/td>\n<\/tr>\n<tr>\n<th colspan=\"100%\">Mat\u00e9riel<\/th>\n<\/tr>\n<tr>\n<td class=\"key\">Interface r\u00e9seau<\/td>\n<td class=\"value\">(2) ports GbE RJ45<\/td>\n<\/tr>\n<tr>\n<td class=\"key\">M\u00e9thode de puissance<\/td>\n<td class=\"value\">PoE passif 2 paires (4, 5+\u00a0; 7, 8 retours)<\/td>\n<\/tr>\n<tr>\n<td class=\"key\">Source de courant<\/td>\n<td class=\"value\">Adaptateur PoE Gigabit 24 V, 0,5 A (inclus)<\/td>\n<\/tr>\n<tr>\n<td class=\"key\">Plage de tension prise en charge<\/td>\n<td class=\"value\">20 \u00e0 27 V CC<\/td>\n<\/tr>\n<tr>\n<td class=\"key\">Max. consommation d\u2019\u00e9nergie<\/td>\n<td class=\"value\">8,5 W<\/td>\n<\/tr>\n<tr>\n<td class=\"key\">Protection ESD\/EMP<\/td>\n<td class=\"value\">Air\/contact\u00a0: \u00b1 24\u00a0kV<\/td>\n<\/tr>\n<tr>\n<td class=\"key\">LED<\/td>\n<td class=\"value\">Alimentation, Ethernet, (4) Force du signal<\/td>\n<\/tr>\n<tr>\n<td class=\"key\">Test de brouillard salin<\/td>\n<td class=\"value\">CEI 68-2-11 (ASTM B117)<br \/>\n\u00c9quivalent : MIL-STD-810 G m\u00e9thode 509.5<\/td>\n<\/tr>\n<tr>\n<td class=\"key\">Test de vibration<\/td>\n<td class=\"value\">CEI 68-2-6<\/td>\n<\/tr>\n<tr>\n<td class=\"key\">Test de choc thermique<\/td>\n<td class=\"value\">CEI 68-2-14<\/td>\n<\/tr>\n<tr>\n<td class=\"key\">essai UV<\/td>\n<td class=\"value\">CEI 68-2-5 \u00e0 40\u00b0 C (104\u00b0 F)<br \/>\n\u00c9quivalent : ETS 300 019-1-4<\/td>\n<\/tr>\n<tr>\n<td class=\"key\">Test de pluie pouss\u00e9e par le vent<\/td>\n<td class=\"value\">ETS 300 019-1-4<br \/>\n\u00c9quivalent : MIL-STD-810 G m\u00e9thode 506.5<\/td>\n<\/tr>\n<tr>\n<td class=\"key\">Temp\u00e9rature ambiante de fonctionnement<\/td>\n<td class=\"value\">-40 \u00e0 80 \u00b0C (-40 \u00e0 176 F)<\/td>\n<\/tr>\n<tr>\n<td class=\"key\">Humidit\u00e9 ambiante de fonctionnement<\/td>\n<td class=\"value\">5 \u00e0 95 % sans condensation<\/td>\n<\/tr>\n<tr>\n<td class=\"key\">Certifications<\/td>\n<td class=\"value\">CE, FCC, IC<\/td>\n<\/tr>\n<tr>\n<th colspan=\"100%\">Syst\u00e8me<\/th>\n<\/tr>\n<tr>\n<td class=\"key\">Gagner<\/td>\n<td class=\"value\">19 dBi<\/td>\n<\/tr>\n<tr>\n<td class=\"key\">Tailles de canal<br \/>\nMode PtP<br \/>\nMode PtPM<\/td>\n<td class=\"value\">10\/20\/30\/40\/50\/60\/80 MHz<br \/>\n10\/20\/30\/40 MHz<\/td>\n<\/tr>\n<tr>\n<td class=\"key\">Max. VSWR<\/td>\n<td class=\"value\">1,5:1<\/td>\n<\/tr>\n<tr>\n<td class=\"key\">Polarisation<\/td>\n<td class=\"value\">Double lin\u00e9aire<\/td>\n<\/tr>\n<tr>\n<th colspan=\"100%\">Fr\u00e9quence de fonctionnement (MHz)<\/th>\n<\/tr>\n<tr>\n<td class=\"key\">Mondial<\/td>\n<td class=\"value\">5\u00a0150-5\u00a0875 MHz<\/td>\n<\/tr>\n<\/tbody>\n<\/table>\n","protected":false},"featured_media":1809,"comment_status":"open","ping_status":"closed","template":"","meta":{"_joinchat":[]},"product_brand":[90],"product_cat":[85,35],"product_tag":[],"class_list":{"0":"post-1808","1":"product","2":"type-product","3":"status-publish","4":"has-post-thumbnail","6":"product_brand-ubiquiti","7":"product_cat-antenne","8":"product_cat-informatiques","10":"first","11":"instock","12":"shipping-taxable","13":"product-type-simple"},"_links":{"self":[{"href":"http:\/\/kraltechnologie.net\/index.php\/wp-json\/wp\/v2\/product\/1808","targetHints":{"allow":["GET"]}}],"collection":[{"href":"http:\/\/kraltechnologie.net\/index.php\/wp-json\/wp\/v2\/product"}],"about":[{"href":"http:\/\/kraltechnologie.net\/index.php\/wp-json\/wp\/v2\/types\/product"}],"replies":[{"embeddable":true,"href":"http:\/\/kraltechnologie.net\/index.php\/wp-json\/wp\/v2\/comments?post=1808"}],"version-history":[{"count":1,"href":"http:\/\/kraltechnologie.net\/index.php\/wp-json\/wp\/v2\/product\/1808\/revisions"}],"predecessor-version":[{"id":1811,"href":"http:\/\/kraltechnologie.net\/index.php\/wp-json\/wp\/v2\/product\/1808\/revisions\/1811"}],"wp:featuredmedia":[{"embeddable":true,"href":"http:\/\/kraltechnologie.net\/index.php\/wp-json\/wp\/v2\/media\/1809"}],"wp:attachment":[{"href":"http:\/\/kraltechnologie.net\/index.php\/wp-json\/wp\/v2\/media?parent=1808"}],"wp:term":[{"taxonomy":"product_brand","embeddable":true,"href":"http:\/\/kraltechnologie.net\/index.php\/wp-json\/wp\/v2\/product_brand?post=1808"},{"taxonomy":"product_cat","embeddable":true,"href":"http:\/\/kraltechnologie.net\/index.php\/wp-json\/wp\/v2\/product_cat?post=1808"},{"taxonomy":"product_tag","embeddable":true,"href":"http:\/\/kraltechnologie.net\/index.php\/wp-json\/wp\/v2\/product_tag?post=1808"}],"curies":[{"name":"wp","href":"https:\/\/api.w.org\/{rel}","templated":true}]}}