{"id":1856,"date":"2025-04-23T12:13:25","date_gmt":"2025-04-23T12:13:25","guid":{"rendered":"https:\/\/kraltechnologie.net\/?post_type=product&#038;p=1856"},"modified":"2025-04-23T12:16:42","modified_gmt":"2025-04-23T12:16:42","slug":"tp-link-switch-tl-sf1008d","status":"publish","type":"product","link":"http:\/\/kraltechnologie.net\/index.php\/product\/tp-link-switch-tl-sf1008d\/","title":{"rendered":"TP-Link Switch TL-SF1008D"},"content":{"rendered":"<div class=\"box highlights\">\n<h1>Switch de bureau 8 ports 10\/100 Mbps<\/h1>\n<ul>\n<li>8 ports RJ45 auto-n\u00e9gociation 10\/100 Mbps avec prise en charge Auto MDI\/MDIX<\/li>\n<li>Technologie Green Ethernet pour plus d&rsquo;\u00e9conomie d\u2019\u00e9nergie<\/li>\n<li>Contr\u00f4le de flux IEEE 802.3x garantissant l&rsquo;int\u00e9grit\u00e9 des donn\u00e9es<\/li>\n<li>Bo\u00eetier plastique\u00a0con\u00e7u pour \u00eatre install\u00e9 sur un bureau<\/li>\n<li>Plug-and-Play, aucune configuration requise<\/li>\n<\/ul>\n<\/div>\n","protected":false},"excerpt":{"rendered":"<table>\n<thead>\n<tr id=\"tr_603\">\n<th colspan=\"2\"><a>CARACTERISTIQUES MATERIELLES<\/a><\/th>\n<\/tr>\n<\/thead>\n<tbody>\n<tr id=\"tr_1079\">\n<th width=\"35%\">Standards et Protocoles<\/th>\n<td width=\"65%\">IEEE 802.3, IEEE 802.3u, IEEE 802.3x<br \/>\nCSMA\/CD<\/td>\n<\/tr>\n<tr id=\"tr_694\">\n<th width=\"35%\">Interface<\/th>\n<td width=\"65%\">8 10\/100Mbps Ports, Auto-Negotiation, Auto-MDI\/MDIX<\/td>\n<\/tr>\n<tr id=\"tr_2336\">\n<th width=\"35%\">Nombre de ventilateurs<\/th>\n<td width=\"65%\">Fanless<\/td>\n<\/tr>\n<tr id=\"tr_1111\">\n<th width=\"35%\">Alimentation<\/th>\n<td width=\"65%\">External Power Adapter(Output: 9.0VDC \/ 0.6A)<\/td>\n<\/tr>\n<tr id=\"tr_1083\">\n<th width=\"35%\">Consommation<\/th>\n<td width=\"65%\">Maximum: 2.05W (220V\/50Hz)<\/td>\n<\/tr>\n<tr id=\"tr_613\">\n<th width=\"35%\">Alimentation externe<\/th>\n<td width=\"65%\">100-240VAC, 50\/60Hz<\/td>\n<\/tr>\n<tr id=\"tr_1107\">\n<th width=\"35%\">DEL<\/th>\n<td width=\"65%\">Power, 1, 2, 3, 4, 5, 6, 7, 8<\/td>\n<\/tr>\n<tr id=\"tr_1132\">\n<th width=\"35%\">Taille de la m\u00e9moire tempo<\/th>\n<td width=\"65%\">2Mb<\/td>\n<\/tr>\n<tr id=\"tr_1093\">\n<th width=\"35%\">D\u00e9bits de donn\u00e9es<\/th>\n<td width=\"65%\">10\/100Mbps at Half Duplex ;<br \/>\n20\/200Mbps at Full Duplex<\/td>\n<\/tr>\n<tr id=\"tr_697\">\n<th width=\"35%\">Dimensions (LxPxH)<\/th>\n<td width=\"65%\">134.5*79*22.5mm<\/td>\n<\/tr>\n<tr id=\"tr_5530\">\n<th width=\"35%\">Consommation maximale<\/th>\n<td width=\"65%\">2.05W(220V\/50Hz)<\/td>\n<\/tr>\n<tr id=\"tr_5854\">\n<th width=\"35%\">Max dissipation thermique<\/th>\n<td width=\"65%\">6.99BTU\/h<\/td>\n<\/tr>\n<\/tbody>\n<\/table>\n<table>\n<thead>\n<tr id=\"tr_605\">\n<th colspan=\"2\"><a>CARACTERISTIQUES LOGICIELLES<\/a><\/th>\n<\/tr>\n<\/thead>\n<tbody>\n<tr id=\"tr_1091\">\n<th width=\"35%\">Caract\u00e9ristiques avanc\u00e9es<\/th>\n<td width=\"65%\">Green Technology, saving power up to 60%<br \/>\n802.3X Flow Control, Back Pressure<\/td>\n<\/tr>\n<tr id=\"tr_1575\">\n<th width=\"35%\">M\u00e9thode de transmission<\/th>\n<td width=\"65%\">Store and Forward<\/td>\n<\/tr>\n<\/tbody>\n<\/table>\n<table>\n<thead>\n<tr id=\"tr_606\">\n<th colspan=\"2\"><a>Autres<\/a><\/th>\n<\/tr>\n<\/thead>\n<tbody>\n<tr id=\"tr_714\">\n<th width=\"35%\">Certification<\/th>\n<td width=\"65%\">FCC, CE, RoHS<\/td>\n<\/tr>\n<tr id=\"tr_715\">\n<th width=\"35%\">Contenu de l&#8217;emballage<\/th>\n<td width=\"65%\">8-Port 10\/100Mbps Desktop Switch<br \/>\nPower Adapter<br \/>\nUser Guide<\/td>\n<\/tr>\n<tr id=\"tr_717\">\n<th width=\"35%\">Environnement<\/th>\n<td width=\"65%\">Operating Temperature: 0\u00b0C~40\u00b0C<br \/>\nStorage Temperature: -40\u00b0C~70\u00b0C<br \/>\nOperating Humidity: 10%~90% non-condensing;<br \/>\nStorage Humidity: 5%~90% non-condensing<\/td>\n<\/tr>\n<\/tbody>\n<\/table>\n","protected":false},"featured_media":1858,"comment_status":"open","ping_status":"closed","template":"","meta":{"_joinchat":[]},"product_brand":[89],"product_cat":[35,84],"product_tag":[],"class_list":{"0":"post-1856","1":"product","2":"type-product","3":"status-publish","4":"has-post-thumbnail","6":"product_brand-tp-link","7":"product_cat-informatiques","8":"product_cat-switch","10":"first","11":"instock","12":"shipping-taxable","13":"product-type-simple"},"_links":{"self":[{"href":"http:\/\/kraltechnologie.net\/index.php\/wp-json\/wp\/v2\/product\/1856","targetHints":{"allow":["GET"]}}],"collection":[{"href":"http:\/\/kraltechnologie.net\/index.php\/wp-json\/wp\/v2\/product"}],"about":[{"href":"http:\/\/kraltechnologie.net\/index.php\/wp-json\/wp\/v2\/types\/product"}],"replies":[{"embeddable":true,"href":"http:\/\/kraltechnologie.net\/index.php\/wp-json\/wp\/v2\/comments?post=1856"}],"version-history":[{"count":2,"href":"http:\/\/kraltechnologie.net\/index.php\/wp-json\/wp\/v2\/product\/1856\/revisions"}],"predecessor-version":[{"id":1860,"href":"http:\/\/kraltechnologie.net\/index.php\/wp-json\/wp\/v2\/product\/1856\/revisions\/1860"}],"wp:featuredmedia":[{"embeddable":true,"href":"http:\/\/kraltechnologie.net\/index.php\/wp-json\/wp\/v2\/media\/1858"}],"wp:attachment":[{"href":"http:\/\/kraltechnologie.net\/index.php\/wp-json\/wp\/v2\/media?parent=1856"}],"wp:term":[{"taxonomy":"product_brand","embeddable":true,"href":"http:\/\/kraltechnologie.net\/index.php\/wp-json\/wp\/v2\/product_brand?post=1856"},{"taxonomy":"product_cat","embeddable":true,"href":"http:\/\/kraltechnologie.net\/index.php\/wp-json\/wp\/v2\/product_cat?post=1856"},{"taxonomy":"product_tag","embeddable":true,"href":"http:\/\/kraltechnologie.net\/index.php\/wp-json\/wp\/v2\/product_tag?post=1856"}],"curies":[{"name":"wp","href":"https:\/\/api.w.org\/{rel}","templated":true}]}}