{"id":1865,"date":"2025-04-23T12:28:22","date_gmt":"2025-04-23T12:28:22","guid":{"rendered":"https:\/\/kraltechnologie.net\/?post_type=product&#038;p=1865"},"modified":"2025-04-23T12:29:01","modified_gmt":"2025-04-23T12:29:01","slug":"grandstream-gwn7670","status":"publish","type":"product","link":"http:\/\/kraltechnologie.net\/index.php\/product\/grandstream-gwn7670\/","title":{"rendered":"Grandstream GWN7670"},"content":{"rendered":"<p><em>Point d&rsquo;acc\u00e8s Wi-Fi 7 double bande<br \/>\n<\/em>Le GWN7670 est un point d&rsquo;acc\u00e8s Wi-Fi 7 802.11be de nouvelle g\u00e9n\u00e9ration de niveau entreprise, id\u00e9al pour les petites et moyennes entreprises souhaitant cr\u00e9er des r\u00e9seaux Wi-Fi de nouvelle g\u00e9n\u00e9ration.<\/p>\n<ul>\n<li>D\u00e9bit sans fil global de 3,6 Gbit\/s, d\u00e9bit filaire global de 5 Gbit\/s<\/li>\n<li>Wi-Fi 7 int\u00e9gr\u00e9 et MIMO 2&#215;2:2 avec MLO, 4KQAM, MRU, technologie de perforation de pr\u00e9ambule<\/li>\n<li>Port\u00e9e de couverture jusqu&rsquo;\u00e0 175 m\u00e8tres<\/li>\n<li>Prend en charge 256 p\u00e9riph\u00e9riques clients Wi-Fi simultan\u00e9s<\/li>\n<li>QoS avanc\u00e9 pour garantir les performances en temps r\u00e9el des applications \u00e0 faible latence<\/li>\n<li>D\u00e9marrage s\u00e9curis\u00e9 anti-piratage et verrouillage des donn\u00e9es\/contr\u00f4les critiques via des signatures num\u00e9riques, un certificat de s\u00e9curit\u00e9 unique\/un mot de passe par d\u00e9faut al\u00e9atoire par appareil<\/li>\n<li>Adaptation automatique de l&rsquo;alimentation lors de la d\u00e9tection automatique de PoE+<\/li>\n<li>Le contr\u00f4leur int\u00e9gr\u00e9 g\u00e8re jusqu&rsquo;\u00e0 50 points d&rsquo;acc\u00e8s GWN locaux\u00a0; GDMS Networking offre une gestion illimit\u00e9e des points d&rsquo;acc\u00e8s et GWN Manager offre une gestion logicielle des points d&rsquo;acc\u00e8s sur site<\/li>\n<\/ul>\n","protected":false},"excerpt":{"rendered":"<table class=\"product-comparison-table\" data-tableid=\"6242483\" data-colnum=\"1\">\n<tbody>\n<tr class=\"select\">\n<th class=\"select-product\" data-col=\"1\"><\/th>\n<\/tr>\n<tr class=\"name\" data-heading=\"Name\">\n<th class=\"name\" data-col=\"1\"><\/th>\n<\/tr>\n<tr class=\"image\" data-heading=\"Image\">\n<th class=\"image\" data-col=\"1\"><\/th>\n<\/tr>\n<tr class=\"specs\" data-heading=\"Specs\">\n<th class=\"specs\" data-col=\"1\">Sp\u00e9cifications<\/th>\n<\/tr>\n<tr class=\"client_devices\" data-heading=\"Client Devices\">\n<th class=\"client_devices\" data-col=\"1\"><b>Appareils clients<\/b>Jusqu&rsquo;\u00e0 256<\/th>\n<\/tr>\n<tr class=\"throughput_2\" data-heading=\"2.4G Throughput\">\n<th class=\"throughput_2\" data-col=\"1\"><b>D\u00e9bit 2,4G<\/b>688 Mbps (2&#215;2:2 MIMO)<\/th>\n<\/tr>\n<tr class=\"throughput_5g\" data-heading=\"5G Throughput\">\n<th class=\"throughput_5g\" data-col=\"1\"><b>D\u00e9bit 5G<\/b>2882 \u200b\u200bMbps (2&#215;2:2 MIMO)<\/th>\n<\/tr>\n<tr class=\"gthroughput_6g\" data-heading=\"6G THROUGHPUT\">\n<th class=\"gthroughput_6g\" data-col=\"1\"><b>D\u00c9BIT 6G<\/b>N \/ A<\/th>\n<\/tr>\n<tr class=\"range\" data-heading=\"Range\">\n<th class=\"range\" data-col=\"1\"><b>Gamme<\/b>Jusqu&rsquo;\u00e0 175 m\u00e8tres<\/th>\n<\/tr>\n<tr class=\"network_interfaces\" data-heading=\"Network Interfaces\">\n<th class=\"network_interfaces\" data-col=\"1\"><b>Interfaces r\u00e9seau<\/b>2x 2,5G Ethernet WAN\/LAN<\/th>\n<\/tr>\n<tr class=\"poepoe\" data-heading=\"PoE\/PoE+\">\n<th class=\"poepoe\" data-col=\"1\"><b>PoE\/PoE+<\/b>Prise en charge PoE 802.3af\/802.3at\u00a0; consommation maximale\u00a0: 14,5\u00a0W<\/th>\n<\/tr>\n<tr class=\"wi_fi_standards\" data-heading=\"Wi-Fi Standards\">\n<th class=\"wi_fi_standards\" data-col=\"1\"><b>Normes Wi-Fi<\/b>Norme IEEE 802.11 a\/b\/g\/n\/ac\/ax\/be<\/th>\n<\/tr>\n<tr class=\"ssids\" data-heading=\"SSIDs\">\n<th class=\"ssids\" data-col=\"1\"><b>SSID<\/b>32 SSID au total, 16 par radio (2,4 GHz et 5 GHz)<\/th>\n<\/tr>\n<tr class=\"antennas\" data-heading=\"Antennas\">\n<th class=\"antennas\" data-col=\"1\"><b>Antennes<\/b>5 antennes monofr\u00e9quence<\/th>\n<\/tr>\n<tr class=\"wi_fi_and_security_systems\" data-heading=\"Wi-Fi and Security Systems\">\n<th class=\"wi_fi_and_security_systems\" data-col=\"1\"><b>Wi-Fi et syst\u00e8mes de s\u00e9curit\u00e9<\/b>WEP, WPA\/WPA2-PSK, WPA\/WPA2 Enterprise (TKIP\/AES) ; WPA3, d\u00e9marrage s\u00e9curis\u00e9 anti-piratage et verrouillage des donn\u00e9es\/contr\u00f4les critiques via des signatures num\u00e9riques, un certificat de s\u00e9curit\u00e9 unique et un mot de passe par d\u00e9faut al\u00e9atoire par appareil<\/th>\n<\/tr>\n<tr class=\"dimensions\" data-heading=\"Dimensions\">\n<th class=\"dimensions\" data-col=\"1\"><b>Dimensions<\/b>185 mm x 185 mm x 44,5 mm<\/th>\n<\/tr>\n<tr class=\"mounting\" data-heading=\"Mounting\">\n<th class=\"mounting\" data-col=\"1\"><b>Montage<\/b>Montage mural ou au plafond en int\u00e9rieur, kits inclus<\/th>\n<\/tr>\n<\/tbody>\n<\/table>\n","protected":false},"featured_media":1867,"comment_status":"open","ping_status":"closed","template":"","meta":{"_joinchat":[]},"product_brand":[68],"product_cat":[85,35],"product_tag":[],"class_list":{"0":"post-1865","1":"product","2":"type-product","3":"status-publish","4":"has-post-thumbnail","6":"product_brand-grandstream","7":"product_cat-antenne","8":"product_cat-informatiques","10":"first","11":"instock","12":"shipping-taxable","13":"product-type-simple"},"_links":{"self":[{"href":"http:\/\/kraltechnologie.net\/index.php\/wp-json\/wp\/v2\/product\/1865","targetHints":{"allow":["GET"]}}],"collection":[{"href":"http:\/\/kraltechnologie.net\/index.php\/wp-json\/wp\/v2\/product"}],"about":[{"href":"http:\/\/kraltechnologie.net\/index.php\/wp-json\/wp\/v2\/types\/product"}],"replies":[{"embeddable":true,"href":"http:\/\/kraltechnologie.net\/index.php\/wp-json\/wp\/v2\/comments?post=1865"}],"version-history":[{"count":2,"href":"http:\/\/kraltechnologie.net\/index.php\/wp-json\/wp\/v2\/product\/1865\/revisions"}],"predecessor-version":[{"id":1869,"href":"http:\/\/kraltechnologie.net\/index.php\/wp-json\/wp\/v2\/product\/1865\/revisions\/1869"}],"wp:featuredmedia":[{"embeddable":true,"href":"http:\/\/kraltechnologie.net\/index.php\/wp-json\/wp\/v2\/media\/1867"}],"wp:attachment":[{"href":"http:\/\/kraltechnologie.net\/index.php\/wp-json\/wp\/v2\/media?parent=1865"}],"wp:term":[{"taxonomy":"product_brand","embeddable":true,"href":"http:\/\/kraltechnologie.net\/index.php\/wp-json\/wp\/v2\/product_brand?post=1865"},{"taxonomy":"product_cat","embeddable":true,"href":"http:\/\/kraltechnologie.net\/index.php\/wp-json\/wp\/v2\/product_cat?post=1865"},{"taxonomy":"product_tag","embeddable":true,"href":"http:\/\/kraltechnologie.net\/index.php\/wp-json\/wp\/v2\/product_tag?post=1865"}],"curies":[{"name":"wp","href":"https:\/\/api.w.org\/{rel}","templated":true}]}}