{"id":1328,"date":"2025-04-17T09:25:24","date_gmt":"2025-04-17T09:25:24","guid":{"rendered":"https:\/\/kraltechnologie.net\/?post_type=product&#038;p=1328"},"modified":"2025-04-17T09:25:24","modified_gmt":"2025-04-17T09:25:24","slug":"cudy-wr1200-2-0","status":"publish","type":"product","link":"https:\/\/kraltechnologie.net\/index.php\/product\/cudy-wr1200-2-0\/","title":{"rendered":"Cudy WR1200 2.0"},"content":{"rendered":"<p><img loading=\"lazy\" decoding=\"async\" class=\"alignnone  wp-image-1329\" src=\"http:\/\/kraltechnologie.net\/wp-content\/uploads\/2025\/04\/Screenshot_4-300x116.png\" alt=\"\" width=\"1342\" height=\"519\" srcset=\"https:\/\/kraltechnologie.net\/wp-content\/uploads\/2025\/04\/Screenshot_4-300x116.png 300w, https:\/\/kraltechnologie.net\/wp-content\/uploads\/2025\/04\/Screenshot_4-150x58.png 150w, https:\/\/kraltechnologie.net\/wp-content\/uploads\/2025\/04\/Screenshot_4-1024x397.png 1024w, https:\/\/kraltechnologie.net\/wp-content\/uploads\/2025\/04\/Screenshot_4-768x298.png 768w\" sizes=\"auto, (max-width: 1342px) 100vw, 1342px\" \/><\/p>\n<table class=\"spec-table\">\n<tbody>\n<tr>\n<th class=\"main-dimension desktop\" width=\"25%\"><span>Version du mod\u00e8le<\/span><\/th>\n<td class=\"spec-value-wide\" colspan=\"2\"><span>WR1200 2.0<\/span><\/td>\n<\/tr>\n<tr>\n<th class=\"main-dimension desktop\" width=\"25%\"><span>processeur<\/span><\/th>\n<td class=\"secondary-dimension\"><span>Jeu de puces<\/span><\/td>\n<td class=\"spec-value\"><span>MT7628<\/span><\/td>\n<\/tr>\n<tr>\n<th class=\"main-dimension empty-dimension desktop\" width=\"25%\"><\/th>\n<td class=\"secondary-dimension\"><span>D\u00e9tails du processeur<\/span><\/td>\n<td class=\"spec-value\"><span>580 MHz monoc\u0153ur, MIPS24KEC<\/span><\/td>\n<\/tr>\n<tr>\n<th class=\"main-dimension desktop\" width=\"25%\"><span>M\u00e9moire\/Stockage<\/span><\/th>\n<td class=\"secondary-dimension\"><span>Flash\/ROM<\/span><\/td>\n<td class=\"spec-value\"><span>8 Mo (64 Mbit) NOR<\/span><\/td>\n<\/tr>\n<tr>\n<th class=\"main-dimension empty-dimension desktop\" width=\"25%\"><\/th>\n<td class=\"secondary-dimension\"><span>DDR\/RAM<\/span><\/td>\n<td class=\"spec-value\"><span>64 Mo (512 Mbit) DDR2<\/span><\/td>\n<\/tr>\n<tr>\n<th class=\"main-dimension desktop\" width=\"25%\"><span>Sans fil<\/span><\/th>\n<td class=\"secondary-dimension\"><span>Vitesse Wi-Fi 5 GHz<\/span><\/td>\n<td class=\"spec-value\"><span>867 Mbps<\/span><\/td>\n<\/tr>\n<tr>\n<th class=\"main-dimension empty-dimension desktop\" width=\"25%\"><\/th>\n<td class=\"secondary-dimension\"><span>Vitesse Wi-Fi 2,4 GHz<\/span><\/td>\n<td class=\"spec-value\"><span>300 Mbps<\/span><\/td>\n<\/tr>\n<tr>\n<th class=\"main-dimension empty-dimension desktop\" width=\"25%\"><\/th>\n<td class=\"secondary-dimension\"><span>Flux Wi-Fi 5 GHz<\/span><\/td>\n<td class=\"spec-value\"><span>2T2R (2\u00d72 MIMO)<\/span><\/td>\n<\/tr>\n<tr>\n<th class=\"main-dimension empty-dimension desktop\" width=\"25%\"><\/th>\n<td class=\"secondary-dimension\"><span>Flux Wi-Fi 2,4 GHz<\/span><\/td>\n<td class=\"spec-value\"><span>2T2R (2\u00d72 MIMO)<\/span><\/td>\n<\/tr>\n<tr>\n<th class=\"main-dimension empty-dimension desktop\" width=\"25%\"><\/th>\n<td class=\"secondary-dimension\"><span>Antennes Wi-Fi<\/span><\/td>\n<td class=\"spec-value\"><span>4\u00d7 Fixe<\/span><\/td>\n<\/tr>\n<tr>\n<th class=\"main-dimension empty-dimension desktop\" width=\"25%\"><\/th>\n<td class=\"secondary-dimension\"><span>Formation de faisceaux<\/span><\/td>\n<td class=\"spec-value\"><span>Vrai<\/span><\/td>\n<\/tr>\n<tr>\n<th class=\"main-dimension empty-dimension desktop\" width=\"25%\"><\/th>\n<td class=\"secondary-dimension\"><span>Performances de port\u00e9e<\/span><\/td>\n<td class=\"spec-value\"><span>Max\u00a0: 170\u00a0m (558\u00a0pi).<\/span><br \/>\n<span>La port\u00e9e Wi-Fi int\u00e9rieure varie selon la disposition et les mat\u00e9riaux des murs. Consultez les sp\u00e9cifications de performance des murs pour des suggestions d&#8217;emplacement.<\/span><\/td>\n<\/tr>\n<tr>\n<th class=\"main-dimension empty-dimension desktop\" width=\"25%\"><\/th>\n<td class=\"secondary-dimension\"><span>Performance du mur<\/span><\/td>\n<td class=\"spec-value\"><span>Deux murs en bois d&rsquo;une \u00e9paisseur &lt; 10 cm (4\u00a0\u00bb)<\/span><br \/>\n<span>Un mur en b\u00e9ton d&rsquo;une \u00e9paisseur &lt; 20 cm (7\u00a0\u00bb)<\/span><\/td>\n<\/tr>\n<tr>\n<th class=\"main-dimension desktop\" width=\"25%\"><span>Interfaces<\/span><\/th>\n<td class=\"secondary-dimension\"><span>Ports RJ45 10\/100 Mbps<\/span><\/td>\n<td class=\"spec-value\"><span>5<\/span><\/td>\n<\/tr>\n<tr>\n<th class=\"main-dimension empty-dimension desktop\" width=\"25%\"><\/th>\n<td class=\"secondary-dimension\"><span>Notes sur Ethernet<\/span><\/td>\n<td class=\"spec-value\"><span>1 port WAN, les autres sont des ports LAN<\/span><\/td>\n<\/tr>\n<tr>\n<th class=\"main-dimension empty-dimension desktop\" width=\"25%\"><\/th>\n<td class=\"secondary-dimension\"><span>DIRIG\u00c9<\/span><\/td>\n<td class=\"spec-value\">\n<ul>\n<li><span>Pouvoir<\/span><\/li>\n<li><span>Internet<\/span><\/li>\n<li><span>Vitesse\/Liaison\/ACT du port Ethernet<\/span><\/li>\n<li><span>Wi-Fi<\/span><\/li>\n<\/ul>\n<\/td>\n<\/tr>\n<tr>\n<th class=\"main-dimension empty-dimension desktop\" width=\"25%\"><\/th>\n<td class=\"secondary-dimension\"><span>Boutons physiques<\/span><\/td>\n<td class=\"spec-value\">\n<ul>\n<li><span>Bouton WPS<\/span><\/li>\n<li><span>Bouton de r\u00e9initialisation<\/span><\/li>\n<\/ul>\n<\/td>\n<\/tr>\n<tr>\n<th class=\"main-dimension empty-dimension desktop\" width=\"25%\"><\/th>\n<td class=\"secondary-dimension\"><span>Puissance d&rsquo;entr\u00e9e<\/span><\/td>\n<td class=\"spec-value\"><span>Prise CC<\/span><\/td>\n<\/tr>\n<tr>\n<th class=\"main-dimension desktop\" width=\"25%\"><span>Pouvoir<\/span><\/th>\n<td class=\"secondary-dimension\"><span>M\u00e9thodes d&rsquo;alimentation<\/span><\/td>\n<td class=\"spec-value\"><span>DC<\/span><\/td>\n<\/tr>\n<tr>\n<th class=\"main-dimension empty-dimension desktop\" width=\"25%\"><\/th>\n<td class=\"secondary-dimension\"><span>DC<\/span><\/td>\n<td class=\"spec-value\"><span>12V 1A<\/span><\/td>\n<\/tr>\n<tr>\n<th class=\"main-dimension empty-dimension desktop\" width=\"25%\"><\/th>\n<td class=\"secondary-dimension\"><span>Adaptateur secteur<\/span><\/td>\n<td class=\"spec-value\"><span>Entr\u00e9e : 100 ~ 240 V, 50\/60 Hz CA<\/span><br \/>\n<span>Sortie : 12 V 1 A CC<\/span><\/td>\n<\/tr>\n<tr>\n<th class=\"main-dimension desktop\" width=\"25%\"><span>Fiabilit\u00e9<\/span><\/th>\n<td class=\"secondary-dimension\"><span>Environnement<\/span><\/td>\n<td class=\"spec-value\">\n<ul>\n<li><span>Temp\u00e9rature de fonctionnement : 0 \u2103 ~ 40 \u2103 (32 \u2109 ~ 104 \u2109)<\/span><\/li>\n<li><span>Temp\u00e9rature de stockage : -40 \u2103 ~ 70 \u2103 (-40 \u2109 ~ 158 \u2109)<\/span><\/li>\n<li><span>Humidit\u00e9 : 10 % ~ 90 % sans condensation<\/span><\/li>\n<li><span>Humidit\u00e9 de stockage : 5 % ~ 95 % sans condensation<\/span><\/li>\n<\/ul>\n<\/td>\n<\/tr>\n<tr>\n<th class=\"main-dimension desktop\" width=\"25%\"><span>Certifications<\/span><\/th>\n<td class=\"spec-value-wide\" colspan=\"2\"><span>FCC, CE<\/span><\/td>\n<\/tr>\n<tr>\n<th class=\"main-dimension desktop\" width=\"25%\"><span>M\u00e9canique<\/span><\/th>\n<td class=\"secondary-dimension\"><span>Installation<\/span><\/td>\n<td class=\"spec-value\">\n<ul>\n<li><span>Bureau<\/span><\/li>\n<li><span>Montage mural<\/span><\/li>\n<\/ul>\n<\/td>\n<\/tr>\n<tr>\n<th class=\"main-dimension empty-dimension desktop\" width=\"25%\"><\/th>\n<td class=\"secondary-dimension\"><span>Dimension<\/span><\/td>\n<td class=\"spec-value\"><span>220 \u00d7 135 \u00d7 30 mm<\/span><br \/>\n<span>8,66 \u00d7 5,31 \u00d7 1,18 pouces<\/span><\/td>\n<\/tr>\n<tr>\n<th class=\"main-dimension empty-dimension desktop\" width=\"25%\"><\/th>\n<td class=\"secondary-dimension\"><span>Poids du produit<\/span><\/td>\n<td class=\"spec-value\">\n<ul>\n<li><span>UE : 259 g (9,14 oz)<\/span><\/li>\n<li><span>ZH : 258,8 g (9,13 oz)<\/span><\/li>\n<\/ul>\n<\/td>\n<\/tr>\n<tr>\n<th class=\"main-dimension desktop\" width=\"25%\"><span>Contenu du paquet<\/span><\/th>\n<td class=\"spec-value-wide\" colspan=\"2\">\n<ul>\n<li><span>WR1200<\/span><\/li>\n<li><span>Adaptateur secteur<\/span><\/li>\n<li><span>C\u00e2ble Ethernet<\/span><\/li>\n<li><span>Guide d&rsquo;installation<\/span><\/li>\n<\/ul>\n<\/td>\n<\/tr>\n<tr>\n<th class=\"main-dimension desktop\" width=\"25%\"><span>Informations de commande<\/span><\/th>\n<td class=\"secondary-dimension\"><span>Poids du colis au d\u00e9tail<\/span><\/td>\n<td class=\"spec-value\">\n<ul>\n<li><span>UE : 651 g (22,96 oz)<\/span><\/li>\n<li><span>ZH : 625,0 g (22,05 oz)<\/span><\/li>\n<\/ul>\n<\/td>\n<\/tr>\n<tr>\n<th class=\"main-dimension empty-dimension desktop\" width=\"25%\"><\/th>\n<td class=\"secondary-dimension\"><span>Dimensions de l&#8217;emballage de vente au d\u00e9tail<\/span><\/td>\n<td class=\"spec-value\"><span>290 \u00d7 250 \u00d7 64 mm<\/span><br \/>\n<span>11,42 \u00d7 9,84 \u00d7 2,52 pouces<\/span><\/td>\n<\/tr>\n<tr>\n<th class=\"main-dimension empty-dimension desktop\" width=\"25%\"><\/th>\n<td class=\"secondary-dimension\"><span>Unit\u00e9s par carton<\/span><\/td>\n<td class=\"spec-value\"><span>16<\/span><\/td>\n<\/tr>\n<tr>\n<th class=\"main-dimension empty-dimension desktop\" width=\"25%\"><\/th>\n<td class=\"secondary-dimension\"><span>Dimensions du carton<\/span><\/td>\n<td class=\"spec-value\"><span>53,8 \u00d7 51,6 \u00d7 31,3 cm<\/span><br \/>\n<span>21,18 \u00d7 20,31 \u00d7 12,32 pouces<\/span><\/td>\n<\/tr>\n<tr>\n<th class=\"main-dimension empty-dimension desktop\" width=\"25%\"><\/th>\n<td class=\"secondary-dimension\"><span>Poids brut du carton<\/span><\/td>\n<td class=\"spec-value\">\n<ul>\n<li><span>UE : 11,9 kg (26,23 lb)<\/span><\/li>\n<li><span>ZH : 11,2 kg (24,69 lb)<\/span><\/li>\n<\/ul>\n<\/td>\n<\/tr>\n<tr>\n<th class=\"main-dimension empty-dimension desktop\" width=\"25%\"><\/th>\n<td class=\"secondary-dimension\"><span>Poids net du carton<\/span><\/td>\n<td class=\"spec-value\">\n<ul>\n<li><span>UE : 10,4 kg (22,93 lb)<\/span><\/li>\n<li><span>ZH : 10,0 kg (22,05 lb)<\/span><\/li>\n<\/ul>\n<\/td>\n<\/tr>\n<\/tbody>\n<\/table>\n","protected":false},"excerpt":{"rendered":"<p><span>Un routeur WiFi double bande id\u00e9al pour diffuser une lecture vid\u00e9o fluide avec un acc\u00e8s Internet maximum de 100 Mbps, dot\u00e9 de MU-MIMO et du contr\u00f4le par application.<\/span><\/p>\n<hr class=\"cudy-hr\" \/>\n<ul class=\"bulletins\">\n<li><span>\u00a0Wi-Fi 5 double bande \u00e0 4 flux<\/span><\/li>\n<li><span>\u00a0867 Mbps + 300 Mbps Wi-Fi\u00a0<\/span><sup><small><span>1<\/span><\/small><\/sup><\/li>\n<li><span>\u00a05 ports Ethernet rapides<\/span><\/li>\n<li><span>\u00a04\u00d7 antennes \u00e0 gain \u00e9lev\u00e9<\/span><\/li>\n<li><span>\u00a040 appareils connect\u00e9s\u00a0<\/span><sup><small><span>2<\/span><\/small><\/sup><\/li>\n<li><span>\u00a0Couvre 100 m\u00b2 (1 100 pi\u00b2)\u00a0<\/span><sup><small><span>3<\/span><\/small><\/sup><\/li>\n<li><span>\u00a0Modes routeur\/AP\/RE\/WISP\/client<\/span><\/li>\n<li><span>\u00a0Application Cudy<\/span><\/li>\n<\/ul>\n","protected":false},"featured_media":1331,"comment_status":"open","ping_status":"closed","template":"","meta":{"_joinchat":[]},"product_brand":[64],"product_cat":[35,42],"product_tag":[],"class_list":{"0":"post-1328","1":"product","2":"type-product","3":"status-publish","4":"has-post-thumbnail","6":"product_brand-cudy","7":"product_cat-informatiques","8":"product_cat-routeurs","10":"first","11":"instock","12":"shipping-taxable","13":"product-type-simple"},"_links":{"self":[{"href":"https:\/\/kraltechnologie.net\/index.php\/wp-json\/wp\/v2\/product\/1328","targetHints":{"allow":["GET"]}}],"collection":[{"href":"https:\/\/kraltechnologie.net\/index.php\/wp-json\/wp\/v2\/product"}],"about":[{"href":"https:\/\/kraltechnologie.net\/index.php\/wp-json\/wp\/v2\/types\/product"}],"replies":[{"embeddable":true,"href":"https:\/\/kraltechnologie.net\/index.php\/wp-json\/wp\/v2\/comments?post=1328"}],"version-history":[{"count":1,"href":"https:\/\/kraltechnologie.net\/index.php\/wp-json\/wp\/v2\/product\/1328\/revisions"}],"predecessor-version":[{"id":1332,"href":"https:\/\/kraltechnologie.net\/index.php\/wp-json\/wp\/v2\/product\/1328\/revisions\/1332"}],"wp:featuredmedia":[{"embeddable":true,"href":"https:\/\/kraltechnologie.net\/index.php\/wp-json\/wp\/v2\/media\/1331"}],"wp:attachment":[{"href":"https:\/\/kraltechnologie.net\/index.php\/wp-json\/wp\/v2\/media?parent=1328"}],"wp:term":[{"taxonomy":"product_brand","embeddable":true,"href":"https:\/\/kraltechnologie.net\/index.php\/wp-json\/wp\/v2\/product_brand?post=1328"},{"taxonomy":"product_cat","embeddable":true,"href":"https:\/\/kraltechnologie.net\/index.php\/wp-json\/wp\/v2\/product_cat?post=1328"},{"taxonomy":"product_tag","embeddable":true,"href":"https:\/\/kraltechnologie.net\/index.php\/wp-json\/wp\/v2\/product_tag?post=1328"}],"curies":[{"name":"wp","href":"https:\/\/api.w.org\/{rel}","templated":true}]}}