{"id":1345,"date":"2025-04-17T09:35:51","date_gmt":"2025-04-17T09:35:51","guid":{"rendered":"https:\/\/kraltechnologie.net\/?post_type=product&#038;p=1345"},"modified":"2025-05-05T15:06:49","modified_gmt":"2025-05-05T15:06:49","slug":"cudy-fs108-3-0","status":"publish","type":"product","link":"https:\/\/kraltechnologie.net\/index.php\/product\/cudy-fs108-3-0\/","title":{"rendered":"Cudy FS108 3.0"},"content":{"rendered":"<p><img loading=\"lazy\" decoding=\"async\" class=\"aligncenter wp-image-1348 size-full\" src=\"http:\/\/kraltechnologie.net\/wp-content\/uploads\/2025\/04\/Screenshot_6.png\" alt=\"\" width=\"1277\" height=\"500\" srcset=\"https:\/\/kraltechnologie.net\/wp-content\/uploads\/2025\/04\/Screenshot_6.png 1277w, https:\/\/kraltechnologie.net\/wp-content\/uploads\/2025\/04\/Screenshot_6-150x59.png 150w, https:\/\/kraltechnologie.net\/wp-content\/uploads\/2025\/04\/Screenshot_6-1200x470.png 1200w, https:\/\/kraltechnologie.net\/wp-content\/uploads\/2025\/04\/Screenshot_6-300x117.png 300w, https:\/\/kraltechnologie.net\/wp-content\/uploads\/2025\/04\/Screenshot_6-1024x401.png 1024w, https:\/\/kraltechnologie.net\/wp-content\/uploads\/2025\/04\/Screenshot_6-768x301.png 768w\" sizes=\"auto, (max-width: 1277px) 100vw, 1277px\" \/><\/p>\n<table class=\"spec-table\">\n<tbody>\n<tr>\n<th class=\"main-dimension desktop\" width=\"25%\"><span style=\"vertical-align: inherit;\"><span style=\"vertical-align: inherit;\">Version du mod\u00e8le<\/span><\/span><\/th>\n<td class=\"spec-value-wide\" colspan=\"2\"><span style=\"vertical-align: inherit;\"><span style=\"vertical-align: inherit;\">FS108 3.0<\/span><\/span><\/td>\n<\/tr>\n<tr>\n<th class=\"main-dimension desktop\" width=\"25%\"><span style=\"vertical-align: inherit;\"><span style=\"vertical-align: inherit;\">Interfaces<\/span><\/span><\/th>\n<td class=\"secondary-dimension\"><span style=\"vertical-align: inherit;\"><span style=\"vertical-align: inherit;\">Ports RJ45 10\/100 Mbps<\/span><\/span><\/td>\n<td class=\"spec-value\"><span style=\"vertical-align: inherit;\"><span style=\"vertical-align: inherit;\">8<\/span><\/span><\/td>\n<\/tr>\n<tr>\n<th class=\"main-dimension empty-dimension desktop\" width=\"25%\"><\/th>\n<td class=\"secondary-dimension\"><span style=\"vertical-align: inherit;\"><span style=\"vertical-align: inherit;\">DIRIG\u00c9<\/span><\/span><\/td>\n<td class=\"spec-value\">\n<ul>\n<li><span style=\"vertical-align: inherit;\"><span style=\"vertical-align: inherit;\">Pouvoir<\/span><\/span><\/li>\n<li><span style=\"vertical-align: inherit;\"><span style=\"vertical-align: inherit;\">Lien\/ACT de chaque port Ethernet<\/span><\/span><\/li>\n<\/ul>\n<\/td>\n<\/tr>\n<tr>\n<th class=\"main-dimension empty-dimension desktop\" width=\"25%\"><\/th>\n<td class=\"secondary-dimension\"><span style=\"vertical-align: inherit;\"><span style=\"vertical-align: inherit;\">Puissance d&rsquo;entr\u00e9e<\/span><\/span><\/td>\n<td class=\"spec-value\"><span style=\"vertical-align: inherit;\"><span style=\"vertical-align: inherit;\">Prise CC<\/span><\/span><\/td>\n<\/tr>\n<tr>\n<th class=\"main-dimension desktop\" width=\"25%\"><span style=\"vertical-align: inherit;\"><span style=\"vertical-align: inherit;\">Performance<\/span><\/span><\/th>\n<td class=\"secondary-dimension\"><span style=\"vertical-align: inherit;\"><span style=\"vertical-align: inherit;\">Vitesse et distance du cuivre<\/span><\/span><\/td>\n<td class=\"spec-value\">\n<ul>\n<li><span style=\"vertical-align: inherit;\"><span style=\"vertical-align: inherit;\">C\u00e2ble Cat. 3 ou sup\u00e9rieur : 100 m\u00e8tres \u00e0 10 Mbps<\/span><\/span><\/li>\n<li><span style=\"vertical-align: inherit;\"><span style=\"vertical-align: inherit;\">C\u00e2ble Cat. 5 ou sup\u00e9rieur : 100 m\u00e8tres \u00e0 100 Mbps<\/span><\/span><\/li>\n<\/ul>\n<\/td>\n<\/tr>\n<tr>\n<th class=\"main-dimension empty-dimension desktop\" width=\"25%\"><\/th>\n<td class=\"secondary-dimension\"><span style=\"vertical-align: inherit;\"><span style=\"vertical-align: inherit;\">Tableau d&rsquo;adresses MAC<\/span><\/span><\/td>\n<td class=\"spec-value\"><span style=\"vertical-align: inherit;\"><span style=\"vertical-align: inherit;\">512<\/span><\/span><\/td>\n<\/tr>\n<tr>\n<th class=\"main-dimension empty-dimension desktop\" width=\"25%\"><\/th>\n<td class=\"secondary-dimension\"><span style=\"vertical-align: inherit;\"><span style=\"vertical-align: inherit;\">Capacit\u00e9 de commutation maximale<\/span><\/span><\/td>\n<td class=\"spec-value\"><span style=\"vertical-align: inherit;\"><span style=\"vertical-align: inherit;\">1,6 Gbit\/s<\/span><\/span><\/td>\n<\/tr>\n<tr>\n<th class=\"main-dimension empty-dimension desktop\" width=\"25%\"><\/th>\n<td class=\"secondary-dimension\"><span style=\"vertical-align: inherit;\"><span style=\"vertical-align: inherit;\">Taux de transfert maximal<\/span><\/span><\/td>\n<td class=\"spec-value\"><span style=\"vertical-align: inherit;\"><span style=\"vertical-align: inherit;\">1 1904 d\u00e9put\u00e9s<\/span><\/span><\/td>\n<\/tr>\n<tr>\n<th class=\"main-dimension empty-dimension desktop\" width=\"25%\"><\/th>\n<td class=\"secondary-dimension\"><span style=\"vertical-align: inherit;\"><span style=\"vertical-align: inherit;\">Tampon de paquets<\/span><\/span><\/td>\n<td class=\"spec-value\"><span style=\"vertical-align: inherit;\"><span style=\"vertical-align: inherit;\">448 Kbit<\/span><\/span><\/td>\n<\/tr>\n<tr>\n<th class=\"main-dimension desktop\" width=\"25%\"><span style=\"vertical-align: inherit;\"><span style=\"vertical-align: inherit;\">Pouvoir<\/span><\/span><\/th>\n<td class=\"secondary-dimension\"><span style=\"vertical-align: inherit;\"><span style=\"vertical-align: inherit;\">\u00c9conomie d&rsquo;\u00e9nergie de base<\/span><\/span><\/td>\n<td class=\"spec-value\"><span style=\"vertical-align: inherit;\"><span style=\"vertical-align: inherit;\">Vrai<\/span><\/span><\/td>\n<\/tr>\n<tr>\n<th class=\"main-dimension empty-dimension desktop\" width=\"25%\"><\/th>\n<td class=\"secondary-dimension\"><span style=\"vertical-align: inherit;\"><span style=\"vertical-align: inherit;\">M\u00e9thodes d&rsquo;alimentation<\/span><\/span><\/td>\n<td class=\"spec-value\"><span style=\"vertical-align: inherit;\"><span style=\"vertical-align: inherit;\">DC<\/span><\/span><\/td>\n<\/tr>\n<tr>\n<th class=\"main-dimension empty-dimension desktop\" width=\"25%\"><\/th>\n<td class=\"secondary-dimension\"><span style=\"vertical-align: inherit;\"><span style=\"vertical-align: inherit;\">DC<\/span><\/span><\/td>\n<td class=\"spec-value\"><span style=\"vertical-align: inherit;\"><span style=\"vertical-align: inherit;\">5 V \u2393 0,55 A<\/span><\/span><\/td>\n<\/tr>\n<tr>\n<th class=\"main-dimension empty-dimension desktop\" width=\"25%\"><\/th>\n<td class=\"secondary-dimension\"><span style=\"vertical-align: inherit;\"><span style=\"vertical-align: inherit;\">Adaptateur secteur<\/span><\/span><\/td>\n<td class=\"spec-value\"><span style=\"vertical-align: inherit;\"><span style=\"vertical-align: inherit;\">Entr\u00e9e : 100-240 V~, 50\/60 Hz <\/span><\/span><br \/>\n<span style=\"vertical-align: inherit;\"><span style=\"vertical-align: inherit;\">Sortie : 5 V \u2393 0,55 A<\/span><\/span><\/td>\n<\/tr>\n<tr>\n<th class=\"main-dimension empty-dimension desktop\" width=\"25%\"><\/th>\n<td class=\"secondary-dimension\"><span style=\"vertical-align: inherit;\"><span style=\"vertical-align: inherit;\">Consommation \u00e9lectrique maximale<\/span><\/span><\/td>\n<td class=\"spec-value\"><span style=\"vertical-align: inherit;\"><span style=\"vertical-align: inherit;\">1W<\/span><\/span><\/td>\n<\/tr>\n<tr>\n<th class=\"main-dimension empty-dimension desktop\" width=\"25%\"><\/th>\n<td class=\"secondary-dimension\"><span style=\"vertical-align: inherit;\"><span style=\"vertical-align: inherit;\">Consommation d&rsquo;\u00e9nergie au ralenti<\/span><\/span><\/td>\n<td class=\"spec-value\"><span style=\"vertical-align: inherit;\"><span style=\"vertical-align: inherit;\">0,25 W<\/span><\/span><\/td>\n<\/tr>\n<tr>\n<th class=\"main-dimension desktop\" width=\"25%\"><span style=\"vertical-align: inherit;\"><span style=\"vertical-align: inherit;\">Commutation<\/span><\/span><\/th>\n<td class=\"secondary-dimension\"><span style=\"vertical-align: inherit;\"><span style=\"vertical-align: inherit;\">Protocoles 802.3<\/span><\/span><\/td>\n<td class=\"spec-value\">\n<ul>\n<li><span style=\"vertical-align: inherit;\"><span style=\"vertical-align: inherit;\">802.3i 10BASE-T<\/span><\/span><\/li>\n<li><span style=\"vertical-align: inherit;\"><span style=\"vertical-align: inherit;\">802.3u 100BASE-TX<\/span><\/span><\/li>\n<\/ul>\n<\/td>\n<\/tr>\n<tr>\n<th class=\"main-dimension desktop\" width=\"25%\"><span style=\"vertical-align: inherit;\"><span style=\"vertical-align: inherit;\">Fiabilit\u00e9<\/span><\/span><\/th>\n<td class=\"secondary-dimension\"><span style=\"vertical-align: inherit;\"><span style=\"vertical-align: inherit;\">Environnement<\/span><\/span><\/td>\n<td class=\"spec-value\"><span style=\"vertical-align: inherit;\"><span style=\"vertical-align: inherit;\">Temp\u00e9rature de fonctionnement : 0 \u2103 ~ 40 \u2103 (32 \u2109 ~ 104 \u2109) <\/span><\/span><br \/>\n<span style=\"vertical-align: inherit;\"><span style=\"vertical-align: inherit;\">Temp\u00e9rature de stockage : -40 \u2103 ~ 70 \u2103 (-40 \u2109 ~ 158 \u2109) <\/span><\/span><br \/>\n<span style=\"vertical-align: inherit;\"><span style=\"vertical-align: inherit;\">Humidit\u00e9 de fonctionnement : 10 % ~ 90 % sans condensation <\/span><\/span><br \/>\n<span style=\"vertical-align: inherit;\"><span style=\"vertical-align: inherit;\">Humidit\u00e9 de stockage : 5 % ~ 90 % sans condensation<\/span><\/span><\/td>\n<\/tr>\n<tr>\n<th class=\"main-dimension desktop\" width=\"25%\"><span style=\"vertical-align: inherit;\"><span style=\"vertical-align: inherit;\">M\u00e9canique<\/span><\/span><\/th>\n<td class=\"secondary-dimension\"><span style=\"vertical-align: inherit;\"><span style=\"vertical-align: inherit;\">Dimension<\/span><\/span><\/td>\n<td class=\"spec-value\"><span style=\"vertical-align: inherit;\"><span style=\"vertical-align: inherit;\">138 \u00d7 78 \u00d7 25 mm <\/span><\/span><br \/>\n<span style=\"vertical-align: inherit;\"><span style=\"vertical-align: inherit;\">5,43 \u00d7 3,07 \u00d7 0,98 pouces<\/span><\/span><\/td>\n<\/tr>\n<tr>\n<th class=\"main-dimension empty-dimension desktop\" width=\"25%\"><\/th>\n<td class=\"secondary-dimension\"><span style=\"vertical-align: inherit;\"><span style=\"vertical-align: inherit;\">Poids du produit<\/span><\/span><\/td>\n<td class=\"spec-value\"><span style=\"vertical-align: inherit;\"><span style=\"vertical-align: inherit;\">200 g (7,05 oz)<\/span><\/span><\/td>\n<\/tr>\n<tr>\n<th class=\"main-dimension empty-dimension desktop\" width=\"25%\"><\/th>\n<td class=\"secondary-dimension\"><span style=\"vertical-align: inherit;\"><span style=\"vertical-align: inherit;\">Mat\u00e9riau du bo\u00eetier<\/span><\/span><\/td>\n<td class=\"spec-value\"><span style=\"vertical-align: inherit;\"><span style=\"vertical-align: inherit;\">M\u00e9tal<\/span><\/span><\/td>\n<\/tr>\n<tr>\n<th class=\"main-dimension empty-dimension desktop\" width=\"25%\"><\/th>\n<td class=\"secondary-dimension\"><span style=\"vertical-align: inherit;\"><span style=\"vertical-align: inherit;\">Installation<\/span><\/span><\/td>\n<td class=\"spec-value\">\n<ul>\n<li><span style=\"vertical-align: inherit;\"><span style=\"vertical-align: inherit;\">Bureau<\/span><\/span><\/li>\n<li><span style=\"vertical-align: inherit;\"><span style=\"vertical-align: inherit;\">Montage mural<\/span><\/span><\/li>\n<\/ul>\n<\/td>\n<\/tr>\n<tr>\n<th class=\"main-dimension desktop\" width=\"25%\"><span style=\"vertical-align: inherit;\"><span style=\"vertical-align: inherit;\">Contenu du paquet<\/span><\/span><\/th>\n<td class=\"spec-value-wide\" colspan=\"2\">\n<ul>\n<li><span style=\"vertical-align: inherit;\"><span style=\"vertical-align: inherit;\">FS108<\/span><\/span><\/li>\n<li><span style=\"vertical-align: inherit;\"><span style=\"vertical-align: inherit;\">Adaptateur secteur<\/span><\/span><\/li>\n<li><span style=\"vertical-align: inherit;\"><span style=\"vertical-align: inherit;\">Guide d&rsquo;installation<\/span><\/span><\/li>\n<\/ul>\n<\/td>\n<\/tr>\n<tr>\n<th class=\"main-dimension desktop\" width=\"25%\"><span style=\"vertical-align: inherit;\"><span style=\"vertical-align: inherit;\">Informations de commande<\/span><\/span><\/th>\n<td class=\"secondary-dimension\"><span style=\"vertical-align: inherit;\"><span style=\"vertical-align: inherit;\">Dimensions de l&#8217;emballage de vente au d\u00e9tail<\/span><\/span><\/td>\n<td class=\"spec-value\"><span style=\"vertical-align: inherit;\"><span style=\"vertical-align: inherit;\">UE\/\u00c9tats-Unis : <\/span><\/span><br \/>\n<span style=\"vertical-align: inherit;\"><span style=\"vertical-align: inherit;\">151 \u00d7 90,5 \u00d7 63 mm <\/span><\/span><br \/>\n<span style=\"vertical-align: inherit;\"><span style=\"vertical-align: inherit;\">5,94 \u00d7 3,56 \u00d7 2,48 pouces<\/span><\/span><\/td>\n<\/tr>\n<tr>\n<th class=\"main-dimension empty-dimension desktop\" width=\"25%\"><\/th>\n<td class=\"secondary-dimension\"><span style=\"vertical-align: inherit;\"><span style=\"vertical-align: inherit;\">Poids du colis au d\u00e9tail<\/span><\/span><\/td>\n<td class=\"spec-value\"><span style=\"vertical-align: inherit;\"><span style=\"vertical-align: inherit;\">UE : 323 g (11,39 oz)<\/span><\/span><\/td>\n<\/tr>\n<tr>\n<th class=\"main-dimension empty-dimension desktop\" width=\"25%\"><\/th>\n<td class=\"secondary-dimension\"><span style=\"vertical-align: inherit;\"><span style=\"vertical-align: inherit;\">Unit\u00e9s par carton<\/span><\/span><\/td>\n<td class=\"spec-value\"><span style=\"vertical-align: inherit;\"><span style=\"vertical-align: inherit;\">UE\/\u00c9tats-Unis : 40<\/span><\/span><\/td>\n<\/tr>\n<tr>\n<th class=\"main-dimension empty-dimension desktop\" width=\"25%\"><\/th>\n<td class=\"secondary-dimension\"><span style=\"vertical-align: inherit;\"><span style=\"vertical-align: inherit;\">Poids net du carton<\/span><\/span><\/td>\n<td class=\"spec-value\"><span style=\"vertical-align: inherit;\"><span style=\"vertical-align: inherit;\">UE : 12,9 kg (28,44 lb)<\/span><\/span><\/td>\n<\/tr>\n<tr>\n<th class=\"main-dimension empty-dimension desktop\" width=\"25%\"><\/th>\n<td class=\"secondary-dimension\"><span style=\"vertical-align: inherit;\"><span style=\"vertical-align: inherit;\">Poids brut du carton<\/span><\/span><\/td>\n<td class=\"spec-value\"><span style=\"vertical-align: inherit;\"><span style=\"vertical-align: inherit;\">UE : 13,6 kg (29,98 lb)<\/span><\/span><\/td>\n<\/tr>\n<tr>\n<th class=\"main-dimension empty-dimension desktop\" width=\"25%\"><\/th>\n<td class=\"secondary-dimension\"><span style=\"vertical-align: inherit;\"><span style=\"vertical-align: inherit;\">Dimensions du carton<\/span><\/span><\/td>\n<td class=\"spec-value\"><span style=\"vertical-align: inherit;\"><span style=\"vertical-align: inherit;\">UE\/\u00c9tats-Unis : 48,5 \u00d7 32,5 \u00d7 27,8 cm <\/span><\/span><br \/>\n<span style=\"vertical-align: inherit;\"><span style=\"vertical-align: inherit;\">19,09 \u00d7 12,8 \u00d7 10,94 pouces<\/span><\/span><\/td>\n<\/tr>\n<\/tbody>\n<\/table>\n","protected":false},"excerpt":{"rendered":"<div class=\"product__description cudy color-background-2 rte quick-add-hidden\">\n<p><span style=\"vertical-align: inherit;\"><span style=\"vertical-align: inherit;\">Un commutateur 8-FE avec bo\u00eetier m\u00e9ta id\u00e9al pour l&rsquo;extension du r\u00e9seau filaire dans les environnements domestiques et professionnels.<\/span><\/span><\/p>\n<hr class=\"cudy-hr\" \/>\n<ul class=\"bulletins\">\n<li><span style=\"vertical-align: inherit;\"><span style=\"vertical-align: inherit;\">\u00a05 ports Ethernet rapides<\/span><\/span><\/li>\n<li><span style=\"vertical-align: inherit;\"><span style=\"vertical-align: inherit;\">\u00a0Max 1 W, au repos 0,35 W<\/span><\/span><\/li>\n<li><span style=\"vertical-align: inherit;\"><span style=\"vertical-align: inherit;\">\u00a086,5 \u00d7 53 \u00d7 23 mm (3,41 \u00d7 2,09 \u00d7 0,91 po)<\/span><\/span><\/li>\n<li><span style=\"vertical-align: inherit;\"><span style=\"vertical-align: inherit;\">\u00a0Bureau, montage mural<\/span><\/span><\/li>\n<li><span style=\"vertical-align: inherit;\"><span style=\"vertical-align: inherit;\">\u00a0Bo\u00eetier m\u00e9tallique<\/span><\/span><\/li>\n<li><span style=\"vertical-align: inherit;\"><span style=\"vertical-align: inherit;\">\u00a0201 g (7,09 oz)<\/span><\/span><\/li>\n<\/ul>\n<\/div>\n<p>&nbsp;<\/p>\n","protected":false},"featured_media":1347,"comment_status":"open","ping_status":"closed","template":"","meta":{"_joinchat":[]},"product_brand":[64],"product_cat":[35,84],"product_tag":[],"class_list":{"0":"post-1345","1":"product","2":"type-product","3":"status-publish","4":"has-post-thumbnail","6":"product_brand-cudy","7":"product_cat-informatiques","8":"product_cat-switch","10":"first","11":"instock","12":"shipping-taxable","13":"product-type-simple"},"_links":{"self":[{"href":"https:\/\/kraltechnologie.net\/index.php\/wp-json\/wp\/v2\/product\/1345","targetHints":{"allow":["GET"]}}],"collection":[{"href":"https:\/\/kraltechnologie.net\/index.php\/wp-json\/wp\/v2\/product"}],"about":[{"href":"https:\/\/kraltechnologie.net\/index.php\/wp-json\/wp\/v2\/types\/product"}],"replies":[{"embeddable":true,"href":"https:\/\/kraltechnologie.net\/index.php\/wp-json\/wp\/v2\/comments?post=1345"}],"version-history":[{"count":3,"href":"https:\/\/kraltechnologie.net\/index.php\/wp-json\/wp\/v2\/product\/1345\/revisions"}],"predecessor-version":[{"id":1990,"href":"https:\/\/kraltechnologie.net\/index.php\/wp-json\/wp\/v2\/product\/1345\/revisions\/1990"}],"wp:featuredmedia":[{"embeddable":true,"href":"https:\/\/kraltechnologie.net\/index.php\/wp-json\/wp\/v2\/media\/1347"}],"wp:attachment":[{"href":"https:\/\/kraltechnologie.net\/index.php\/wp-json\/wp\/v2\/media?parent=1345"}],"wp:term":[{"taxonomy":"product_brand","embeddable":true,"href":"https:\/\/kraltechnologie.net\/index.php\/wp-json\/wp\/v2\/product_brand?post=1345"},{"taxonomy":"product_cat","embeddable":true,"href":"https:\/\/kraltechnologie.net\/index.php\/wp-json\/wp\/v2\/product_cat?post=1345"},{"taxonomy":"product_tag","embeddable":true,"href":"https:\/\/kraltechnologie.net\/index.php\/wp-json\/wp\/v2\/product_tag?post=1345"}],"curies":[{"name":"wp","href":"https:\/\/api.w.org\/{rel}","templated":true}]}}