{"id":1414,"date":"2025-04-17T10:17:17","date_gmt":"2025-04-17T10:17:17","guid":{"rendered":"https:\/\/kraltechnologie.net\/?post_type=product&#038;p=1414"},"modified":"2025-04-17T10:17:17","modified_gmt":"2025-04-17T10:17:17","slug":"cudy-re1200-1-0","status":"publish","type":"product","link":"https:\/\/kraltechnologie.net\/index.php\/product\/cudy-re1200-1-0\/","title":{"rendered":"Cudy RE1200 1.0"},"content":{"rendered":"<table class=\"spec-table\">\n<tbody>\n<tr>\n<th class=\"main-dimension desktop\" width=\"25%\"><span>Version du mod\u00e8le<\/span><\/th>\n<td class=\"spec-value-wide\" colspan=\"2\"><span>RE1200 1.0<\/span><\/td>\n<\/tr>\n<tr>\n<th class=\"main-dimension desktop\" width=\"25%\"><span>processeur<\/span><\/th>\n<td class=\"secondary-dimension\"><span>Jeu de puces<\/span><\/td>\n<td class=\"spec-value\"><span>MT7628A+MT7613B<\/span><\/td>\n<\/tr>\n<tr>\n<th class=\"main-dimension empty-dimension desktop\" width=\"25%\"><\/th>\n<td class=\"secondary-dimension\"><span>D\u00e9tails du processeur<\/span><\/td>\n<td class=\"spec-value\"><span>580 MHz monoc\u0153ur, MIPS24KEC<\/span><\/td>\n<\/tr>\n<tr>\n<th class=\"main-dimension desktop\" width=\"25%\"><span>M\u00e9moire\/Stockage<\/span><\/th>\n<td class=\"secondary-dimension\"><span>Flash\/ROM<\/span><\/td>\n<td class=\"spec-value\"><span>8 Mo (64 Mbit) NOR<\/span><\/td>\n<\/tr>\n<tr>\n<th class=\"main-dimension empty-dimension desktop\" width=\"25%\"><\/th>\n<td class=\"secondary-dimension\"><span>DDR\/RAM<\/span><\/td>\n<td class=\"spec-value\"><span>64 Mo (512 Mbit) DDR2<\/span><\/td>\n<\/tr>\n<tr>\n<th class=\"main-dimension desktop\" width=\"25%\"><span>Sans fil<\/span><\/th>\n<td class=\"secondary-dimension\"><span>Vitesse Wi-Fi 5 GHz<\/span><\/td>\n<td class=\"spec-value\"><span>867 Mbps<\/span><\/td>\n<\/tr>\n<tr>\n<th class=\"main-dimension empty-dimension desktop\" width=\"25%\"><\/th>\n<td class=\"secondary-dimension\"><span>Vitesse Wi-Fi 2,4 GHz<\/span><\/td>\n<td class=\"spec-value\"><span>300 Mbps<\/span><\/td>\n<\/tr>\n<tr>\n<th class=\"main-dimension empty-dimension desktop\" width=\"25%\"><\/th>\n<td class=\"secondary-dimension\"><span>Flux Wi-Fi 5 GHz<\/span><\/td>\n<td class=\"spec-value\"><span>2T2R (2\u00d72 MIMO)<\/span><\/td>\n<\/tr>\n<tr>\n<th class=\"main-dimension empty-dimension desktop\" width=\"25%\"><\/th>\n<td class=\"secondary-dimension\"><span>Flux Wi-Fi 2,4 GHz<\/span><\/td>\n<td class=\"spec-value\"><span>2T2R (2\u00d72 MIMO)<\/span><\/td>\n<\/tr>\n<tr>\n<th class=\"main-dimension empty-dimension desktop\" width=\"25%\"><\/th>\n<td class=\"secondary-dimension\"><span>Antennes Wi-Fi<\/span><\/td>\n<td class=\"spec-value\"><span>2\u00d7 Fixe<\/span><\/td>\n<\/tr>\n<tr>\n<th class=\"main-dimension empty-dimension desktop\" width=\"25%\"><\/th>\n<td class=\"secondary-dimension\"><span>Gain d&rsquo;antenne maximal de 2,4 GHz<\/span><\/td>\n<td class=\"spec-value\"><span>3,49 dBi<\/span><\/td>\n<\/tr>\n<tr>\n<th class=\"main-dimension empty-dimension desktop\" width=\"25%\"><\/th>\n<td class=\"secondary-dimension\"><span>Gain d&rsquo;antenne maximal \u00e0 5 \u200b\u200bGHz<\/span><\/td>\n<td class=\"spec-value\"><span>6,24 dBi<\/span><\/td>\n<\/tr>\n<tr>\n<th class=\"main-dimension empty-dimension desktop\" width=\"25%\"><\/th>\n<td class=\"secondary-dimension\"><span>FEM ou PA\/LNA<\/span><\/td>\n<td class=\"spec-value\">\n<ul>\n<li><span>5 GHz : 2\u00d7 interne<\/span><\/li>\n<li><span>2,4 GHz\u00a0: 2\u00d7 interne<\/span><\/li>\n<\/ul>\n<\/td>\n<\/tr>\n<tr>\n<th class=\"main-dimension empty-dimension desktop\" width=\"25%\"><\/th>\n<td class=\"secondary-dimension\"><span>Performances de port\u00e9e<\/span><\/td>\n<td class=\"spec-value\"><span>Max\u00a0: 150\u00a0m (492\u00a0pi).<\/span><br \/>\n<span>La port\u00e9e Wi-Fi int\u00e9rieure varie selon la disposition et les mat\u00e9riaux des murs. Consultez les sp\u00e9cifications de performance des murs pour des suggestions d&#8217;emplacement.<\/span><\/td>\n<\/tr>\n<tr>\n<th class=\"main-dimension empty-dimension desktop\" width=\"25%\"><\/th>\n<td class=\"secondary-dimension\"><span>Performance du mur<\/span><\/td>\n<td class=\"spec-value\"><span>Deux murs en bois d&rsquo;une \u00e9paisseur &lt; 10 cm (4\u00a0\u00bb)<\/span><br \/>\n<span>Un mur en b\u00e9ton d&rsquo;une \u00e9paisseur &lt; 20 cm (7\u00a0\u00bb)<\/span><\/td>\n<\/tr>\n<tr>\n<th class=\"main-dimension desktop\" width=\"25%\"><span>Interfaces<\/span><\/th>\n<td class=\"secondary-dimension\"><span>Ports RJ45 10\/100 Mbps<\/span><\/td>\n<td class=\"spec-value\"><span>1<\/span><\/td>\n<\/tr>\n<tr>\n<th class=\"main-dimension empty-dimension desktop\" width=\"25%\"><\/th>\n<td class=\"secondary-dimension\"><span>DIRIG\u00c9<\/span><\/td>\n<td class=\"spec-value\">\n<ul>\n<li><span>Force du signal<\/span><\/li>\n<li><span>WPS<\/span><\/li>\n<li><span>Pouvoir<\/span><\/li>\n<\/ul>\n<\/td>\n<\/tr>\n<tr>\n<th class=\"main-dimension empty-dimension desktop\" width=\"25%\"><\/th>\n<td class=\"secondary-dimension\"><span>Boutons physiques<\/span><\/td>\n<td class=\"spec-value\">\n<ul>\n<li><span>Bouton WPS<\/span><\/li>\n<li><span>Bouton de r\u00e9initialisation<\/span><\/li>\n<\/ul>\n<\/td>\n<\/tr>\n<tr>\n<th class=\"main-dimension empty-dimension desktop\" width=\"25%\"><\/th>\n<td class=\"secondary-dimension\"><span>Puissance d&rsquo;entr\u00e9e<\/span><\/td>\n<td class=\"spec-value\"><span>prise secteur<\/span><\/td>\n<\/tr>\n<tr>\n<th class=\"main-dimension empty-dimension desktop\" width=\"25%\"><\/th>\n<td class=\"secondary-dimension\"><span>Remarque sur la puissance d&rsquo;entr\u00e9e<\/span><\/td>\n<td class=\"spec-value\"><span>Les prises UE, US et UK sont disponibles sur les versions r\u00e9gionales correspondantes<\/span><\/td>\n<\/tr>\n<tr>\n<th class=\"main-dimension desktop\" width=\"25%\"><span>Pouvoir<\/span><\/th>\n<td class=\"secondary-dimension\"><span>M\u00e9thodes d&rsquo;alimentation<\/span><\/td>\n<td class=\"spec-value\"><span>CA<\/span><\/td>\n<\/tr>\n<tr>\n<th class=\"main-dimension empty-dimension desktop\" width=\"25%\"><\/th>\n<td class=\"secondary-dimension\"><span>CA<\/span><\/td>\n<td class=\"spec-value\"><span>110V ~ 220V<\/span><\/td>\n<\/tr>\n<tr>\n<th class=\"main-dimension desktop\" width=\"25%\"><span>Fiabilit\u00e9<\/span><\/th>\n<td class=\"secondary-dimension\"><span>Environnement<\/span><\/td>\n<td class=\"spec-value\">\n<ul>\n<li><span>Temp\u00e9rature de fonctionnement : 0 \u2103 ~ 40 \u2103 (32 \u2109 ~ 104 \u2109)<\/span><\/li>\n<li><span>Temp\u00e9rature de stockage : -40 \u2103 ~ 70 \u2103 (-40 \u2109 ~ 158 \u2109)<\/span><\/li>\n<li><span>Humidit\u00e9 : 10 % ~ 90 % sans condensation<\/span><\/li>\n<li><span>Humidit\u00e9 de stockage : 5 % ~ 95 % sans condensation<\/span><\/li>\n<\/ul>\n<\/td>\n<\/tr>\n<tr>\n<th class=\"main-dimension desktop\" width=\"25%\"><span>Certifications<\/span><\/th>\n<td class=\"spec-value-wide\" colspan=\"2\"><span>FCC, CE<\/span><\/td>\n<\/tr>\n<tr>\n<th class=\"main-dimension desktop\" width=\"25%\"><span>M\u00e9canique<\/span><\/th>\n<td class=\"secondary-dimension\"><span>Installer en guirlande<\/span><\/td>\n<td class=\"spec-value\"><span>Il est recommand\u00e9 d&rsquo;installer moins de 3 r\u00e9p\u00e9teurs dans une cha\u00eene sans fil.<\/span><\/td>\n<\/tr>\n<tr>\n<th class=\"main-dimension empty-dimension desktop\" width=\"25%\"><\/th>\n<td class=\"secondary-dimension\"><span>Installation<\/span><\/td>\n<td class=\"spec-value\"><span>Prise enfichable<\/span><\/td>\n<\/tr>\n<tr>\n<th class=\"main-dimension empty-dimension desktop\" width=\"25%\"><\/th>\n<td class=\"secondary-dimension\"><span>Mat\u00e9riau du bo\u00eetier<\/span><\/td>\n<td class=\"spec-value\"><span>Plastique<\/span><\/td>\n<\/tr>\n<tr>\n<th class=\"main-dimension empty-dimension desktop\" width=\"25%\"><\/th>\n<td class=\"secondary-dimension\"><span>Dimension<\/span><\/td>\n<td class=\"spec-value\"><span>129,6 \u00d7 80 \u00d7 48,6 mm<\/span><br \/>\n<span>5,1 \u00d7 3,15 \u00d7 1,91 pouces<\/span><\/td>\n<\/tr>\n<tr>\n<th class=\"main-dimension empty-dimension desktop\" width=\"25%\"><\/th>\n<td class=\"secondary-dimension\"><span>Poids du produit<\/span><\/td>\n<td class=\"spec-value\">\n<ul>\n<li><span>Royaume-Uni : 210 g (7,41 oz)<\/span><\/li>\n<li><span>\u00c9tats-Unis \/ UE : 205 g (7,23 oz)<\/span><\/li>\n<\/ul>\n<\/td>\n<\/tr>\n<tr>\n<th class=\"main-dimension desktop\" width=\"25%\"><span>Contenu du paquet<\/span><\/th>\n<td class=\"spec-value-wide\" colspan=\"2\">\n<ul>\n<li><span>RE1200<\/span><\/li>\n<li><span>Guide d&rsquo;installation<\/span><\/li>\n<\/ul>\n<\/td>\n<\/tr>\n<tr>\n<th class=\"main-dimension desktop\" width=\"25%\"><span>Informations de commande<\/span><\/th>\n<td class=\"secondary-dimension\"><span>Poids du colis au d\u00e9tail<\/span><\/td>\n<td class=\"spec-value\">\n<ul>\n<li><span>Royaume-Uni : 356 g (12,56 oz)<\/span><\/li>\n<li><span>\u00c9tats-Unis \/ UE : 369 g (13,02 oz)<\/span><\/li>\n<\/ul>\n<\/td>\n<\/tr>\n<tr>\n<th class=\"main-dimension empty-dimension desktop\" width=\"25%\"><\/th>\n<td class=\"secondary-dimension\"><span>Dimensions de l&#8217;emballage de vente au d\u00e9tail<\/span><\/td>\n<td class=\"spec-value\"><span>161 \u00d7 120 \u00d7 96 mm<\/span><br \/>\n<span>6,34 \u00d7 4,72 \u00d7 3,78 pouces<\/span><\/td>\n<\/tr>\n<tr>\n<th class=\"main-dimension empty-dimension desktop\" width=\"25%\"><\/th>\n<td class=\"secondary-dimension\"><span>Unit\u00e9s par carton<\/span><\/td>\n<td class=\"spec-value\"><span>30<\/span><\/td>\n<\/tr>\n<tr>\n<th class=\"main-dimension empty-dimension desktop\" width=\"25%\"><\/th>\n<td class=\"secondary-dimension\"><span>Poids net du carton<\/span><\/td>\n<td class=\"spec-value\">\n<ul>\n<li><span>Royaume-Uni\u00a0: 10,7 kg (23,59 lb)<\/span><\/li>\n<li><span>\u00c9tats-Unis \/ UE\u00a0: 11,1 kg (24,47 lb)<\/span><\/li>\n<\/ul>\n<\/td>\n<\/tr>\n<tr>\n<th class=\"main-dimension empty-dimension desktop\" width=\"25%\"><\/th>\n<td class=\"secondary-dimension\"><span>Poids brut du carton<\/span><\/td>\n<td class=\"spec-value\">\n<ul>\n<li><span>Royaume-Uni\u00a0: 11,1 kg (24,47 lb)<\/span><\/li>\n<li><span>\u00c9tats-Unis \/ UE\u00a0: 12,0 kg (26,46 lb)<\/span><\/li>\n<\/ul>\n<\/td>\n<\/tr>\n<tr>\n<th class=\"main-dimension empty-dimension desktop\" width=\"25%\"><\/th>\n<td class=\"secondary-dimension\"><span>Dimensions du carton<\/span><\/td>\n<td class=\"spec-value\"><span>50,4 \u00d7 37,7 \u00d7 34,1 cm<\/span><br \/>\n<span>19,84 \u00d7 14,84 \u00d7 13,43 pouces<\/span><\/td>\n<\/tr>\n<\/tbody>\n<\/table>\n","protected":false},"excerpt":{"rendered":"<p><span>Un r\u00e9p\u00e9teur Wi-Fi AC1200 avec port Ethernet. Appuyez sur les boutons WPS pour \u00e9tendre instantan\u00e9ment votre r\u00e9seau Wi-Fi existant.<\/span><\/p>\n<hr class=\"cudy-hr\" \/>\n<ul class=\"bulletins\">\n<li><span>\u00a0Fonctionne avec n&rsquo;importe quel routeur Wi-Fi<\/span><\/li>\n<li><span>\u00a0Wi-Fi 5 double bande<\/span><\/li>\n<li><span>\u00a01 port Ethernet rapide<\/span><\/li>\n<li><span>\u00a030 appareils connect\u00e9s\u00a0<\/span><sup><small><span>1<\/span><\/small><\/sup><\/li>\n<li><span>\u00a0Satellite Cudy Mesh<\/span><\/li>\n<li><span>\u00a0Liaison simultan\u00e9e multibande<\/span><\/li>\n<li><span>\u00a0liaison Ethernet<\/span><\/li>\n<\/ul>\n","protected":false},"featured_media":1417,"comment_status":"open","ping_status":"closed","template":"","meta":{"_joinchat":[]},"product_brand":[64],"product_cat":[35,86],"product_tag":[],"class_list":{"0":"post-1414","1":"product","2":"type-product","3":"status-publish","4":"has-post-thumbnail","6":"product_brand-cudy","7":"product_cat-informatiques","8":"product_cat-repeteur","10":"first","11":"instock","12":"shipping-taxable","13":"product-type-simple"},"_links":{"self":[{"href":"https:\/\/kraltechnologie.net\/index.php\/wp-json\/wp\/v2\/product\/1414","targetHints":{"allow":["GET"]}}],"collection":[{"href":"https:\/\/kraltechnologie.net\/index.php\/wp-json\/wp\/v2\/product"}],"about":[{"href":"https:\/\/kraltechnologie.net\/index.php\/wp-json\/wp\/v2\/types\/product"}],"replies":[{"embeddable":true,"href":"https:\/\/kraltechnologie.net\/index.php\/wp-json\/wp\/v2\/comments?post=1414"}],"version-history":[{"count":1,"href":"https:\/\/kraltechnologie.net\/index.php\/wp-json\/wp\/v2\/product\/1414\/revisions"}],"predecessor-version":[{"id":1418,"href":"https:\/\/kraltechnologie.net\/index.php\/wp-json\/wp\/v2\/product\/1414\/revisions\/1418"}],"wp:featuredmedia":[{"embeddable":true,"href":"https:\/\/kraltechnologie.net\/index.php\/wp-json\/wp\/v2\/media\/1417"}],"wp:attachment":[{"href":"https:\/\/kraltechnologie.net\/index.php\/wp-json\/wp\/v2\/media?parent=1414"}],"wp:term":[{"taxonomy":"product_brand","embeddable":true,"href":"https:\/\/kraltechnologie.net\/index.php\/wp-json\/wp\/v2\/product_brand?post=1414"},{"taxonomy":"product_cat","embeddable":true,"href":"https:\/\/kraltechnologie.net\/index.php\/wp-json\/wp\/v2\/product_cat?post=1414"},{"taxonomy":"product_tag","embeddable":true,"href":"https:\/\/kraltechnologie.net\/index.php\/wp-json\/wp\/v2\/product_tag?post=1414"}],"curies":[{"name":"wp","href":"https:\/\/api.w.org\/{rel}","templated":true}]}}