{"id":1474,"date":"2025-04-17T11:02:29","date_gmt":"2025-04-17T11:02:29","guid":{"rendered":"https:\/\/kraltechnologie.net\/?post_type=product&#038;p=1474"},"modified":"2025-05-28T11:57:31","modified_gmt":"2025-05-28T11:57:31","slug":"grandstream-grp2616","status":"publish","type":"product","link":"https:\/\/kraltechnologie.net\/index.php\/product\/grandstream-grp2616\/","title":{"rendered":"Grandstream GRP2616"},"content":{"rendered":"<p><span style=\"vertical-align: inherit;\"><span style=\"vertical-align: inherit;\">Le GRP2616 dispose de 48 touches multifonctions virtuelles (VPK), d&rsquo;une connexion Wi-Fi int\u00e9gr\u00e9e, d&rsquo;une prise en charge Bluetooth, d&rsquo;un \u00e9cran LCD couleur de 4,3 pouces avec des plaques frontales interchangeables pour une personnalisation facile du logo, d&rsquo;un \u00e9cran d&rsquo;affichage suppl\u00e9mentaire de 2,4 pouces et est pris en charge par le syst\u00e8me de gestion des appareils de Grandstream (GDMS).\u00a0<\/span><\/span><\/p>\n<ul>\n<li><span style=\"vertical-align: inherit;\"><span style=\"vertical-align: inherit;\">Audio HD, combin\u00e9 et haut-parleur avec prise en charge de l&rsquo;audio large bande<\/span><\/span><\/li>\n<li><span style=\"vertical-align: inherit;\"><span style=\"vertical-align: inherit;\">6 touches de ligne avec jusqu&rsquo;\u00e0 16 comptes SIP<\/span><\/span><\/li>\n<li><span style=\"vertical-align: inherit;\"><span style=\"vertical-align: inherit;\">Double \u00e9cran LCD avec touches BLF num\u00e9riques<\/span><\/span><\/li>\n<li><span style=\"vertical-align: inherit;\"><span style=\"vertical-align: inherit;\">Protection de niveau entreprise incluant un d\u00e9marrage s\u00e9curis\u00e9, des images de micrologiciel double et un stockage de donn\u00e9es crypt\u00e9<\/span><\/span><\/li>\n<li><span style=\"vertical-align: inherit;\"><span style=\"vertical-align: inherit;\">Wi-Fi double bande 802.11 a\/b\/g\/n\/ac int\u00e9gr\u00e9<\/span><\/span><\/li>\n<li><span style=\"vertical-align: inherit;\"><span style=\"vertical-align: inherit;\">Ports Ethernet Gigabit 10\/100\/1000 Mbps \u00e0 d\u00e9tection automatique et commutation double avec PoE int\u00e9gr\u00e9<\/span><\/span><\/li>\n<li><span style=\"vertical-align: inherit;\"><span style=\"vertical-align: inherit;\">Plaques frontales interchangeables pour permettre une personnalisation facile du logo<\/span><\/span><\/li>\n<li><span style=\"vertical-align: inherit;\"><span style=\"vertical-align: inherit;\">Bluetooth int\u00e9gr\u00e9<\/span><\/span><\/li>\n<\/ul>\n","protected":false},"excerpt":{"rendered":"<div class=\"prod-reference\">SKU:GRP2616<\/div>\n<div class=\"product-information\">\n<div id=\"product-description-short-1352\" class=\"sort-description\">\n<p><strong>\u2013 6 Comptes SIP<\/strong><br \/>\n<strong>\u2013 Ecran LCD Couleur R\u00e9tro\u00e9clair\u00e9\u00a04,3\u2033 (480 X 272)<br \/>\n<\/strong><strong>\u2013\u00a0Ecran suppl\u00e9mentaire de 2,4\u2033\u00a0(240 X 320)<\/strong><br \/>\n<strong>\u2013 5 touches XML<br \/>\n\u2013 WiFi Bi-Bandes 802.11 a\/b\/g\/n\/ac (2.4Ghz &amp; 5Ghz)<br \/>\n\u2013\u00a0Bluetooth int\u00e9gr\u00e9<\/strong><br \/>\n<strong>\u2013 Coques interchangeables<\/strong><br \/>\n<strong>\u2013 Codec Opus<\/strong><br \/>\n<strong>\u2013 Compatible EHS (Plantronics)<\/strong><br \/>\n<strong>\u2013 2 ports 10\/100\/1000 Mbps<\/strong><br \/>\n<strong>\u2013 PoE (et vendu avec bloc secteur)<\/strong><\/p>\n<\/div>\n<\/div>\n","protected":false},"featured_media":1476,"comment_status":"open","ping_status":"closed","template":"","meta":{"_joinchat":[]},"product_brand":[68],"product_cat":[35,43,41],"product_tag":[],"class_list":{"0":"post-1474","1":"product","2":"type-product","3":"status-publish","4":"has-post-thumbnail","6":"product_brand-grandstream","7":"product_cat-informatiques","8":"product_cat-telephone-ip","9":"product_cat-voip","11":"first","12":"instock","13":"shipping-taxable","14":"product-type-simple"},"_links":{"self":[{"href":"https:\/\/kraltechnologie.net\/index.php\/wp-json\/wp\/v2\/product\/1474","targetHints":{"allow":["GET"]}}],"collection":[{"href":"https:\/\/kraltechnologie.net\/index.php\/wp-json\/wp\/v2\/product"}],"about":[{"href":"https:\/\/kraltechnologie.net\/index.php\/wp-json\/wp\/v2\/types\/product"}],"replies":[{"embeddable":true,"href":"https:\/\/kraltechnologie.net\/index.php\/wp-json\/wp\/v2\/comments?post=1474"}],"version-history":[{"count":2,"href":"https:\/\/kraltechnologie.net\/index.php\/wp-json\/wp\/v2\/product\/1474\/revisions"}],"predecessor-version":[{"id":1480,"href":"https:\/\/kraltechnologie.net\/index.php\/wp-json\/wp\/v2\/product\/1474\/revisions\/1480"}],"wp:featuredmedia":[{"embeddable":true,"href":"https:\/\/kraltechnologie.net\/index.php\/wp-json\/wp\/v2\/media\/1476"}],"wp:attachment":[{"href":"https:\/\/kraltechnologie.net\/index.php\/wp-json\/wp\/v2\/media?parent=1474"}],"wp:term":[{"taxonomy":"product_brand","embeddable":true,"href":"https:\/\/kraltechnologie.net\/index.php\/wp-json\/wp\/v2\/product_brand?post=1474"},{"taxonomy":"product_cat","embeddable":true,"href":"https:\/\/kraltechnologie.net\/index.php\/wp-json\/wp\/v2\/product_cat?post=1474"},{"taxonomy":"product_tag","embeddable":true,"href":"https:\/\/kraltechnologie.net\/index.php\/wp-json\/wp\/v2\/product_tag?post=1474"}],"curies":[{"name":"wp","href":"https:\/\/api.w.org\/{rel}","templated":true}]}}