{"id":1479,"date":"2025-04-17T11:02:44","date_gmt":"2025-04-17T11:02:44","guid":{"rendered":"https:\/\/kraltechnologie.net\/?post_type=product&#038;p=1479"},"modified":"2025-05-28T11:57:17","modified_gmt":"2025-05-28T11:57:17","slug":"grandstream-grp2615","status":"publish","type":"product","link":"https:\/\/kraltechnologie.net\/index.php\/product\/grandstream-grp2615\/","title":{"rendered":"Grandstream GRP2615"},"content":{"rendered":"<p><span>Le GRP2615 dispose de 40 touches polyvalentes (MPK), d&rsquo;\u00a0\u00a0<\/span><span>une connexion Wi-Fi int\u00e9gr\u00e9e, d&rsquo;une prise en charge Bluetooth<\/span><span>\u00a0, d&rsquo;un \u00e9cran LCD couleur avec des plaques frontales interchangeables pour une personnalisation facile du logo et plus encore et est pris en charge par le syst\u00e8me de gestion des appareils de Grandstream (GDMS).\u00a0<\/span><\/p>\n<ul>\n<li><span>Audio HD, combin\u00e9 et haut-parleur avec prise en charge de l&rsquo;audio large bande<\/span><\/li>\n<li><span>10 touches de ligne avec jusqu&rsquo;\u00e0 16 comptes SIP<\/span><\/li>\n<li><span>40 touches BLF num\u00e9riques int\u00e9gr\u00e9es\u00a0; le module d&rsquo;extension disponible offre 40 touches BLF\/num\u00e9rotation rapide par module<\/span><\/li>\n<li><span>Protection de niveau entreprise incluant un d\u00e9marrage s\u00e9curis\u00e9, des images de micrologiciel doubles et un stockage de donn\u00e9es crypt\u00e9<\/span><\/li>\n<li><span>Wi-Fi double bande int\u00e9gr\u00e9 802.11 a\/b\/g\/n\/ac (2,4 GHz et 5 GHz)<\/span><\/li>\n<li><span>Ports Ethernet Gigabit 10\/100\/1000 Mbps \u00e0 d\u00e9tection automatique et commutation double avec PoE int\u00e9gr\u00e9<\/span><\/li>\n<li><span>Plaques frontales interchangeables pour permettre une personnalisation facile du logo<\/span><\/li>\n<li><span>Bluetooth int\u00e9gr\u00e9<\/span><\/li>\n<\/ul>\n","protected":false},"excerpt":{"rendered":"<div class=\"prod-reference\">SKU:GRP2615<\/div>\n<div class=\"product-information\">\n<div id=\"product-description-short-1341\" class=\"sort-description\">\n<p><strong>&#8211;\u00a016 Comptes SIP (10 Lignes)<\/strong><br \/>\n<strong>&#8211; Ecran LCD Couleur R\u00e9tro\u00e9clair\u00e9 4,3&Prime; (480 X 272)<br \/>\n&#8211; Coques interchangeables (Logo)<br \/>\n<\/strong><strong>&#8211; 5 touches XML<br \/>\n&#8211; WiFi Bi-Bandes 802.11 a\/b\/g\/n\/ac (2.4Ghz &amp; 5Ghz)<br \/>\n&#8211;\u00a0Bluetooth int\u00e9gr\u00e9<\/strong><br \/>\n<strong>&#8211; Codec Opus<\/strong><br \/>\n<strong>&#8211; Compatible EHS (Plantronics)<br \/>\n&#8211; Module d&rsquo;extension optionnel (GBX20)<\/strong><br \/>\n<strong>&#8211; 2 ports 10\/100\/1000 Mbps<\/strong><br \/>\n<strong>&#8211; PoE (et vendu avec bloc secteur)<\/strong><\/p>\n<\/div>\n<\/div>\n","protected":false},"featured_media":1482,"comment_status":"open","ping_status":"closed","template":"","meta":{"_joinchat":[]},"product_brand":[68],"product_cat":[35,43,41],"product_tag":[],"class_list":{"0":"post-1479","1":"product","2":"type-product","3":"status-publish","4":"has-post-thumbnail","6":"product_brand-grandstream","7":"product_cat-informatiques","8":"product_cat-telephone-ip","9":"product_cat-voip","11":"first","12":"instock","13":"shipping-taxable","14":"product-type-simple"},"_links":{"self":[{"href":"https:\/\/kraltechnologie.net\/index.php\/wp-json\/wp\/v2\/product\/1479","targetHints":{"allow":["GET"]}}],"collection":[{"href":"https:\/\/kraltechnologie.net\/index.php\/wp-json\/wp\/v2\/product"}],"about":[{"href":"https:\/\/kraltechnologie.net\/index.php\/wp-json\/wp\/v2\/types\/product"}],"replies":[{"embeddable":true,"href":"https:\/\/kraltechnologie.net\/index.php\/wp-json\/wp\/v2\/comments?post=1479"}],"version-history":[{"count":1,"href":"https:\/\/kraltechnologie.net\/index.php\/wp-json\/wp\/v2\/product\/1479\/revisions"}],"predecessor-version":[{"id":1483,"href":"https:\/\/kraltechnologie.net\/index.php\/wp-json\/wp\/v2\/product\/1479\/revisions\/1483"}],"wp:featuredmedia":[{"embeddable":true,"href":"https:\/\/kraltechnologie.net\/index.php\/wp-json\/wp\/v2\/media\/1482"}],"wp:attachment":[{"href":"https:\/\/kraltechnologie.net\/index.php\/wp-json\/wp\/v2\/media?parent=1479"}],"wp:term":[{"taxonomy":"product_brand","embeddable":true,"href":"https:\/\/kraltechnologie.net\/index.php\/wp-json\/wp\/v2\/product_brand?post=1479"},{"taxonomy":"product_cat","embeddable":true,"href":"https:\/\/kraltechnologie.net\/index.php\/wp-json\/wp\/v2\/product_cat?post=1479"},{"taxonomy":"product_tag","embeddable":true,"href":"https:\/\/kraltechnologie.net\/index.php\/wp-json\/wp\/v2\/product_tag?post=1479"}],"curies":[{"name":"wp","href":"https:\/\/api.w.org\/{rel}","templated":true}]}}