{"id":1501,"date":"2025-04-17T13:31:18","date_gmt":"2025-04-17T13:31:18","guid":{"rendered":"https:\/\/kraltechnologie.net\/?post_type=product&#038;p=1501"},"modified":"2025-04-17T21:33:10","modified_gmt":"2025-04-17T21:33:10","slug":"mikrotik-ccr2116-12g-4s","status":"publish","type":"product","link":"https:\/\/kraltechnologie.net\/index.php\/product\/mikrotik-ccr2116-12g-4s\/","title":{"rendered":"Mikrotik CCR2116-12G-4S+"},"content":{"rendered":"<p><img loading=\"lazy\" decoding=\"async\" class=\"alignnone wp-image-1504\" src=\"http:\/\/kraltechnologie.net\/wp-content\/uploads\/2025\/04\/Screenshot_31-300x77.png\" alt=\"\" width=\"1434\" height=\"368\" srcset=\"https:\/\/kraltechnologie.net\/wp-content\/uploads\/2025\/04\/Screenshot_31-300x77.png 300w, https:\/\/kraltechnologie.net\/wp-content\/uploads\/2025\/04\/Screenshot_31-150x39.png 150w, https:\/\/kraltechnologie.net\/wp-content\/uploads\/2025\/04\/Screenshot_31-768x198.png 768w, https:\/\/kraltechnologie.net\/wp-content\/uploads\/2025\/04\/Screenshot_31.png 954w\" sizes=\"auto, (max-width: 1434px) 100vw, 1434px\" \/><\/p>\n<p>Nous souhaitions exploiter pleinement le potentiel du bon vieux r\u00e9seau 10G, fiable et performant, associ\u00e9 \u00e0 un processeur moderne. Le CCR2116-12G-4S+ vous permet d&rsquo;oublier les limitations du processeur dans votre configuration. Comme son petit fr\u00e8re, l&rsquo;incroyable CCR2004, ce routeur est \u00e9quip\u00e9 du puissant processeur Amazon Annapurna Labs Alpine.<\/p>\n<p>Mais avec 16 c\u0153urs cadenc\u00e9s \u00e0 2 GHz, ce CCR surpasse l&rsquo;autre. Par exemple, nous constatons une augmentation d&rsquo;au moins 15 % des performances monoc\u0153ur. Et c&rsquo;est l&rsquo;aspect le plus important pour les op\u00e9rations lourdes bas\u00e9es sur le traitement par connexion, comme les files d&rsquo;attente. Le CCR2116-12G-4S+ \u00e9tablit\u00a0<b>une nouvelle norme de performances monoc\u0153ur pour toute la gamme de produits CCR\u00a0!\u00a0<\/b>De plus, il prend en charge le d\u00e9chargement mat\u00e9riel de couche\u00a03\u00a0!<\/p>\n<p>\u00c9videmment, une connectivit\u00e9 ad\u00e9quate est n\u00e9cessaire pour exploiter cette puissance. Le r\u00e9seau dispose de\u00a0<b>quatre ports SFP+ 10G.<\/b>\u00a0Ils disposent d&rsquo;une ligne full duplex distincte connect\u00e9e \u00e0 la puce de commutation Marvell Aldrin. Nous disposons \u00e9galement de ports Gigabit Ethernet. Douze d&rsquo;entre eux sont connect\u00e9s \u00e0 la puce Marvel. Un autre port Gigabit est connect\u00e9 directement au processeur, \u00e0 des fins de gestion.<\/p>\n<p>Chaque groupe de 4 ports dispose d&rsquo;une connexion full duplex distincte \u00e0 la puce de commutation. Aucun goulot d&rsquo;\u00e9tranglement n&rsquo;est \u00e0 craindre. Vous pouvez vous attendre \u00e0 un d\u00e9bit comparable \u00e0 celui d&rsquo;un commutateur dans la plupart des configurations. La nouvelle g\u00e9n\u00e9ration de processeurs offre des performances \u00e9poustouflantes.\u00a0<b>Si l&rsquo;on consid\u00e8re le CCR1036, le puissant processeur \u00e0 36 c\u0153urs, le nouveau CCR2116 peut facilement doubler ses performances. 16 c\u0153urs contre 36 c\u0153urs. Des performances doubl\u00e9es. Ou m\u00eame plus.<\/b><\/p>\n<p>Si vous \u00eates un FAI de taille importante, confront\u00e9 \u00e0 un routage dynamique, des BGP massifs, des r\u00e8gles de pare-feu complexes et des configurations de qualit\u00e9 de service complexes, cet appareil est fait pour vous. Il allie puissance brute et utilit\u00e9 \u00e0 la fiabilit\u00e9 du r\u00e9seau 10G. Et comme pour tout appareil de FAI, nous avons inclus une\u00a0<b>alimentation doublement redondante.<\/b>\u00a0Vous avez donc un souci de moins.<\/p>\n<p>CCR2116-12G-4S+ : une technologie \u00e9prouv\u00e9e par le temps, con\u00e7ue pour l&rsquo;avenir.<\/p>\n","protected":false},"excerpt":{"rendered":"<h2>Caract\u00e9ristiques<\/h2>\n<table class=\"table product-table\">\n<thead>\n<tr>\n<th colspan=\"2\">D\u00e9tails<\/th>\n<\/tr>\n<\/thead>\n<tbody>\n<tr>\n<td>Code produit<\/td>\n<td>CCR2116-12G-4S+<\/td>\n<\/tr>\n<tr>\n<td>Architecture<\/td>\n<td>ARM 64 bits<\/td>\n<\/tr>\n<tr>\n<td>processeur<\/td>\n<td>AL73400<\/td>\n<\/tr>\n<tr>\n<td>Nombre de c\u0153urs du processeur<\/td>\n<td>16<\/td>\n<\/tr>\n<tr>\n<td>fr\u00e9quence nominale du processeur<\/td>\n<td>2000 MHz<\/td>\n<\/tr>\n<tr>\n<td>Mod\u00e8le de puce de commutation<\/td>\n<td>98DX3255<\/td>\n<\/tr>\n<tr>\n<td>Dimensions<\/td>\n<td>443 x 199 x 44 mm<\/td>\n<\/tr>\n<tr>\n<td>Licence RouterOS<\/td>\n<td>6<\/td>\n<\/tr>\n<tr>\n<td>Syst\u00e8me op\u00e9rateur<\/td>\n<td><a href=\"https:\/\/help.mikrotik.com\/docs\/display\/ROS\/RouterOS\" target=\"_blank\" rel=\"noopener\">RouterOS v7<\/a><\/td>\n<\/tr>\n<tr>\n<td>Taille de la RAM<\/td>\n<td>16 GB<\/td>\n<\/tr>\n<tr>\n<td>Taille de stockage<\/td>\n<td>128 Mo<\/td>\n<\/tr>\n<tr>\n<td>Type de stockage<\/td>\n<td>NAND<\/td>\n<\/tr>\n<tr>\n<td>MTBF<\/td>\n<td>Environ 200 000 heures \u00e0 25 \u00b0C<\/td>\n<\/tr>\n<tr>\n<td>Temp\u00e9rature ambiante test\u00e9e<\/td>\n<td>-20\u00b0C \u00e0 60\u00b0C<\/td>\n<\/tr>\n<tr>\n<td>Acc\u00e9l\u00e9ration mat\u00e9rielle IPsec<\/td>\n<td>Oui<\/td>\n<\/tr>\n<tr>\n<td><\/td>\n<td><\/td>\n<\/tr>\n<\/tbody>\n<\/table>\n<div class=\"clearfix\"><\/div>\n<h2>Mise sous tension<\/h2>\n<table class=\"table product-table\">\n<thead>\n<tr>\n<th colspan=\"2\">D\u00e9tails<\/th>\n<\/tr>\n<\/thead>\n<tbody>\n<tr>\n<td>Nombre d&rsquo;entr\u00e9es CA<\/td>\n<td>2<\/td>\n<\/tr>\n<tr>\n<td>Plage d&rsquo;entr\u00e9e CA<\/td>\n<td>100-240<\/td>\n<\/tr>\n<tr>\n<td>Nombre d&#8217;emplacements d&rsquo;alimentation<\/td>\n<td>2<\/td>\n<\/tr>\n<tr>\n<td>Fr\u00e9quence (Hz)<\/td>\n<td>47-63<\/td>\n<\/tr>\n<tr>\n<td>Consommation \u00e9lectrique maximale<\/td>\n<td>83 W<\/td>\n<\/tr>\n<tr>\n<td>Consommation \u00e9lectrique maximale sans accessoires<\/td>\n<td>60 W<\/td>\n<\/tr>\n<tr>\n<td>Type de refroidissement<\/td>\n<td>4 ventilateurs<\/td>\n<\/tr>\n<\/tbody>\n<\/table>\n<div class=\"clearfix\"><\/div>\n<h2>Ethernet<\/h2>\n<table class=\"table product-table\">\n<thead>\n<tr>\n<th colspan=\"2\">D\u00e9tails<\/th>\n<\/tr>\n<\/thead>\n<tbody>\n<tr>\n<td>Ports Ethernet 10\/100\/1000<\/td>\n<td>13<\/td>\n<\/tr>\n<\/tbody>\n<\/table>\n<div class=\"clearfix\"><\/div>\n<h2>Fibre<\/h2>\n<table class=\"table product-table\">\n<thead>\n<tr>\n<th colspan=\"2\">D\u00e9tails<\/th>\n<\/tr>\n<\/thead>\n<tbody>\n<tr>\n<td>Ports SFP+<\/td>\n<td>4<\/td>\n<\/tr>\n<\/tbody>\n<\/table>\n<div class=\"clearfix\"><\/div>\n<h2>P\u00e9riph\u00e9riques<\/h2>\n<table class=\"table product-table\">\n<thead>\n<tr>\n<th colspan=\"2\">D\u00e9tails<\/th>\n<\/tr>\n<\/thead>\n<tbody>\n<tr>\n<td>Port de console s\u00e9rie<\/td>\n<td>RJ45<\/td>\n<\/tr>\n<tr>\n<td>Nombre d&#8217;emplacements M.2<\/td>\n<td>1<\/td>\n<\/tr>\n<\/tbody>\n<\/table>\n<div class=\"clearfix\"><\/div>\n<h2>Autre<\/h2>\n<table class=\"table product-table\">\n<thead>\n<tr>\n<th colspan=\"2\">D\u00e9tails<\/th>\n<\/tr>\n<\/thead>\n<tbody>\n<tr>\n<td>moniteur de temp\u00e9rature du processeur<\/td>\n<td>Oui<\/td>\n<\/tr>\n<tr>\n<td>moniteur de temp\u00e9rature PCB<\/td>\n<td>Oui<\/td>\n<\/tr>\n<tr>\n<td>Moniteur de tension<\/td>\n<td>Oui<\/td>\n<\/tr>\n<tr>\n<td>Bouton de mode<\/td>\n<td>Oui<\/td>\n<\/tr>\n<\/tbody>\n<\/table>\n<div class=\"clearfix\"><\/div>\n<h2>Certification et approbations<\/h2>\n<table class=\"table product-table\">\n<thead>\n<tr>\n<th colspan=\"2\">D\u00e9tails<\/th>\n<\/tr>\n<\/thead>\n<tbody>\n<tr>\n<td>Certification<\/td>\n<td>CE, EAC, ROHS<\/td>\n<\/tr>\n<\/tbody>\n<\/table>\n","protected":false},"featured_media":1502,"comment_status":"open","ping_status":"closed","template":"","meta":{"_joinchat":[]},"product_brand":[72],"product_cat":[35,42],"product_tag":[],"class_list":{"0":"post-1501","1":"product","2":"type-product","3":"status-publish","4":"has-post-thumbnail","6":"product_brand-mikrotik","7":"product_cat-informatiques","8":"product_cat-routeurs","10":"first","11":"instock","12":"shipping-taxable","13":"product-type-simple"},"_links":{"self":[{"href":"https:\/\/kraltechnologie.net\/index.php\/wp-json\/wp\/v2\/product\/1501","targetHints":{"allow":["GET"]}}],"collection":[{"href":"https:\/\/kraltechnologie.net\/index.php\/wp-json\/wp\/v2\/product"}],"about":[{"href":"https:\/\/kraltechnologie.net\/index.php\/wp-json\/wp\/v2\/types\/product"}],"replies":[{"embeddable":true,"href":"https:\/\/kraltechnologie.net\/index.php\/wp-json\/wp\/v2\/comments?post=1501"}],"version-history":[{"count":3,"href":"https:\/\/kraltechnologie.net\/index.php\/wp-json\/wp\/v2\/product\/1501\/revisions"}],"predecessor-version":[{"id":1635,"href":"https:\/\/kraltechnologie.net\/index.php\/wp-json\/wp\/v2\/product\/1501\/revisions\/1635"}],"wp:featuredmedia":[{"embeddable":true,"href":"https:\/\/kraltechnologie.net\/index.php\/wp-json\/wp\/v2\/media\/1502"}],"wp:attachment":[{"href":"https:\/\/kraltechnologie.net\/index.php\/wp-json\/wp\/v2\/media?parent=1501"}],"wp:term":[{"taxonomy":"product_brand","embeddable":true,"href":"https:\/\/kraltechnologie.net\/index.php\/wp-json\/wp\/v2\/product_brand?post=1501"},{"taxonomy":"product_cat","embeddable":true,"href":"https:\/\/kraltechnologie.net\/index.php\/wp-json\/wp\/v2\/product_cat?post=1501"},{"taxonomy":"product_tag","embeddable":true,"href":"https:\/\/kraltechnologie.net\/index.php\/wp-json\/wp\/v2\/product_tag?post=1501"}],"curies":[{"name":"wp","href":"https:\/\/api.w.org\/{rel}","templated":true}]}}