{"id":1510,"date":"2025-04-17T13:44:53","date_gmt":"2025-04-17T13:44:53","guid":{"rendered":"https:\/\/kraltechnologie.net\/?post_type=product&#038;p=1510"},"modified":"2025-04-17T21:33:20","modified_gmt":"2025-04-17T21:33:20","slug":"mikrotik-crs320-8p-8b-4srm","status":"publish","type":"product","link":"https:\/\/kraltechnologie.net\/index.php\/product\/mikrotik-crs320-8p-8b-4srm\/","title":{"rendered":"Mikrotik CRS320-8P-8B-4S+RM"},"content":{"rendered":"<p><img loading=\"lazy\" decoding=\"async\" class=\"alignnone wp-image-1509\" src=\"http:\/\/kraltechnologie.net\/wp-content\/uploads\/2025\/04\/Screenshot_32-300x76.png\" alt=\"\" width=\"1528\" height=\"387\" srcset=\"https:\/\/kraltechnologie.net\/wp-content\/uploads\/2025\/04\/Screenshot_32-300x76.png 300w, https:\/\/kraltechnologie.net\/wp-content\/uploads\/2025\/04\/Screenshot_32-150x38.png 150w, https:\/\/kraltechnologie.net\/wp-content\/uploads\/2025\/04\/Screenshot_32-768x196.png 768w, https:\/\/kraltechnologie.net\/wp-content\/uploads\/2025\/04\/Screenshot_32.png 950w\" sizes=\"auto, (max-width: 1528px) 100vw, 1528px\" \/><\/p>\n<p>CRS320-8P-8B-4S+RM La gestion des c\u00e2bles peut \u00eatre fastidieuse. Mais ce n&rsquo;est pas une fatalit\u00e9. Notre premier commutateur PoE++ ou 802.3bt simplifie grandement la gestion de vos c\u00e2bles, car il fournit suffisamment d&rsquo;\u00e9nergie pour r\u00e9pondre aux besoins de votre h\u00f4tel, salle de conf\u00e9rence, bureau et immeuble de grande hauteur\u00a0!<\/p>\n<p>Cam\u00e9ras de s\u00e9curit\u00e9 4K avec \u00e9l\u00e9ments chauffants int\u00e9gr\u00e9s pour l&rsquo;hiver, \u00e9crans publicitaires LED, luminaires aliment\u00e9s par PoE\u00a0: le CRS320 peut d\u00e9livrer jusqu&rsquo;\u00e0 90\u00a0W par port, ce qui est suffisant m\u00eame pour les appareils les plus exigeants\u00a0! Il est fourni avec une alimentation fiable de 600\u00a0W, mais nous avons r\u00e9serv\u00e9 un emplacement d&rsquo;extension pour un bloc d&rsquo;alimentation suppl\u00e9mentaire, au cas o\u00f9 vous auriez besoin d&rsquo;augmenter la puissance \u00e0 1\u00a0150\u00a0W.<\/p>\n<p>L&rsquo;appareil dispose de 17 ports Gigabit Ethernet\u00a0: 1 \u00e0 8 ports Gigabit Ethernet avec sortie PoE 802.3af\/at, 9 \u00e0 16 ports PoE++ 802.3bt et un port Gigabit Ethernet suppl\u00e9mentaire pour la gestion. Il dispose \u00e9galement d&rsquo;un port console et de quatre ports fibre SFP+ 10G pour la liaison montante.<\/p>\n<p>Ce commutateur pratique est dot\u00e9 d&rsquo;une puce Marvel exceptionnelle, la m\u00eame que celle que l&rsquo;on retrouve dans les best-sellers des FAI comme le netPower 16P et le netFiber 9\u00a0! Il peut g\u00e9rer les charges les plus lourdes, notamment le filtrage VLAN et le routage de couche 3 d\u00e9lest\u00e9 mat\u00e9riellement.<\/p>\n<p>Si vous cherchez un moyen de simplifier la gestion de vos c\u00e2bles, c&rsquo;est fait ! Avec un seul CRS320, oubliez les innombrables adaptateurs d&rsquo;alimentation CC et vivez pleinement le r\u00eave d&rsquo;une alimentation PoE minimaliste et \u00e9pur\u00e9e.<\/p>\n<p>Contrairement \u00e0 nos pr\u00e9c\u00e9dents \u00e9quipements d&rsquo;alimentation 802.3af\/at, il s&rsquo;agit de notre premier commutateur PoE int\u00e9grant la norme 802.3af\/at\/bt. Il prend uniquement en charge les appareils aliment\u00e9s 802.3 at\/af\/bt enti\u00e8rement conformes : mAP-lite \/ RB1100AHx4 \/ CRS510-8XS-2XQ \/ CRS504-4XQ \/ FTC11XG \/ CRS305-1G-4S+OUT. Bien qu&rsquo;il puisse \u00e9galement alimenter des appareils aliment\u00e9s compatibles 802.3af\/at\/bt, il est imp\u00e9ratif d&rsquo;\u00e9viter certaines mises \u00e0 la terre.<\/p>\n","protected":false},"excerpt":{"rendered":"<h2>Caract\u00e9ristiques<\/h2>\n<table class=\"table product-table\">\n<thead>\n<tr>\n<th colspan=\"2\">D\u00e9tails<\/th>\n<\/tr>\n<\/thead>\n<tbody>\n<tr>\n<td>Code produit<\/td>\n<td>CRS320-8P-8B-4S+RM<\/td>\n<\/tr>\n<tr>\n<td>Architecture<\/td>\n<td>ARM 32 bits<\/td>\n<\/tr>\n<tr>\n<td>processeur<\/td>\n<td>98DX226S<\/td>\n<\/tr>\n<tr>\n<td>Nombre de c\u0153urs du processeur<\/td>\n<td>2<\/td>\n<\/tr>\n<tr>\n<td>fr\u00e9quence nominale du processeur<\/td>\n<td>800 MHz<\/td>\n<\/tr>\n<tr>\n<td>Mod\u00e8le de puce de commutation<\/td>\n<td>98DX226S<\/td>\n<\/tr>\n<tr>\n<td>Licence RouterOS<\/td>\n<td>5<\/td>\n<\/tr>\n<tr>\n<td>Syst\u00e8me op\u00e9rateur<\/td>\n<td><a href=\"https:\/\/help.mikrotik.com\/docs\/display\/ROS\/RouterOS\" target=\"_blank\" rel=\"noopener\">RouterOS v7 \/ SwitchOS<\/a><\/td>\n<\/tr>\n<tr>\n<td>Taille de la RAM<\/td>\n<td>256 Mo<\/td>\n<\/tr>\n<tr>\n<td>Taille de stockage<\/td>\n<td>32 Mo<\/td>\n<\/tr>\n<tr>\n<td>Type de stockage<\/td>\n<td>\u00c9CLAIR<\/td>\n<\/tr>\n<tr>\n<td>MTBF<\/td>\n<td>Environ 200 000 heures \u00e0 25 \u00b0C<\/td>\n<\/tr>\n<tr>\n<td>Temp\u00e9rature ambiante test\u00e9e<\/td>\n<td>-10\u00b0C \u00e0 50\u00b0C<\/td>\n<\/tr>\n<tr>\n<td><\/td>\n<td><\/td>\n<\/tr>\n<\/tbody>\n<\/table>\n<div class=\"clearfix\"><\/div>\n<h2>Mise sous tension<\/h2>\n<table class=\"table product-table\">\n<thead>\n<tr>\n<th colspan=\"2\">D\u00e9tails<\/th>\n<\/tr>\n<\/thead>\n<tbody>\n<tr>\n<td>Nombre d&rsquo;entr\u00e9es CA<\/td>\n<td>1<\/td>\n<\/tr>\n<tr>\n<td>Plage d&rsquo;entr\u00e9e CA<\/td>\n<td>100-240<\/td>\n<\/tr>\n<tr>\n<td>Nombre d&#8217;emplacements d&rsquo;alimentation<\/td>\n<td>2<\/td>\n<\/tr>\n<tr>\n<td>Fr\u00e9quence (Hz)<\/td>\n<td>50-60<\/td>\n<\/tr>\n<tr>\n<td>Consommation \u00e9lectrique maximale<\/td>\n<td>600 W (1150 W avec bloc d&rsquo;alimentation suppl\u00e9mentaire)<\/td>\n<\/tr>\n<tr>\n<td>Consommation \u00e9lectrique maximale sans accessoires<\/td>\n<td>36 W<\/td>\n<\/tr>\n<tr>\n<td>Type de refroidissement<\/td>\n<td>3 ventilateurs<\/td>\n<\/tr>\n<\/tbody>\n<\/table>\n<div class=\"clearfix\"><\/div>\n<h2>Sortie PoE<\/h2>\n<table class=\"table product-table\">\n<thead>\n<tr>\n<th colspan=\"2\">D\u00e9tails<\/th>\n<\/tr>\n<\/thead>\n<tbody>\n<tr>\n<td>Ports de sortie PoE<\/td>\n<td>Ether1-Ether8 (af\/at), Ether9-Ether16 (bt)<\/td>\n<\/tr>\n<tr>\n<td>Sortie PoE<\/td>\n<td>802.3af\/at\/bt<\/td>\n<\/tr>\n<tr>\n<td>Sortie maximale par port (entr\u00e9e 30-57 V)<\/td>\n<td>560 (af\/at) \/ 1667 (bt) mA<\/td>\n<\/tr>\n<tr>\n<td>Sortie totale maximale (A)<\/td>\n<td>17,82 A<\/td>\n<\/tr>\n<tr>\n<td>Courant de sortie total<\/td>\n<td>17,82<\/td>\n<\/tr>\n<tr>\n<td>Puissance de sortie totale<\/td>\n<td>963<\/td>\n<\/tr>\n<\/tbody>\n<\/table>\n<div class=\"clearfix\"><\/div>\n<h2>Ethernet<\/h2>\n<table class=\"table product-table\">\n<thead>\n<tr>\n<th colspan=\"2\">D\u00e9tails<\/th>\n<\/tr>\n<\/thead>\n<tbody>\n<tr>\n<td>Ports Ethernet 10\/100\/1000<\/td>\n<td>17<\/td>\n<\/tr>\n<tr>\n<td>Nombre de ports Ethernet 1G avec sortie PoE<\/td>\n<td>16<\/td>\n<\/tr>\n<\/tbody>\n<\/table>\n<div class=\"clearfix\"><\/div>\n<h2>Fibre<\/h2>\n<table class=\"table product-table\">\n<thead>\n<tr>\n<th colspan=\"2\">D\u00e9tails<\/th>\n<\/tr>\n<\/thead>\n<tbody>\n<tr>\n<td>Ports SFP+<\/td>\n<td>4<\/td>\n<\/tr>\n<\/tbody>\n<\/table>\n<div class=\"clearfix\"><\/div>\n<h2>P\u00e9riph\u00e9riques<\/h2>\n<table class=\"table product-table\">\n<thead>\n<tr>\n<th colspan=\"2\">D\u00e9tails<\/th>\n<\/tr>\n<\/thead>\n<tbody>\n<tr>\n<td>Port de console s\u00e9rie<\/td>\n<td>RJ45<\/td>\n<\/tr>\n<\/tbody>\n<\/table>\n<div class=\"clearfix\"><\/div>\n<h2>Autre<\/h2>\n<table class=\"table product-table\">\n<thead>\n<tr>\n<th colspan=\"2\">D\u00e9tails<\/th>\n<\/tr>\n<\/thead>\n<tbody>\n<tr>\n<td>moniteur de temp\u00e9rature du processeur<\/td>\n<td>Oui<\/td>\n<\/tr>\n<tr>\n<td>moniteur de temp\u00e9rature PCB<\/td>\n<td>Oui<\/td>\n<\/tr>\n<tr>\n<td>Moniteur de tension<\/td>\n<td>Oui<\/td>\n<\/tr>\n<\/tbody>\n<\/table>\n<div class=\"clearfix\"><\/div>\n<h2>Certification et approbations<\/h2>\n<table class=\"table product-table\">\n<thead>\n<tr>\n<th colspan=\"2\">D\u00e9tails<\/th>\n<\/tr>\n<\/thead>\n<tbody>\n<tr>\n<td>Certification<\/td>\n<td>CE, EAC, ROHS<\/td>\n<\/tr>\n<tr>\n<td>propri\u00e9t\u00e9 intellectuelle<\/td>\n<td>20<\/td>\n<\/tr>\n<\/tbody>\n<\/table>\n","protected":false},"featured_media":1507,"comment_status":"open","ping_status":"closed","template":"","meta":{"_joinchat":[]},"product_brand":[72],"product_cat":[35,42],"product_tag":[],"class_list":{"0":"post-1510","1":"product","2":"type-product","3":"status-publish","4":"has-post-thumbnail","6":"product_brand-mikrotik","7":"product_cat-informatiques","8":"product_cat-routeurs","10":"first","11":"instock","12":"shipping-taxable","13":"product-type-simple"},"_links":{"self":[{"href":"https:\/\/kraltechnologie.net\/index.php\/wp-json\/wp\/v2\/product\/1510","targetHints":{"allow":["GET"]}}],"collection":[{"href":"https:\/\/kraltechnologie.net\/index.php\/wp-json\/wp\/v2\/product"}],"about":[{"href":"https:\/\/kraltechnologie.net\/index.php\/wp-json\/wp\/v2\/types\/product"}],"replies":[{"embeddable":true,"href":"https:\/\/kraltechnologie.net\/index.php\/wp-json\/wp\/v2\/comments?post=1510"}],"version-history":[{"count":3,"href":"https:\/\/kraltechnologie.net\/index.php\/wp-json\/wp\/v2\/product\/1510\/revisions"}],"predecessor-version":[{"id":1513,"href":"https:\/\/kraltechnologie.net\/index.php\/wp-json\/wp\/v2\/product\/1510\/revisions\/1513"}],"wp:featuredmedia":[{"embeddable":true,"href":"https:\/\/kraltechnologie.net\/index.php\/wp-json\/wp\/v2\/media\/1507"}],"wp:attachment":[{"href":"https:\/\/kraltechnologie.net\/index.php\/wp-json\/wp\/v2\/media?parent=1510"}],"wp:term":[{"taxonomy":"product_brand","embeddable":true,"href":"https:\/\/kraltechnologie.net\/index.php\/wp-json\/wp\/v2\/product_brand?post=1510"},{"taxonomy":"product_cat","embeddable":true,"href":"https:\/\/kraltechnologie.net\/index.php\/wp-json\/wp\/v2\/product_cat?post=1510"},{"taxonomy":"product_tag","embeddable":true,"href":"https:\/\/kraltechnologie.net\/index.php\/wp-json\/wp\/v2\/product_tag?post=1510"}],"curies":[{"name":"wp","href":"https:\/\/api.w.org\/{rel}","templated":true}]}}