{"id":1608,"date":"2025-04-17T16:57:10","date_gmt":"2025-04-17T16:57:10","guid":{"rendered":"https:\/\/kraltechnologie.net\/?post_type=product&#038;p=1608"},"modified":"2025-04-17T17:02:49","modified_gmt":"2025-04-17T17:02:49","slug":"mikrotik-hex-s","status":"publish","type":"product","link":"https:\/\/kraltechnologie.net\/index.php\/product\/mikrotik-hex-s\/","title":{"rendered":"Mikrotik hEX S"},"content":{"rendered":"<p><img loading=\"lazy\" decoding=\"async\" class=\"alignnone  wp-image-1609\" src=\"http:\/\/kraltechnologie.net\/wp-content\/uploads\/2025\/04\/Screenshot_39-300x77.png\" alt=\"\" width=\"1434\" height=\"368\" srcset=\"https:\/\/kraltechnologie.net\/wp-content\/uploads\/2025\/04\/Screenshot_39-300x77.png 300w, https:\/\/kraltechnologie.net\/wp-content\/uploads\/2025\/04\/Screenshot_39-150x39.png 150w, https:\/\/kraltechnologie.net\/wp-content\/uploads\/2025\/04\/Screenshot_39-768x198.png 768w, https:\/\/kraltechnologie.net\/wp-content\/uploads\/2025\/04\/Screenshot_39.png 960w\" sizes=\"auto, (max-width: 1434px) 100vw, 1434px\" \/><\/p>\n<p><span>Le hEX S est un routeur Gigabit Ethernet \u00e0 cinq ports, destin\u00e9 aux endroits o\u00f9 la connectivit\u00e9 sans fil n&rsquo;est pas requise. Compar\u00e9 au hEX, le hEX S dispose \u00e9galement d&rsquo;un port SFP et d&rsquo;une sortie PoE sur le dernier port.<\/span><\/p>\n<p><span>Abordable, compact et facile \u00e0 utiliser, il est \u00e9quip\u00e9 d&rsquo;un puissant processeur double c\u0153ur cadenc\u00e9 \u00e0 880 MHz et de 256 Mo de RAM, compatible avec toutes les configurations avanc\u00e9es prises en charge par RouterOS. Il est \u00e9quip\u00e9 d&rsquo;un port USB 2.0, d&rsquo;une sortie PoE pour le port Ethernet n\u00b0 5 et d&rsquo;une cage SFP \u00e0 1,25 Gbit\/s. Le port n\u00b0 5 peut alimenter d&rsquo;autres appareils passifs compatibles PoE avec la m\u00eame tension que celle appliqu\u00e9e \u00e0 l&rsquo;appareil.<\/span><\/p>\n<p><span>Le cryptage mat\u00e9riel IPsec et le package serveur Dude sont pris en charge, l&#8217;emplacement microSD offre une vitesse de lecture\/\u00e9criture am\u00e9lior\u00e9e pour le stockage de fichiers et Dude.<\/span><\/p>\n","protected":false},"excerpt":{"rendered":"<h2><span>Caract\u00e9ristiques<\/span><\/h2>\n<table class=\"table product-table\">\n<thead>\n<tr>\n<th colspan=\"2\"><span>D\u00e9tails<\/span><\/th>\n<\/tr>\n<\/thead>\n<tbody>\n<tr>\n<td><span>Code produit<\/span><\/td>\n<td><span>RB760iGS<\/span><\/td>\n<\/tr>\n<tr>\n<td><span>Architecture<\/span><\/td>\n<td><span>MMIPS<\/span><\/td>\n<\/tr>\n<tr>\n<td><span>processeur<\/span><\/td>\n<td><span>MT7621A<\/span><\/td>\n<\/tr>\n<tr>\n<td><span>Nombre de c\u0153urs du processeur<\/span><\/td>\n<td><span>2<\/span><\/td>\n<\/tr>\n<tr>\n<td><span>fr\u00e9quence nominale du processeur<\/span><\/td>\n<td><span>880 MHz<\/span><\/td>\n<\/tr>\n<tr>\n<td><span>Nombre de threads du processeur<\/span><\/td>\n<td><span>4<\/span><\/td>\n<\/tr>\n<tr>\n<td><span>Mod\u00e8le de puce de commutation<\/span><\/td>\n<td><span>MT7621A<\/span><\/td>\n<\/tr>\n<tr>\n<td><span>Dimensions<\/span><\/td>\n<td><span>113 x 89 x 28 mm<\/span><\/td>\n<\/tr>\n<tr>\n<td><span>Licence RouterOS<\/span><\/td>\n<td><span>4<\/span><\/td>\n<\/tr>\n<tr>\n<td><span>Syst\u00e8me op\u00e9rateur<\/span><\/td>\n<td><a href=\"https:\/\/help.mikrotik.com\/docs\/display\/ROS\/RouterOS\" target=\"_blank\" rel=\"noopener\"><span>RouterOS<\/span><\/a><\/td>\n<\/tr>\n<tr>\n<td><span>Taille de la RAM<\/span><\/td>\n<td><span>256 Mo<\/span><\/td>\n<\/tr>\n<tr>\n<td><span>Taille de stockage<\/span><\/td>\n<td><span>16 Mo<\/span><\/td>\n<\/tr>\n<tr>\n<td><span>Type de stockage<\/span><\/td>\n<td><span>\u00c9CLAIR<\/span><\/td>\n<\/tr>\n<tr>\n<td><span>MTBF<\/span><\/td>\n<td><span>Environ 100 000 heures \u00e0 25 \u00b0C<\/span><\/td>\n<\/tr>\n<tr>\n<td><span>Temp\u00e9rature ambiante test\u00e9e<\/span><\/td>\n<td><span>-40\u00b0C \u00e0 70\u00b0C<\/span><\/td>\n<\/tr>\n<tr>\n<td><span>Acc\u00e9l\u00e9ration mat\u00e9rielle IPsec<\/span><\/td>\n<td><span>Oui<\/span><\/td>\n<\/tr>\n<tr>\n<td><\/td>\n<td><\/td>\n<\/tr>\n<\/tbody>\n<\/table>\n<div class=\"clearfix\"><\/div>\n<h2><span>Mise sous tension<\/span><\/h2>\n<table class=\"table product-table\">\n<thead>\n<tr>\n<th colspan=\"2\"><span>D\u00e9tails<\/span><\/th>\n<\/tr>\n<\/thead>\n<tbody>\n<tr>\n<td><span>Nombre d&rsquo;entr\u00e9es CC<\/span><\/td>\n<td><span>2 (prise CC, PoE-IN)<\/span><\/td>\n<\/tr>\n<tr>\n<td><span>Tension d&rsquo;entr\u00e9e de la prise CC<\/span><\/td>\n<td><span>12-57 V<\/span><\/td>\n<\/tr>\n<tr>\n<td><span>Consommation \u00e9lectrique maximale<\/span><\/td>\n<td><span>24 W<\/span><\/td>\n<\/tr>\n<tr>\n<td><span>Consommation \u00e9lectrique maximale sans accessoires<\/span><\/td>\n<td><span>6 W<\/span><\/td>\n<\/tr>\n<tr>\n<td><span>Type de refroidissement<\/span><\/td>\n<td><span>Passif<\/span><\/td>\n<\/tr>\n<tr>\n<td><span>PoE dans<\/span><\/td>\n<td><span>802.3af\/at<\/span><\/td>\n<\/tr>\n<tr>\n<td><span>PoE en tension d&rsquo;entr\u00e9e<\/span><\/td>\n<td><span>12-57 V<\/span><\/td>\n<\/tr>\n<\/tbody>\n<\/table>\n<div class=\"clearfix\"><\/div>\n<h2><span>Sortie PoE<\/span><\/h2>\n<table class=\"table product-table\">\n<thead>\n<tr>\n<th colspan=\"2\"><span>D\u00e9tails<\/span><\/th>\n<\/tr>\n<\/thead>\n<tbody>\n<tr>\n<td><span>Ports de sortie PoE<\/span><\/td>\n<td><span>Ether5<\/span><\/td>\n<\/tr>\n<tr>\n<td><span>Sortie PoE<\/span><\/td>\n<td><span>PoE passif jusqu&rsquo;\u00e0 57 V<\/span><\/td>\n<\/tr>\n<tr>\n<td><span>Sortie maximale par port (entr\u00e9e 18-30 V)<\/span><\/td>\n<td><span>500 mA<\/span><\/td>\n<\/tr>\n<tr>\n<td><span>Sortie maximale par port (entr\u00e9e 30-57 V)<\/span><\/td>\n<td><span>500 mA<\/span><\/td>\n<\/tr>\n<tr>\n<td><span>Sortie totale maximale (A)<\/span><\/td>\n<td><span>500 mA<\/span><\/td>\n<\/tr>\n<\/tbody>\n<\/table>\n<div class=\"clearfix\"><\/div>\n<h2><span>Ethernet<\/span><\/h2>\n<table class=\"table product-table\">\n<thead>\n<tr>\n<th colspan=\"2\"><span>D\u00e9tails<\/span><\/th>\n<\/tr>\n<\/thead>\n<tbody>\n<tr>\n<td><span>Ports Ethernet 10\/100\/1000<\/span><\/td>\n<td><span>5<\/span><\/td>\n<\/tr>\n<\/tbody>\n<\/table>\n<div class=\"clearfix\"><\/div>\n<h2><span>Fibre<\/span><\/h2>\n<table class=\"table product-table\">\n<thead>\n<tr>\n<th colspan=\"2\"><span>D\u00e9tails<\/span><\/th>\n<\/tr>\n<\/thead>\n<tbody>\n<tr>\n<td><span>Ports SFP<\/span><\/td>\n<td><span>1<\/span><\/td>\n<\/tr>\n<\/tbody>\n<\/table>\n<div class=\"clearfix\"><\/div>\n<h2><span>P\u00e9riph\u00e9riques<\/span><\/h2>\n<table class=\"table product-table\">\n<thead>\n<tr>\n<th colspan=\"2\"><span>D\u00e9tails<\/span><\/th>\n<\/tr>\n<\/thead>\n<tbody>\n<tr>\n<td><span>Type de carte m\u00e9moire<\/span><\/td>\n<td><span>microSD<\/span><\/td>\n<\/tr>\n<tr>\n<td><span>Cartes m\u00e9moire<\/span><\/td>\n<td><span>1<\/span><\/td>\n<\/tr>\n<tr>\n<td><span>Nombre de ports USB<\/span><\/td>\n<td><span>1<\/span><\/td>\n<\/tr>\n<tr>\n<td><span>R\u00e9initialisation de l&rsquo;alimentation USB<\/span><\/td>\n<td><span>Oui<\/span><\/td>\n<\/tr>\n<tr>\n<td><span>Type de port USB<\/span><\/td>\n<td><span>USB type A<\/span><\/td>\n<\/tr>\n<tr>\n<td><span>Courant USB maximal (A)<\/span><\/td>\n<td><span>1<\/span><\/td>\n<\/tr>\n<\/tbody>\n<\/table>\n<div class=\"clearfix\"><\/div>\n<h2><span>Autre<\/span><\/h2>\n<table class=\"table product-table\">\n<thead>\n<tr>\n<th colspan=\"2\"><span>D\u00e9tails<\/span><\/th>\n<\/tr>\n<\/thead>\n<tbody>\n<tr>\n<td><span>moniteur de temp\u00e9rature PCB<\/span><\/td>\n<td><span>Oui<\/span><\/td>\n<\/tr>\n<tr>\n<td><span>Moniteur de tension<\/span><\/td>\n<td><span>Oui<\/span><\/td>\n<\/tr>\n<tr>\n<td><span>Bouton de mode<\/span><\/td>\n<td><span>Oui<\/span><\/td>\n<\/tr>\n<tr>\n<td><span>Bip<\/span><\/td>\n<td><span>Oui<\/span><\/td>\n<\/tr>\n<\/tbody>\n<\/table>\n<div class=\"clearfix\"><\/div>\n<h2><span>Certification et approbations<\/span><\/h2>\n<table class=\"table product-table\">\n<thead>\n<tr>\n<th colspan=\"2\"><span>D\u00e9tails<\/span><\/th>\n<\/tr>\n<\/thead>\n<tbody>\n<tr>\n<td><span>Certification<\/span><\/td>\n<td><span>CE, EAC, ROHS<\/span><\/td>\n<\/tr>\n<tr>\n<td><span>propri\u00e9t\u00e9 intellectuelle<\/span><\/td>\n<td><span>IP20<\/span><\/td>\n<\/tr>\n<\/tbody>\n<\/table>\n","protected":false},"featured_media":1611,"comment_status":"open","ping_status":"closed","template":"","meta":{"_joinchat":[]},"product_brand":[72],"product_cat":[35,42],"product_tag":[],"class_list":{"0":"post-1608","1":"product","2":"type-product","3":"status-publish","4":"has-post-thumbnail","6":"product_brand-mikrotik","7":"product_cat-informatiques","8":"product_cat-routeurs","10":"first","11":"instock","12":"shipping-taxable","13":"product-type-simple"},"_links":{"self":[{"href":"https:\/\/kraltechnologie.net\/index.php\/wp-json\/wp\/v2\/product\/1608","targetHints":{"allow":["GET"]}}],"collection":[{"href":"https:\/\/kraltechnologie.net\/index.php\/wp-json\/wp\/v2\/product"}],"about":[{"href":"https:\/\/kraltechnologie.net\/index.php\/wp-json\/wp\/v2\/types\/product"}],"replies":[{"embeddable":true,"href":"https:\/\/kraltechnologie.net\/index.php\/wp-json\/wp\/v2\/comments?post=1608"}],"version-history":[{"count":1,"href":"https:\/\/kraltechnologie.net\/index.php\/wp-json\/wp\/v2\/product\/1608\/revisions"}],"predecessor-version":[{"id":1612,"href":"https:\/\/kraltechnologie.net\/index.php\/wp-json\/wp\/v2\/product\/1608\/revisions\/1612"}],"wp:featuredmedia":[{"embeddable":true,"href":"https:\/\/kraltechnologie.net\/index.php\/wp-json\/wp\/v2\/media\/1611"}],"wp:attachment":[{"href":"https:\/\/kraltechnologie.net\/index.php\/wp-json\/wp\/v2\/media?parent=1608"}],"wp:term":[{"taxonomy":"product_brand","embeddable":true,"href":"https:\/\/kraltechnologie.net\/index.php\/wp-json\/wp\/v2\/product_brand?post=1608"},{"taxonomy":"product_cat","embeddable":true,"href":"https:\/\/kraltechnologie.net\/index.php\/wp-json\/wp\/v2\/product_cat?post=1608"},{"taxonomy":"product_tag","embeddable":true,"href":"https:\/\/kraltechnologie.net\/index.php\/wp-json\/wp\/v2\/product_tag?post=1608"}],"curies":[{"name":"wp","href":"https:\/\/api.w.org\/{rel}","templated":true}]}}