{"id":1628,"date":"2025-04-17T17:18:27","date_gmt":"2025-04-17T17:18:27","guid":{"rendered":"https:\/\/kraltechnologie.net\/?post_type=product&#038;p=1628"},"modified":"2025-04-17T17:24:06","modified_gmt":"2025-04-17T17:24:06","slug":"mikrotik-kit-wap-lte","status":"publish","type":"product","link":"https:\/\/kraltechnologie.net\/index.php\/product\/mikrotik-kit-wap-lte\/","title":{"rendered":"Mikrotik Kit wAP LTE"},"content":{"rendered":"<p><img loading=\"lazy\" decoding=\"async\" class=\"alignnone  wp-image-1631\" src=\"http:\/\/kraltechnologie.net\/wp-content\/uploads\/2025\/04\/Screenshot_43-300x76.png\" alt=\"\" width=\"1389\" height=\"352\" srcset=\"https:\/\/kraltechnologie.net\/wp-content\/uploads\/2025\/04\/Screenshot_43-300x76.png 300w, https:\/\/kraltechnologie.net\/wp-content\/uploads\/2025\/04\/Screenshot_43-150x38.png 150w, https:\/\/kraltechnologie.net\/wp-content\/uploads\/2025\/04\/Screenshot_43-768x194.png 768w, https:\/\/kraltechnologie.net\/wp-content\/uploads\/2025\/04\/Screenshot_43.png 952w\" sizes=\"auto, (max-width: 1389px) 100vw, 1389px\" \/><\/p>\n<h2><span>Abandonn\u00e9<\/span><\/h2>\n<p>&nbsp;<\/p>\n<p><span>Le wAP LTE est un petit point d&rsquo;acc\u00e8s sans fil r\u00e9sistant aux intemp\u00e9ries, dot\u00e9 d&rsquo;un modem cellulaire int\u00e9gr\u00e9 et prenant en charge les connectivit\u00e9s 2G, 3G et 4G (LTE). Connectez-vous au r\u00e9seau sans fil 802.11b\/g\/n int\u00e9gr\u00e9 et acc\u00e9dez au r\u00e9seau LTE depuis votre t\u00e9l\u00e9phone ou tout autre appareil sans fil. Le wAP LTE dispose \u00e9galement d&rsquo;un port LAN Ethernet 10\/100 pour vos appareils filaires.<\/span><\/p>\n<p>&nbsp;<\/p>\n<p><span>Les cartes LTE sont connect\u00e9es \u00e0 deux antennes internes via des connecteurs u.FL. Vous pouvez donc, si vous le souhaitez, d\u00e9brancher ces connecteurs et ajouter votre propre antenne LTE externe pour une couverture plus \u00e9tendue. L&rsquo;unit\u00e9 dispose de plusieurs options d&rsquo;alimentation\u00a0: entr\u00e9e PoE 9-30\u00a0V via port Ethernet, prise CC et connecteur automobile, tr\u00e8s pratique pour les appareils mobiles comme la voiture, le bus ou le train.<\/span><\/p>\n<p>&nbsp;<\/p>\n<p><span>RBwAPR-2nD&amp;R11e-LTE comprend un modem LTE qui prend en charge les bandes LTE internationales 1, 2, 3, 7, 8, 20, 38 et 40.<\/span><\/p>\n","protected":false},"excerpt":{"rendered":"<h2><span>Caract\u00e9ristiques<\/span><\/h2>\n<table class=\"table product-table\">\n<thead>\n<tr>\n<th colspan=\"2\"><span>D\u00e9tails<\/span><\/th>\n<\/tr>\n<\/thead>\n<tbody>\n<tr>\n<td><span>Code produit<\/span><\/td>\n<td><span>RBwAPR-2nD&amp;R11e-LTE<\/span><\/td>\n<\/tr>\n<tr>\n<td><span>Architecture<\/span><\/td>\n<td><span>MIPSBE<\/span><\/td>\n<\/tr>\n<tr>\n<td><span>processeur<\/span><\/td>\n<td><span>QCA9531<\/span><\/td>\n<\/tr>\n<tr>\n<td><span>Nombre de c\u0153urs du processeur<\/span><\/td>\n<td><span>1<\/span><\/td>\n<\/tr>\n<tr>\n<td><span>fr\u00e9quence nominale du processeur<\/span><\/td>\n<td><span>650 MHz<\/span><\/td>\n<\/tr>\n<tr>\n<td><span>Dimensions<\/span><\/td>\n<td><span>185 x 85 x 30 mm<\/span><\/td>\n<\/tr>\n<tr>\n<td><span>Licence RouterOS<\/span><\/td>\n<td><span>4<\/span><\/td>\n<\/tr>\n<tr>\n<td><span>Syst\u00e8me op\u00e9rateur<\/span><\/td>\n<td><a href=\"https:\/\/help.mikrotik.com\/docs\/display\/ROS\/RouterOS\" target=\"_blank\" rel=\"noopener\"><span>RouterOS<\/span><\/a><\/td>\n<\/tr>\n<tr>\n<td><span>Taille de la RAM<\/span><\/td>\n<td><span>64 Mo<\/span><\/td>\n<\/tr>\n<tr>\n<td><span>Taille de stockage<\/span><\/td>\n<td><span>16 Mo<\/span><\/td>\n<\/tr>\n<tr>\n<td><span>Type de stockage<\/span><\/td>\n<td><span>\u00c9CLAIR<\/span><\/td>\n<\/tr>\n<tr>\n<td><span>MTBF<\/span><\/td>\n<td><span>Environ 100 000 heures \u00e0 25 \u00b0C<\/span><\/td>\n<\/tr>\n<tr>\n<td><span>Temp\u00e9rature ambiante test\u00e9e<\/span><\/td>\n<td><span>-40\u00b0C \u00e0 50\u00b0C<\/span><\/td>\n<\/tr>\n<tr>\n<td><\/td>\n<td><\/td>\n<\/tr>\n<\/tbody>\n<\/table>\n<div class=\"clearfix\"><\/div>\n<h2><span>Mise sous tension<\/span><\/h2>\n<table class=\"table product-table\">\n<thead>\n<tr>\n<th colspan=\"2\"><span>D\u00e9tails<\/span><\/th>\n<\/tr>\n<\/thead>\n<tbody>\n<tr>\n<td><span>Nombre d&rsquo;entr\u00e9es CC<\/span><\/td>\n<td><span>3 (prise CC, PoE-IN, automobile)<\/span><\/td>\n<\/tr>\n<tr>\n<td><span>Tension d&rsquo;entr\u00e9e de la prise CC<\/span><\/td>\n<td><span>9-30 V<\/span><\/td>\n<\/tr>\n<tr>\n<td><span>Tension d&rsquo;entr\u00e9e automobile<\/span><\/td>\n<td><span>9-30 V<\/span><\/td>\n<\/tr>\n<tr>\n<td><span>Consommation \u00e9lectrique maximale<\/span><\/td>\n<td><span>8 W<\/span><\/td>\n<\/tr>\n<tr>\n<td><span>Type de refroidissement<\/span><\/td>\n<td><span>Passif<\/span><\/td>\n<\/tr>\n<tr>\n<td><span>PoE dans<\/span><\/td>\n<td><span>PoE passif<\/span><\/td>\n<\/tr>\n<tr>\n<td><span>PoE en tension d&rsquo;entr\u00e9e<\/span><\/td>\n<td><span>9-30 V<\/span><\/td>\n<\/tr>\n<\/tbody>\n<\/table>\n<div class=\"clearfix\"><\/div>\n<h2><span>Mobile<\/span><\/h2>\n<table class=\"table product-table\">\n<thead>\n<tr>\n<th colspan=\"2\"><span>D\u00e9tails<\/span><\/th>\n<\/tr>\n<\/thead>\n<tbody>\n<tr>\n<td><span>Cat\u00e9gorie 2G<\/span><\/td>\n<td><span>Classe 12<\/span><\/td>\n<\/tr>\n<tr>\n<td><span>bandes 2G<\/span><\/td>\n<td><span>2 (1900 MHz) \/ 3 (1800 MHz) \/ 5 (850 MHz) \/ 8 (900 MHz)<\/span><\/td>\n<\/tr>\n<tr>\n<td><span>Cat\u00e9gorie 3G<\/span><\/td>\n<td><span>R7 (liaisons descendantes 21 Mbps, liaison montante 5,76 Mbps)<\/span><\/td>\n<\/tr>\n<tr>\n<td><span>bandes 3G<\/span><\/td>\n<td><span>1 (2100 MHz) \/ 2 (1900 MHz) \/ 5 (850 MHz) \/ 8 (900 MHz)<\/span><\/td>\n<\/tr>\n<tr>\n<td><span>Cat\u00e9gorie LTE<\/span><\/td>\n<td><span>4 (liaison descendante 150 Mbps, liaison montante 50 Mbps)<\/span><\/td>\n<\/tr>\n<tr>\n<td><span>Bandes LTE FDD<\/span><\/td>\n<td><span>1 (2100 MHz) \/ 2 (1900 MHz) \/ 3 (1800 MHz) \/ 7 (2600 MHz) \/ 8 (900 MHz) \/ 20 (800 MHz)<\/span><\/td>\n<\/tr>\n<tr>\n<td><span>Bandes LTE TDD<\/span><\/td>\n<td><span>38 (2600 MHz) \/ 40 (2300 MHz)<\/span><\/td>\n<\/tr>\n<tr>\n<td><span>TAC<\/span><\/td>\n<td><span>35565409<\/span><\/td>\n<\/tr>\n<\/tbody>\n<\/table>\n<div class=\"clearfix\"><\/div>\n<h2><span>Sp\u00e9cifications sans fil<\/span><\/h2>\n<table class=\"table product-table\">\n<thead>\n<tr>\n<th colspan=\"2\"><span>D\u00e9tails<\/span><\/th>\n<\/tr>\n<\/thead>\n<tbody>\n<tr>\n<td><span>D\u00e9bit de donn\u00e9es maximal sans fil de 2,4 GHz<\/span><\/td>\n<td><span>300 Mbit\/s<\/span><\/td>\n<\/tr>\n<tr>\n<td><span>Nombre de cha\u00eenes sans fil 2,4 GHz<\/span><\/td>\n<td><span>2<\/span><\/td>\n<\/tr>\n<tr>\n<td><span>Normes sans fil 2,4 GHz<\/span><\/td>\n<td><span>802.11b\/g\/n<\/span><\/td>\n<\/tr>\n<tr>\n<td><span>Gain d&rsquo;antenne dBi pour 2,4 GHz<\/span><\/td>\n<td><span>2<\/span><\/td>\n<\/tr>\n<tr>\n<td><span>Mod\u00e8le de puce sans fil 2,4 GHz<\/span><\/td>\n<td><span>QCA9531<\/span><\/td>\n<\/tr>\n<tr>\n<td><span>G\u00e9n\u00e9ration sans fil 2,4 GHz<\/span><\/td>\n<td><span>Wi-Fi 4<\/span><\/td>\n<\/tr>\n<\/tbody>\n<\/table>\n<div class=\"clearfix\"><\/div>\n<h2><span>Ethernet<\/span><\/h2>\n<table class=\"table product-table\">\n<thead>\n<tr>\n<th colspan=\"2\"><span>D\u00e9tails<\/span><\/th>\n<\/tr>\n<\/thead>\n<tbody>\n<tr>\n<td><span>Ports Ethernet 10\/100<\/span><\/td>\n<td><span>1<\/span><\/td>\n<\/tr>\n<\/tbody>\n<\/table>\n<div class=\"clearfix\"><\/div>\n<h2><span>P\u00e9riph\u00e9riques<\/span><\/h2>\n<table class=\"table product-table\">\n<thead>\n<tr>\n<th colspan=\"2\"><span>D\u00e9tails<\/span><\/th>\n<\/tr>\n<\/thead>\n<tbody>\n<tr>\n<td><span>Nombre d&#8217;emplacements SIM<\/span><\/td>\n<td><span>1 modem (mini SIM)<\/span><\/td>\n<\/tr>\n<tr>\n<td><span>Emplacements MiniPCI-e<\/span><\/td>\n<td><span>1<\/span><\/td>\n<\/tr>\n<\/tbody>\n<\/table>\n<div class=\"clearfix\"><\/div>\n<h2><span>Autre<\/span><\/h2>\n<table class=\"table product-table\">\n<thead>\n<tr>\n<th colspan=\"2\"><span>D\u00e9tails<\/span><\/th>\n<\/tr>\n<\/thead>\n<tbody>\n<tr>\n<td><span>moniteur de temp\u00e9rature PCB<\/span><\/td>\n<td><span>Oui<\/span><\/td>\n<\/tr>\n<tr>\n<td><span>Moniteur de tension<\/span><\/td>\n<td><span>Oui<\/span><\/td>\n<\/tr>\n<\/tbody>\n<\/table>\n<div class=\"clearfix\"><\/div>\n<h2><span>Certification et approbations<\/span><\/h2>\n<table class=\"table product-table\">\n<thead>\n<tr>\n<th colspan=\"2\"><span>D\u00e9tails<\/span><\/th>\n<\/tr>\n<\/thead>\n<tbody>\n<tr>\n<td><span>Certification<\/span><\/td>\n<td><span>CE, FCC, IC, E-MARK, EAC, ROHS<\/span><\/td>\n<\/tr>\n<tr>\n<td><span>propri\u00e9t\u00e9 intellectuelle<\/span><\/td>\n<td><span>IP54<\/span><\/td>\n<\/tr>\n<\/tbody>\n<\/table>\n<div class=\"clearfix\"><\/div>\n<h2><span>Sp\u00e9cifications sans fil<\/span><\/h2>\n<table class=\"table product-table\">\n<thead>\n<tr>\n<th><span>2,4 GHz<\/span><\/th>\n<th><span>Transmission (dBm)<\/span><\/th>\n<th><span>Sensibilit\u00e9 de r\u00e9ception<\/span><\/th>\n<\/tr>\n<\/thead>\n<tbody>\n<tr>\n<td><span>1 Mbit\/s<\/span><\/td>\n<td><span>22<\/span><\/td>\n<td><span>-96<\/span><\/td>\n<\/tr>\n<tr>\n<td><span>11 Mbit\/s<\/span><\/td>\n<td><span>22<\/span><\/td>\n<td><span>-89<\/span><\/td>\n<\/tr>\n<tr>\n<td><span>6 Mbit\/s<\/span><\/td>\n<td><span>20<\/span><\/td>\n<td><span>-93<\/span><\/td>\n<\/tr>\n<tr>\n<td><span>54 Mbit\/s<\/span><\/td>\n<td><span>18<\/span><\/td>\n<td><span>-74<\/span><\/td>\n<\/tr>\n<tr>\n<td><span>MCS0<\/span><\/td>\n<td><span>20<\/span><\/td>\n<td><span>-93<\/span><\/td>\n<\/tr>\n<tr>\n<td><span>MCS7<\/span><\/td>\n<td><span>16<\/span><\/td>\n<td><span>-71<\/span><\/td>\n<\/tr>\n<\/tbody>\n<\/table>\n","protected":false},"featured_media":1630,"comment_status":"open","ping_status":"closed","template":"","meta":{"_joinchat":[]},"product_brand":[72],"product_cat":[35,42],"product_tag":[],"class_list":{"0":"post-1628","1":"product","2":"type-product","3":"status-publish","4":"has-post-thumbnail","6":"product_brand-mikrotik","7":"product_cat-informatiques","8":"product_cat-routeurs","10":"first","11":"instock","12":"shipping-taxable","13":"product-type-simple"},"_links":{"self":[{"href":"https:\/\/kraltechnologie.net\/index.php\/wp-json\/wp\/v2\/product\/1628","targetHints":{"allow":["GET"]}}],"collection":[{"href":"https:\/\/kraltechnologie.net\/index.php\/wp-json\/wp\/v2\/product"}],"about":[{"href":"https:\/\/kraltechnologie.net\/index.php\/wp-json\/wp\/v2\/types\/product"}],"replies":[{"embeddable":true,"href":"https:\/\/kraltechnologie.net\/index.php\/wp-json\/wp\/v2\/comments?post=1628"}],"version-history":[{"count":2,"href":"https:\/\/kraltechnologie.net\/index.php\/wp-json\/wp\/v2\/product\/1628\/revisions"}],"predecessor-version":[{"id":1636,"href":"https:\/\/kraltechnologie.net\/index.php\/wp-json\/wp\/v2\/product\/1628\/revisions\/1636"}],"wp:featuredmedia":[{"embeddable":true,"href":"https:\/\/kraltechnologie.net\/index.php\/wp-json\/wp\/v2\/media\/1630"}],"wp:attachment":[{"href":"https:\/\/kraltechnologie.net\/index.php\/wp-json\/wp\/v2\/media?parent=1628"}],"wp:term":[{"taxonomy":"product_brand","embeddable":true,"href":"https:\/\/kraltechnologie.net\/index.php\/wp-json\/wp\/v2\/product_brand?post=1628"},{"taxonomy":"product_cat","embeddable":true,"href":"https:\/\/kraltechnologie.net\/index.php\/wp-json\/wp\/v2\/product_cat?post=1628"},{"taxonomy":"product_tag","embeddable":true,"href":"https:\/\/kraltechnologie.net\/index.php\/wp-json\/wp\/v2\/product_tag?post=1628"}],"curies":[{"name":"wp","href":"https:\/\/api.w.org\/{rel}","templated":true}]}}