{"id":1647,"date":"2025-04-18T10:15:40","date_gmt":"2025-04-18T10:15:40","guid":{"rendered":"https:\/\/kraltechnologie.net\/?post_type=product&#038;p=1647"},"modified":"2025-04-18T10:18:50","modified_gmt":"2025-04-18T10:18:50","slug":"mikrotik-hex-poe-lite","status":"publish","type":"product","link":"https:\/\/kraltechnologie.net\/index.php\/product\/mikrotik-hex-poe-lite\/","title":{"rendered":"Mikrotik hEX PoE Lite"},"content":{"rendered":"<p><img loading=\"lazy\" decoding=\"async\" class=\"alignnone  wp-image-1650\" src=\"http:\/\/kraltechnologie.net\/wp-content\/uploads\/2025\/04\/Screenshot_46-300x78.png\" alt=\"\" width=\"1054\" height=\"274\" srcset=\"https:\/\/kraltechnologie.net\/wp-content\/uploads\/2025\/04\/Screenshot_46-300x78.png 300w, https:\/\/kraltechnologie.net\/wp-content\/uploads\/2025\/04\/Screenshot_46-150x39.png 150w\" sizes=\"auto, (max-width: 1054px) 100vw, 1054px\" \/><\/p>\n<p><span>hEX PoE lite est un petit routeur Ethernet \u00e0 cinq ports dans un bo\u00eetier en plastique, il dispose d&rsquo;un port USB 2.0 et d&rsquo;une sortie PoE.<\/span><\/p>\n<p><span>Les ports 2 \u00e0 5 peuvent alimenter d&rsquo;autres appareils compatibles PoE avec la m\u00eame tension que celle appliqu\u00e9e \u00e0 l&rsquo;unit\u00e9. Moins d&rsquo;adaptateurs et de c\u00e2bles \u00e0 g\u00e9rer\u00a0! Le courant maximal est de 1\u00a0A par port, et les ports Ethernet sont blind\u00e9s.<\/span><\/p>\n<p><span>Abordable, compact et facile \u00e0 utiliser, il s&rsquo;int\u00e8gre parfaitement \u00e0 tout environnement de bureau \u00e0 domicile.<\/span><\/p>\n","protected":false},"excerpt":{"rendered":"<h2><span>Caract\u00e9ristiques<\/span><\/h2>\n<table class=\"table product-table\">\n<thead>\n<tr>\n<th colspan=\"2\"><span>D\u00e9tails<\/span><\/th>\n<\/tr>\n<\/thead>\n<tbody>\n<tr>\n<td><span>Code produit<\/span><\/td>\n<td><span>RB750UPr2<\/span><\/td>\n<\/tr>\n<tr>\n<td><span>Architecture<\/span><\/td>\n<td><span>MIPSBE<\/span><\/td>\n<\/tr>\n<tr>\n<td><span>processeur<\/span><\/td>\n<td><span>QCA9531<\/span><\/td>\n<\/tr>\n<tr>\n<td><span>Nombre de c\u0153urs du processeur<\/span><\/td>\n<td><span>1<\/span><\/td>\n<\/tr>\n<tr>\n<td><span>fr\u00e9quence nominale du processeur<\/span><\/td>\n<td><span>650 MHz<\/span><\/td>\n<\/tr>\n<tr>\n<td><span>Mod\u00e8le de puce de commutation<\/span><\/td>\n<td><span>QCA9531<\/span><\/td>\n<\/tr>\n<tr>\n<td><span>Dimensions<\/span><\/td>\n<td><span>113x89x28mm<\/span><\/td>\n<\/tr>\n<tr>\n<td><span>Licence RouterOS<\/span><\/td>\n<td><span>4<\/span><\/td>\n<\/tr>\n<tr>\n<td><span>Syst\u00e8me op\u00e9rateur<\/span><\/td>\n<td><a href=\"https:\/\/help.mikrotik.com\/docs\/display\/ROS\/RouterOS\" target=\"_blank\" rel=\"noopener\"><span>RouterOS<\/span><\/a><\/td>\n<\/tr>\n<tr>\n<td><span>Taille de la RAM<\/span><\/td>\n<td><span>64 Mo<\/span><\/td>\n<\/tr>\n<tr>\n<td><span>Taille de stockage<\/span><\/td>\n<td><span>16 Mo<\/span><\/td>\n<\/tr>\n<tr>\n<td><span>Type de stockage<\/span><\/td>\n<td><span>\u00c9CLAIR<\/span><\/td>\n<\/tr>\n<tr>\n<td><span>MTBF<\/span><\/td>\n<td><span>Environ 100 000 heures \u00e0 25 \u00b0C<\/span><\/td>\n<\/tr>\n<tr>\n<td><span>Temp\u00e9rature ambiante test\u00e9e<\/span><\/td>\n<td><span>-40\u00b0C \u00e0 70\u00b0C<\/span><\/td>\n<\/tr>\n<tr>\n<td><\/td>\n<td><\/td>\n<\/tr>\n<\/tbody>\n<\/table>\n<div class=\"clearfix\"><\/div>\n<h2><span>Mise sous tension<\/span><\/h2>\n<table class=\"table product-table\">\n<thead>\n<tr>\n<th colspan=\"2\"><span>D\u00e9tails<\/span><\/th>\n<\/tr>\n<\/thead>\n<tbody>\n<tr>\n<td><span>Nombre d&rsquo;entr\u00e9es CC<\/span><\/td>\n<td><span>2 (prise CC, PoE-IN)<\/span><\/td>\n<\/tr>\n<tr>\n<td><span>Tension d&rsquo;entr\u00e9e de la prise CC<\/span><\/td>\n<td><span>8-30 V<\/span><\/td>\n<\/tr>\n<tr>\n<td><span>Consommation \u00e9lectrique maximale<\/span><\/td>\n<td><span>51 W<\/span><\/td>\n<\/tr>\n<tr>\n<td><span>Consommation \u00e9lectrique maximale sans accessoires<\/span><\/td>\n<td><span>3 W<\/span><\/td>\n<\/tr>\n<tr>\n<td><span>Type de refroidissement<\/span><\/td>\n<td><span>Passif<\/span><\/td>\n<\/tr>\n<tr>\n<td><span>PoE dans<\/span><\/td>\n<td><span>PoE passif<\/span><\/td>\n<\/tr>\n<tr>\n<td><span>PoE en tension d&rsquo;entr\u00e9e<\/span><\/td>\n<td><span>8-30 V<\/span><\/td>\n<\/tr>\n<\/tbody>\n<\/table>\n<div class=\"clearfix\"><\/div>\n<h2><span>Sortie PoE<\/span><\/h2>\n<table class=\"table product-table\">\n<thead>\n<tr>\n<th colspan=\"2\"><span>D\u00e9tails<\/span><\/th>\n<\/tr>\n<\/thead>\n<tbody>\n<tr>\n<td><span>Ports de sortie PoE<\/span><\/td>\n<td><span>Ether2-Ether5<\/span><\/td>\n<\/tr>\n<tr>\n<td><span>Sortie PoE<\/span><\/td>\n<td><span>PoE passif<\/span><\/td>\n<\/tr>\n<tr>\n<td><span>Sortie maximale par port (entr\u00e9e 18-30 V)<\/span><\/td>\n<td><span>1 A<\/span><\/td>\n<\/tr>\n<tr>\n<td><span>Sortie totale maximale (A)<\/span><\/td>\n<td><span>2 A<\/span><\/td>\n<\/tr>\n<\/tbody>\n<\/table>\n<div class=\"clearfix\"><\/div>\n<h2><span>Ethernet<\/span><\/h2>\n<table class=\"table product-table\">\n<thead>\n<tr>\n<th colspan=\"2\"><span>D\u00e9tails<\/span><\/th>\n<\/tr>\n<\/thead>\n<tbody>\n<tr>\n<td><span>Ports Ethernet 10\/100<\/span><\/td>\n<td><span>5<\/span><\/td>\n<\/tr>\n<\/tbody>\n<\/table>\n<div class=\"clearfix\"><\/div>\n<h2><span>P\u00e9riph\u00e9riques<\/span><\/h2>\n<table class=\"table product-table\">\n<thead>\n<tr>\n<th colspan=\"2\"><span>D\u00e9tails<\/span><\/th>\n<\/tr>\n<\/thead>\n<tbody>\n<tr>\n<td><span>Nombre de ports USB<\/span><\/td>\n<td><span>1<\/span><\/td>\n<\/tr>\n<tr>\n<td><span>R\u00e9initialisation de l&rsquo;alimentation USB<\/span><\/td>\n<td><span>Oui<\/span><\/td>\n<\/tr>\n<tr>\n<td><span>Type de port USB<\/span><\/td>\n<td><span>USB type A<\/span><\/td>\n<\/tr>\n<tr>\n<td><span>Courant USB maximal (A)<\/span><\/td>\n<td><span>1<\/span><\/td>\n<\/tr>\n<\/tbody>\n<\/table>\n<div class=\"clearfix\"><\/div>\n<h2><span>Autre<\/span><\/h2>\n<table class=\"table product-table\">\n<thead>\n<tr>\n<th colspan=\"2\"><span>D\u00e9tails<\/span><\/th>\n<\/tr>\n<\/thead>\n<tbody>\n<tr>\n<td><span>Moniteur actuel<\/span><\/td>\n<td><span>Oui<\/span><\/td>\n<\/tr>\n<tr>\n<td><span>moniteur de temp\u00e9rature PCB<\/span><\/td>\n<td><span>Oui<\/span><\/td>\n<\/tr>\n<tr>\n<td><span>Moniteur de tension<\/span><\/td>\n<td><span>Oui<\/span><\/td>\n<\/tr>\n<\/tbody>\n<\/table>\n<div class=\"clearfix\"><\/div>\n<h2><span>Certification et approbations<\/span><\/h2>\n<table class=\"table product-table\">\n<thead>\n<tr>\n<th colspan=\"2\"><span>D\u00e9tails<\/span><\/th>\n<\/tr>\n<\/thead>\n<tbody>\n<tr>\n<td><span>Certification<\/span><\/td>\n<td><span>CE, EAC, ROHS<\/span><\/td>\n<\/tr>\n<tr>\n<td><span>propri\u00e9t\u00e9 intellectuelle<\/span><\/td>\n<td><span>20<\/span><\/td>\n<\/tr>\n<\/tbody>\n<\/table>\n","protected":false},"featured_media":1648,"comment_status":"open","ping_status":"closed","template":"","meta":{"_joinchat":[]},"product_brand":[72],"product_cat":[35,42],"product_tag":[],"class_list":{"0":"post-1647","1":"product","2":"type-product","3":"status-publish","4":"has-post-thumbnail","6":"product_brand-mikrotik","7":"product_cat-informatiques","8":"product_cat-routeurs","10":"first","11":"instock","12":"shipping-taxable","13":"product-type-simple"},"_links":{"self":[{"href":"https:\/\/kraltechnologie.net\/index.php\/wp-json\/wp\/v2\/product\/1647","targetHints":{"allow":["GET"]}}],"collection":[{"href":"https:\/\/kraltechnologie.net\/index.php\/wp-json\/wp\/v2\/product"}],"about":[{"href":"https:\/\/kraltechnologie.net\/index.php\/wp-json\/wp\/v2\/types\/product"}],"replies":[{"embeddable":true,"href":"https:\/\/kraltechnologie.net\/index.php\/wp-json\/wp\/v2\/comments?post=1647"}],"version-history":[{"count":1,"href":"https:\/\/kraltechnologie.net\/index.php\/wp-json\/wp\/v2\/product\/1647\/revisions"}],"predecessor-version":[{"id":1651,"href":"https:\/\/kraltechnologie.net\/index.php\/wp-json\/wp\/v2\/product\/1647\/revisions\/1651"}],"wp:featuredmedia":[{"embeddable":true,"href":"https:\/\/kraltechnologie.net\/index.php\/wp-json\/wp\/v2\/media\/1648"}],"wp:attachment":[{"href":"https:\/\/kraltechnologie.net\/index.php\/wp-json\/wp\/v2\/media?parent=1647"}],"wp:term":[{"taxonomy":"product_brand","embeddable":true,"href":"https:\/\/kraltechnologie.net\/index.php\/wp-json\/wp\/v2\/product_brand?post=1647"},{"taxonomy":"product_cat","embeddable":true,"href":"https:\/\/kraltechnologie.net\/index.php\/wp-json\/wp\/v2\/product_cat?post=1647"},{"taxonomy":"product_tag","embeddable":true,"href":"https:\/\/kraltechnologie.net\/index.php\/wp-json\/wp\/v2\/product_tag?post=1647"}],"curies":[{"name":"wp","href":"https:\/\/api.w.org\/{rel}","templated":true}]}}