{"id":1669,"date":"2025-04-18T10:32:29","date_gmt":"2025-04-18T10:32:29","guid":{"rendered":"https:\/\/kraltechnologie.net\/?post_type=product&#038;p=1669"},"modified":"2025-04-18T10:36:43","modified_gmt":"2025-04-18T10:36:43","slug":"mikrotik-ccr2004-1g-12s2xs","status":"publish","type":"product","link":"https:\/\/kraltechnologie.net\/index.php\/product\/mikrotik-ccr2004-1g-12s2xs\/","title":{"rendered":"Mikrotik CCR2004-1G-12S+2XS"},"content":{"rendered":"<p><img loading=\"lazy\" decoding=\"async\" class=\"alignnone  wp-image-1672\" src=\"http:\/\/kraltechnologie.net\/wp-content\/uploads\/2025\/04\/Screenshot_50-300x77.png\" alt=\"\" width=\"1149\" height=\"295\" srcset=\"https:\/\/kraltechnologie.net\/wp-content\/uploads\/2025\/04\/Screenshot_50-300x77.png 300w, https:\/\/kraltechnologie.net\/wp-content\/uploads\/2025\/04\/Screenshot_50-150x38.png 150w, https:\/\/kraltechnologie.net\/wp-content\/uploads\/2025\/04\/Screenshot_50-768x196.png 768w, https:\/\/kraltechnologie.net\/wp-content\/uploads\/2025\/04\/Screenshot_50.png 962w\" sizes=\"auto, (max-width: 1149px) 100vw, 1149px\" \/><\/p>\n<p><span>L&rsquo;\u00e9tat d&rsquo;esprit \u00ab\u00a0Improviser. S&rsquo;adapter. Surmonter\u00a0\u00bb peut \u00eatre tr\u00e8s utile, mais parfois, il suffit d&rsquo;un appareil performant qui r\u00e9sout le probl\u00e8me sans manipulation suppl\u00e9mentaire. Le CCR2004-1G-12S+2XS fait exactement cela\u00a0: oubliez les probl\u00e8mes de connectivit\u00e9 et \u00e9tendez votre configuration \u00e0 votre guise. Ce routeur pratique est \u00e9quip\u00e9 de 12 ports SFP+ 10G et de 2 ports SFP28 25G.<\/span><\/p>\n<p><span>Le CCR2004-1G-12S+2XS est notre routeur monoc\u0153ur le plus performant \u00e0 ce jour. Il offre des performances exceptionnelles en tunnel unique (jusqu&rsquo;\u00e0 3,4 Gbit\/s) et en traitement de flux BGP.<\/span><\/p>\n<p><span>Soyez pr\u00eat \u00e0 tout\u00a0: 10\u00a0G, 40\u00a0G et maintenant 25\u00a0G\u00a0! Associ\u00e9 aux produits multiports MikroTik tels que le CRS317-1G-16S+RM, le CRS312-4C+8XG-RM et le CRS326-24S+2Q+RM, votre configuration r\u00e9seau sera sans limites. C\u00f4t\u00e9 performances, le CCR2004-1G-12S+2XS est comparable aux c\u00e9l\u00e8bres routeurs CCR1009\/CCR1016. Et gr\u00e2ce \u00e0 sa double alimentation redondante, fini les interruptions de service impr\u00e9vues\u00a0! Gr\u00e2ce \u00e0 sa configuration de ports sophistiqu\u00e9e, le nouveau CCR2004-1G-12S+2XS est le compl\u00e9ment id\u00e9al de tout arsenal r\u00e9seau professionnel\u00a0: il vous fera gagner un temps pr\u00e9cieux dans les situations d\u00e9licates\u00a0! Taille de la RAM sous RouterOS v7\u00a0: 4\u00a0Go ECC<\/span><\/p>\n","protected":false},"excerpt":{"rendered":"<h2><span>Caract\u00e9ristiques<\/span><\/h2>\n<table class=\"table product-table\">\n<thead>\n<tr>\n<th colspan=\"2\"><span>D\u00e9tails<\/span><\/th>\n<\/tr>\n<\/thead>\n<tbody>\n<tr>\n<td><span>Code produit<\/span><\/td>\n<td><span>CCR2004-1G-12S+2XS<\/span><\/td>\n<\/tr>\n<tr>\n<td><span>Architecture<\/span><\/td>\n<td><span>ARM 64 bits<\/span><\/td>\n<\/tr>\n<tr>\n<td><span>processeur<\/span><\/td>\n<td><span>AL32400<\/span><\/td>\n<\/tr>\n<tr>\n<td><span>Nombre de c\u0153urs du processeur<\/span><\/td>\n<td><span>4<\/span><\/td>\n<\/tr>\n<tr>\n<td><span>fr\u00e9quence nominale du processeur<\/span><\/td>\n<td><span>1700 MHz<\/span><\/td>\n<\/tr>\n<tr>\n<td><span>Dimensions<\/span><\/td>\n<td><span>443 x 224 x 44 mm<\/span><\/td>\n<\/tr>\n<tr>\n<td><span>Licence RouterOS<\/span><\/td>\n<td><span>6<\/span><\/td>\n<\/tr>\n<tr>\n<td><span>Syst\u00e8me op\u00e9rateur<\/span><\/td>\n<td><a href=\"https:\/\/help.mikrotik.com\/docs\/display\/ROS\/RouterOS\" target=\"_blank\" rel=\"noopener\"><span>RouterOS v7<\/span><\/a><\/td>\n<\/tr>\n<tr>\n<td><span>Taille de la RAM<\/span><\/td>\n<td><span>4 Go<\/span><\/td>\n<\/tr>\n<tr>\n<td><span>Taille de stockage<\/span><\/td>\n<td><span>128 Mo<\/span><\/td>\n<\/tr>\n<tr>\n<td><span>Type de stockage<\/span><\/td>\n<td><span>NAND<\/span><\/td>\n<\/tr>\n<tr>\n<td><span>MTBF<\/span><\/td>\n<td><span>Environ 200 000 heures \u00e0 25 \u00b0C<\/span><\/td>\n<\/tr>\n<tr>\n<td><span>Temp\u00e9rature ambiante test\u00e9e<\/span><\/td>\n<td><span>-20\u00b0C \u00e0 60\u00b0C<\/span><\/td>\n<\/tr>\n<tr>\n<td><span>Acc\u00e9l\u00e9ration mat\u00e9rielle IPsec<\/span><\/td>\n<td><span>Oui<\/span><\/td>\n<\/tr>\n<tr>\n<td><\/td>\n<td><\/td>\n<\/tr>\n<\/tbody>\n<\/table>\n<div class=\"clearfix\"><\/div>\n<h2><span>Mise sous tension<\/span><\/h2>\n<table class=\"table product-table\">\n<thead>\n<tr>\n<th colspan=\"2\"><span>D\u00e9tails<\/span><\/th>\n<\/tr>\n<\/thead>\n<tbody>\n<tr>\n<td><span>Nombre d&rsquo;entr\u00e9es CA<\/span><\/td>\n<td><span>2<\/span><\/td>\n<\/tr>\n<tr>\n<td><span>Plage d&rsquo;entr\u00e9e CA<\/span><\/td>\n<td><span>100-240<\/span><\/td>\n<\/tr>\n<tr>\n<td><span>Consommation \u00e9lectrique maximale<\/span><\/td>\n<td><span>60 W<\/span><\/td>\n<\/tr>\n<tr>\n<td><span>Consommation \u00e9lectrique maximale sans accessoires<\/span><\/td>\n<td><span>31 W<\/span><\/td>\n<\/tr>\n<tr>\n<td><span>Type de refroidissement<\/span><\/td>\n<td><span>2 ventilateurs<\/span><\/td>\n<\/tr>\n<\/tbody>\n<\/table>\n<div class=\"clearfix\"><\/div>\n<h2><span>Ethernet<\/span><\/h2>\n<table class=\"table product-table\">\n<thead>\n<tr>\n<th colspan=\"2\"><span>D\u00e9tails<\/span><\/th>\n<\/tr>\n<\/thead>\n<tbody>\n<tr>\n<td><span>Ports Ethernet 10\/100\/1000<\/span><\/td>\n<td><span>1<\/span><\/td>\n<\/tr>\n<\/tbody>\n<\/table>\n<div class=\"clearfix\"><\/div>\n<h2><span>Fibre<\/span><\/h2>\n<table class=\"table product-table\">\n<thead>\n<tr>\n<th colspan=\"2\"><span>D\u00e9tails<\/span><\/th>\n<\/tr>\n<\/thead>\n<tbody>\n<tr>\n<td><span>Ports SFP+<\/span><\/td>\n<td><span>12<\/span><\/td>\n<\/tr>\n<tr>\n<td><span>Nombre de ports SFP28 25G<\/span><\/td>\n<td><span>2<\/span><\/td>\n<\/tr>\n<\/tbody>\n<\/table>\n<div class=\"clearfix\"><\/div>\n<h2><span>P\u00e9riph\u00e9riques<\/span><\/h2>\n<table class=\"table product-table\">\n<thead>\n<tr>\n<th colspan=\"2\"><span>D\u00e9tails<\/span><\/th>\n<\/tr>\n<\/thead>\n<tbody>\n<tr>\n<td><span>Port de console s\u00e9rie<\/span><\/td>\n<td><span>RJ45<\/span><\/td>\n<\/tr>\n<\/tbody>\n<\/table>\n<div class=\"clearfix\"><\/div>\n<h2><span>Autre<\/span><\/h2>\n<table class=\"table product-table\">\n<thead>\n<tr>\n<th colspan=\"2\"><span>D\u00e9tails<\/span><\/th>\n<\/tr>\n<\/thead>\n<tbody>\n<tr>\n<td><span>moniteur de temp\u00e9rature du processeur<\/span><\/td>\n<td><span>Oui<\/span><\/td>\n<\/tr>\n<tr>\n<td><span>moniteur de temp\u00e9rature PCB<\/span><\/td>\n<td><span>Oui<\/span><\/td>\n<\/tr>\n<tr>\n<td><span>Moniteur de tension<\/span><\/td>\n<td><span>Oui<\/span><\/td>\n<\/tr>\n<\/tbody>\n<\/table>\n<div class=\"clearfix\"><\/div>\n<h2><span>Certification et approbations<\/span><\/h2>\n<table class=\"table product-table\">\n<thead>\n<tr>\n<th colspan=\"2\"><span>D\u00e9tails<\/span><\/th>\n<\/tr>\n<\/thead>\n<tbody>\n<tr>\n<td><span>Certification<\/span><\/td>\n<td><span>CE, EAC, ROHS<\/span><\/td>\n<\/tr>\n<tr>\n<td><span>propri\u00e9t\u00e9 intellectuelle<\/span><\/td>\n<td><span>20<\/span><\/td>\n<\/tr>\n<\/tbody>\n<\/table>\n","protected":false},"featured_media":1671,"comment_status":"open","ping_status":"closed","template":"","meta":{"_joinchat":[]},"product_brand":[72],"product_cat":[35,42],"product_tag":[],"class_list":{"0":"post-1669","1":"product","2":"type-product","3":"status-publish","4":"has-post-thumbnail","6":"product_brand-mikrotik","7":"product_cat-informatiques","8":"product_cat-routeurs","10":"first","11":"instock","12":"shipping-taxable","13":"product-type-simple"},"_links":{"self":[{"href":"https:\/\/kraltechnologie.net\/index.php\/wp-json\/wp\/v2\/product\/1669","targetHints":{"allow":["GET"]}}],"collection":[{"href":"https:\/\/kraltechnologie.net\/index.php\/wp-json\/wp\/v2\/product"}],"about":[{"href":"https:\/\/kraltechnologie.net\/index.php\/wp-json\/wp\/v2\/types\/product"}],"replies":[{"embeddable":true,"href":"https:\/\/kraltechnologie.net\/index.php\/wp-json\/wp\/v2\/comments?post=1669"}],"version-history":[{"count":1,"href":"https:\/\/kraltechnologie.net\/index.php\/wp-json\/wp\/v2\/product\/1669\/revisions"}],"predecessor-version":[{"id":1673,"href":"https:\/\/kraltechnologie.net\/index.php\/wp-json\/wp\/v2\/product\/1669\/revisions\/1673"}],"wp:featuredmedia":[{"embeddable":true,"href":"https:\/\/kraltechnologie.net\/index.php\/wp-json\/wp\/v2\/media\/1671"}],"wp:attachment":[{"href":"https:\/\/kraltechnologie.net\/index.php\/wp-json\/wp\/v2\/media?parent=1669"}],"wp:term":[{"taxonomy":"product_brand","embeddable":true,"href":"https:\/\/kraltechnologie.net\/index.php\/wp-json\/wp\/v2\/product_brand?post=1669"},{"taxonomy":"product_cat","embeddable":true,"href":"https:\/\/kraltechnologie.net\/index.php\/wp-json\/wp\/v2\/product_cat?post=1669"},{"taxonomy":"product_tag","embeddable":true,"href":"https:\/\/kraltechnologie.net\/index.php\/wp-json\/wp\/v2\/product_tag?post=1669"}],"curies":[{"name":"wp","href":"https:\/\/api.w.org\/{rel}","templated":true}]}}