{"id":1674,"date":"2025-04-18T10:36:51","date_gmt":"2025-04-18T10:36:51","guid":{"rendered":"https:\/\/kraltechnologie.net\/?post_type=product&#038;p=1674"},"modified":"2025-04-18T10:40:02","modified_gmt":"2025-04-18T10:40:02","slug":"mikrotik-ccr2004-16g-2spc","status":"publish","type":"product","link":"https:\/\/kraltechnologie.net\/index.php\/product\/mikrotik-ccr2004-16g-2spc\/","title":{"rendered":"Mikrotik CCR2004-16G-2S+PC"},"content":{"rendered":"<p><img loading=\"lazy\" decoding=\"async\" class=\"alignnone  wp-image-1677\" src=\"http:\/\/kraltechnologie.net\/wp-content\/uploads\/2025\/04\/Screenshot_51-300x78.png\" alt=\"\" width=\"1092\" height=\"284\" srcset=\"https:\/\/kraltechnologie.net\/wp-content\/uploads\/2025\/04\/Screenshot_51-300x78.png 300w, https:\/\/kraltechnologie.net\/wp-content\/uploads\/2025\/04\/Screenshot_51-150x39.png 150w, https:\/\/kraltechnologie.net\/wp-content\/uploads\/2025\/04\/Screenshot_51-768x200.png 768w, https:\/\/kraltechnologie.net\/wp-content\/uploads\/2025\/04\/Screenshot_51.png 957w\" sizes=\"auto, (max-width: 1092px) 100vw, 1092px\" \/><\/p>\n<p><span>Comme les autres mod\u00e8les de la s\u00e9rie CCR2004, ce CCR est \u00e9quip\u00e9 du\u00a0<\/span><b><span>processeur Amazon Annapurna Labs Alpine v2 avec 4 c\u0153urs ARMv8-A Cortex-A57 64 bits<\/span><\/b><span>\u00a0. Avec ce processeur cadenc\u00e9 \u00e0 1,2 GHz, le routeur est trois fois plus rapide que les CCR de la g\u00e9n\u00e9ration pr\u00e9c\u00e9dente. Un concentr\u00e9 de puissance silencieuse. Profitez de toute la puissance d&rsquo;un v\u00e9ritable CCR en toute tranquillit\u00e9.\u00a0<\/span><b><span>Oubliez les bourdonnements et les bourdonnements dans votre bureau, studio, salle de serveurs ou labo personnel sans sacrifier les performances\u00a0!<\/span><\/b><\/p>\n<p><span>Le nouveau routeur dispose de 18 ports filaires, dont 16 ports Gigabit Ethernet et deux cages SFP+ 10G. Il dispose \u00e9galement d&rsquo;un port console RJ-45 en fa\u00e7ade.<\/span><\/p>\n<p><span>Chaque groupe de 8 ports Gigabit Ethernet est connect\u00e9 \u00e0 une puce de commutation Marvell Amethyst distincte. Chaque puce de commutation dispose d&rsquo;une\u00a0<\/span><b><span>ligne full duplex de 10 Gbit\/<\/span><\/b><span>\u00a0s connect\u00e9e au processeur. Il en va de m\u00eame pour chaque cage SFP+\u00a0: une ligne full duplex de 10 Gbit\/s distincte. Les cartes sont livr\u00e9es avec 4\u00a0Go de RAM DDR4 et 128\u00a0Mo de stockage NAND.<\/span><\/p>\n<p><span>Comme vous pouvez le constater, aucun goulot d&rsquo;\u00e9tranglement. Tant que le processeur peut g\u00e9rer le traitement, tous les ports peuvent atteindre la vitesse filaire. Et ce processeur est une b\u00eate de course, capable de g\u00e9rer beaucoup de choses. Si l&rsquo;on examine ses performances, on constate qu&rsquo;il rivalise avec notre CCR1009.<\/span><\/p>\n<p><span>Le plus ? Ce tout nouveau CCR est l&rsquo;une des options les plus abordables du march\u00e9, non seulement au sein de la s\u00e9rie CCR, mais aussi sur le march\u00e9 en g\u00e9n\u00e9ral. Parmi les utilisations les plus courantes, on trouve\u00a0: des ports Gigabit Ethernet pour le r\u00e9seau interne et des ports SFP+ pour les liaisons descendantes et montantes. La solution tout-en-un id\u00e9ale pour les PME. Simple et efficace.<\/span><\/p>\n<p><b><span>Avec le nouveau CCR2004, faites passer votre r\u00e9seau d&rsquo;entreprise au niveau sup\u00e9rieur, sans vous ruiner.<\/span><\/b><\/p>\n","protected":false},"excerpt":{"rendered":"<h2><span>Caract\u00e9ristiques<\/span><\/h2>\n<table class=\"table product-table\">\n<thead>\n<tr>\n<th colspan=\"2\"><span>D\u00e9tails<\/span><\/th>\n<\/tr>\n<\/thead>\n<tbody>\n<tr>\n<td><span>Code produit<\/span><\/td>\n<td><span>CCR2004-16G-2S+PC<\/span><\/td>\n<\/tr>\n<tr>\n<td><span>Architecture<\/span><\/td>\n<td><span>ARM 64 bits<\/span><\/td>\n<\/tr>\n<tr>\n<td><span>processeur<\/span><\/td>\n<td><span>AL32400<\/span><\/td>\n<\/tr>\n<tr>\n<td><span>Nombre de c\u0153urs du processeur<\/span><\/td>\n<td><span>4<\/span><\/td>\n<\/tr>\n<tr>\n<td><span>fr\u00e9quence nominale du processeur<\/span><\/td>\n<td><span>1200 MHz<\/span><\/td>\n<\/tr>\n<tr>\n<td><span>Mod\u00e8le de puce de commutation<\/span><\/td>\n<td><span>88E6191<\/span><\/td>\n<\/tr>\n<tr>\n<td><span>Dimensions<\/span><\/td>\n<td><span>272 x 195 x 44 mm<\/span><\/td>\n<\/tr>\n<tr>\n<td><span>Licence RouterOS<\/span><\/td>\n<td><span>6<\/span><\/td>\n<\/tr>\n<tr>\n<td><span>Syst\u00e8me op\u00e9rateur<\/span><\/td>\n<td><a href=\"https:\/\/help.mikrotik.com\/docs\/display\/ROS\/RouterOS\" target=\"_blank\" rel=\"noopener\"><span>RouterOS v7<\/span><\/a><\/td>\n<\/tr>\n<tr>\n<td><span>Taille de la RAM<\/span><\/td>\n<td><span>4 Go<\/span><\/td>\n<\/tr>\n<tr>\n<td><span>Taille de stockage<\/span><\/td>\n<td><span>128 Mo<\/span><\/td>\n<\/tr>\n<tr>\n<td><span>Type de stockage<\/span><\/td>\n<td><span>NAND<\/span><\/td>\n<\/tr>\n<tr>\n<td><span>MTBF<\/span><\/td>\n<td><span>Environ 200 000 heures \u00e0 25 \u00b0C<\/span><\/td>\n<\/tr>\n<tr>\n<td><span>Temp\u00e9rature ambiante test\u00e9e<\/span><\/td>\n<td><span>-20\u00b0C \u00e0 60\u00b0C<\/span><\/td>\n<\/tr>\n<tr>\n<td><span>Acc\u00e9l\u00e9ration mat\u00e9rielle IPsec<\/span><\/td>\n<td><span>Oui<\/span><\/td>\n<\/tr>\n<tr>\n<td><\/td>\n<td><\/td>\n<\/tr>\n<\/tbody>\n<\/table>\n<div class=\"clearfix\"><\/div>\n<h2><span>Mise sous tension<\/span><\/h2>\n<table class=\"table product-table\">\n<thead>\n<tr>\n<th colspan=\"2\"><span>D\u00e9tails<\/span><\/th>\n<\/tr>\n<\/thead>\n<tbody>\n<tr>\n<td><span>Nombre d&rsquo;entr\u00e9es CC<\/span><\/td>\n<td><span>2 (borne \u00e0 2 broches, prise CC)<\/span><\/td>\n<\/tr>\n<tr>\n<td><span>Tension d&rsquo;entr\u00e9e de la prise CC<\/span><\/td>\n<td><span>36-57 V<\/span><\/td>\n<\/tr>\n<tr>\n<td><span>Tension d&rsquo;entr\u00e9e du terminal \u00e0 2 broches<\/span><\/td>\n<td><span>36-57 V<\/span><\/td>\n<\/tr>\n<tr>\n<td><span>Consommation \u00e9lectrique maximale<\/span><\/td>\n<td><span>36 W<\/span><\/td>\n<\/tr>\n<tr>\n<td><span>Consommation \u00e9lectrique maximale sans accessoires<\/span><\/td>\n<td><span>30 W<\/span><\/td>\n<\/tr>\n<tr>\n<td><span>Type de refroidissement<\/span><\/td>\n<td><span>Passif<\/span><\/td>\n<\/tr>\n<\/tbody>\n<\/table>\n<div class=\"clearfix\"><\/div>\n<h2><span>Ethernet<\/span><\/h2>\n<table class=\"table product-table\">\n<thead>\n<tr>\n<th colspan=\"2\"><span>D\u00e9tails<\/span><\/th>\n<\/tr>\n<\/thead>\n<tbody>\n<tr>\n<td><span>Ports Ethernet 10\/100\/1000<\/span><\/td>\n<td><span>16<\/span><\/td>\n<\/tr>\n<\/tbody>\n<\/table>\n<div class=\"clearfix\"><\/div>\n<h2><span>Fibre<\/span><\/h2>\n<table class=\"table product-table\">\n<thead>\n<tr>\n<th colspan=\"2\"><span>D\u00e9tails<\/span><\/th>\n<\/tr>\n<\/thead>\n<tbody>\n<tr>\n<td><span>Ports SFP+<\/span><\/td>\n<td><span>2<\/span><\/td>\n<\/tr>\n<\/tbody>\n<\/table>\n<div class=\"clearfix\"><\/div>\n<h2><span>P\u00e9riph\u00e9riques<\/span><\/h2>\n<table class=\"table product-table\">\n<thead>\n<tr>\n<th colspan=\"2\"><span>D\u00e9tails<\/span><\/th>\n<\/tr>\n<\/thead>\n<tbody>\n<tr>\n<td><span>Port de console s\u00e9rie<\/span><\/td>\n<td><span>RJ45<\/span><\/td>\n<\/tr>\n<\/tbody>\n<\/table>\n<div class=\"clearfix\"><\/div>\n<h2><span>Autre<\/span><\/h2>\n<table class=\"table product-table\">\n<thead>\n<tr>\n<th colspan=\"2\"><span>D\u00e9tails<\/span><\/th>\n<\/tr>\n<\/thead>\n<tbody>\n<tr>\n<td><span>moniteur de temp\u00e9rature du processeur<\/span><\/td>\n<td><span>Oui<\/span><\/td>\n<\/tr>\n<tr>\n<td><span>moniteur de temp\u00e9rature PCB<\/span><\/td>\n<td><span>Oui<\/span><\/td>\n<\/tr>\n<tr>\n<td><span>Moniteur de tension<\/span><\/td>\n<td><span>Oui<\/span><\/td>\n<\/tr>\n<\/tbody>\n<\/table>\n<div class=\"clearfix\"><\/div>\n<h2><span>Certification et approbations<\/span><\/h2>\n<table class=\"table product-table\">\n<thead>\n<tr>\n<th colspan=\"2\"><span>D\u00e9tails<\/span><\/th>\n<\/tr>\n<\/thead>\n<tbody>\n<tr>\n<td><span>Certification<\/span><\/td>\n<td><span>CE, EAC, ROHS<\/span><\/td>\n<\/tr>\n<tr>\n<td><span>propri\u00e9t\u00e9 intellectuelle<\/span><\/td>\n<td><span>IP 20<\/span><\/td>\n<\/tr>\n<\/tbody>\n<\/table>\n","protected":false},"featured_media":1676,"comment_status":"open","ping_status":"closed","template":"","meta":{"_joinchat":[]},"product_brand":[72],"product_cat":[35,42],"product_tag":[],"class_list":{"0":"post-1674","1":"product","2":"type-product","3":"status-publish","4":"has-post-thumbnail","6":"product_brand-mikrotik","7":"product_cat-informatiques","8":"product_cat-routeurs","10":"first","11":"instock","12":"shipping-taxable","13":"product-type-simple"},"_links":{"self":[{"href":"https:\/\/kraltechnologie.net\/index.php\/wp-json\/wp\/v2\/product\/1674","targetHints":{"allow":["GET"]}}],"collection":[{"href":"https:\/\/kraltechnologie.net\/index.php\/wp-json\/wp\/v2\/product"}],"about":[{"href":"https:\/\/kraltechnologie.net\/index.php\/wp-json\/wp\/v2\/types\/product"}],"replies":[{"embeddable":true,"href":"https:\/\/kraltechnologie.net\/index.php\/wp-json\/wp\/v2\/comments?post=1674"}],"version-history":[{"count":1,"href":"https:\/\/kraltechnologie.net\/index.php\/wp-json\/wp\/v2\/product\/1674\/revisions"}],"predecessor-version":[{"id":1678,"href":"https:\/\/kraltechnologie.net\/index.php\/wp-json\/wp\/v2\/product\/1674\/revisions\/1678"}],"wp:featuredmedia":[{"embeddable":true,"href":"https:\/\/kraltechnologie.net\/index.php\/wp-json\/wp\/v2\/media\/1676"}],"wp:attachment":[{"href":"https:\/\/kraltechnologie.net\/index.php\/wp-json\/wp\/v2\/media?parent=1674"}],"wp:term":[{"taxonomy":"product_brand","embeddable":true,"href":"https:\/\/kraltechnologie.net\/index.php\/wp-json\/wp\/v2\/product_brand?post=1674"},{"taxonomy":"product_cat","embeddable":true,"href":"https:\/\/kraltechnologie.net\/index.php\/wp-json\/wp\/v2\/product_cat?post=1674"},{"taxonomy":"product_tag","embeddable":true,"href":"https:\/\/kraltechnologie.net\/index.php\/wp-json\/wp\/v2\/product_tag?post=1674"}],"curies":[{"name":"wp","href":"https:\/\/api.w.org\/{rel}","templated":true}]}}