{"id":1699,"date":"2025-04-18T10:56:04","date_gmt":"2025-04-18T10:56:04","guid":{"rendered":"https:\/\/kraltechnologie.net\/?post_type=product&#038;p=1699"},"modified":"2025-04-18T10:58:32","modified_gmt":"2025-04-18T10:58:32","slug":"mikrotik-cap-lite","status":"publish","type":"product","link":"https:\/\/kraltechnologie.net\/index.php\/product\/mikrotik-cap-lite\/","title":{"rendered":"Mikrotik cAP lite"},"content":{"rendered":"<p><img loading=\"lazy\" decoding=\"async\" class=\"alignnone  wp-image-1702\" src=\"http:\/\/kraltechnologie.net\/wp-content\/uploads\/2025\/04\/Screenshot_56-300x77.png\" alt=\"\" width=\"1157\" height=\"297\" srcset=\"https:\/\/kraltechnologie.net\/wp-content\/uploads\/2025\/04\/Screenshot_56-300x77.png 300w, https:\/\/kraltechnologie.net\/wp-content\/uploads\/2025\/04\/Screenshot_56-150x39.png 150w, https:\/\/kraltechnologie.net\/wp-content\/uploads\/2025\/04\/Screenshot_56-768x198.png 768w, https:\/\/kraltechnologie.net\/wp-content\/uploads\/2025\/04\/Screenshot_56.png 861w\" sizes=\"auto, (max-width: 1157px) 100vw, 1157px\" \/><\/p>\n<p><span>Le cAP lite est un petit appareil de point d&rsquo;acc\u00e8s, parfait pour les lieux publics et les entreprises d&rsquo;accueil comme les h\u00f4tels, les a\u00e9roports, les centres commerciaux, etc. Le produit comprend deux bo\u00eetiers diff\u00e9rents, qui peuvent \u00eatre facilement \u00e9chang\u00e9s, ou, si vous souhaitez vraiment adapter la conception \u00e0 l&rsquo;environnement, nous fournissons des fichiers de conception compatibles avec les imprimantes 3D.<\/span><\/p>\n<p><span>Le cAP lite prend en charge la norme 802.11b\/g\/n et peut \u00eatre aliment\u00e9 par Ethernet. Il est le compl\u00e9ment id\u00e9al du MikroTik CAPsMAN (gestionnaire de syst\u00e8mes de points d&rsquo;acc\u00e8s contr\u00f4l\u00e9s), vous permettant de contr\u00f4ler tous vos points d&rsquo;acc\u00e8s depuis un emplacement central. Le cAP lite peut \u00e9galement \u00eatre utilis\u00e9 comme point d&rsquo;acc\u00e8s autonome, b\u00e9n\u00e9ficiant ainsi de tout le potentiel de RouterOS.<\/span><\/p>\n","protected":false},"excerpt":{"rendered":"<h2><span>Caract\u00e9ristiques<\/span><\/h2>\n<table class=\"table product-table\">\n<thead>\n<tr>\n<th colspan=\"2\"><span>D\u00e9tails<\/span><\/th>\n<\/tr>\n<\/thead>\n<tbody>\n<tr>\n<td><span>Code produit<\/span><\/td>\n<td><span>RBcAPL-2nD<\/span><\/td>\n<\/tr>\n<tr>\n<td><span>Architecture<\/span><\/td>\n<td><span>MIPSBE<\/span><\/td>\n<\/tr>\n<tr>\n<td><span>processeur<\/span><\/td>\n<td><span>QCA9533<\/span><\/td>\n<\/tr>\n<tr>\n<td><span>Nombre de c\u0153urs du processeur<\/span><\/td>\n<td><span>1<\/span><\/td>\n<\/tr>\n<tr>\n<td><span>fr\u00e9quence nominale du processeur<\/span><\/td>\n<td><span>650 MHz<\/span><\/td>\n<\/tr>\n<tr>\n<td><span>Dimensions<\/span><\/td>\n<td><span>Bo\u00eetier mural : 88 x 52 x 20 mm Bo\u00eetier de plafond : \u230088 mm x 20 mm<\/span><\/td>\n<\/tr>\n<tr>\n<td><span>Licence RouterOS<\/span><\/td>\n<td><span>4<\/span><\/td>\n<\/tr>\n<tr>\n<td><span>Syst\u00e8me op\u00e9rateur<\/span><\/td>\n<td><a href=\"https:\/\/help.mikrotik.com\/docs\/display\/ROS\/RouterOS\" target=\"_blank\" rel=\"noopener\"><span>RouterOS<\/span><\/a><\/td>\n<\/tr>\n<tr>\n<td><span>Taille de la RAM<\/span><\/td>\n<td><span>64 Mo<\/span><\/td>\n<\/tr>\n<tr>\n<td><span>Taille de stockage<\/span><\/td>\n<td><span>16 Mo<\/span><\/td>\n<\/tr>\n<tr>\n<td><span>Type de stockage<\/span><\/td>\n<td><span>\u00c9CLAIR<\/span><\/td>\n<\/tr>\n<tr>\n<td><span>MTBF<\/span><\/td>\n<td><span>Environ 100 000 heures \u00e0 25 \u00b0C<\/span><\/td>\n<\/tr>\n<tr>\n<td><span>Temp\u00e9rature ambiante test\u00e9e<\/span><\/td>\n<td><span>-40\u00b0C \u00e0 70\u00b0C<\/span><\/td>\n<\/tr>\n<tr>\n<td><\/td>\n<td><\/td>\n<\/tr>\n<\/tbody>\n<\/table>\n<div class=\"clearfix\"><\/div>\n<h2><span>Capacit\u00e9s sans fil<\/span><\/h2>\n<table class=\"table product-table\">\n<thead>\n<tr>\n<th colspan=\"2\"><span>D\u00e9tails<\/span><\/th>\n<\/tr>\n<\/thead>\n<tbody>\n<tr>\n<td><span>D\u00e9bit de donn\u00e9es maximal sans fil de 2,4 GHz<\/span><\/td>\n<td><span>300 Mbit\/s<\/span><\/td>\n<\/tr>\n<tr>\n<td><span>Nombre de cha\u00eenes sans fil 2,4 GHz<\/span><\/td>\n<td><span>2<\/span><\/td>\n<\/tr>\n<tr>\n<td><span>Normes sans fil 2,4 GHz<\/span><\/td>\n<td><span>802.11b\/g\/n<\/span><\/td>\n<\/tr>\n<tr>\n<td><span>Gain d&rsquo;antenne dBi pour 2,4 GHz<\/span><\/td>\n<td><span>1,5<\/span><\/td>\n<\/tr>\n<tr>\n<td><span>Mod\u00e8le de puce sans fil 2,4 GHz<\/span><\/td>\n<td><span>QCA9533<\/span><\/td>\n<\/tr>\n<tr>\n<td><span>G\u00e9n\u00e9ration sans fil 2,4 GHz<\/span><\/td>\n<td><span>Wi-Fi 4<\/span><\/td>\n<\/tr>\n<\/tbody>\n<\/table>\n<div class=\"clearfix\"><\/div>\n<h2><span>Ethernet<\/span><\/h2>\n<table class=\"table product-table\">\n<thead>\n<tr>\n<th colspan=\"2\"><span>D\u00e9tails<\/span><\/th>\n<\/tr>\n<\/thead>\n<tbody>\n<tr>\n<td><span>Ports Ethernet 10\/100<\/span><\/td>\n<td><span>1<\/span><\/td>\n<\/tr>\n<\/tbody>\n<\/table>\n<div class=\"clearfix\"><\/div>\n<h2><span>Mise sous tension<\/span><\/h2>\n<table class=\"table product-table\">\n<thead>\n<tr>\n<th colspan=\"2\"><span>D\u00e9tails<\/span><\/th>\n<\/tr>\n<\/thead>\n<tbody>\n<tr>\n<td><span>Tension d&rsquo;entr\u00e9e MicroUSB<\/span><\/td>\n<td><span>5 V<\/span><\/td>\n<\/tr>\n<tr>\n<td><span>Nombre d&rsquo;entr\u00e9es CC<\/span><\/td>\n<td><span>2 (entr\u00e9e PoE, MicroUSB)<\/span><\/td>\n<\/tr>\n<tr>\n<td><span>Consommation \u00e9lectrique maximale<\/span><\/td>\n<td><span>4 W<\/span><\/td>\n<\/tr>\n<tr>\n<td><span>Type de refroidissement<\/span><\/td>\n<td><span>Passif<\/span><\/td>\n<\/tr>\n<tr>\n<td><span>PoE dans<\/span><\/td>\n<td><span>802.3af\/at<\/span><\/td>\n<\/tr>\n<tr>\n<td><span>PoE en tension d&rsquo;entr\u00e9e<\/span><\/td>\n<td><span>10-60 V<\/span><\/td>\n<\/tr>\n<\/tbody>\n<\/table>\n<div class=\"clearfix\"><\/div>\n<h2><span>Certification et approbations<\/span><\/h2>\n<table class=\"table product-table\">\n<thead>\n<tr>\n<th colspan=\"2\"><span>D\u00e9tails<\/span><\/th>\n<\/tr>\n<\/thead>\n<tbody>\n<tr>\n<td><span>Certification<\/span><\/td>\n<td><span>CE, FCC, IC, EAC, ROHS<\/span><\/td>\n<\/tr>\n<tr>\n<td><span>propri\u00e9t\u00e9 intellectuelle<\/span><\/td>\n<td><span>IP20<\/span><\/td>\n<\/tr>\n<\/tbody>\n<\/table>\n<div class=\"clearfix\"><\/div>\n<h2><span>Sp\u00e9cifications sans fil<\/span><\/h2>\n<table class=\"table product-table\">\n<thead>\n<tr>\n<th><span>2,4 GHz<\/span><\/th>\n<th><span>Transmission (dBm)<\/span><\/th>\n<th><span>Sensibilit\u00e9 de r\u00e9ception<\/span><\/th>\n<\/tr>\n<\/thead>\n<tbody>\n<tr>\n<td><span>1 Mbit\/s<\/span><\/td>\n<td><span>22<\/span><\/td>\n<td><span>-96<\/span><\/td>\n<\/tr>\n<tr>\n<td><span>11 Mbit\/s<\/span><\/td>\n<td><span>22<\/span><\/td>\n<td><span>-89<\/span><\/td>\n<\/tr>\n<tr>\n<td><span>6 Mbit\/s<\/span><\/td>\n<td><span>20<\/span><\/td>\n<td><span>-93<\/span><\/td>\n<\/tr>\n<tr>\n<td><span>54 Mbit\/s<\/span><\/td>\n<td><span>18<\/span><\/td>\n<td><span>-74<\/span><\/td>\n<\/tr>\n<tr>\n<td><span>MCS0<\/span><\/td>\n<td><span>20<\/span><\/td>\n<td><span>-93<\/span><\/td>\n<\/tr>\n<tr>\n<td><span>MCS7<\/span><\/td>\n<td><span>16<\/span><\/td>\n<td><span>-71<\/span><\/td>\n<\/tr>\n<\/tbody>\n<\/table>\n","protected":false},"featured_media":1701,"comment_status":"open","ping_status":"closed","template":"","meta":{"_joinchat":[]},"product_brand":[72],"product_cat":[85,35],"product_tag":[],"class_list":{"0":"post-1699","1":"product","2":"type-product","3":"status-publish","4":"has-post-thumbnail","6":"product_brand-mikrotik","7":"product_cat-antenne","8":"product_cat-informatiques","10":"first","11":"instock","12":"shipping-taxable","13":"product-type-simple"},"_links":{"self":[{"href":"https:\/\/kraltechnologie.net\/index.php\/wp-json\/wp\/v2\/product\/1699","targetHints":{"allow":["GET"]}}],"collection":[{"href":"https:\/\/kraltechnologie.net\/index.php\/wp-json\/wp\/v2\/product"}],"about":[{"href":"https:\/\/kraltechnologie.net\/index.php\/wp-json\/wp\/v2\/types\/product"}],"replies":[{"embeddable":true,"href":"https:\/\/kraltechnologie.net\/index.php\/wp-json\/wp\/v2\/comments?post=1699"}],"version-history":[{"count":1,"href":"https:\/\/kraltechnologie.net\/index.php\/wp-json\/wp\/v2\/product\/1699\/revisions"}],"predecessor-version":[{"id":1703,"href":"https:\/\/kraltechnologie.net\/index.php\/wp-json\/wp\/v2\/product\/1699\/revisions\/1703"}],"wp:featuredmedia":[{"embeddable":true,"href":"https:\/\/kraltechnologie.net\/index.php\/wp-json\/wp\/v2\/media\/1701"}],"wp:attachment":[{"href":"https:\/\/kraltechnologie.net\/index.php\/wp-json\/wp\/v2\/media?parent=1699"}],"wp:term":[{"taxonomy":"product_brand","embeddable":true,"href":"https:\/\/kraltechnologie.net\/index.php\/wp-json\/wp\/v2\/product_brand?post=1699"},{"taxonomy":"product_cat","embeddable":true,"href":"https:\/\/kraltechnologie.net\/index.php\/wp-json\/wp\/v2\/product_cat?post=1699"},{"taxonomy":"product_tag","embeddable":true,"href":"https:\/\/kraltechnologie.net\/index.php\/wp-json\/wp\/v2\/product_tag?post=1699"}],"curies":[{"name":"wp","href":"https:\/\/api.w.org\/{rel}","templated":true}]}}