{"id":1745,"date":"2025-04-18T12:07:26","date_gmt":"2025-04-18T12:07:26","guid":{"rendered":"https:\/\/kraltechnologie.net\/?post_type=product&#038;p=1745"},"modified":"2025-04-18T12:10:20","modified_gmt":"2025-04-18T12:10:20","slug":"mikrotik-rb1100ahx4-dude-edition","status":"publish","type":"product","link":"https:\/\/kraltechnologie.net\/index.php\/product\/mikrotik-rb1100ahx4-dude-edition\/","title":{"rendered":"Mikrotik RB1100AHx4 Dude Edition"},"content":{"rendered":"<p><img loading=\"lazy\" decoding=\"async\" class=\"wp-image-1746 size-full aligncenter\" src=\"http:\/\/kraltechnologie.net\/wp-content\/uploads\/2025\/04\/Screenshot_65.png\" alt=\"\" width=\"866\" height=\"222\" srcset=\"https:\/\/kraltechnologie.net\/wp-content\/uploads\/2025\/04\/Screenshot_65.png 866w, https:\/\/kraltechnologie.net\/wp-content\/uploads\/2025\/04\/Screenshot_65-150x38.png 150w, https:\/\/kraltechnologie.net\/wp-content\/uploads\/2025\/04\/Screenshot_65-300x77.png 300w, https:\/\/kraltechnologie.net\/wp-content\/uploads\/2025\/04\/Screenshot_65-768x197.png 768w\" sizes=\"auto, (max-width: 866px) 100vw, 866px\" \/><\/p>\n<p><span>Le nouveau RB1100AHx4 Dude Edition est \u00e9quip\u00e9 d&rsquo;un processeur Annapurna Alpine AL21400 avec quatre c\u0153urs Cortex A15 cadenc\u00e9s \u00e0 1,4 GHz chacun, pour un d\u00e9bit maximal de 7,5 Gbit\/s. Il prend en charge l&rsquo;acc\u00e9l\u00e9ration mat\u00e9rielle IPsec et est plus rapide que tous les mod\u00e8les RouterBOARD pr\u00e9c\u00e9dents (jusqu&rsquo;\u00e0 2,2 Gbit\/s avec AES128).<\/span><\/p>\n<p>&nbsp;<\/p>\n<p><span>L&rsquo;unit\u00e9 est livr\u00e9e avec un bo\u00eetier rackable 1U, 13 ports Gigabit Ethernet, un port s\u00e9rie RS232 et une double alimentation redondante (avec alimentation t\u00e9l\u00e9com -48 V CC et prise en charge 802.3at\/af). L&rsquo;\u00e9dition Dude RB1100AHx4 dispose de plusieurs connecteurs de stockage haut d\u00e9bit (deux SATA et deux M.2) pour l&rsquo;utilisation d&rsquo;une base de donn\u00e9es Dude, d&rsquo;un cache proxy ou de toute autre fonctionnalit\u00e9 gourmande en stockage. Un disque M.2 de 60 Go est d\u00e9j\u00e0 install\u00e9.<\/span><\/p>\n","protected":false},"excerpt":{"rendered":"<h2><span>Caract\u00e9ristiques<\/span><\/h2>\n<table class=\"table product-table\">\n<thead>\n<tr>\n<th colspan=\"2\"><span>D\u00e9tails<\/span><\/th>\n<\/tr>\n<\/thead>\n<tbody>\n<tr>\n<td><span>Code produit<\/span><\/td>\n<td><span>RB1100Dx4<\/span><\/td>\n<\/tr>\n<tr>\n<td><span>Architecture<\/span><\/td>\n<td><span>ARM 32 bits<\/span><\/td>\n<\/tr>\n<tr>\n<td><span>processeur<\/span><\/td>\n<td><span>AL21400<\/span><\/td>\n<\/tr>\n<tr>\n<td><span>Nombre de c\u0153urs du processeur<\/span><\/td>\n<td><span>4<\/span><\/td>\n<\/tr>\n<tr>\n<td><span>fr\u00e9quence nominale du processeur<\/span><\/td>\n<td><span>1,4 GHz<\/span><\/td>\n<\/tr>\n<tr>\n<td><span>Mod\u00e8le de puce de commutation<\/span><\/td>\n<td><span>RTL8367<\/span><\/td>\n<\/tr>\n<tr>\n<td><span>Dimensions<\/span><\/td>\n<td><span>443 x 148 x 44 mm<\/span><\/td>\n<\/tr>\n<tr>\n<td><span>Licence RouterOS<\/span><\/td>\n<td><span>6<\/span><\/td>\n<\/tr>\n<tr>\n<td><span>Syst\u00e8me op\u00e9rateur<\/span><\/td>\n<td><a href=\"https:\/\/help.mikrotik.com\/docs\/display\/ROS\/RouterOS\" target=\"_blank\" rel=\"noopener\"><span>RouterOS<\/span><\/a><\/td>\n<\/tr>\n<tr>\n<td><span>Taille de la RAM<\/span><\/td>\n<td><span>1 Go<\/span><\/td>\n<\/tr>\n<tr>\n<td><span>Taille de stockage<\/span><\/td>\n<td><span>128 Mo<\/span><\/td>\n<\/tr>\n<tr>\n<td><span>Type de stockage<\/span><\/td>\n<td><span>NAND<\/span><\/td>\n<\/tr>\n<tr>\n<td><span>MTBF<\/span><\/td>\n<td><span>Environ 200 000 heures \u00e0 25 \u00b0C<\/span><\/td>\n<\/tr>\n<tr>\n<td><span>Temp\u00e9rature ambiante test\u00e9e<\/span><\/td>\n<td><span>-40\u00b0C \u00e0 70\u00b0C<\/span><\/td>\n<\/tr>\n<tr>\n<td><span>Acc\u00e9l\u00e9ration mat\u00e9rielle IPsec<\/span><\/td>\n<td><span>Oui<\/span><\/td>\n<\/tr>\n<tr>\n<td><\/td>\n<td><\/td>\n<\/tr>\n<\/tbody>\n<\/table>\n<div class=\"clearfix\"><\/div>\n<h2><span>Mise sous tension<\/span><\/h2>\n<table class=\"table product-table\">\n<thead>\n<tr>\n<th colspan=\"2\"><span>D\u00e9tails<\/span><\/th>\n<\/tr>\n<\/thead>\n<tbody>\n<tr>\n<td><span>Nombre d&rsquo;entr\u00e9es CA<\/span><\/td>\n<td><span>2<\/span><\/td>\n<\/tr>\n<tr>\n<td><span>Nombre d&rsquo;entr\u00e9es CC<\/span><\/td>\n<td><span>2 (borne \u00e0 2 broches, PoE-IN)<\/span><\/td>\n<\/tr>\n<tr>\n<td><span>Tension d&rsquo;entr\u00e9e du terminal \u00e0 2 broches<\/span><\/td>\n<td><span>-48, 20-57 V<\/span><\/td>\n<\/tr>\n<tr>\n<td><span>Consommation \u00e9lectrique maximale<\/span><\/td>\n<td><span>33 W<\/span><\/td>\n<\/tr>\n<tr>\n<td><span>Consommation \u00e9lectrique maximale sans accessoires<\/span><\/td>\n<td><span>25 W<\/span><\/td>\n<\/tr>\n<tr>\n<td><span>Type de refroidissement<\/span><\/td>\n<td><span>Passif<\/span><\/td>\n<\/tr>\n<tr>\n<td><span>PoE dans<\/span><\/td>\n<td><span>802.3af\/at<\/span><\/td>\n<\/tr>\n<tr>\n<td><span>PoE en tension d&rsquo;entr\u00e9e<\/span><\/td>\n<td><span>20-57 V<\/span><\/td>\n<\/tr>\n<\/tbody>\n<\/table>\n<div class=\"clearfix\"><\/div>\n<h2><span>Ethernet<\/span><\/h2>\n<table class=\"table product-table\">\n<thead>\n<tr>\n<th colspan=\"2\"><span>D\u00e9tails<\/span><\/th>\n<\/tr>\n<\/thead>\n<tbody>\n<tr>\n<td><span>Ports Ethernet 10\/100\/1000<\/span><\/td>\n<td><span>13<\/span><\/td>\n<\/tr>\n<\/tbody>\n<\/table>\n<div class=\"clearfix\"><\/div>\n<h2><span>P\u00e9riph\u00e9riques<\/span><\/h2>\n<table class=\"table product-table\">\n<thead>\n<tr>\n<th colspan=\"2\"><span>D\u00e9tails<\/span><\/th>\n<\/tr>\n<\/thead>\n<tbody>\n<tr>\n<td><span>Stockage \u00e9tendu<\/span><\/td>\n<td><span>SSD M.2 de 60 Go inclus<\/span><\/td>\n<\/tr>\n<tr>\n<td><span>Type de carte m\u00e9moire<\/span><\/td>\n<td><span>microSD<\/span><\/td>\n<\/tr>\n<tr>\n<td><span>Cartes m\u00e9moire<\/span><\/td>\n<td><span>1<\/span><\/td>\n<\/tr>\n<tr>\n<td><span>Ports SATA<\/span><\/td>\n<td><span>2x SATA3<\/span><\/td>\n<\/tr>\n<tr>\n<td><span>Port de console s\u00e9rie<\/span><\/td>\n<td><span>RS232<\/span><\/td>\n<\/tr>\n<tr>\n<td><span>Nombre d&#8217;emplacements M.2<\/span><\/td>\n<td><span>2<\/span><\/td>\n<\/tr>\n<\/tbody>\n<\/table>\n<div class=\"clearfix\"><\/div>\n<h2><span>Autre<\/span><\/h2>\n<table class=\"table product-table\">\n<thead>\n<tr>\n<th colspan=\"2\"><span>D\u00e9tails<\/span><\/th>\n<\/tr>\n<\/thead>\n<tbody>\n<tr>\n<td><span>Moniteur actuel<\/span><\/td>\n<td><span>Oui<\/span><\/td>\n<\/tr>\n<tr>\n<td><span>moniteur de temp\u00e9rature PCB<\/span><\/td>\n<td><span>Oui<\/span><\/td>\n<\/tr>\n<tr>\n<td><span>Moniteur de tension<\/span><\/td>\n<td><span>Oui<\/span><\/td>\n<\/tr>\n<tr>\n<td><span>Bip<\/span><\/td>\n<td><span>Oui<\/span><\/td>\n<\/tr>\n<\/tbody>\n<\/table>\n<div class=\"clearfix\"><\/div>\n<h2><span>Certification et approbations<\/span><\/h2>\n<table class=\"table product-table\">\n<thead>\n<tr>\n<th colspan=\"2\"><span>D\u00e9tails<\/span><\/th>\n<\/tr>\n<\/thead>\n<tbody>\n<tr>\n<td><span>Certification<\/span><\/td>\n<td><span>CE, EAC, ROHS<\/span><\/td>\n<\/tr>\n<tr>\n<td><span>propri\u00e9t\u00e9 intellectuelle<\/span><\/td>\n<td><span>IP20<\/span><\/td>\n<\/tr>\n<\/tbody>\n<\/table>\n","protected":false},"featured_media":1748,"comment_status":"open","ping_status":"closed","template":"","meta":{"_joinchat":[]},"product_brand":[72],"product_cat":[35,42],"product_tag":[],"class_list":{"0":"post-1745","1":"product","2":"type-product","3":"status-publish","4":"has-post-thumbnail","6":"product_brand-mikrotik","7":"product_cat-informatiques","8":"product_cat-routeurs","10":"first","11":"instock","12":"shipping-taxable","13":"product-type-simple"},"_links":{"self":[{"href":"https:\/\/kraltechnologie.net\/index.php\/wp-json\/wp\/v2\/product\/1745","targetHints":{"allow":["GET"]}}],"collection":[{"href":"https:\/\/kraltechnologie.net\/index.php\/wp-json\/wp\/v2\/product"}],"about":[{"href":"https:\/\/kraltechnologie.net\/index.php\/wp-json\/wp\/v2\/types\/product"}],"replies":[{"embeddable":true,"href":"https:\/\/kraltechnologie.net\/index.php\/wp-json\/wp\/v2\/comments?post=1745"}],"version-history":[{"count":1,"href":"https:\/\/kraltechnologie.net\/index.php\/wp-json\/wp\/v2\/product\/1745\/revisions"}],"predecessor-version":[{"id":1749,"href":"https:\/\/kraltechnologie.net\/index.php\/wp-json\/wp\/v2\/product\/1745\/revisions\/1749"}],"wp:featuredmedia":[{"embeddable":true,"href":"https:\/\/kraltechnologie.net\/index.php\/wp-json\/wp\/v2\/media\/1748"}],"wp:attachment":[{"href":"https:\/\/kraltechnologie.net\/index.php\/wp-json\/wp\/v2\/media?parent=1745"}],"wp:term":[{"taxonomy":"product_brand","embeddable":true,"href":"https:\/\/kraltechnologie.net\/index.php\/wp-json\/wp\/v2\/product_brand?post=1745"},{"taxonomy":"product_cat","embeddable":true,"href":"https:\/\/kraltechnologie.net\/index.php\/wp-json\/wp\/v2\/product_cat?post=1745"},{"taxonomy":"product_tag","embeddable":true,"href":"https:\/\/kraltechnologie.net\/index.php\/wp-json\/wp\/v2\/product_tag?post=1745"}],"curies":[{"name":"wp","href":"https:\/\/api.w.org\/{rel}","templated":true}]}}