{"id":1820,"date":"2025-04-22T13:18:15","date_gmt":"2025-04-22T13:18:15","guid":{"rendered":"https:\/\/kraltechnologie.net\/?post_type=product&#038;p=1820"},"modified":"2025-04-22T13:36:16","modified_gmt":"2025-04-22T13:36:16","slug":"ubiquiti-unifi-ac-mesh","status":"publish","type":"product","link":"https:\/\/kraltechnologie.net\/index.php\/product\/ubiquiti-unifi-ac-mesh\/","title":{"rendered":"Ubiquiti UNIFI ac Mesh"},"content":{"rendered":"<div class=\"description-block clearfix p-0\">\n<h1>POINT D&rsquo;ACC\u00c8S INT\u00c9RIEUR\/EXT\u00c9RIEUR UBIQUITI UNIFI MESH UAP-AC-M 802.11AC<\/h1>\n<p>Le point d&rsquo;acc\u00e8s int\u00e9rieur et\u00a0ext\u00e9rieur\u00a0UniFi UAP-AC-Mesh exploite la derni\u00e8re norme WiFi 802.11ac permettant d&rsquo;obtenir un d\u00e9bit maximum th\u00e9orique cumul\u00e9 de 1167 Mbps en 2&#215;2 MIMO. Cette version \u00ab\u00a0Mesh\u00a0\u00bb vous permettra de d\u00e9ployer un r\u00e9seau WiFi tr\u00e8s rapidement en tirant un minimum de c\u00e2bles. L&rsquo;outil id\u00e9al pour de l&rsquo;\u00e9venementiel (installations \u00e9ph\u00e9maires) n\u00e9cessitant un d\u00e9ploiement rapide et efficace.<br \/>\nLa technologie Mesh \u00e9tabli de multiples liaisons sans-fils entre les diff\u00e9rents point d&rsquo;acc\u00e8s et achemine les donn\u00e9es de fa\u00e7on optimale (choix automatique du chemin le plus court), de sorte que si un lien tombe, le trafic sera instantan\u00e9ment et de mani\u00e8re transparente aiguill\u00e9 vers une liaison op\u00e9rationnelle.<\/p>\n<p>UniFi est un syst\u00e8me r\u00e9volutionnaire qui combine performances WiFi, \u00e9volution illimit\u00e9e, co\u00fbt restreint et outil de gestion virtuel centralis\u00e9. UniFi vous permet d&rsquo;installer un nombre illimit\u00e9 de points d&rsquo;acc\u00e8s de mani\u00e8re simplifi\u00e9e : placez-les aux emplacements voulus, branchez-les \u00e0 votre r\u00e9seau filaire, ils apparaissent instantan\u00e9ment dans la liste du logiciel de gestion. Vous pouvez ainsi cr\u00e9er en toute simplicit\u00e9 un r\u00e9seau unifi\u00e9 qui permet une utilisation transparente, m\u00eame en mouvement (roaming).<\/p>\n<p>Chaque point d&rsquo;acc\u00e8s est fourni avec ses accessoires d&rsquo;alimentation PoE et de montage.<\/p>\n<\/div>\n","protected":false},"excerpt":{"rendered":"<ul>\n<li>\n<table>\n<tbody>\n<tr>\n<td>Normes<\/td>\n<td>802.11a\/b\/g\/n\/ac 2.4\/5 GHz<\/td>\n<\/tr>\n<tr>\n<td>Puissance de sortie PIRE<\/td>\n<td>20 dB en 2.4 GHz \/ 20 dB en 5 GHz<\/td>\n<\/tr>\n<tr>\n<td>Antennes<\/td>\n<td>2&#215;2 MIMO int\u00e9gr\u00e9es 3dBi en 2.4 GHz \/ 4 dBi en 5GHz<\/td>\n<\/tr>\n<tr>\n<td colspan=\"1\" valign=\"top\">Clients<\/td>\n<td colspan=\"1\" valign=\"top\">250+<\/td>\n<\/tr>\n<tr>\n<td>Ports<\/td>\n<td>1x Ethernet 10\/100\/1000<\/td>\n<\/tr>\n<tr>\n<td>Alimentation<\/td>\n<td>Passif 24V ou Actif 802.3af PoE (PoE passif 24V 0.5A fourni)<\/td>\n<\/tr>\n<tr>\n<td>Dimensions<\/td>\n<td>353 x 46 x 34.4 mm<\/td>\n<\/tr>\n<tr>\n<td>Poids<\/td>\n<td>152 g (avec antennes)<\/td>\n<\/tr>\n<tr>\n<td>Temp\u00e9ratures de fonctionnement<\/td>\n<td>-30 \u00e0 70\u00b0C<\/td>\n<\/tr>\n<tr>\n<td>Certifications<\/td>\n<td>CE, FCC, IC<\/td>\n<\/tr>\n<\/tbody>\n<\/table>\n<\/li>\n<\/ul>\n","protected":false},"featured_media":1822,"comment_status":"open","ping_status":"closed","template":"","meta":{"_joinchat":[]},"product_brand":[90],"product_cat":[85,35],"product_tag":[],"class_list":{"0":"post-1820","1":"product","2":"type-product","3":"status-publish","4":"has-post-thumbnail","6":"product_brand-ubiquiti","7":"product_cat-antenne","8":"product_cat-informatiques","10":"first","11":"instock","12":"shipping-taxable","13":"product-type-simple"},"_links":{"self":[{"href":"https:\/\/kraltechnologie.net\/index.php\/wp-json\/wp\/v2\/product\/1820","targetHints":{"allow":["GET"]}}],"collection":[{"href":"https:\/\/kraltechnologie.net\/index.php\/wp-json\/wp\/v2\/product"}],"about":[{"href":"https:\/\/kraltechnologie.net\/index.php\/wp-json\/wp\/v2\/types\/product"}],"replies":[{"embeddable":true,"href":"https:\/\/kraltechnologie.net\/index.php\/wp-json\/wp\/v2\/comments?post=1820"}],"version-history":[{"count":1,"href":"https:\/\/kraltechnologie.net\/index.php\/wp-json\/wp\/v2\/product\/1820\/revisions"}],"predecessor-version":[{"id":1823,"href":"https:\/\/kraltechnologie.net\/index.php\/wp-json\/wp\/v2\/product\/1820\/revisions\/1823"}],"wp:featuredmedia":[{"embeddable":true,"href":"https:\/\/kraltechnologie.net\/index.php\/wp-json\/wp\/v2\/media\/1822"}],"wp:attachment":[{"href":"https:\/\/kraltechnologie.net\/index.php\/wp-json\/wp\/v2\/media?parent=1820"}],"wp:term":[{"taxonomy":"product_brand","embeddable":true,"href":"https:\/\/kraltechnologie.net\/index.php\/wp-json\/wp\/v2\/product_brand?post=1820"},{"taxonomy":"product_cat","embeddable":true,"href":"https:\/\/kraltechnologie.net\/index.php\/wp-json\/wp\/v2\/product_cat?post=1820"},{"taxonomy":"product_tag","embeddable":true,"href":"https:\/\/kraltechnologie.net\/index.php\/wp-json\/wp\/v2\/product_tag?post=1820"}],"curies":[{"name":"wp","href":"https:\/\/api.w.org\/{rel}","templated":true}]}}