{"id":1824,"date":"2025-04-22T13:43:43","date_gmt":"2025-04-22T13:43:43","guid":{"rendered":"https:\/\/kraltechnologie.net\/?post_type=product&#038;p=1824"},"modified":"2025-04-22T13:43:43","modified_gmt":"2025-04-22T13:43:43","slug":"tp-link-eap215-bridge-kit","status":"publish","type":"product","link":"https:\/\/kraltechnologie.net\/index.php\/product\/tp-link-eap215-bridge-kit\/","title":{"rendered":"TP-Link EAP215-Bridge KIT"},"content":{"rendered":"<div class=\"box highlights\">\n<ul>\n<li>802.11ac jusqu&rsquo;\u00e0 867\u00a0Mbit\/s sur le d\u00e9bit de donn\u00e9es sans fil de 5\u00a0GHz.<sup>1<\/sup><\/li>\n<li>Id\u00e9al pour la transmission sans fil longue port\u00e9e jusqu&rsquo;\u00e0 5\u00a0km.<sup>2<\/sup><\/li>\n<li>Couplage automatique et LED agiles pour un d\u00e9ploiement efficace.<\/li>\n<li>3\u00d7 ports Gigabit Ethernet pour des connexions de cam\u00e9ra IP plus rapides.<\/li>\n<li>Prend en charge Omada SDN pour une gestion \u00e0 distance et centralis\u00e9e.<\/li>\n<li>Un bo\u00eetier r\u00e9sistant aux intemp\u00e9ries IP65 et une protection contre la foudre de 6\u00a0kV garantissent une compatibilit\u00e9 par tous les temps.<sup>3<\/sup><\/li>\n<li>Prend en charge\u00a0PoE passif pour un d\u00e9ploiement flexible (adaptateur inclus).<\/li>\n<\/ul>\n<\/div>\n","protected":false},"excerpt":{"rendered":"<div class=\"spec-item\">\n<table>\n<thead>\n<tr id=\"tr_603\">\n<th colspan=\"2\">CARACTERISTIQUES MATERIELLES<\/th>\n<\/tr>\n<\/thead>\n<tbody>\n<tr id=\"tr_694\">\n<th>Interface<\/th>\n<td>3x Gigabit Ethernet Ports<\/td>\n<\/tr>\n<tr id=\"tr_695\">\n<th>Bouton<\/th>\n<td>Reset<\/td>\n<\/tr>\n<tr id=\"tr_1111\">\n<th>Alimentation<\/th>\n<td>12V DC \/ 24V Passive PoE (Passive PoE adapter included.)<\/td>\n<\/tr>\n<tr id=\"tr_1083\">\n<th>Consommation<\/th>\n<td>11.5W<\/td>\n<\/tr>\n<tr id=\"tr_697\">\n<th>Dimensions (LxPxH)<\/th>\n<td>224 \u00d7 79 \u00d7 60 mm<sup>4<\/sup><\/td>\n<\/tr>\n<tr id=\"tr_696\">\n<th>Antennes<\/th>\n<td>Internal 2\u00d72 Dual-polarized directional MIMO antennas<br \/>\n5 GHz: 11.0 dBi<\/td>\n<\/tr>\n<tr id=\"tr_5754\">\n<th>Etanche<\/th>\n<td>IP65<\/td>\n<\/tr>\n<tr id=\"tr_4029\">\n<th>Montage<\/th>\n<td>Pole mounting (Accessories included)<\/td>\n<\/tr>\n<\/tbody>\n<\/table>\n<\/div>\n<div class=\"spec-item\">\n<table>\n<thead>\n<tr id=\"tr_604\">\n<th colspan=\"2\">Caract\u00e9ristiques WiFi<\/th>\n<\/tr>\n<\/thead>\n<tbody>\n<tr id=\"tr_6656\">\n<th>Coverage<\/th>\n<td>5000m(16400ft)<sup>5<\/sup><\/td>\n<\/tr>\n<tr id=\"tr_1058\">\n<th>Standards WiFi<\/th>\n<td>IEEE 802.11 a\/b\/g\/n\/ac\/ax\/be<\/td>\n<\/tr>\n<tr id=\"tr_698\">\n<th>Fr\u00e9quence WiFi<\/th>\n<td>5 GHz<\/td>\n<\/tr>\n<tr id=\"tr_699\">\n<th>D\u00e9bits Maximaux<\/th>\n<td>5 GHz: Up to 867 Mbps<\/td>\n<\/tr>\n<tr id=\"tr_703\">\n<th>Fonctions WiFi<\/th>\n<td>\u2022 Mesh<sup>5<\/sup><br \/>\n\u2022 MU-MIMO: 5G 2&#215;2 MU-MIMO DL<br \/>\n\u2022 Load Balance<br \/>\n\u2022 Beamforming<br \/>\n\u2022 Airtime Fairness<br \/>\n\u2022 Multiple SSIDs:8<br \/>\n\u2022 Wireless Statistics<br \/>\n\u2022 Wireless Schedule<br \/>\n\u2022 Reboot Schedule<br \/>\n\u2022 RADIUS Accounting<br \/>\n\u2022 MAC Authentication<br \/>\n\u2022 Static IP\/Dynamic IP<\/td>\n<\/tr>\n<tr id=\"tr_704\">\n<th>S\u00e9curit\u00e9 WiFi<\/th>\n<td>\u2022 VLAN<br \/>\n\u2022 Access Control<br \/>\n\u2022 Rogue AP Detection<br \/>\n\u2022 Captive Portal Authentication<sup>5<\/sup><br \/>\n\u2022 Maximum number of MAC Filter: 4,000<br \/>\n\u2022 Wireless Isolation between Clients<br \/>\n\u2022 WPA-Personal\/Enterprise, WPA2-Personal\/Enterprise, WPA3-Personal\/Enterprise, OWE<br \/>\n\u2022 802.1X Support<\/td>\n<\/tr>\n<tr id=\"tr_2853\">\n<th>Puissance de transmission<\/th>\n<td>\u2022 CE:<br \/>\n&lt;23dBm (5 GHz, band 1\/2, EIRP);<br \/>\n&lt;30dBm (5 GHz band3, EIRP);<\/p>\n<p>\u2022 FCC:<br \/>\n&lt;22dBm (5 GHz band1\/4)<\/td>\n<\/tr>\n<\/tbody>\n<\/table>\n<\/div>\n<div class=\"spec-item\">\n<table>\n<thead>\n<tr id=\"tr_1626\">\n<th colspan=\"2\">Administration<\/th>\n<\/tr>\n<\/thead>\n<tbody>\n<tr id=\"tr_5862\">\n<th>Omada App<\/th>\n<td>Yes<\/td>\n<\/tr>\n<tr id=\"tr_6218\">\n<th>Restore &amp; Backup<\/th>\n<td>Yes<\/td>\n<\/tr>\n<tr id=\"tr_6219\">\n<th>Firmware update via Web<\/th>\n<td>Yes<\/td>\n<\/tr>\n<tr id=\"tr_6220\">\n<th>NTP<\/th>\n<td>Yes<\/td>\n<\/tr>\n<tr id=\"tr_5842\">\n<th>Administration Centralis\u00e9e<\/th>\n<td>\u2022 Omada Hardware Controller (OC300)<br \/>\n\u2022 Omada Hardware Controller (OC200)<br \/>\n\u2022 Omada Software Controller<br \/>\n\u2022 Omada Cloud-Based Controller<\/td>\n<\/tr>\n<tr id=\"tr_5844\">\n<th>Acc\u00e8s Cloud<\/th>\n<td>Yes. Require the use of OC300, OC200, the Omada Software Controller, or Omada Cloud-Based Controller.<\/td>\n<\/tr>\n<tr id=\"tr_4032\">\n<th>DEL ON\/OFF<\/th>\n<td>Yes<\/td>\n<\/tr>\n<tr id=\"tr_4033\">\n<th>Administration de contr\u00f4le d&rsquo;acc\u00e8s des adresses MAC<\/th>\n<td>Yes<\/td>\n<\/tr>\n<tr id=\"tr_4037\">\n<th>SNMP<\/th>\n<td>v1, v2c, v3<\/td>\n<\/tr>\n<tr id=\"tr_5863\">\n<th>SSH<\/th>\n<td>Yes<\/td>\n<\/tr>\n<tr id=\"tr_4034\">\n<th>Administration par interface WEB<\/th>\n<td>Yes<\/td>\n<\/tr>\n<\/tbody>\n<\/table>\n<\/div>\n<div class=\"spec-item\">\n<table>\n<thead>\n<tr id=\"tr_606\">\n<th colspan=\"2\">Autres<\/th>\n<\/tr>\n<\/thead>\n<tbody>\n<tr id=\"tr_714\">\n<th>Certification<\/th>\n<td>CE, FCC, RoHS<\/td>\n<\/tr>\n<tr id=\"tr_715\">\n<th>Contenu de l&#8217;emballage<\/th>\n<td>\u2022 EAP215-Bridge KIT<br \/>\n\u2022 Passive PoE Adapter<br \/>\n\u2022 Power Cord<br \/>\n\u2022 Installation Guide<br \/>\n\u2022 Mounting Kit<\/td>\n<\/tr>\n<tr id=\"tr_717\">\n<th>Environnement<\/th>\n<td>\u2022 Operating Temperature: -40 \u00b0C\u201370 \u00b0C<br \/>\n\u2022 Storage Temperature: -40 \u00b0C\u201370 \u00b0C<br \/>\n\u2022 Operating Humidity: 10%\u201390% non-condensing;<br \/>\n\u2022 Storage Humidity: 5%\u201390% non-condensing<\/td>\n<\/tr>\n<\/tbody>\n<\/table>\n<\/div>\n","protected":false},"featured_media":1826,"comment_status":"open","ping_status":"closed","template":"","meta":{"_joinchat":[]},"product_brand":[89],"product_cat":[85,35],"product_tag":[],"class_list":{"0":"post-1824","1":"product","2":"type-product","3":"status-publish","4":"has-post-thumbnail","6":"product_brand-tp-link","7":"product_cat-antenne","8":"product_cat-informatiques","10":"first","11":"instock","12":"shipping-taxable","13":"product-type-simple"},"_links":{"self":[{"href":"https:\/\/kraltechnologie.net\/index.php\/wp-json\/wp\/v2\/product\/1824","targetHints":{"allow":["GET"]}}],"collection":[{"href":"https:\/\/kraltechnologie.net\/index.php\/wp-json\/wp\/v2\/product"}],"about":[{"href":"https:\/\/kraltechnologie.net\/index.php\/wp-json\/wp\/v2\/types\/product"}],"replies":[{"embeddable":true,"href":"https:\/\/kraltechnologie.net\/index.php\/wp-json\/wp\/v2\/comments?post=1824"}],"version-history":[{"count":1,"href":"https:\/\/kraltechnologie.net\/index.php\/wp-json\/wp\/v2\/product\/1824\/revisions"}],"predecessor-version":[{"id":1827,"href":"https:\/\/kraltechnologie.net\/index.php\/wp-json\/wp\/v2\/product\/1824\/revisions\/1827"}],"wp:featuredmedia":[{"embeddable":true,"href":"https:\/\/kraltechnologie.net\/index.php\/wp-json\/wp\/v2\/media\/1826"}],"wp:attachment":[{"href":"https:\/\/kraltechnologie.net\/index.php\/wp-json\/wp\/v2\/media?parent=1824"}],"wp:term":[{"taxonomy":"product_brand","embeddable":true,"href":"https:\/\/kraltechnologie.net\/index.php\/wp-json\/wp\/v2\/product_brand?post=1824"},{"taxonomy":"product_cat","embeddable":true,"href":"https:\/\/kraltechnologie.net\/index.php\/wp-json\/wp\/v2\/product_cat?post=1824"},{"taxonomy":"product_tag","embeddable":true,"href":"https:\/\/kraltechnologie.net\/index.php\/wp-json\/wp\/v2\/product_tag?post=1824"}],"curies":[{"name":"wp","href":"https:\/\/api.w.org\/{rel}","templated":true}]}}