{"id":1846,"date":"2025-04-23T11:32:58","date_gmt":"2025-04-23T11:32:58","guid":{"rendered":"https:\/\/kraltechnologie.net\/?post_type=product&#038;p=1846"},"modified":"2025-04-23T12:12:22","modified_gmt":"2025-04-23T12:12:22","slug":"tp-link-tl-wa850re","status":"publish","type":"product","link":"https:\/\/kraltechnologie.net\/index.php\/product\/tp-link-tl-wa850re\/","title":{"rendered":"TP-Link TL-WA850RE"},"content":{"rendered":"<h1>R\u00e9p\u00e9teur WiFi \/ Point d&rsquo;acc\u00e8s WiFi 4 (N 300 Mbps) &#8211; Port Ethernet<\/h1>\n<ul>\n<li>Le mode r\u00e9p\u00e9teur\u00a0am\u00e9liore\u00a0le signal sans fil jusqu&rsquo;alors\u00a0des zones inatteignables\u00a0ou difficiles \u00e0 c\u00e2bler<\/li>\n<li>De taille r\u00e9duite, il est con\u00e7u pour une utilisation sur\u00a0prise murale = facile \u00e0 d\u00e9ployer et \u00e0 d\u00e9placer<\/li>\n<li>Etend ais\u00e9ment la couverture r\u00e9seau d&rsquo;un simple appui sur le bouton RE du r\u00e9p\u00e9teur<\/li>\n<li>Le port Ethernet permet de relier filairement le r\u00e9p\u00e9teur \u00e0\u00a0une console de jeux ou TV Connect\u00e9e<\/li>\n<li>Compatible avec toutes les\u00a0box du march\u00e9, et routeurs\/points d&rsquo;acc\u00e8s WiFi<\/li>\n<li>Tether App permet un acc\u00e8s facile \u00e0 la gestion r\u00e9seau via n&rsquo;importe quel appareil mobile<\/li>\n<li>La fonction de commande DEL comprend un mode nuit pour un sommeil paisible<\/li>\n<\/ul>\n<p>&nbsp;<\/p>\n","protected":false},"excerpt":{"rendered":"<table>\n<thead>\n<tr id=\"tr_1525\">\n<th colspan=\"2\"><a>WIFI<\/a><\/th>\n<\/tr>\n<\/thead>\n<tbody>\n<tr id=\"tr_5962\">\n<th width=\"35%\">Modes de Fonctionnement<\/th>\n<td width=\"65%\">Range Extender\/Access Point<\/td>\n<\/tr>\n<\/tbody>\n<\/table>\n<table>\n<thead>\n<tr id=\"tr_603\">\n<th colspan=\"2\"><a>CARACTERISTIQUES MATERIELLES<\/a><\/th>\n<\/tr>\n<\/thead>\n<tbody>\n<tr id=\"tr_1080\">\n<th width=\"35%\">Type de prise<\/th>\n<td width=\"65%\">FR<\/td>\n<\/tr>\n<tr id=\"tr_694\">\n<th width=\"35%\">Interface<\/th>\n<td width=\"65%\">1 x 10\/100Mbps Ethernet Port (RJ45)<\/td>\n<\/tr>\n<tr id=\"tr_695\">\n<th width=\"35%\">Bouton<\/th>\n<td width=\"65%\">Bouton RE (Range Extender) et bouton RESET<\/td>\n<\/tr>\n<tr id=\"tr_6106\">\n<th width=\"35%\">Puissance d&rsquo;entr\u00e9e<\/th>\n<td width=\"65%\">100-240V~50\/60Hz<\/td>\n<\/tr>\n<tr id=\"tr_1083\">\n<th width=\"35%\">Consommation<\/th>\n<td width=\"65%\">Environ 3W<\/td>\n<\/tr>\n<tr id=\"tr_693\">\n<th width=\"35%\">Standards WiFi<\/th>\n<td width=\"65%\">IEEE 802.11n, IEEE 802.11g, IEEE 802.11b<\/td>\n<\/tr>\n<tr id=\"tr_697\">\n<th width=\"35%\">Dimensions (LxPxH)<\/th>\n<td width=\"65%\">110.0 x 65.8 x 75.2mm<\/td>\n<\/tr>\n<tr id=\"tr_696\">\n<th width=\"35%\">Antennes<\/th>\n<td width=\"65%\">2 internes<\/td>\n<\/tr>\n<\/tbody>\n<\/table>\n<table>\n<thead>\n<tr id=\"tr_604\">\n<th colspan=\"2\"><a>Caract\u00e9ristiques WiFi<\/a><\/th>\n<\/tr>\n<\/thead>\n<tbody>\n<tr id=\"tr_1058\">\n<th width=\"35%\">Standards WiFi<\/th>\n<td width=\"65%\">IEEE 802.11n, IEEE 802.11g, IEEE 802.11b<\/td>\n<\/tr>\n<tr id=\"tr_698\">\n<th width=\"35%\">Fr\u00e9quence WiFi<\/th>\n<td width=\"65%\">2.4~2.4835GHz<\/td>\n<\/tr>\n<tr id=\"tr_699\">\n<th width=\"35%\">D\u00e9bits Maximaux<\/th>\n<td width=\"65%\">11n: Jusqu&rsquo;\u00e0 300Mbps (dynamique)<br \/>\n11g: Jusqu&rsquo;\u00e0 54Mbps (dynamique)<br \/>\n11b: Jusqu&rsquo;\u00e0 11Mbps (dynamique)<\/td>\n<\/tr>\n<tr id=\"tr_6252\">\n<th width=\"35%\">Working Modes<\/th>\n<td width=\"65%\">Range Extender\/Access Point<\/td>\n<\/tr>\n<tr id=\"tr_701\">\n<th width=\"35%\">Sensibilit\u00e9 de r\u00e9ception<\/th>\n<td width=\"65%\">270M: -68dBm@10% PER<br \/>\n130M: -68dBm@10% PER<br \/>\n108M: -68dBm@10% PER<br \/>\n54M: -68dBm@10% PER<br \/>\n11M: -85dBm@8% PER<br \/>\n6M: -88dBm@10% PER<br \/>\n1M: -90dBm@8% PER<\/td>\n<\/tr>\n<tr id=\"tr_702\">\n<th width=\"35%\">Modes WiFi<\/th>\n<td width=\"65%\">R\u00e9p\u00e9teur WiFi \/ Point d&rsquo;acc\u00e8s<\/td>\n<\/tr>\n<tr id=\"tr_703\">\n<th width=\"35%\">Fonctions WiFi<\/th>\n<td width=\"65%\">WMM (Wi-Fi Multimedia)<br \/>\nFiltrage d&rsquo;adresse MAC sans fil<br \/>\nStatistiques sans fil<br \/>\nConfiguration par adresse d\u00e9di\u00e9e (http:\/\/tplinkextender.net)<\/td>\n<\/tr>\n<tr id=\"tr_704\">\n<th width=\"35%\">S\u00e9curit\u00e9 WiFi<\/th>\n<td width=\"65%\">WEP 64\/128\/152-bit<br \/>\nWPA-PSK \/ WPA2-PSK<\/td>\n<\/tr>\n<tr id=\"tr_2853\">\n<th width=\"35%\">Puissance de transmission<\/th>\n<td width=\"65%\">&lt; 20 dBm (EIRP)<\/td>\n<\/tr>\n<\/tbody>\n<\/table>\n<table>\n<thead>\n<tr id=\"tr_606\">\n<th colspan=\"2\"><a>Autres<\/a><\/th>\n<\/tr>\n<\/thead>\n<tbody>\n<tr id=\"tr_714\">\n<th width=\"35%\">Certification<\/th>\n<td width=\"65%\">CE, RoHS<\/td>\n<\/tr>\n<tr id=\"tr_715\">\n<th width=\"35%\">Contenu de l&#8217;emballage<\/th>\n<td width=\"65%\">R\u00e9p\u00e9teur WiFi universel N 300 Mbps TL-WA850RE<br \/>\nGuide d&rsquo;Installation Rapide<\/td>\n<\/tr>\n<tr id=\"tr_716\">\n<th width=\"35%\">Syst\u00e8me requis<\/th>\n<td width=\"65%\">Microsoft\u00ae Windows\u00ae 98SE, NT, 2000, XP, Vista or Windows 7, 8, Mac\u00ae OS, NetWare\u00ae, UNIX\u00ae ou Linux.<\/td>\n<\/tr>\n<tr id=\"tr_717\">\n<th width=\"35%\">Environnement<\/th>\n<td width=\"65%\">Temp\u00e9rature de fonctionnement : 0\u00b0C \u00e0 40\u00b0C<br \/>\nTemp\u00e9rature de stockage : -40\u00b0C \u00e0 70\u00b0C<br \/>\nHumidit\u00e9 relative de fonctionnement: 10% \u00e0 90% sans condensation<br \/>\nHumidit\u00e9 relative de stockage: 5% \u00e0 90% sans condensation<\/td>\n<\/tr>\n<\/tbody>\n<\/table>\n","protected":false},"featured_media":1847,"comment_status":"open","ping_status":"closed","template":"","meta":{"_joinchat":[]},"product_brand":[89],"product_cat":[35,86],"product_tag":[],"class_list":{"0":"post-1846","1":"product","2":"type-product","3":"status-publish","4":"has-post-thumbnail","6":"product_brand-tp-link","7":"product_cat-informatiques","8":"product_cat-repeteur","10":"first","11":"instock","12":"shipping-taxable","13":"product-type-simple"},"_links":{"self":[{"href":"https:\/\/kraltechnologie.net\/index.php\/wp-json\/wp\/v2\/product\/1846","targetHints":{"allow":["GET"]}}],"collection":[{"href":"https:\/\/kraltechnologie.net\/index.php\/wp-json\/wp\/v2\/product"}],"about":[{"href":"https:\/\/kraltechnologie.net\/index.php\/wp-json\/wp\/v2\/types\/product"}],"replies":[{"embeddable":true,"href":"https:\/\/kraltechnologie.net\/index.php\/wp-json\/wp\/v2\/comments?post=1846"}],"version-history":[{"count":1,"href":"https:\/\/kraltechnologie.net\/index.php\/wp-json\/wp\/v2\/product\/1846\/revisions"}],"predecessor-version":[{"id":1849,"href":"https:\/\/kraltechnologie.net\/index.php\/wp-json\/wp\/v2\/product\/1846\/revisions\/1849"}],"wp:featuredmedia":[{"embeddable":true,"href":"https:\/\/kraltechnologie.net\/index.php\/wp-json\/wp\/v2\/media\/1847"}],"wp:attachment":[{"href":"https:\/\/kraltechnologie.net\/index.php\/wp-json\/wp\/v2\/media?parent=1846"}],"wp:term":[{"taxonomy":"product_brand","embeddable":true,"href":"https:\/\/kraltechnologie.net\/index.php\/wp-json\/wp\/v2\/product_brand?post=1846"},{"taxonomy":"product_cat","embeddable":true,"href":"https:\/\/kraltechnologie.net\/index.php\/wp-json\/wp\/v2\/product_cat?post=1846"},{"taxonomy":"product_tag","embeddable":true,"href":"https:\/\/kraltechnologie.net\/index.php\/wp-json\/wp\/v2\/product_tag?post=1846"}],"curies":[{"name":"wp","href":"https:\/\/api.w.org\/{rel}","templated":true}]}}