{"id":1870,"date":"2025-04-23T12:30:26","date_gmt":"2025-04-23T12:30:26","guid":{"rendered":"https:\/\/kraltechnologie.net\/?post_type=product&#038;p=1870"},"modified":"2025-05-28T11:57:31","modified_gmt":"2025-05-28T11:57:31","slug":"grandstream-gwn7670-copy","status":"publish","type":"product","link":"https:\/\/kraltechnologie.net\/index.php\/product\/grandstream-gwn7670-copy\/","title":{"rendered":"Grandstream GRP2613"},"content":{"rendered":"<p><span style=\"vertical-align: inherit;\"><span style=\"vertical-align: inherit;\">Le GRP2613(W) est dot\u00e9 de 24 touches virtuelles multifonctions (VPK), du Wi-Fi 6 int\u00e9gr\u00e9 (GRP2613W), de deux ports Gigabit, d&rsquo;un \u00e9cran LCD couleur avec fa\u00e7ades interchangeables pour une personnalisation ais\u00e9e du logo, et bien plus encore. Il est compatible avec le syst\u00e8me de gestion des p\u00e9riph\u00e9riques Grandstream (GDMS).<\/span><\/span><\/p>\n<ul>\n<li><span style=\"vertical-align: inherit;\"><span style=\"vertical-align: inherit;\">Prend en charge 4 (GRP2613) ou 6 (GRP2613W) comptes SIP et 6 touches de ligne polyvalentes<\/span><\/span><\/li>\n<li><span style=\"vertical-align: inherit;\"><span style=\"vertical-align: inherit;\">Plaques frontales interchangeables pour permettre une personnalisation facile du logo<\/span><\/span><\/li>\n<li><span style=\"vertical-align: inherit;\"><span style=\"vertical-align: inherit;\">Ports Ethernet Gigabit 10\/100\/1000 Mbps \u00e0 d\u00e9tection automatique et commutation double avec PoE int\u00e9gr\u00e9<\/span><\/span><\/li>\n<li><span style=\"vertical-align: inherit;\"><span style=\"vertical-align: inherit;\">\u00c9quip\u00e9 de la technologie Noise Shield pour minimiser le bruit de fond<\/span><\/span><\/li>\n<li><span style=\"vertical-align: inherit;\"><span style=\"vertical-align: inherit;\">Audio HD avec prise en charge de tous les principaux codecs, y compris les codecs grande bande G.722 et Opus<\/span><\/span><\/li>\n<li><span style=\"vertical-align: inherit;\"><span style=\"vertical-align: inherit;\">Jusqu&rsquo;\u00e0 24 cl\u00e9s BLF num\u00e9riques<\/span><\/span><\/li>\n<li><span style=\"vertical-align: inherit;\"><span style=\"vertical-align: inherit;\">Wi-Fi 6 (802.11a\/b\/g\/n\/ac\/ax) et Bluetooth\u00ae (GRP2613W uniquement) int\u00e9gr\u00e9s \u00e0 double bande (2,4 GHz et 5 GHz)<\/span><\/span><\/li>\n<li><span style=\"vertical-align: inherit;\"><span style=\"vertical-align: inherit;\">Protection de niveau entreprise incluant un d\u00e9marrage s\u00e9curis\u00e9, des images de micrologiciel double et un stockage de donn\u00e9es crypt\u00e9<\/span><\/span><\/li>\n<\/ul>\n","protected":false},"excerpt":{"rendered":"<p><strong>&#8211; 4 Comptes SIP<\/strong><br \/>\n<strong>&#8211; Ecran LCD Couleur R\u00e9tro\u00e9clair\u00e9 2,8&Prime; (320 X 240)<\/strong><br \/>\n<strong>&#8211; 4 touches XML<\/strong><br \/>\n<strong>&#8211; Coques interchangeables<\/strong><br \/>\n<strong>&#8211; Codec Opus<\/strong><br \/>\n<strong>&#8211; Compatible EHS (Plantronics)<\/strong><br \/>\n<strong>&#8211; 2 ports 10\/100\/1000 Mbps<\/strong><br \/>\n<strong>&#8211; PoE (et vendu avec bloc secteur)<\/strong><\/p>\n","protected":false},"featured_media":1872,"comment_status":"open","ping_status":"closed","template":"","meta":{"_joinchat":[]},"product_brand":[68],"product_cat":[35,43,41],"product_tag":[],"class_list":{"0":"post-1870","1":"product","2":"type-product","3":"status-publish","4":"has-post-thumbnail","6":"product_brand-grandstream","7":"product_cat-informatiques","8":"product_cat-telephone-ip","9":"product_cat-voip","11":"first","12":"instock","13":"shipping-taxable","14":"product-type-simple"},"_links":{"self":[{"href":"https:\/\/kraltechnologie.net\/index.php\/wp-json\/wp\/v2\/product\/1870","targetHints":{"allow":["GET"]}}],"collection":[{"href":"https:\/\/kraltechnologie.net\/index.php\/wp-json\/wp\/v2\/product"}],"about":[{"href":"https:\/\/kraltechnologie.net\/index.php\/wp-json\/wp\/v2\/types\/product"}],"replies":[{"embeddable":true,"href":"https:\/\/kraltechnologie.net\/index.php\/wp-json\/wp\/v2\/comments?post=1870"}],"version-history":[{"count":4,"href":"https:\/\/kraltechnologie.net\/index.php\/wp-json\/wp\/v2\/product\/1870\/revisions"}],"predecessor-version":[{"id":1882,"href":"https:\/\/kraltechnologie.net\/index.php\/wp-json\/wp\/v2\/product\/1870\/revisions\/1882"}],"wp:featuredmedia":[{"embeddable":true,"href":"https:\/\/kraltechnologie.net\/index.php\/wp-json\/wp\/v2\/media\/1872"}],"wp:attachment":[{"href":"https:\/\/kraltechnologie.net\/index.php\/wp-json\/wp\/v2\/media?parent=1870"}],"wp:term":[{"taxonomy":"product_brand","embeddable":true,"href":"https:\/\/kraltechnologie.net\/index.php\/wp-json\/wp\/v2\/product_brand?post=1870"},{"taxonomy":"product_cat","embeddable":true,"href":"https:\/\/kraltechnologie.net\/index.php\/wp-json\/wp\/v2\/product_cat?post=1870"},{"taxonomy":"product_tag","embeddable":true,"href":"https:\/\/kraltechnologie.net\/index.php\/wp-json\/wp\/v2\/product_tag?post=1870"}],"curies":[{"name":"wp","href":"https:\/\/api.w.org\/{rel}","templated":true}]}}