{"id":1889,"date":"2025-04-23T12:44:42","date_gmt":"2025-04-23T12:44:42","guid":{"rendered":"https:\/\/kraltechnologie.net\/?post_type=product&#038;p=1889"},"modified":"2025-12-10T09:10:25","modified_gmt":"2025-12-10T09:10:25","slug":"grandstream-gwn7660elr","status":"publish","type":"product","link":"https:\/\/kraltechnologie.net\/index.php\/product\/grandstream-gwn7660elr\/","title":{"rendered":"Grandstream GWN7660ELR"},"content":{"rendered":"<p>Le GWN7660ELR est un point d\u2019acc\u00e8s Wi-Fi 6 longue port\u00e9e de niveau entreprise qui permet aux entreprises de cr\u00e9er des r\u00e9seaux Wi-Fi de nouvelle g\u00e9n\u00e9ration pour les environnements \u00e0 forte densit\u00e9. Il est dot\u00e9 d\u2019un bo\u00eetier \u00e0 l\u2019\u00e9preuve des intemp\u00e9ries et d\u2019une technologie r\u00e9sistante \u00e0 la chaleur, d\u2019un syst\u00e8me MU-MIMO 2\u00d72:2 bi-bande associ\u00e9 \u00e0 la technologie XTRA Range et d\u2019un mod\u00e8le d\u2019antenne sophistiqu\u00e9 pour un d\u00e9bit r\u00e9seau maximal pouvant prendre en charge plus de 256 clients et assurant une port\u00e9e \u00e9tendue de 300 m\u00e8tres. Il offre \u00e9galement une capacit\u00e9 de r\u00e9sistance aux intemp\u00e9ries et \u00e0 la poussi\u00e8re IP67, ainsi qu\u2019une temp\u00e9rature de fonctionnement de -30 \u00b0C \u00e0 60 \u00b0C, ce qui garantit que le point d\u2019acc\u00e8s Wi-Fi 6 peut fonctionner correctement dans des conditions m\u00e9t\u00e9orologiques difficiles. Pour assurer une installation et une gestion faciles, le GWN7660ELR comprend un contr\u00f4leur int\u00e9gr\u00e9 incorpor\u00e9 dans l\u2019interface utilisateur web du produit. Il est \u00e9galement pris en charge par GWN.Cloud et GWN Manager, la plateforme de gestion Wi-Fi gratuite de Grandstream, sur site ou dans le nuage. Le GWN7660ELR est le point d\u2019acc\u00e8s Wi-Fi id\u00e9al pour les d\u00e9ploiements voix sur Wi-Fi gr\u00e2ce \u00e0 sa connexion infaillible pour les t\u00e9l\u00e9phones et visiophones IP dot\u00e9s de Wi-Fi de Grandstream. Il prend en charge la QoS avanc\u00e9e, les applications en temps r\u00e9el \u00e0 faible latence, les r\u00e9seaux maill\u00e9s, les portails captifs, Bluetooth\u00ae Low Energy (BLE) 5.2, un port gigabit Ethernet avec PoE\/PoE+ et un port SFP 2,5 gigabits avec PoE\/PoE+. Le GWN7660ELR est un point d\u2019acc\u00e8s Wi-Fi ext\u00e9rieur id\u00e9al pour les entreprises, les bureaux \u00e0 plusieurs \u00e9tages, les entrep\u00f4ts, les h\u00f4pitaux, les \u00e9coles, etc.<\/p>\n","protected":false},"excerpt":{"rendered":"<p><b>&#8211; Point d\u2019acc\u00e8s Wi-Fi 6 AX3000 ext\u00e9rieur \u00e0 longue port\u00e9e haute performance<br \/>\n&#8211; 802.11ax Wi-Fi 6<br \/>\n&#8211; D\u00e9bit global sans fil de 3 Gbit\/s<br \/>\n&#8211; D\u00e9bit global filaire de 3.5 Gbit\/s<br \/>\n&#8211; 5 antennes internes<br \/>\n&#8211; 1 port Gigabit filaire + 1 port SFP 2.5G<br \/>\n&#8211; Bi-bande 2.4G 2\u00d72:2 et 5G 2\u00d72:2 MU-MIMO avec technologie XTRA Range<br \/>\n&#8211; Bluetooth BLE 5.2<br \/>\n&#8211; PoE 802.3af\/802.3at<br \/>\n&#8211; Plus de 256 p\u00e9riph\u00e9riques WiFi simultan\u00e9s<br \/>\n&#8211; QoS avanc\u00e9e<br \/>\n&#8211; 300 m\u00e8tres de couverture<br \/>\n&#8211; Contr\u00f4leur incorpor\u00e9 gerant jusqu\u2019\u00e0 50 points d\u2019acc\u00e8s GWN<\/b><\/p>\n","protected":false},"featured_media":1891,"comment_status":"open","ping_status":"closed","template":"","meta":{"_joinchat":[]},"product_brand":[68],"product_cat":[85,35],"product_tag":[],"class_list":{"0":"post-1889","1":"product","2":"type-product","3":"status-publish","4":"has-post-thumbnail","6":"product_brand-grandstream","7":"product_cat-antenne","8":"product_cat-informatiques","10":"first","11":"instock","12":"shipping-taxable","13":"product-type-simple"},"_links":{"self":[{"href":"https:\/\/kraltechnologie.net\/index.php\/wp-json\/wp\/v2\/product\/1889","targetHints":{"allow":["GET"]}}],"collection":[{"href":"https:\/\/kraltechnologie.net\/index.php\/wp-json\/wp\/v2\/product"}],"about":[{"href":"https:\/\/kraltechnologie.net\/index.php\/wp-json\/wp\/v2\/types\/product"}],"replies":[{"embeddable":true,"href":"https:\/\/kraltechnologie.net\/index.php\/wp-json\/wp\/v2\/comments?post=1889"}],"version-history":[{"count":1,"href":"https:\/\/kraltechnologie.net\/index.php\/wp-json\/wp\/v2\/product\/1889\/revisions"}],"predecessor-version":[{"id":1892,"href":"https:\/\/kraltechnologie.net\/index.php\/wp-json\/wp\/v2\/product\/1889\/revisions\/1892"}],"wp:featuredmedia":[{"embeddable":true,"href":"https:\/\/kraltechnologie.net\/index.php\/wp-json\/wp\/v2\/media\/1891"}],"wp:attachment":[{"href":"https:\/\/kraltechnologie.net\/index.php\/wp-json\/wp\/v2\/media?parent=1889"}],"wp:term":[{"taxonomy":"product_brand","embeddable":true,"href":"https:\/\/kraltechnologie.net\/index.php\/wp-json\/wp\/v2\/product_brand?post=1889"},{"taxonomy":"product_cat","embeddable":true,"href":"https:\/\/kraltechnologie.net\/index.php\/wp-json\/wp\/v2\/product_cat?post=1889"},{"taxonomy":"product_tag","embeddable":true,"href":"https:\/\/kraltechnologie.net\/index.php\/wp-json\/wp\/v2\/product_tag?post=1889"}],"curies":[{"name":"wp","href":"https:\/\/api.w.org\/{rel}","templated":true}]}}