{"id":1898,"date":"2025-04-23T12:56:32","date_gmt":"2025-04-23T12:56:32","guid":{"rendered":"https:\/\/kraltechnologie.net\/?post_type=product&#038;p=1898"},"modified":"2025-12-10T09:10:25","modified_gmt":"2025-12-10T09:10:25","slug":"comfast-cf-e314n-v2","status":"publish","type":"product","link":"https:\/\/kraltechnologie.net\/index.php\/product\/comfast-cf-e314n-v2\/","title":{"rendered":"Comfast CF-E314N V2"},"content":{"rendered":"<p>Ce CPE de 2.4ghz permet de relier des sites qui sont \u00e0 des distances tr\u00e8s \u00e9loign\u00e9es. la distance moyenne de couverture est de 5km en point to point avec un angle de 60\u00b0 .<\/p>\n<p>Ce bridge dispose de deux antennes int\u00e9gr\u00e9s de 14dbi ce qui lui donne une tr\u00e8s grande puissance d\u2019emession et de reception.<\/p>\n<p>Vous avez aussi la capacit\u00e9 de l\u2019utiliser en mode : point d\u2019acc\u00e9s, r\u00e9p\u00e9titeur , routeur et bridge .<\/p>\n","protected":false},"excerpt":{"rendered":"<ul>\n<li>CPU: Qualcomm QCA9531 650Mhz, processeur CPU Indusdriel<\/li>\n<li>Puce amplificateur de puissance: SE2576L \/ 64M DDR 16M FLASH<\/li>\n<li>Antenne: construite en antenne 2 * 14dBi<\/li>\n<li>Norme sans fil: IEEE802.11b \/ g \/ n<\/li>\n<li>Puissance de sortie: 500mW (27dBm)<\/li>\n<li>Sensibilit\u00e9 de r\u00e9ception: -96dBm<\/li>\n<li>Fr\u00e9quence: 802.11b \/ g \/ n, 2.4Ghz ~ 2.4835Ghz<\/li>\n<li>Taux de transmission: 300 mbps<\/li>\n<li>Ports:Port Ethernet 1 * 10\/100 Mbps WAN RJ45<\/li>\n<li>Port Ethernet RJ45 1 * 10 \/ 100Mbps<\/li>\n<li>Interrupteur \u00e0 glissi\u00e8re de sortie 1 * POE<\/li>\n<li>1 * bouton de r\u00e9initialisation<\/li>\n<li>Indicateur: 8 * indicateurs: Power \/ WAN \/ LAN \/ WiFi \/ Signal Strengh<\/li>\n<li>Power Suply: Support d\u2019alimentation POE 24V \/ 48V<\/li>\n<li>Power Over Ethernet (POE): IEEE802.3af<\/li>\n<li>Adaptateur secteur: adaptateur secteur POV 48V<\/li>\n<li>Consomption de puissance: &lt;8W<\/li>\n<li>Bande passante du canal: 20 \/ 40MHz<br \/>\n<b>Installation: montage sur poteau \/ montage mural \/ mont\u00e9 sur rack<\/b><br \/>\nCertification: Certifi\u00e9 par CE \/ FCC (Anti-oxyg\u00e8ne \/ Anti-extrusion \/<br \/>\nAnti-tonnerre \/ anti cong\u00e9lation \/ anti-rayonnement \/ anti-statique \/ imperm\u00e9able \u00e0 l\u2019eau)<br \/>\nApplication \u00e0 quatre modes: mode passerelle sans fil \/ mode routeur sans fil \/<br \/>\nMode AP sans fil \/ mode r\u00e9p\u00e9teur sans fil<br \/>\nApplications: transmission Wifi \/ partenaire de projet Monitor \/ couverture Wifi ext\u00e9rieure \/ extension Wifi<\/li>\n<\/ul>\n","protected":false},"featured_media":1900,"comment_status":"open","ping_status":"closed","template":"","meta":{"_joinchat":[]},"product_brand":[92],"product_cat":[85,35],"product_tag":[],"class_list":{"0":"post-1898","1":"product","2":"type-product","3":"status-publish","4":"has-post-thumbnail","6":"product_brand-comfast","7":"product_cat-antenne","8":"product_cat-informatiques","10":"first","11":"instock","12":"shipping-taxable","13":"product-type-simple"},"_links":{"self":[{"href":"https:\/\/kraltechnologie.net\/index.php\/wp-json\/wp\/v2\/product\/1898","targetHints":{"allow":["GET"]}}],"collection":[{"href":"https:\/\/kraltechnologie.net\/index.php\/wp-json\/wp\/v2\/product"}],"about":[{"href":"https:\/\/kraltechnologie.net\/index.php\/wp-json\/wp\/v2\/types\/product"}],"replies":[{"embeddable":true,"href":"https:\/\/kraltechnologie.net\/index.php\/wp-json\/wp\/v2\/comments?post=1898"}],"version-history":[{"count":1,"href":"https:\/\/kraltechnologie.net\/index.php\/wp-json\/wp\/v2\/product\/1898\/revisions"}],"predecessor-version":[{"id":1901,"href":"https:\/\/kraltechnologie.net\/index.php\/wp-json\/wp\/v2\/product\/1898\/revisions\/1901"}],"wp:featuredmedia":[{"embeddable":true,"href":"https:\/\/kraltechnologie.net\/index.php\/wp-json\/wp\/v2\/media\/1900"}],"wp:attachment":[{"href":"https:\/\/kraltechnologie.net\/index.php\/wp-json\/wp\/v2\/media?parent=1898"}],"wp:term":[{"taxonomy":"product_brand","embeddable":true,"href":"https:\/\/kraltechnologie.net\/index.php\/wp-json\/wp\/v2\/product_brand?post=1898"},{"taxonomy":"product_cat","embeddable":true,"href":"https:\/\/kraltechnologie.net\/index.php\/wp-json\/wp\/v2\/product_cat?post=1898"},{"taxonomy":"product_tag","embeddable":true,"href":"https:\/\/kraltechnologie.net\/index.php\/wp-json\/wp\/v2\/product_tag?post=1898"}],"curies":[{"name":"wp","href":"https:\/\/api.w.org\/{rel}","templated":true}]}}