{"id":1903,"date":"2025-04-23T13:02:19","date_gmt":"2025-04-23T13:02:19","guid":{"rendered":"https:\/\/kraltechnologie.net\/?post_type=product&#038;p=1903"},"modified":"2025-12-10T09:10:26","modified_gmt":"2025-12-10T09:10:26","slug":"comfast-wr613n-v1","status":"publish","type":"product","link":"https:\/\/kraltechnologie.net\/index.php\/product\/comfast-wr613n-v1\/","title":{"rendered":"Comfast WR613N V1"},"content":{"rendered":"<p><span style=\"vertical-align: inherit;\">Max. D\u00e9bit de donn\u00e9es LAN : 300 Mbps <\/span><br \/>\n<span style=\"vertical-align: inherit;\">Avec fonction modem : Non <\/span><br \/>\n<span style=\"vertical-align: inherit;\">Normes et protocoles : Wi-Fi 802.11b, Wi-Fi 802.11g, Wi-Fi 802.11n <\/span><br \/>\n<span style=\"vertical-align: inherit;\">Fr\u00e9quence prise en charge par le Wi-Fi : 2.4G <\/span><br \/>\n<span style=\"vertical-align: inherit;\">Prend en charge WDS : Oui <\/span><br \/>\n<span style=\"vertical-align: inherit;\">Prend en charge WPS : Oui <\/span><br \/>\n<span style=\"vertical-align: inherit;\">Norme de transmission Wi-Fi : 802.11n <\/span><br \/>\n<span style=\"vertical-align: inherit;\">Taux de transfert filaire : 100 Mbps <\/span><br \/>\n<span style=\"vertical-align: inherit;\">Taux de transmission Wi-Fi 2.4G : 300 Mbps <\/span><br \/>\n<span style=\"vertical-align: inherit;\">Type de cryptage : WPA2-PSK <\/span><br \/>\n<span style=\"vertical-align: inherit;\">Type : Sans fil <\/span><br \/>\n<span style=\"vertical-align: inherit;\">Usage : Maison, Entreprise, Soho <\/span><br \/>\n<span style=\"vertical-align: inherit;\">Fonction : Pare-feu, QoS <\/span><br \/>\n<span style=\"vertical-align: inherit;\">Ports LAN : 3 <\/span><br \/>\n<span style=\"vertical-align: inherit;\">Ports WAN : 1 <\/span><br \/>\n<span style=\"vertical-align: inherit;\">Nom de la marque : CONFORT <\/span><br \/>\n<span style=\"vertical-align: inherit;\">Taux de transmission Wi-Fi 5G : Rien <\/span><br \/>\n<span style=\"vertical-align: inherit;\">Jeu de puces : MT7628KN <\/span><br \/>\n<span style=\"vertical-align: inherit;\">Flash\/RAM : 2 Mo\/8 Mo <\/span><br \/>\n<span style=\"vertical-align: inherit;\">Antenne : Antenne externe 3*3dBi <\/span><br \/>\n<span style=\"vertical-align: inherit;\">Syst\u00e8me : \u00c9cos <\/span><br \/>\n<span style=\"vertical-align: inherit;\">Interface d&rsquo;alimentation : <\/span><br \/>\n<span style=\"vertical-align: inherit;\">Micro USB Puissance : CC 5V 1A : <\/span><br \/>\n<span style=\"vertical-align: inherit;\">Consommation \u00e9lectrique : &lt;4W <\/span><br \/>\n<span style=\"vertical-align: inherit;\">Etanche : IP31 <\/span><br \/>\n<span style=\"vertical-align: inherit;\">Cas : ABS import\u00e9<\/span><\/p>\n","protected":false},"excerpt":{"rendered":"<p><span style=\"vertical-align: inherit;\">Routeur Wi-Fi 300 MBPS 2,4 GHZ CF-WR613N V1 Marque : COMFAST Mod\u00e8le : CFWR613NV Marque : COMFAST Caract\u00e9ristiques : Mod\u00e8le : CF-WR613N Fr\u00e9quence : 2,4 GHz Antenne : 3 antennes omnidirectionnelles \u00e0 gain \u00e9lev\u00e9 5 dBi Vitesse sans fil : 300 Mbps Port WAN : 1*10 \/100Mbps<\/span><\/p>\n","protected":false},"featured_media":1904,"comment_status":"open","ping_status":"closed","template":"","meta":{"_joinchat":[]},"product_brand":[92],"product_cat":[35,42],"product_tag":[],"class_list":{"0":"post-1903","1":"product","2":"type-product","3":"status-publish","4":"has-post-thumbnail","6":"product_brand-comfast","7":"product_cat-informatiques","8":"product_cat-routeurs","10":"first","11":"instock","12":"shipping-taxable","13":"product-type-simple"},"_links":{"self":[{"href":"https:\/\/kraltechnologie.net\/index.php\/wp-json\/wp\/v2\/product\/1903","targetHints":{"allow":["GET"]}}],"collection":[{"href":"https:\/\/kraltechnologie.net\/index.php\/wp-json\/wp\/v2\/product"}],"about":[{"href":"https:\/\/kraltechnologie.net\/index.php\/wp-json\/wp\/v2\/types\/product"}],"replies":[{"embeddable":true,"href":"https:\/\/kraltechnologie.net\/index.php\/wp-json\/wp\/v2\/comments?post=1903"}],"version-history":[{"count":2,"href":"https:\/\/kraltechnologie.net\/index.php\/wp-json\/wp\/v2\/product\/1903\/revisions"}],"predecessor-version":[{"id":1969,"href":"https:\/\/kraltechnologie.net\/index.php\/wp-json\/wp\/v2\/product\/1903\/revisions\/1969"}],"wp:featuredmedia":[{"embeddable":true,"href":"https:\/\/kraltechnologie.net\/index.php\/wp-json\/wp\/v2\/media\/1904"}],"wp:attachment":[{"href":"https:\/\/kraltechnologie.net\/index.php\/wp-json\/wp\/v2\/media?parent=1903"}],"wp:term":[{"taxonomy":"product_brand","embeddable":true,"href":"https:\/\/kraltechnologie.net\/index.php\/wp-json\/wp\/v2\/product_brand?post=1903"},{"taxonomy":"product_cat","embeddable":true,"href":"https:\/\/kraltechnologie.net\/index.php\/wp-json\/wp\/v2\/product_cat?post=1903"},{"taxonomy":"product_tag","embeddable":true,"href":"https:\/\/kraltechnologie.net\/index.php\/wp-json\/wp\/v2\/product_tag?post=1903"}],"curies":[{"name":"wp","href":"https:\/\/api.w.org\/{rel}","templated":true}]}}